{"id":11,"date":"2023-08-17T22:56:55","date_gmt":"2023-08-17T20:56:55","guid":{"rendered":"https:\/\/guido-saverio-coach.com\/?page_id=11"},"modified":"2026-01-22T01:03:52","modified_gmt":"2026-01-22T00:03:52","slug":"guido-saverio-coach","status":"publish","type":"page","link":"https:\/\/guido-saverio-coach.com\/","title":{"rendered":"Le nouveau coaching pour un monde qui va trop vite."},"content":{"rendered":"\n<div class=\"wp-block-columns is-layout-flex wp-container-core-columns-is-layout-1 wp-block-columns-is-layout-flex\">\n<div class=\"wp-block-column is-layout-flow wp-block-column-is-layout-flow\"><div class=\"wp-block-image\">\n<figure class=\"aligncenter size-full is-resized\"><img loading=\"lazy\" decoding=\"async\" width=\"512\" height=\"768\" src=\"https:\/\/guido-saverio-coach.com\/wp-content\/uploads\/2025\/12\/ChatGPT-Image-22-dec.-2025-19_2-1.png\" alt=\"\" class=\"wp-image-2480\" style=\"width:318px;height:auto\" srcset=\"https:\/\/guido-saverio-coach.com\/wp-content\/uploads\/2025\/12\/ChatGPT-Image-22-dec.-2025-19_2-1.png 512w, https:\/\/guido-saverio-coach.com\/wp-content\/uploads\/2025\/12\/ChatGPT-Image-22-dec.-2025-19_2-1-200x300.png 200w\" sizes=\"(max-width: 512px) 100vw, 512px\" \/><\/figure><\/div><\/div>\n\n\n\n<div class=\"wp-block-column is-layout-flow wp-block-column-is-layout-flow\"><div class=\"wp-block-image\">\n<figure class=\"aligncenter size-full\"><img loading=\"lazy\" decoding=\"async\" width=\"768\" height=\"512\" src=\"https:\/\/guido-saverio-coach.com\/wp-content\/uploads\/2026\/01\/ChatGPT-Image-22-janv.-2026-01_.png\" alt=\"\" class=\"wp-image-2496\" srcset=\"https:\/\/guido-saverio-coach.com\/wp-content\/uploads\/2026\/01\/ChatGPT-Image-22-janv.-2026-01_.png 768w, https:\/\/guido-saverio-coach.com\/wp-content\/uploads\/2026\/01\/ChatGPT-Image-22-janv.-2026-01_-300x200.png 300w\" sizes=\"(max-width: 768px) 100vw, 768px\" \/><\/figure><\/div><\/div>\n<\/div>\n\n\n\n<div class=\"wp-block-columns is-layout-flex wp-container-core-columns-is-layout-2 wp-block-columns-is-layout-flex\">\n<div class=\"wp-block-column is-layout-flow wp-block-column-is-layout-flow\">\n<figure class=\"wp-block-image size-full\"><img loading=\"lazy\" decoding=\"async\" width=\"512\" height=\"768\" src=\"https:\/\/guido-saverio-coach.com\/wp-content\/uploads\/2026\/01\/ChatGPT-Image-22-janv.-2026-00_.png\" alt=\"\" class=\"wp-image-2493\" srcset=\"https:\/\/guido-saverio-coach.com\/wp-content\/uploads\/2026\/01\/ChatGPT-Image-22-janv.-2026-00_.png 512w, https:\/\/guido-saverio-coach.com\/wp-content\/uploads\/2026\/01\/ChatGPT-Image-22-janv.-2026-00_-200x300.png 200w\" sizes=\"(max-width: 512px) 100vw, 512px\" \/><\/figure>\n<\/div>\n\n\n\n<div class=\"wp-block-column is-layout-flow wp-block-column-is-layout-flow\">\n<figure class=\"wp-block-image size-large\"><a href=\"https:\/\/guido-saverio-coach.com\/?page_id=2211\"><img loading=\"lazy\" decoding=\"async\" width=\"683\" height=\"1024\" src=\"https:\/\/guido-saverio-coach.com\/wp-content\/uploads\/2026\/01\/ChatGPT-Image-22-janv.-2026-00_56_50-683x1024.png\" alt=\"\" class=\"wp-image-2495\" srcset=\"https:\/\/guido-saverio-coach.com\/wp-content\/uploads\/2026\/01\/ChatGPT-Image-22-janv.-2026-00_56_50-683x1024.png 683w, https:\/\/guido-saverio-coach.com\/wp-content\/uploads\/2026\/01\/ChatGPT-Image-22-janv.-2026-00_56_50-200x300.png 200w, https:\/\/guido-saverio-coach.com\/wp-content\/uploads\/2026\/01\/ChatGPT-Image-22-janv.-2026-00_56_50-768x1152.png 768w, https:\/\/guido-saverio-coach.com\/wp-content\/uploads\/2026\/01\/ChatGPT-Image-22-janv.-2026-00_56_50.png 1024w\" sizes=\"(max-width: 683px) 100vw, 683px\" \/><\/a><\/figure>\n<\/div>\n<\/div>\n\n\n\n<p class=\"has-text-align-right\">[<strong><a href=\"https:\/\/guido-saverio-coach.com\/?page_id=2227\">D\u00e9couvrir l\u2019approche<\/a><a href=\"https:\/\/guido-saverio-coach.com\/?page_id=2381\">   <\/a><a href=\"https:\/\/guido-saverio-coach.com\/?page_id=2381\">Coaching R\u00e9g\u00e9n\u00e9ratif<\/a><\/strong>]&nbsp;<\/p>\n\n\n\n<div class=\"wp-block-columns is-layout-flex wp-container-core-columns-is-layout-3 wp-block-columns-is-layout-flex\">\n<div class=\"wp-block-column is-layout-flow wp-block-column-is-layout-flow\"><\/div>\n<\/div>\n\n\n\n<hr class=\"wp-block-separator has-alpha-channel-opacity\"\/>\n\n\n\n<h2 class=\"wp-block-heading has-text-align-center has-vivid-cyan-blue-color has-text-color has-link-color wp-elements-c2f0b8f32ef72b306cf257c6825b2dfe\">Citations-phare  <\/h2>\n\n\n\n<hr class=\"wp-block-separator has-alpha-channel-opacity\"\/>\n\n\n\n<blockquote class=\"wp-block-quote is-layout-flow wp-block-quote-is-layout-flow\">\n<p><strong><a href=\"https:\/\/guido-saverio-coach.com\/?page_id=2341\">\u201cLa performance n\u2019est pas un but, c\u2019est un effet de la coh\u00e9rence.\u201d<\/a><\/strong><br><strong><a href=\"https:\/\/guido-saverio-coach.com\/?page_id=2344\">\u201cLe corps sait avant la t\u00eate, encore faut-il savoir l\u2019\u00e9couter.\u201d<\/a><\/strong><br><strong><a href=\"https:\/\/guido-saverio-coach.com\/?page_id=2337\">\u201cLe monde n\u2019a pas besoin de plus d\u2019humains performants, mais de plus d\u2019humains pr\u00e9sents.\u201d<\/a><\/strong><\/p>\n<\/blockquote>\n\n\n\n<hr class=\"wp-block-separator has-alpha-channel-opacity\"\/>\n\n\n\n<h2 class=\"wp-block-heading\">\ud83e\udded <strong>Reconnexion. Clart\u00e9. \u00c9nergie.<\/strong>  <\/h2>\n\n\n\n<p><strong><a href=\"https:\/\/guido-saverio-coach.com\/?page_id=2353\">Le monde change.<\/a><\/strong><br><strong><a href=\"https:\/\/guido-saverio-coach.com\/?page_id=2350\">Les anciens mod\u00e8les de coaching \u2014 bas\u00e9s sur la performance et le contr\u00f4le \u2014 ne fonctionnent plus.<\/a><\/strong><br><strong><a href=\"https:\/\/guido-saverio-coach.com\/?page_id=2347\">Le Coaching R\u00e9g\u00e9n\u00e9ratif aide \u00e0 ralentir, se r\u00e9aligner et retrouver du sens.<\/a><\/strong><\/p>\n\n\n\n<hr class=\"wp-block-separator has-alpha-channel-opacity\"\/>\n\n\n\n<h2 class=\"wp-block-heading\">\ud83d\udca1 <strong>L\u2019id\u00e9e simple<\/strong>  &nbsp;<\/h2>\n\n\n\n<blockquote class=\"wp-block-quote is-layout-flow wp-block-quote-is-layout-flow\">\n<p><strong><a href=\"https:\/\/guido-saverio-coach.com\/?page_id=2356\">Pas \u201cfaire plus\u201d.<br>Mieux respirer.<br>\u00catre pr\u00e9sent, lucide, vivant.<\/a><\/strong><\/p>\n<\/blockquote>\n\n\n\n<hr class=\"wp-block-separator has-alpha-channel-opacity\"\/>\n\n\n\n<h2 class=\"wp-block-heading\">\u2699\ufe0f <strong>Comment \u00e7a marche ?<\/strong><\/h2>\n\n\n\n<ol>\n<li><strong><a href=\"https:\/\/guido-saverio-coach.com\/?page_id=2359\">Ancrer \u2014 revenir \u00e0 soi, restaurer l\u2019\u00e9nergie.<\/a><\/strong><\/li>\n\n\n\n<li><strong><a href=\"https:\/\/guido-saverio-coach.com\/?page_id=2362\">Aligner \u2014 clarifier ce qui compte vraiment.<\/a><\/strong><\/li>\n\n\n\n<li><strong><a href=\"https:\/\/guido-saverio-coach.com\/?page_id=2365\">Activer \u2014 agir depuis la coh\u00e9rence, pas la pression.<\/a><\/strong><\/li>\n<\/ol>\n\n\n\n<hr class=\"wp-block-separator has-alpha-channel-opacity\"\/>\n\n\n\n<hr class=\"wp-block-separator has-alpha-channel-opacity\"\/>\n\n\n\n<h2 class=\"wp-block-heading\">\ud83e\udde0 <strong>Ce qui change<\/strong><\/h2>\n\n\n\n<ul>\n<li><strong><a href=\"https:\/\/guido-saverio-coach.com\/?page_id=2368\">Corps + \u00e9motions + mental = un seul syst\u00e8me.<\/a><\/strong><\/li>\n\n\n\n<li><strong><a href=\"https:\/\/guido-saverio-coach.com\/?page_id=2372\">Intelligence \u00e9motionnelle, conscience, \u00e9cologie personnelle<\/a><\/strong>.<\/li>\n\n\n\n<li><strong><a href=\"https:\/\/guido-saverio-coach.com\/?page_id=2375\">Technologie \u00e9thique et IA au service de la clart\u00e9, pas du stress.<\/a><\/strong><\/li>\n<\/ul>\n\n\n\n<hr class=\"wp-block-separator has-alpha-channel-opacity\"\/>\n\n\n\n<h2 class=\"wp-block-heading\">\u2728 <strong>Le r\u00e9sultat<\/strong><\/h2>\n\n\n\n<p>\u2192 Moins de bruit, plus d\u2019essentiel.<br>\u2192 Moins de pression, plus de pr\u00e9sence.<br>\u2192 Moins de contr\u00f4le, plus de conscience.<\/p>\n\n\n\n<hr class=\"wp-block-separator has-alpha-channel-opacity\"\/>\n\n\n\n<h3 class=\"wp-block-heading\">\ud83d\udd17 <em><a href=\"https:\/\/guido-saverio-coach.com\/?page_id=2386\">Le futur du coaching est vivant.<\/a><\/em><\/h3>\n\n\n\n<p class=\"has-text-align-center\">[<strong><a href=\"https:\/\/guido-saverio-coach.com\/?page_id=2227\">D\u00e9couvrir l\u2019approche<\/a><a href=\"https:\/\/guido-saverio-coach.com\/?page_id=2381\">  <\/a><a href=\"https:\/\/guido-saverio-coach.com\/?page_id=2381\">Coaching R\u00e9g\u00e9n\u00e9ratif<\/a><\/strong>] \u00b7 [<strong>&#8230;<\/strong>]<\/p>\n\n\n\n<p class=\"has-text-align-center\"><strong><a href=\"https:\/\/guido-saverio-coach.com\/?page_id=2391\">Pratiquer le coaching r\u00e9g\u00e9n\u00e9ratif en auto-coaching, dans un style moderne et direct<\/a><\/strong><\/p>\n\n\n\n<p class=\"has-text-align-center\"><strong><a href=\"https:\/\/guido-saverio-coach.com\/?page_id=2399\">PROTOCOLE D\u2019AUTO-COACHING R\u00c9G\u00c9N\u00c9RATIF (10\u201315 min)<\/a><\/strong><\/p>\n\n\n\n<hr class=\"wp-block-separator has-alpha-channel-opacity\"\/>\n\n\n\n<p class=\"has-text-align-left has-white-color has-vivid-green-cyan-background-color has-text-color has-background has-link-color has-medium-font-size wp-elements-eb62dca2b1abae7ea00b4fa8ed220b82\">Les <strong>questions puissantes<\/strong> sont <strong>au c\u0153ur du coaching<\/strong> ( <strong><a href=\"https:\/\/guido-saverio-coach.com\/?page_id=2328\">regarde ici<\/a><\/strong> )<\/p>\n\n\n\n<p class=\"has-text-align-left has-pale-cyan-blue-background-color has-background has-medium-font-size\">Mes <strong>METHODES UNIQUES<\/strong><\/p>\n\n\n\n<ul>\n<li><strong><a href=\"https:\/\/guido-saverio-coach.com\/?page_id=2246\">M\u00e9thode \u201cL\u2019Ancrage Lumineux\u201d<\/a><\/strong> &#8211; <em>Construire la confiance en soi depuis l\u2019int\u00e9rieur, pas depuis l\u2019ext\u00e9rieur.<\/em><\/li>\n\n\n\n<li><strong><a href=\"https:\/\/guido-saverio-coach.com\/?page_id=2254\">M\u00e9thode PROREL<\/a><\/strong> \u2013 D\u00e9velopper vos ressources relationnelles<\/li>\n\n\n\n<li><strong><a href=\"https:\/\/guido-saverio-coach.com\/?page_id=2257\">M\u00e9thode RESPIRE <\/a><\/strong>\u2014 Coaching moderne \u00e0 faire soi-m\u00eame &#8211; <em>Pour g\u00e9rer le stress, retrouver de l\u2019\u00e9nergie et de la clart\u00e9, sans outils compliqu\u00e9s ni dogmes anciens.<\/em><\/li>\n\n\n\n<li><strong><a href=\"https:\/\/guido-saverio-coach.com\/?page_id=2260\">M\u00e9thode V.I.V.A.<\/a><\/strong> \u2014 Coaching Moderne \u00e0 Faire Soi-M\u00eame &#8211;<em>Retrouver \u00e9quilibre, clart\u00e9 et \u00e9nergie, sans stress, pas \u00e0 pas.\u201d<\/em><\/li>\n\n\n\n<li><strong><a href=\"https:\/\/guido-saverio-coach.com\/?page_id=2263\">M\u00e9thode PROVIA\u2122<\/a><\/strong> : Coaching de Carri\u00e8re et Vie Moderne<\/li>\n\n\n\n<li><strong><a href=\"https:\/\/guido-saverio-coach.com\/?page_id=2266\">M\u00e9thode R.E.N.A.I.S.S.A.N.C.E<\/a><\/strong> &#8211; <em>\u201cSe r\u00e9inventer n\u2019est pas un objectif, c\u2019est un chemin vivant.\u201d<\/em><\/li>\n\n\n\n<li><strong><a href=\"https:\/\/guido-saverio-coach.com\/?page_id=2269\">M\u00e9thode CoRe \u2013 Coaching Relationnel \u00c9clair\u00e9<\/a><\/strong> &#8211; <em>\u201cDevenir l\u2019architecte conscient de ses relations au travail.\u201d<\/em><\/li>\n\n\n\n<li><strong><a href=\"https:\/\/guido-saverio-coach.com\/?page_id=2272\">M\u00e9thode : Le Coaching \u201cClart\u00e9 &amp; Cap\u201d<\/a><\/strong>&#8211; retrouver du sens dans son m\u00e9tier<\/li>\n\n\n\n<li><strong><a href=\"https:\/\/guido-saverio-coach.com\/?page_id=2275\">M\u00e9thode ORIENTA <\/a><\/strong>\u2014 Coaching \u00e9tudiant moderne &#8211; <em>\u201cTrouver sa voie, pas juste une voie.\u201d<\/em><\/li>\n\n\n\n<li><strong><a href=\"https:\/\/guido-saverio-coach.com\/?page_id=2278\">M\u00e9thode PRO-MOVE\u2122 :<\/a><\/strong> Motivation et Orientation par Visualisation, \u00c9nergie et Engagement -Coaching scolaire ou \u00e9tudiant, pour la motivation<\/li>\n\n\n\n<li><strong><a href=\"https:\/\/guido-saverio-coach.com\/?page_id=2281\">M\u00e9thode DIY : \u00c9COLE DU SOI<\/a> \u2014 Coaching R\u00e9g\u00e9n\u00e9ratif pour \u00c9tudiants<\/strong><\/li>\n\n\n\n<li><strong><a href=\"https:\/\/guido-saverio-coach.com\/?page_id=2284\">M\u00e9thode MAP :<\/a><\/strong> M\u00e9thode d\u2019Autonomie et de Performance-Coaching scolaire ou \u00e9tudiant, autour des m\u00e9thodes de travail<\/li>\n\n\n\n<li><strong><a href=\"https:\/\/guido-saverio-coach.com\/?page_id=2287\">M\u00e9thode : R.E.N.A\u00ce.T.R.E.<\/a><\/strong> &#8211; <em>Self-coaching pour sortir du burn-out et retrouver \u00e9nergie et sens<\/em><\/li>\n\n\n\n<li><strong><a href=\"https:\/\/guido-saverio-coach.com\/?page_id=2290\">M\u00e9thode : La M\u00e9thode LUMI\u00c8RE<\/a><\/strong> &#8211; Coaching autour de l\u2019achat de la maison id\u00e9ale<\/li>\n\n\n\n<li><strong><a href=\"https:\/\/guido-saverio-coach.com\/?page_id=2293\">M\u00e9thode: \u201cRena\u00eetre apr\u00e8s l\u2019ombre\u201d<\/a><\/strong>&#8211; <em>Coaching moderne et autonome pour se reconstruire apr\u00e8s une relation toxique ou manipulatrice<\/em><\/li>\n\n\n\n<li><strong><a href=\"https:\/\/guido-saverio-coach.com\/?page_id=2299\">M\u00e9thode: CO.R.E.<\/a> \u2013<\/strong> Coaching de Performance et Productivit\u00e9 Moderne<\/li>\n\n\n\n<li><strong><a href=\"https:\/\/guido-saverio-coach.com\/?page_id=2302\">M\u00e9thode PROPRE : \u201c\u00c9CRITURE R\u00c9G\u00c9N\u00c9RATIVE\u201d<\/a><\/strong>&#8211;<em>Coaching moderne pour auteurs, cr\u00e9ateurs et \u00e9crivains qui veulent \u00e9crire avec \u00e9nergie, clart\u00e9 et sens.<\/em><\/li>\n\n\n\n<li><strong><a href=\"https:\/\/guido-saverio-coach.com\/?page_id=2296\">M\u00e9thode: COUPLE+ (Coaching R\u00e9actif, \u00c9motionnel et Complice) <\/a><\/strong>&#8211; Coaching de couple &#8211; r\u00e9activer la communication, la compr\u00e9hension mutuelle et la complicit\u00e9 entre deux personnes<\/li>\n\n\n\n<li><strong><a href=\"https:\/\/guido-saverio-coach.com\/?page_id=2306\">M\u00e9thode PROPRI\u00c9TAIRE : L\u2019Approche R.E.S.O.N.A.N.C.E<\/a><\/strong> &#8211; <em>R\u00e9v\u00e9ler, Explorer, Stimuler, Observer, Nourrir, Aligner, Cr\u00e9er, \u00c9merger<\/em><\/li>\n\n\n\n<li><strong><a href=\"https:\/\/guido-saverio-coach.com\/?page_id=2309\">M\u00e9thode FLUX\u2122<\/a><\/strong>&#8211;<em>Le coaching moderne pour lib\u00e9rer le mouvement int\u00e9rieur et d\u00e9passer les blocages cr\u00e9atifs.<\/em><\/li>\n\n\n\n<li><strong><a href=\"https:\/\/guido-saverio-coach.com\/?page_id=2312\">M\u00e9thode ORA\u2122 \u2013 S\u2019orienter quand tout semble flou<\/a><\/strong>&#8211;<em>Une m\u00e9thode de r\u00e9orientation int\u00e9rieure, simple, vivante et praticable seul(e).<\/em>-la m\u00e9thode pour se retrouver quand on s\u2019est perdu.<\/li>\n\n\n\n<li><strong><a href=\"https:\/\/guido-saverio-coach.com\/?page_id=2315\">M\u00e9thode A.R.T.E.\u2122 \u2014 Le Chemin du Sens Vivant<\/a><\/strong>&#8211;<em>Une m\u00e9thode moderne de coaching de soi pour retrouver direction, coh\u00e9rence et vitalit\u00e9.<\/em><\/li>\n<\/ul>\n","protected":false},"excerpt":{"rendered":"<p>[D\u00e9couvrir l\u2019approche Coaching R\u00e9g\u00e9n\u00e9ratif]&nbsp; Citations-phare \u201cLa performance n\u2019est pas un but, c\u2019est un effet de la coh\u00e9rence.\u201d\u201cLe corps sait avant la t\u00eate, encore faut-il savoir l\u2019\u00e9couter.\u201d\u201cLe monde n\u2019a pas besoin de plus d\u2019humains performants, mais de plus d\u2019humains pr\u00e9sents.\u201d \ud83e\udded&#8230; <a href=\"https:\/\/guido-saverio-coach.com\/\" class=\"readmore\">Read more<span class=\"screen-reader-text\">Le nouveau coaching pour un monde qui va trop vite.<\/span><span class=\"fa fa-angle-double-right\" aria-hidden=\"true\"><\/span><\/a><\/p>\n","protected":false},"author":1,"featured_media":0,"parent":0,"menu_order":0,"comment_status":"closed","ping_status":"closed","template":"","meta":{"footnotes":""},"_links":{"self":[{"href":"https:\/\/guido-saverio-coach.com\/index.php?rest_route=\/wp\/v2\/pages\/11"}],"collection":[{"href":"https:\/\/guido-saverio-coach.com\/index.php?rest_route=\/wp\/v2\/pages"}],"about":[{"href":"https:\/\/guido-saverio-coach.com\/index.php?rest_route=\/wp\/v2\/types\/page"}],"author":[{"embeddable":true,"href":"https:\/\/guido-saverio-coach.com\/index.php?rest_route=\/wp\/v2\/users\/1"}],"replies":[{"embeddable":true,"href":"https:\/\/guido-saverio-coach.com\/index.php?rest_route=%2Fwp%2Fv2%2Fcomments&post=11"}],"version-history":[{"count":191,"href":"https:\/\/guido-saverio-coach.com\/index.php?rest_route=\/wp\/v2\/pages\/11\/revisions"}],"predecessor-version":[{"id":2497,"href":"https:\/\/guido-saverio-coach.com\/index.php?rest_route=\/wp\/v2\/pages\/11\/revisions\/2497"}],"wp:attachment":[{"href":"https:\/\/guido-saverio-coach.com\/index.php?rest_route=%2Fwp%2Fv2%2Fmedia&parent=11"}],"curies":[{"name":"wp","href":"https:\/\/api.w.org\/{rel}","templated":true}]}}