{"id":1113,"date":"2024-08-15T14:24:44","date_gmt":"2024-08-15T12:24:44","guid":{"rendered":"https:\/\/guido-saverio-coach.com\/?page_id=1113"},"modified":"2024-11-29T00:34:22","modified_gmt":"2024-11-28T23:34:22","slug":"guides-pratiques","status":"publish","type":"page","link":"https:\/\/guido-saverio-coach.com\/?page_id=1113","title":{"rendered":"** GUIDES PRATIQUES **"},"content":{"rendered":"\n<div class=\"wp-block-columns is-layout-flex wp-container-core-columns-is-layout-1 wp-block-columns-is-layout-flex\">\n<div class=\"wp-block-column is-layout-flow wp-block-column-is-layout-flow\"><div class=\"wp-block-image\">\n<figure class=\"aligncenter size-full is-resized\"><a href=\"https:\/\/guido-saverio-coach.com\/?page_id=838\"><img loading=\"lazy\" decoding=\"async\" width=\"724\" height=\"1024\" src=\"https:\/\/guido-saverio-coach.com\/wp-content\/uploads\/2024\/08\/Guide-BEAUTE-INTERIEUR.png\" alt=\"\" class=\"wp-image-1117\" style=\"width:229px;height:auto\" srcset=\"https:\/\/guido-saverio-coach.com\/wp-content\/uploads\/2024\/08\/Guide-BEAUTE-INTERIEUR.png 724w, https:\/\/guido-saverio-coach.com\/wp-content\/uploads\/2024\/08\/Guide-BEAUTE-INTERIEUR-212x300.png 212w\" sizes=\"(max-width: 724px) 100vw, 724px\" \/><\/a><\/figure><\/div><\/div>\n\n\n\n<div class=\"wp-block-column is-layout-flow wp-block-column-is-layout-flow\"><div class=\"wp-block-image\">\n<figure class=\"aligncenter size-full is-resized\"><a href=\"https:\/\/guido-saverio-coach.com\/?page_id=767\"><img loading=\"lazy\" decoding=\"async\" width=\"724\" height=\"1024\" src=\"https:\/\/guido-saverio-coach.com\/wp-content\/uploads\/2024\/08\/Guide-BOUDHISME.png\" alt=\"\" class=\"wp-image-1120\" style=\"width:227px;height:auto\" srcset=\"https:\/\/guido-saverio-coach.com\/wp-content\/uploads\/2024\/08\/Guide-BOUDHISME.png 724w, https:\/\/guido-saverio-coach.com\/wp-content\/uploads\/2024\/08\/Guide-BOUDHISME-212x300.png 212w\" sizes=\"(max-width: 724px) 100vw, 724px\" \/><\/a><\/figure><\/div><\/div>\n<\/div>\n\n\n\n<div class=\"wp-block-columns is-layout-flex wp-container-core-columns-is-layout-2 wp-block-columns-is-layout-flex\">\n<div class=\"wp-block-column is-layout-flow wp-block-column-is-layout-flow\"><div class=\"wp-block-image\">\n<figure class=\"aligncenter size-full is-resized\"><a href=\"https:\/\/guido-saverio-coach.com\/?page_id=620\"><img loading=\"lazy\" decoding=\"async\" width=\"724\" height=\"1024\" src=\"https:\/\/guido-saverio-coach.com\/wp-content\/uploads\/2024\/03\/image.png\" alt=\"\" class=\"wp-image-761\" style=\"aspect-ratio:0.70703125;width:193px;height:auto\" srcset=\"https:\/\/guido-saverio-coach.com\/wp-content\/uploads\/2024\/03\/image.png 724w, https:\/\/guido-saverio-coach.com\/wp-content\/uploads\/2024\/03\/image-212x300.png 212w\" sizes=\"(max-width: 724px) 100vw, 724px\" \/><\/a><\/figure><\/div><\/div>\n\n\n\n<div class=\"wp-block-column is-layout-flow wp-block-column-is-layout-flow\"><div class=\"wp-block-image\">\n<figure class=\"aligncenter size-full\"><a href=\"https:\/\/guido-saverio-coach.com\/?page_id=886\"><img loading=\"lazy\" decoding=\"async\" width=\"612\" height=\"262\" src=\"https:\/\/guido-saverio-coach.com\/wp-content\/uploads\/2024\/04\/Capture-decran-2024-04-06-002838.png\" alt=\"\" class=\"wp-image-895\" srcset=\"https:\/\/guido-saverio-coach.com\/wp-content\/uploads\/2024\/04\/Capture-decran-2024-04-06-002838.png 612w, https:\/\/guido-saverio-coach.com\/wp-content\/uploads\/2024\/04\/Capture-decran-2024-04-06-002838-300x128.png 300w\" sizes=\"(max-width: 612px) 100vw, 612px\" \/><\/a><\/figure><\/div><\/div>\n<\/div>\n\n\n\n<div class=\"wp-block-columns is-layout-flex wp-container-core-columns-is-layout-3 wp-block-columns-is-layout-flex\">\n<div class=\"wp-block-column is-layout-flow wp-block-column-is-layout-flow\"><div class=\"wp-block-image\">\n<figure class=\"aligncenter size-full is-resized\"><a href=\"https:\/\/guido-saverio-coach.com\/?page_id=628\"><img loading=\"lazy\" decoding=\"async\" width=\"736\" height=\"265\" src=\"https:\/\/guido-saverio-coach.com\/wp-content\/uploads\/2023\/10\/Capture-decran-2023-10-14-023042-1.png\" alt=\"\" class=\"wp-image-633\" style=\"width:588px;height:auto\" srcset=\"https:\/\/guido-saverio-coach.com\/wp-content\/uploads\/2023\/10\/Capture-decran-2023-10-14-023042-1.png 736w, https:\/\/guido-saverio-coach.com\/wp-content\/uploads\/2023\/10\/Capture-decran-2023-10-14-023042-1-300x108.png 300w\" sizes=\"(max-width: 736px) 100vw, 736px\" \/><\/a><\/figure><\/div><\/div>\n<\/div>\n\n\n\n<ul>\n<li><a href=\"https:\/\/guido-saverio-coach.com\/?page_id=1341\">Ma\u00eetrise ton temps, ma\u00eetrise ta vie<\/a><\/li>\n\n\n\n<li><a href=\"https:\/\/guido-saverio-coach.com\/?page_id=1344\">Guide Pratique du D\u00e9butant pour les Finances Personnelles<\/a><\/li>\n\n\n\n<li><a href=\"https:\/\/guido-saverio-coach.com\/?page_id=1347\">Guide Pratique pour D\u00e9butants dans le Minimalisme<\/a><\/li>\n\n\n\n<li><a href=\"https:\/\/guido-saverio-coach.com\/?page_id=1350\">Guide Pratique pour D\u00e9butants en Feng Shui<\/a><\/li>\n\n\n\n<li><a href=\"https:\/\/guido-saverio-coach.com\/?page_id=1353\">Guide du D\u00e9butant pour la Cr\u00e9ation de Jeux de Soci\u00e9t\u00e9<\/a><\/li>\n\n\n\n<li><a href=\"https:\/\/guido-saverio-coach.com\/?page_id=1356\">Guide du D\u00e9butant pour la Pr\u00e9paration aux Examens<\/a><\/li>\n\n\n\n<li><a href=\"https:\/\/guido-saverio-coach.com\/?page_id=1359\">Guide Pratique pour D\u00e9buter dans l\u2019\u00c9criture Cr\u00e9ative<\/a><\/li>\n\n\n\n<li><a href=\"https:\/\/guido-saverio-coach.com\/?page_id=1362\">Guide du D\u00e9butant pour le Fitness Mental : M\u00e9moire et Concentration<\/a><\/li>\n\n\n\n<li><a href=\"https:\/\/guido-saverio-coach.com\/?page_id=1365\">Guide Pratique du D\u00e9butant en Lithoth\u00e9rapie<\/a><\/li>\n\n\n\n<li><a href=\"https:\/\/guido-saverio-coach.com\/?page_id=1368\">Guide Pratique de la Musculation pour D\u00e9butants<\/a><\/li>\n\n\n\n<li><a href=\"https:\/\/guido-saverio-coach.com\/?page_id=1371\">Guide du D\u00e9butant pour la Cuisine Batch Cooking : Pr\u00e9paration des Repas en Avance<\/a><\/li>\n\n\n\n<li><a href=\"https:\/\/guido-saverio-coach.com\/?page_id=1374\">Guide du D\u00e9butant pour l\u2019Apprentissage des \u00c9checs<\/a><\/li>\n\n\n\n<li><a href=\"https:\/\/guido-saverio-coach.com\/?page_id=1397\">Guide du D\u00e9butant : Le Charisme D\u00e9fonce les Portes<\/a><\/li>\n\n\n\n<li><a href=\"https:\/\/guido-saverio-coach.com\/?page_id=1402\">Guide du D\u00e9butant pour la procrastination<\/a><\/li>\n\n\n\n<li><a href=\"https:\/\/guido-saverio-coach.com\/?page_id=1407\">Petit guide sur : Suis tes passions, et la r\u00e9ussite viendra<\/a><\/li>\n\n\n\n<li><a href=\"https:\/\/guido-saverio-coach.com\/?page_id=1410\">Petit Guide : Ma\u00eetrisez Votre Gestion du Temps et Doublez Votre Productivit\u00e9<\/a><\/li>\n\n\n\n<li><a href=\"https:\/\/guido-saverio-coach.com\/?page_id=1415\">Guide P\u00e9dagogique pour Adolescents<\/a><\/li>\n\n\n\n<li><a href=\"https:\/\/guido-saverio-coach.com\/?page_id=1420\">Guide P\u00e9dagogique : R\u00e9veillez Votre Potentiel<\/a><\/li>\n\n\n\n<li><a href=\"https:\/\/guido-saverio-coach.com\/?page_id=1423\">Devenez un Ma\u00eetre de la N\u00e9gociation et Obtenez Ce que Vous Voulez<\/a><\/li>\n\n\n\n<li><a href=\"https:\/\/guido-saverio-coach.com\/?page_id=1430\">Programme de 7 jours pour mieux g\u00e9rer son temps et trouver l\u2019\u00e9quilibre<\/a><\/li>\n\n\n\n<li><a href=\"https:\/\/guido-saverio-coach.com\/?page_id=1434\">Programme de 7 jours con\u00e7u pour aider \u00e0 r\u00e9duire le stress et l\u2019anxi\u00e9t\u00e9<\/a><\/li>\n\n\n\n<li><a href=\"https:\/\/guido-saverio-coach.com\/?page_id=1437\">7 jours pour am\u00e9liorer la gestion des conflits interpersonnels au travail<\/a><\/li>\n\n\n\n<li><a href=\"https:\/\/guido-saverio-coach.com\/?page_id=1446\">7 jours pour surmonter la procrastination et lutter contre le manque de motivation.<\/a><\/li>\n\n\n\n<li><a href=\"https:\/\/guido-saverio-coach.com\/?page_id=1449\">7 Jours pour Am\u00e9liorer la Communication dans vos Relations<\/a><\/li>\n\n\n\n<li><a href=\"https:\/\/guido-saverio-coach.com\/?page_id=1452\">7 jours pour am\u00e9liorer la communication et la dynamique de couple<\/a><\/li>\n\n\n\n<li><a href=\"https:\/\/guido-saverio-coach.com\/?page_id=1455\">7 jours pour t\u2019aider \u00e0 changer des habitudes li\u00e9es \u00e0 la gestion des relations avec les enfants.<\/a><\/li>\n\n\n\n<li><a href=\"https:\/\/guido-saverio-coach.com\/?page_id=1461\">7 jours pour t\u2019aider \u00e0 renforcer ton couple en int\u00e9grant des moments de qualit\u00e9<\/a><\/li>\n\n\n\n<li><a href=\"https:\/\/guido-saverio-coach.com\/?page_id=1466\">7 Jours pour Changer de Vie<\/a><\/li>\n\n\n\n<li><a href=\"https:\/\/guido-saverio-coach.com\/?page_id=1470\">7 Jours pour Tout Ranger \u2013 D\u00e9tox de Ta Maison<\/a><\/li>\n\n\n\n<li><a href=\"https:\/\/guido-saverio-coach.com\/?page_id=1341\">Ma\u00eetrise ton temps, ma\u00eetrise ta vie<\/a><\/li>\n\n\n\n<li><a href=\"https:\/\/guido-saverio-coach.com\/?page_id=1491\">Transforme ta vie,\u201d24 heures \u00e0 la fois\u201d<\/a><\/li>\n\n\n\n<li><a href=\"https:\/\/guido-saverio-coach.com\/?page_id=1491\">Transforme ta vie,\u201d24 heures \u00e0 la fois\u201d<\/a><\/li>\n<\/ul>\n","protected":false},"excerpt":{"rendered":"","protected":false},"author":1,"featured_media":0,"parent":0,"menu_order":0,"comment_status":"closed","ping_status":"closed","template":"","meta":{"footnotes":""},"_links":{"self":[{"href":"https:\/\/guido-saverio-coach.com\/index.php?rest_route=\/wp\/v2\/pages\/1113"}],"collection":[{"href":"https:\/\/guido-saverio-coach.com\/index.php?rest_route=\/wp\/v2\/pages"}],"about":[{"href":"https:\/\/guido-saverio-coach.com\/index.php?rest_route=\/wp\/v2\/types\/page"}],"author":[{"embeddable":true,"href":"https:\/\/guido-saverio-coach.com\/index.php?rest_route=\/wp\/v2\/users\/1"}],"replies":[{"embeddable":true,"href":"https:\/\/guido-saverio-coach.com\/index.php?rest_route=%2Fwp%2Fv2%2Fcomments&post=1113"}],"version-history":[{"count":7,"href":"https:\/\/guido-saverio-coach.com\/index.php?rest_route=\/wp\/v2\/pages\/1113\/revisions"}],"predecessor-version":[{"id":1679,"href":"https:\/\/guido-saverio-coach.com\/index.php?rest_route=\/wp\/v2\/pages\/1113\/revisions\/1679"}],"wp:attachment":[{"href":"https:\/\/guido-saverio-coach.com\/index.php?rest_route=%2Fwp%2Fv2%2Fmedia&parent=1113"}],"curies":[{"name":"wp","href":"https:\/\/api.w.org\/{rel}","templated":true}]}}