{"id":1179,"date":"2024-08-15T22:06:45","date_gmt":"2024-08-15T20:06:45","guid":{"rendered":"https:\/\/guido-saverio-coach.com\/?page_id=1179"},"modified":"2024-08-15T22:06:45","modified_gmt":"2024-08-15T20:06:45","slug":"quest-ce-que-lamour-reel","status":"publish","type":"page","link":"https:\/\/guido-saverio-coach.com\/?page_id=1179","title":{"rendered":"Qu&rsquo;est-ce que l&rsquo;amour r\u00e9el ?"},"content":{"rendered":"\n<p class=\"has-vivid-red-color has-text-color has-link-color has-medium-font-size wp-elements-851dc5652cb7a91d415b9f51a3344358\"><strong><em>Que chacun de nous puisse conna\u00eetre, donner, et recevoir cet amour v\u00e9ritable, car c\u2019est l\u00e0 que r\u00e9side la v\u00e9ritable essence de nos vies.<\/em><\/strong><\/p>\n\n\n\n<div class=\"wp-block-columns is-layout-flex wp-container-core-columns-is-layout-1 wp-block-columns-is-layout-flex\">\n<div class=\"wp-block-column is-layout-flow wp-block-column-is-layout-flow\"><div class=\"wp-block-image\">\n<figure class=\"aligncenter size-large is-resized\"><img loading=\"lazy\" decoding=\"async\" width=\"683\" height=\"1024\" src=\"https:\/\/guido-saverio-coach.com\/wp-content\/uploads\/2024\/08\/pexels-asadphoto-1024984-683x1024.jpg\" alt=\"\" class=\"wp-image-1182\" style=\"width:261px;height:auto\" srcset=\"https:\/\/guido-saverio-coach.com\/wp-content\/uploads\/2024\/08\/pexels-asadphoto-1024984-683x1024.jpg 683w, https:\/\/guido-saverio-coach.com\/wp-content\/uploads\/2024\/08\/pexels-asadphoto-1024984-200x300.jpg 200w, https:\/\/guido-saverio-coach.com\/wp-content\/uploads\/2024\/08\/pexels-asadphoto-1024984-768x1151.jpg 768w, https:\/\/guido-saverio-coach.com\/wp-content\/uploads\/2024\/08\/pexels-asadphoto-1024984-1025x1536.jpg 1025w, https:\/\/guido-saverio-coach.com\/wp-content\/uploads\/2024\/08\/pexels-asadphoto-1024984-1367x2048.jpg 1367w, https:\/\/guido-saverio-coach.com\/wp-content\/uploads\/2024\/08\/pexels-asadphoto-1024984-scaled.jpg 1709w\" sizes=\"(max-width: 683px) 100vw, 683px\" \/><\/figure><\/div><\/div>\n\n\n\n<div class=\"wp-block-column is-layout-flow wp-block-column-is-layout-flow\"><div class=\"wp-block-image\">\n<figure class=\"aligncenter size-large is-resized\"><img loading=\"lazy\" decoding=\"async\" width=\"736\" height=\"1024\" src=\"https:\/\/guido-saverio-coach.com\/wp-content\/uploads\/2024\/08\/PHOTO-MP3-3-736x1024.jpg\" alt=\"\" class=\"wp-image-1180\" style=\"width:210px;height:auto\" srcset=\"https:\/\/guido-saverio-coach.com\/wp-content\/uploads\/2024\/08\/PHOTO-MP3-3-736x1024.jpg 736w, https:\/\/guido-saverio-coach.com\/wp-content\/uploads\/2024\/08\/PHOTO-MP3-3-216x300.jpg 216w, https:\/\/guido-saverio-coach.com\/wp-content\/uploads\/2024\/08\/PHOTO-MP3-3-768x1068.jpg 768w, https:\/\/guido-saverio-coach.com\/wp-content\/uploads\/2024\/08\/PHOTO-MP3-3-1104x1536.jpg 1104w, https:\/\/guido-saverio-coach.com\/wp-content\/uploads\/2024\/08\/PHOTO-MP3-3-1472x2048.jpg 1472w, https:\/\/guido-saverio-coach.com\/wp-content\/uploads\/2024\/08\/PHOTO-MP3-3-scaled.jpg 1840w\" sizes=\"(max-width: 736px) 100vw, 736px\" \/><\/figure><\/div>\n\n\n<figure class=\"wp-block-audio\"><audio controls src=\"https:\/\/guido-saverio-coach.com\/wp-content\/uploads\/2024\/08\/Quest-ce-que-lamour-reel.mp3\"><\/audio><\/figure>\n<\/div>\n<\/div>\n\n\n\n<p>Mesdames, Messieurs,<\/p>\n\n\n\n<p>Aujourd\u2019hui, nous abordons un sujet aussi vaste que profond, un sujet qui traverse les \u00e2ges et les cultures, qui inspire les po\u00e8tes, les artistes, et qui occupe nos pens\u00e9es les plus intimes : <strong>l\u2019amour r\u00e9el<\/strong>. Qu\u2019est-ce que l\u2019amour v\u00e9ritable ? Comment le reconna\u00eetre, le vivre, et le pr\u00e9server ?<\/p>\n\n\n\n<p>L\u2019amour est souvent confondu avec le simple d\u00e9sir, l\u2019attirance physique, ou m\u00eame l\u2019id\u00e9alisation de l\u2019autre. Mais <strong>l\u2019amour r\u00e9el<\/strong> va bien au-del\u00e0 de ces sentiments \u00e9ph\u00e9m\u00e8res. Il est un engagement profond, une connexion authentique qui transcende les apparences et les circonstances. L\u2019amour v\u00e9ritable est une force puissante qui nous pousse \u00e0 voir l\u2019autre pour ce qu\u2019il est r\u00e9ellement, avec ses forces et ses faiblesses, et \u00e0 l\u2019accepter sans condition.<\/p>\n\n\n\n<p><strong>L\u2019amour r\u00e9el commence par le respect<\/strong>. Respect de l\u2019autre, bien s\u00fbr, mais aussi respect de soi-m\u00eame. Il ne s\u2019agit pas de se perdre dans l\u2019autre, ni de sacrifier ses propres valeurs ou besoins. Au contraire, l\u2019amour v\u00e9ritable implique une reconnaissance mutuelle des identit\u00e9s et des individualit\u00e9s. Il s\u2019\u00e9panouit dans un \u00e9quilibre harmonieux o\u00f9 chacun peut \u00eatre pleinement lui-m\u00eame tout en \u00e9tant profond\u00e9ment connect\u00e9 \u00e0 l\u2019autre.<\/p>\n\n\n\n<p><strong>La confiance<\/strong> est un autre pilier de l\u2019amour r\u00e9el. Cette confiance, c\u2019est la certitude que l\u2019autre est l\u00e0 pour vous, qu\u2019il vous soutient, qu\u2019il vous comprend. Elle ne se construit pas en un jour, mais se forge au fil du temps, \u00e0 travers les \u00e9preuves partag\u00e9es, les moments de vuln\u00e9rabilit\u00e9, et la communication sinc\u00e8re. L\u2019amour v\u00e9ritable ne survit pas au mensonge ou \u00e0 la trahison, car il est bas\u00e9 sur la transparence et l\u2019honn\u00eatet\u00e9.<\/p>\n\n\n\n<p>Mais qu\u2019en est-il des difficult\u00e9s, des conflits, des moments o\u00f9 tout semble aller de travers ? <strong>L\u2019amour r\u00e9el ne fuit pas ces \u00e9preuves, il les affronte.<\/strong> Il sait que chaque relation humaine est imparfaite, qu\u2019il y aura des d\u00e9saccords, des malentendus. Mais il voit ces d\u00e9fis comme des opportunit\u00e9s pour grandir ensemble, pour renforcer le lien, plut\u00f4t que pour le briser. L\u2019amour v\u00e9ritable ne s\u2019effrite pas face aux obstacles ; il se raffermit.<\/p>\n\n\n\n<p><strong>Le pardon<\/strong> est une composante essentielle de cet amour. Il ne s\u2019agit pas d\u2019ignorer les torts ou de les minimiser, mais de choisir de ne pas laisser ces blessures d\u00e9truire le lien pr\u00e9cieux qui nous unit \u00e0 l\u2019autre. Le pardon, c\u2019est la volont\u00e9 de d\u00e9passer la douleur pour reconstruire, pour aller de l\u2019avant ensemble, avec une compr\u00e9hension et une compassion renouvel\u00e9es.<\/p>\n\n\n\n<p><strong>La bienveillance<\/strong> est au c\u0153ur de l\u2019amour v\u00e9ritable. C\u2019est un amour qui prend soin, qui veille sur l\u2019autre avec douceur, qui se soucie de son bien-\u00eatre. Ce n\u2019est pas un amour possessif ou \u00e9go\u00efste, mais un amour qui cherche toujours \u00e0 donner plus qu\u2019il ne re\u00e7oit. Il est patient, il est g\u00e9n\u00e9reux, et surtout, il est constant.<\/p>\n\n\n\n<p>Enfin, <strong>l\u2019amour r\u00e9el est un choix<\/strong>. Il n\u2019est pas simplement une \u00e9motion passag\u00e8re ou un coup de foudre. C\u2019est un engagement conscient, renouvel\u00e9 chaque jour, de ch\u00e9rir, de prot\u00e9ger, et de cultiver cette relation. C\u2019est d\u00e9cider de rester m\u00eame quand c\u2019est difficile, de continuer \u00e0 aimer m\u00eame quand l\u2019enthousiasme des premiers jours s\u2019estompe. L\u2019amour v\u00e9ritable, c\u2019est ce qui reste quand l\u2019euphorie des d\u00e9buts a laiss\u00e9 place \u00e0 une profonde connexion, \u00e0 une intimit\u00e9 solide et apaisante.<\/p>\n\n\n\n<p>En conclusion, mes chers amis, l\u2019amour r\u00e9el est une force puissante qui transcende le temps et les \u00e9preuves. Il est fait de respect, de confiance, de pardon, de bienveillance, et surtout, d\u2019un choix constant de se donner \u00e0 l\u2019autre, non pas par obligation, mais par un d\u00e9sir sinc\u00e8re de cr\u00e9er quelque chose de durable et de pr\u00e9cieux.<\/p>\n\n\n\n<p>Que chacun de nous puisse conna\u00eetre, donner, et recevoir cet amour v\u00e9ritable, car c\u2019est l\u00e0 que r\u00e9side la v\u00e9ritable essence de nos vies.<\/p>\n\n\n\n<p>Nous arrivons \u00e0 la fin de cet article, et je tiens \u00e0 vous remercier chaleureusement d&rsquo;avoir pris le temps de le lire. Votre int\u00e9r\u00eat et votre attention sont pr\u00e9cieux, et j&rsquo;esp\u00e8re que les informations partag\u00e9es ici vous ont \u00e9t\u00e9 utiles et inspirantes. N&rsquo;h\u00e9sitez pas \u00e0 laisser vos commentaires ou \u00e0 partager vos r\u00e9flexions sur le sujet. Restez curieux et ouvert aux nouvelles id\u00e9es, et \u00e0 tr\u00e8s bient\u00f4t pour de nouveaux \u00e9changes enrichissants !<\/p>\n","protected":false},"excerpt":{"rendered":"<p>Que chacun de nous puisse conna\u00eetre, donner, et recevoir cet amour v\u00e9ritable, car c\u2019est l\u00e0 que r\u00e9side la v\u00e9ritable essence de nos vies. Mesdames, Messieurs, Aujourd\u2019hui, nous abordons un sujet aussi vaste que profond, un sujet qui traverse les \u00e2ges&#8230; <a href=\"https:\/\/guido-saverio-coach.com\/?page_id=1179\" class=\"readmore\">Read more<span class=\"screen-reader-text\">Qu&rsquo;est-ce que l&rsquo;amour r\u00e9el ?<\/span><span class=\"fa fa-angle-double-right\" aria-hidden=\"true\"><\/span><\/a><\/p>\n","protected":false},"author":1,"featured_media":0,"parent":0,"menu_order":0,"comment_status":"closed","ping_status":"closed","template":"","meta":{"footnotes":""},"_links":{"self":[{"href":"https:\/\/guido-saverio-coach.com\/index.php?rest_route=\/wp\/v2\/pages\/1179"}],"collection":[{"href":"https:\/\/guido-saverio-coach.com\/index.php?rest_route=\/wp\/v2\/pages"}],"about":[{"href":"https:\/\/guido-saverio-coach.com\/index.php?rest_route=\/wp\/v2\/types\/page"}],"author":[{"embeddable":true,"href":"https:\/\/guido-saverio-coach.com\/index.php?rest_route=\/wp\/v2\/users\/1"}],"replies":[{"embeddable":true,"href":"https:\/\/guido-saverio-coach.com\/index.php?rest_route=%2Fwp%2Fv2%2Fcomments&post=1179"}],"version-history":[{"count":1,"href":"https:\/\/guido-saverio-coach.com\/index.php?rest_route=\/wp\/v2\/pages\/1179\/revisions"}],"predecessor-version":[{"id":1184,"href":"https:\/\/guido-saverio-coach.com\/index.php?rest_route=\/wp\/v2\/pages\/1179\/revisions\/1184"}],"wp:attachment":[{"href":"https:\/\/guido-saverio-coach.com\/index.php?rest_route=%2Fwp%2Fv2%2Fmedia&parent=1179"}],"curies":[{"name":"wp","href":"https:\/\/api.w.org\/{rel}","templated":true}]}}