{"id":1242,"date":"2024-08-17T14:26:21","date_gmt":"2024-08-17T12:26:21","guid":{"rendered":"https:\/\/guido-saverio-coach.com\/?page_id=1242"},"modified":"2024-08-17T14:26:21","modified_gmt":"2024-08-17T12:26:21","slug":"integrez-les-dans-votre-routine-quotidienne-le-secret-pour-une-transformation-durable","status":"publish","type":"page","link":"https:\/\/guido-saverio-coach.com\/?page_id=1242","title":{"rendered":"Int\u00e9grez-les dans votre routine quotidienne : Le secret pour une transformation durable"},"content":{"rendered":"\n<h3 class=\"wp-block-heading has-vivid-cyan-blue-color has-text-color has-link-color wp-elements-4d9a5bfa5429256ce4eee90b6432bf79\">Mes amis, je vous encourage vivement \u00e0 int\u00e9grer ces conseils dans votre routine quotidienne. Ce n&rsquo;est qu&rsquo;en r\u00e9p\u00e9tant jour apr\u00e8s jour ces gestes, ces actions, que vous verrez des changements significatifs dans votre bien-\u00eatre, votre productivit\u00e9, votre bonheur.<\/h3>\n\n\n\n<p>Mesdames, Messieurs, chers amis, nous sommes tous \u00e0 la recherche de ce petit quelque chose qui peut changer nos vies. Que ce soit une meilleure productivit\u00e9, un bien-\u00eatre accru, ou une plus grande s\u00e9r\u00e9nit\u00e9, nous savons qu\u2019il existe des conseils, des astuces qui, s&rsquo;ils sont bien appliqu\u00e9s, peuvent faire toute la diff\u00e9rence. Mais voici la v\u00e9rit\u00e9, toute simple, que je vous invite \u00e0 consid\u00e9rer aujourd&rsquo;hui : le changement v\u00e9ritable ne se trouve pas dans une seule action isol\u00e9e. Non, il se trouve dans la r\u00e9p\u00e9tition, dans la constance, dans l&rsquo;int\u00e9gration de ces conseils dans votre routine quotidienne.<\/p>\n\n\n\n<p>Imaginez un instant que chaque conseil que vous recevez est comme une brique. Une seule brique, pos\u00e9e sur le sol, n&rsquo;a que peu d&rsquo;impact. Mais lorsque vous prenez le temps de poser brique apr\u00e8s brique, jour apr\u00e8s jour, ce que vous construisez, c&rsquo;est une fondation solide, une structure qui peut supporter de grandes choses. Et cette structure, c&rsquo;est votre quotidien, votre vie de tous les jours.<\/p>\n\n\n\n<h4 class=\"wp-block-heading\">Pourquoi l&rsquo;int\u00e9gration quotidienne est essentielle<\/h4>\n\n\n\n<p>Maintenant, je veux que vous r\u00e9fl\u00e9chissiez \u00e0 ceci : pourquoi est-il si crucial d&rsquo;int\u00e9grer ces conseils dans votre routine quotidienne ? La r\u00e9ponse est simple. Ce que nous faisons r\u00e9guli\u00e8rement, ce que nous r\u00e9p\u00e9tons jour apr\u00e8s jour, finit par fa\u00e7onner qui nous sommes. Nos habitudes, nos routines, ne sont pas de simples gestes r\u00e9p\u00e9titifs ; elles sont les fondations sur lesquelles repose notre bien-\u00eatre, notre succ\u00e8s, notre bonheur.<\/p>\n\n\n\n<p>Prenons un exemple concret. Vous lisez un conseil sur l&rsquo;importance de la gestion des priorit\u00e9s. Vous comprenez l&rsquo;id\u00e9e, vous voyez son potentiel, mais si vous ne faites rien pour l&rsquo;int\u00e9grer dans votre vie quotidienne, il reste une simple information. Maintenant, imaginez que chaque matin, vous prenez cinq minutes pour organiser votre journ\u00e9e. Vous faites une liste de ce qui est important et urgent. En peu de temps, ce simple geste devient une habitude, une routine qui vous permet de rester concentr\u00e9, de ne plus vous sentir submerg\u00e9 par les t\u00e2ches \u00e0 accomplir. Et ce n&rsquo;est pas tout : en g\u00e9rant mieux vos priorit\u00e9s, vous vous lib\u00e9rez du temps, vous r\u00e9duisez votre stress, vous augmentez votre productivit\u00e9. Vous voyez, ce qui n&rsquo;\u00e9tait qu&rsquo;un conseil est devenu une force motrice dans votre quotidien.<\/p>\n\n\n\n<h4 class=\"wp-block-heading\">Cr\u00e9ez des routines autour des conseils pertinents<\/h4>\n\n\n\n<p>Maintenant, la question se pose : comment faire pour que ces conseils, ces bonnes pratiques, s&rsquo;int\u00e8grent r\u00e9ellement dans votre vie quotidienne ? La r\u00e9ponse r\u00e9side dans la cr\u00e9ation de routines. Une routine, c&rsquo;est un ensemble d&rsquo;actions que vous r\u00e9p\u00e9tez chaque jour, sans m\u00eame y penser. C&rsquo;est une mani\u00e8re de transformer ce qui peut sembler \u00eatre un effort au d\u00e9part en quelque chose de naturel, d&rsquo;automatique.<\/p>\n\n\n\n<p>Commen\u00e7ons par un autre exemple concret. Imaginons que vous ayez d\u00e9cid\u00e9 de prendre soin de votre bien-\u00eatre mental en m\u00e9ditant chaque jour. Au d\u00e9but, il peut \u00eatre difficile de trouver le temps, ou m\u00eame la motivation. Mais si vous d\u00e9cidez de m\u00e9diter \u00e0 la m\u00eame heure chaque jour, disons juste apr\u00e8s vous \u00eatre lev\u00e9, cela devient une partie int\u00e9grante de votre routine matinale. Au fil des jours, vous commencez \u00e0 ressentir les bienfaits : un esprit plus calme, une meilleure gestion du stress, une plus grande clart\u00e9 mentale. Ce qui au d\u00e9part semblait \u00eatre un effort devient une source de bien-\u00eatre quotidien.<\/p>\n\n\n\n<p>Mais ce n&rsquo;est pas tout. En cr\u00e9ant des routines autour des conseils les plus pertinents pour vous, vous leur donnez une place permanente dans votre vie. Vous n&rsquo;avez plus besoin de vous rappeler de les mettre en pratique, ils font partie de votre quotidien. Et c&rsquo;est l\u00e0 que r\u00e9side le vrai pouvoir de la routine : elle transforme le potentiel en r\u00e9alit\u00e9, l&rsquo;id\u00e9e en action concr\u00e8te et durable.<\/p>\n\n\n\n<h4 class=\"wp-block-heading\">Des conseils personnalis\u00e9s pour une int\u00e9gration r\u00e9ussie<\/h4>\n\n\n\n<p>Mais ne vous y trompez pas, mes chers amis : ce qui fonctionne pour l&rsquo;un ne fonctionnera pas n\u00e9cessairement pour l&rsquo;autre. C&rsquo;est pourquoi il est essentiel de personnaliser les conseils que vous recevez. Ne cherchez pas \u00e0 tout appliquer en m\u00eame temps. Choisissez ceux qui r\u00e9sonnent le plus avec vous, ceux qui correspondent \u00e0 vos objectifs, \u00e0 vos besoins.<\/p>\n\n\n\n<p>Par exemple, si vous lisez un conseil sur l&rsquo;importance de l&rsquo;exercice physique, mais que vous n&rsquo;avez pas beaucoup de temps dans la journ\u00e9e, ne vous d\u00e9couragez pas. Adaptez-le. Peut-\u00eatre pouvez-vous int\u00e9grer quelques exercices l\u00e9gers dans votre routine du matin, ou encore d\u00e9cider de marcher davantage pendant la journ\u00e9e. L&rsquo;important, c&rsquo;est de trouver ce qui fonctionne pour vous, ce qui s&rsquo;int\u00e8gre facilement dans votre vie sans la bouleverser. Une fois que vous avez trouv\u00e9 le bon \u00e9quilibre, ces conseils ne seront plus une contrainte, mais une source de satisfaction et de bien-\u00eatre.<\/p>\n\n\n\n<h4 class=\"wp-block-heading\">Simplicit\u00e9 et clart\u00e9 : les cl\u00e9s du succ\u00e8s<\/h4>\n\n\n\n<p>Enfin, n&rsquo;oubliez jamais que simplicit\u00e9 et clart\u00e9 sont les ma\u00eetres mots d&rsquo;une int\u00e9gration r\u00e9ussie. Trop souvent, nous compliquons les choses. Nous cherchons \u00e0 en faire trop, \u00e0 trop bien faire. Le r\u00e9sultat ? Nous nous d\u00e9courageons et finissons par abandonner. Mais je vous le dis aujourd&rsquo;hui, il n&rsquo;y a pas besoin de faire compliqu\u00e9 pour voir des r\u00e9sultats.<\/p>\n\n\n\n<p>Commencez petit. Choisissez un conseil, un seul, et int\u00e9grez-le dans votre routine. Faites-le simplement, sans stress, sans pression. Une fois que cette nouvelle habitude est bien en place, passez \u00e0 la suivante. Et ainsi de suite. Ce processus est \u00e0 la fois simple et puissant. Il vous permet de progresser \u00e0 votre rythme, sans vous sentir submerg\u00e9, tout en cr\u00e9ant des changements r\u00e9els et durables dans votre vie.<\/p>\n\n\n\n<h4 class=\"wp-block-heading\">Conclusion : Construisez votre quotidien, brique par brique<\/h4>\n\n\n\n<p>En conclusion, mes amis, je vous encourage vivement \u00e0 int\u00e9grer ces conseils dans votre routine quotidienne. Ce n&rsquo;est qu&rsquo;en r\u00e9p\u00e9tant jour apr\u00e8s jour ces gestes, ces actions, que vous verrez des changements significatifs dans votre bien-\u00eatre, votre productivit\u00e9, votre bonheur. Ne vous pr\u00e9cipitez pas, prenez le temps de choisir les conseils qui vous conviennent, et faites-les v\u00f4tres. Car c&rsquo;est dans cette int\u00e9gration quotidienne, dans cette r\u00e9p\u00e9tition r\u00e9guli\u00e8re, que r\u00e9side la cl\u00e9 d&rsquo;une transformation v\u00e9ritable et durable.<\/p>\n\n\n\n<p>Aujourd&rsquo;hui, engagez-vous \u00e0 construire votre vie brique par brique, routine par routine. Ce que vous construisez, c&rsquo;est votre futur, un futur o\u00f9 chaque jour est une nouvelle opportunit\u00e9 de grandir, d&rsquo;\u00e9voluer, de vous rapprocher un peu plus de la personne que vous aspirez \u00e0 \u00eatre.<\/p>\n\n\n\n<p><strong><em><a href=\"https:\/\/guido-saverio-coach.com\/\">Guido SAVERIO<\/a><\/em><\/strong><\/p>\n","protected":false},"excerpt":{"rendered":"<p>Mes amis, je vous encourage vivement \u00e0 int\u00e9grer ces conseils dans votre routine quotidienne. Ce n&rsquo;est qu&rsquo;en r\u00e9p\u00e9tant jour apr\u00e8s jour ces gestes, ces actions, que vous verrez des changements significatifs dans votre bien-\u00eatre, votre productivit\u00e9, votre bonheur. Mesdames, Messieurs,&#8230; <a href=\"https:\/\/guido-saverio-coach.com\/?page_id=1242\" class=\"readmore\">Read more<span class=\"screen-reader-text\">Int\u00e9grez-les dans votre routine quotidienne : Le secret pour une transformation durable<\/span><span class=\"fa fa-angle-double-right\" aria-hidden=\"true\"><\/span><\/a><\/p>\n","protected":false},"author":1,"featured_media":0,"parent":0,"menu_order":0,"comment_status":"closed","ping_status":"closed","template":"","meta":{"footnotes":""},"_links":{"self":[{"href":"https:\/\/guido-saverio-coach.com\/index.php?rest_route=\/wp\/v2\/pages\/1242"}],"collection":[{"href":"https:\/\/guido-saverio-coach.com\/index.php?rest_route=\/wp\/v2\/pages"}],"about":[{"href":"https:\/\/guido-saverio-coach.com\/index.php?rest_route=\/wp\/v2\/types\/page"}],"author":[{"embeddable":true,"href":"https:\/\/guido-saverio-coach.com\/index.php?rest_route=\/wp\/v2\/users\/1"}],"replies":[{"embeddable":true,"href":"https:\/\/guido-saverio-coach.com\/index.php?rest_route=%2Fwp%2Fv2%2Fcomments&post=1242"}],"version-history":[{"count":1,"href":"https:\/\/guido-saverio-coach.com\/index.php?rest_route=\/wp\/v2\/pages\/1242\/revisions"}],"predecessor-version":[{"id":1244,"href":"https:\/\/guido-saverio-coach.com\/index.php?rest_route=\/wp\/v2\/pages\/1242\/revisions\/1244"}],"wp:attachment":[{"href":"https:\/\/guido-saverio-coach.com\/index.php?rest_route=%2Fwp%2Fv2%2Fmedia&parent=1242"}],"curies":[{"name":"wp","href":"https:\/\/api.w.org\/{rel}","templated":true}]}}