{"id":1253,"date":"2024-08-17T15:58:19","date_gmt":"2024-08-17T13:58:19","guid":{"rendered":"https:\/\/guido-saverio-coach.com\/?page_id=1253"},"modified":"2024-08-17T15:58:19","modified_gmt":"2024-08-17T13:58:19","slug":"reflechissez-et-ajustez-continuellement-le-secret-dune-evolution-personnelle-authentique","status":"publish","type":"page","link":"https:\/\/guido-saverio-coach.com\/?page_id=1253","title":{"rendered":"R\u00e9fl\u00e9chissez et ajustez continuellement : Le secret d&rsquo;une \u00e9volution personnelle authentique"},"content":{"rendered":"\n<h3 class=\"wp-block-heading has-vivid-cyan-blue-color has-text-color has-link-color has-medium-font-size wp-elements-d1980e468ab51797ddaefa9bf9a38719\"> je vous invite \u00e0 embrasser ce processus avec courage et curiosit\u00e9. Ne cherchez pas la perfection, mais plut\u00f4t l\u2019\u00e9volution constante. R\u00e9fl\u00e9chissez, ajustez, et avancez. Chaque pas que vous faites, chaque ajustement que vous r\u00e9alisez, vous rapproche un peu plus de la meilleure version de vous-m\u00eame. <\/h3>\n\n\n\n<p>Mesdames, Messieurs, chers amis, nous vivons dans un monde o\u00f9 le d\u00e9veloppement personnel est devenu une qu\u00eate presque universelle. Nous sommes constamment \u00e0 la recherche de moyens pour nous am\u00e9liorer, pour atteindre nos objectifs, pour devenir la meilleure version de nous-m\u00eames. Mais aujourd\u2019hui, je veux partager avec vous une v\u00e9rit\u00e9 essentielle : le d\u00e9veloppement personnel n\u2019est pas une destination fixe, c\u2019est un voyage, un processus en constante \u00e9volution. Et pour en tirer le meilleur parti, il est crucial de r\u00e9fl\u00e9chir et d\u2019ajuster continuellement notre approche.<\/p>\n\n\n\n<p>Imaginez un instant que vous \u00eates un navigateur en mer. Votre destination est fix\u00e9e, mais les vents, les courants, et les conditions m\u00e9t\u00e9orologiques changent constamment. Si vous ne prenez pas le temps de r\u00e9fl\u00e9chir \u00e0 votre position actuelle, si vous ne faites pas les ajustements n\u00e9cessaires \u00e0 votre cap, vous risquez de vous \u00e9garer. De la m\u00eame mani\u00e8re, dans votre voyage de d\u00e9veloppement personnel, il est essentiel de faire des pauses, de r\u00e9fl\u00e9chir \u00e0 votre progression, et d&rsquo;ajuster vos actions en fonction des r\u00e9sultats que vous obtenez.<\/p>\n\n\n\n<h4 class=\"wp-block-heading\">L&rsquo;importance de la r\u00e9flexion dans le d\u00e9veloppement personnel<\/h4>\n\n\n\n<p>Le premier point que je souhaite aborder est la n\u00e9cessit\u00e9 de prendre le temps de r\u00e9fl\u00e9chir. Trop souvent, nous sommes tent\u00e9s de passer d\u2019un conseil \u00e0 un autre, d\u2019une m\u00e9thode \u00e0 une autre, sans jamais vraiment nous arr\u00eater pour \u00e9valuer ce qui fonctionne pour nous. Mais sans cette r\u00e9flexion, comment pouvez-vous vraiment savoir si vous \u00eates sur la bonne voie ?<\/p>\n\n\n\n<p>Prenons un exemple simple. Vous avez d\u00e9cid\u00e9 de suivre un conseil sur la gestion du temps qui vous recommande de planifier chaque minute de votre journ\u00e9e pour maximiser votre productivit\u00e9. Vous appliquez ce conseil avec enthousiasme, mais apr\u00e8s quelques semaines, vous vous rendez compte que vous \u00eates \u00e9puis\u00e9, stress\u00e9, et que votre cr\u00e9ativit\u00e9 en souffre. Que faire alors ? Si vous ne prenez pas le temps de r\u00e9fl\u00e9chir \u00e0 cet impact, vous pourriez continuer sur cette voie, en pensant que c\u2019est vous qui \u00eates \u00e0 bl\u00e2mer, alors qu\u2019en r\u00e9alit\u00e9, c\u2019est peut-\u00eatre l\u2019approche qui ne vous convient pas.<\/p>\n\n\n\n<p>En prenant un moment pour r\u00e9fl\u00e9chir, pour \u00e9valuer l\u2019effet de ce conseil sur votre vie, vous r\u00e9alisez peut-\u00eatre que cette m\u00e9thode de planification rigide ne correspond pas \u00e0 votre personnalit\u00e9. Et c\u2019est l\u00e0 que l\u2019ajustement devient n\u00e9cessaire.<\/p>\n\n\n\n<h4 class=\"wp-block-heading\">Ajustez votre approche pour un d\u00e9veloppement personnel sur mesure<\/h4>\n\n\n\n<p>L\u2019ajustement est l\u2019\u00e9tape suivante dans ce processus d\u2019\u00e9volution personnelle. Une fois que vous avez pris le temps de r\u00e9fl\u00e9chir \u00e0 ce qui fonctionne et \u00e0 ce qui ne fonctionne pas, il est essentiel de ne pas avoir peur de changer d\u2019approche. Le d\u00e9veloppement personnel n\u2019est pas une science exacte, il n\u2019y a pas de solution universelle qui fonctionne pour tout le monde. Ce qui compte, c\u2019est ce qui fonctionne pour vous.<\/p>\n\n\n\n<p>Supposons que, dans notre exemple pr\u00e9c\u00e9dent, vous ayez r\u00e9alis\u00e9 que planifier chaque minute de votre journ\u00e9e est contre-productif. Plut\u00f4t que de tout abandonner, pourquoi ne pas ajuster votre m\u00e9thode ? Peut-\u00eatre pouvez-vous essayer une planification plus flexible, o\u00f9 vous d\u00e9finissez des blocs de temps pour les t\u00e2ches importantes, mais laissez de la place pour l\u2019improvisation et la spontan\u00e9it\u00e9. Cet ajustement, bas\u00e9 sur votre r\u00e9flexion, vous permet de conserver les avantages de la planification tout en respectant votre besoin de flexibilit\u00e9.<\/p>\n\n\n\n<p>Un autre exemple ? Imaginez que vous avez suivi un conseil sur l\u2019importance de la m\u00e9ditation quotidienne pour r\u00e9duire le stress. Cependant, apr\u00e8s quelques semaines, vous r\u00e9alisez que cette pratique, au lieu de vous apaiser, vous rend encore plus anxieux, car vous avez du mal \u00e0 rester assis en silence. Plut\u00f4t que de persister dans une m\u00e9thode qui ne fonctionne pas pour vous, ajustez votre approche. Peut-\u00eatre que la m\u00e9ditation en mouvement, comme le yoga ou la marche m\u00e9ditative, serait plus adapt\u00e9e \u00e0 votre temp\u00e9rament.<\/p>\n\n\n\n<p>L\u2019ajustement ne signifie pas l\u2019\u00e9chec. Il s\u2019agit d\u2019un acte de courage et d\u2019intelligence, une reconnaissance que vous \u00eates unique et que votre chemin de d\u00e9veloppement personnel doit \u00eatre fa\u00e7onn\u00e9 sur mesure pour vous.<\/p>\n\n\n\n<h4 class=\"wp-block-heading\">Des conseils personnalis\u00e9s pour une \u00e9volution constante<\/h4>\n\n\n\n<p>Maintenant que vous comprenez l\u2019importance de r\u00e9fl\u00e9chir et d\u2019ajuster continuellement, permettez-moi de vous offrir quelques conseils personnalis\u00e9s pour vous accompagner dans ce processus.<\/p>\n\n\n\n<ol>\n<li><strong>Programmez des moments de r\u00e9flexion r\u00e9guliers<\/strong> : Chaque semaine, prenez le temps de vous asseoir et de r\u00e9fl\u00e9chir \u00e0 votre progression. Posez-vous des questions comme : Quels r\u00e9sultats ai-je obtenus ? Comment me suis-je senti en appliquant ce conseil ? Qu&rsquo;est-ce qui a bien fonctionn\u00e9 et qu\u2019est-ce qui doit \u00eatre ajust\u00e9 ?<\/li>\n\n\n\n<li><strong>Soyez honn\u00eate avec vous-m\u00eame<\/strong> : La r\u00e9flexion n\u2019est utile que si vous \u00eates pr\u00eat \u00e0 \u00eatre honn\u00eate avec vous-m\u00eame. Si quelque chose ne fonctionne pas, ne cherchez pas \u00e0 vous convaincre du contraire. Reconnaissez-le et ajustez votre approche.<\/li>\n\n\n\n<li><strong>Adoptez une mentalit\u00e9 de flexibilit\u00e9<\/strong> : Ne vous attachez pas rigidement \u00e0 une m\u00e9thode. Soyez pr\u00eat \u00e0 exp\u00e9rimenter, \u00e0 changer de cap si n\u00e9cessaire. Le d\u00e9veloppement personnel est un processus fluide, et votre approche doit l\u2019\u00eatre aussi.<\/li>\n\n\n\n<li><strong>Utilisez un journal de bord<\/strong> : Tenir un journal peut \u00eatre un outil puissant pour documenter vos r\u00e9flexions et ajustements. \u00c9crivez vos observations, vos sentiments, vos r\u00e9sultats. Cela vous aidera \u00e0 visualiser votre progression et \u00e0 identifier plus facilement les ajustements n\u00e9cessaires.<\/li>\n\n\n\n<li><strong>Cherchez du feedback<\/strong> : Parfois, un regard ext\u00e9rieur peut offrir des perspectives que vous n\u2019aviez pas envisag\u00e9es. Discutez de vos progr\u00e8s avec un ami de confiance ou un mentor. Leurs conseils peuvent vous aider \u00e0 affiner encore davantage votre approche.<\/li>\n<\/ol>\n\n\n\n<h4 class=\"wp-block-heading\">Conclusion : Le voyage du d\u00e9veloppement personnel<\/h4>\n\n\n\n<p>En conclusion, mes chers amis, rappelez-vous que le d\u00e9veloppement personnel est un voyage, pas une destination. C\u2019est un processus en constante \u00e9volution qui n\u00e9cessite r\u00e9flexion, ajustement, et flexibilit\u00e9. Ne vous pr\u00e9cipitez pas. Prenez le temps de r\u00e9fl\u00e9chir \u00e0 chaque \u00e9tape de votre progression. \u00c9coutez-vous, ajustez votre approche, et vous verrez que ce voyage, bien que parsem\u00e9 de d\u00e9fis, est \u00e9galement rempli de d\u00e9couvertes enrichissantes.<\/p>\n\n\n\n<p>Aujourd\u2019hui, je vous invite \u00e0 embrasser ce processus avec courage et curiosit\u00e9. Ne cherchez pas la perfection, mais plut\u00f4t l\u2019\u00e9volution constante. R\u00e9fl\u00e9chissez, ajustez, et avancez. Chaque pas que vous faites, chaque ajustement que vous r\u00e9alisez, vous rapproche un peu plus de la meilleure version de vous-m\u00eame. Et rappelez-vous : ce voyage est le v\u00f4tre, faites-en une aventure qui vous ressemble, une aventure o\u00f9 chaque ajustement vous m\u00e8ne vers un \u00e9panouissement authentique et durable.<\/p>\n\n\n\n<p><strong><em><a href=\"https:\/\/guido-saverio-coach.com\/\">Guido SAVERIO<\/a><\/em><\/strong><\/p>\n","protected":false},"excerpt":{"rendered":"<p>je vous invite \u00e0 embrasser ce processus avec courage et curiosit\u00e9. Ne cherchez pas la perfection, mais plut\u00f4t l\u2019\u00e9volution constante. R\u00e9fl\u00e9chissez, ajustez, et avancez. Chaque pas que vous faites, chaque ajustement que vous r\u00e9alisez, vous rapproche un peu plus de&#8230; <a href=\"https:\/\/guido-saverio-coach.com\/?page_id=1253\" class=\"readmore\">Read more<span class=\"screen-reader-text\">R\u00e9fl\u00e9chissez et ajustez continuellement : Le secret d&rsquo;une \u00e9volution personnelle authentique<\/span><span class=\"fa fa-angle-double-right\" aria-hidden=\"true\"><\/span><\/a><\/p>\n","protected":false},"author":1,"featured_media":0,"parent":0,"menu_order":0,"comment_status":"closed","ping_status":"closed","template":"","meta":{"footnotes":""},"_links":{"self":[{"href":"https:\/\/guido-saverio-coach.com\/index.php?rest_route=\/wp\/v2\/pages\/1253"}],"collection":[{"href":"https:\/\/guido-saverio-coach.com\/index.php?rest_route=\/wp\/v2\/pages"}],"about":[{"href":"https:\/\/guido-saverio-coach.com\/index.php?rest_route=\/wp\/v2\/types\/page"}],"author":[{"embeddable":true,"href":"https:\/\/guido-saverio-coach.com\/index.php?rest_route=\/wp\/v2\/users\/1"}],"replies":[{"embeddable":true,"href":"https:\/\/guido-saverio-coach.com\/index.php?rest_route=%2Fwp%2Fv2%2Fcomments&post=1253"}],"version-history":[{"count":1,"href":"https:\/\/guido-saverio-coach.com\/index.php?rest_route=\/wp\/v2\/pages\/1253\/revisions"}],"predecessor-version":[{"id":1256,"href":"https:\/\/guido-saverio-coach.com\/index.php?rest_route=\/wp\/v2\/pages\/1253\/revisions\/1256"}],"wp:attachment":[{"href":"https:\/\/guido-saverio-coach.com\/index.php?rest_route=%2Fwp%2Fv2%2Fmedia&parent=1253"}],"curies":[{"name":"wp","href":"https:\/\/api.w.org\/{rel}","templated":true}]}}