{"id":1344,"date":"2024-10-06T21:03:45","date_gmt":"2024-10-06T19:03:45","guid":{"rendered":"https:\/\/guido-saverio-coach.com\/?page_id=1344"},"modified":"2024-10-06T21:03:45","modified_gmt":"2024-10-06T19:03:45","slug":"guide-pratique-du-debutant-pour-les-finances-personnelles","status":"publish","type":"page","link":"https:\/\/guido-saverio-coach.com\/?page_id=1344","title":{"rendered":"Guide Pratique du D\u00e9butant pour les Finances Personnelles"},"content":{"rendered":"\n<h3 class=\"wp-block-heading\">G\u00e9rer ses finances personnelles peut sembler complexe, surtout lorsque l\u2019on d\u00e9bute dans la vie active ou que l\u2019on commence \u00e0 prendre en main ses responsabilit\u00e9s financi\u00e8res. Ce guide est con\u00e7u pour vous aider \u00e0 mieux comprendre les bases de la gestion de l&rsquo;argent, \u00e0 cr\u00e9er un budget, \u00e0 g\u00e9rer vos dettes, \u00e0 \u00e9pargner de mani\u00e8re efficace, et \u00e0 explorer les premi\u00e8res \u00e9tapes de l\u2019investissement.<\/h3>\n\n\n\n<hr class=\"wp-block-separator has-alpha-channel-opacity\"\/>\n\n\n\n<h2 class=\"wp-block-heading\">1. Comment Cr\u00e9er un Budget<\/h2>\n\n\n\n<p>Un budget est le fondement d\u2019une bonne gestion financi\u00e8re. Il vous permet de suivre vos revenus et vos d\u00e9penses pour mieux contr\u00f4ler votre argent.<\/p>\n\n\n\n<h3 class=\"wp-block-heading\">a) Comprendre vos revenus et vos d\u00e9penses<\/h3>\n\n\n\n<p>Avant de cr\u00e9er un budget, il est important de comprendre d\u2019o\u00f9 vient votre argent et comment vous le d\u00e9pensez.<\/p>\n\n\n\n<ul>\n<li><strong>Revenus :<\/strong> Incluez toutes vos sources de revenus : salaire, bourses d\u2019\u00e9tudes, aides, revenus secondaires, etc.<\/li>\n\n\n\n<li><strong>D\u00e9penses fixes :<\/strong> Ce sont les d\u00e9penses qui ne changent pas beaucoup chaque mois (loyer, factures, assurance).<\/li>\n\n\n\n<li><strong>D\u00e9penses variables :<\/strong> Celles-ci peuvent fluctuer (nourriture, divertissement, loisirs).<\/li>\n\n\n\n<li><strong>D\u00e9penses non essentielles :<\/strong> R\u00e9\u00e9valuez vos achats \u00ab\u00a0plaisirs\u00a0\u00bb pour voir o\u00f9 vous pouvez \u00e9conomiser.<\/li>\n<\/ul>\n\n\n\n<h3 class=\"wp-block-heading\">b) La m\u00e9thode 50\/30\/20<\/h3>\n\n\n\n<p>La <strong>m\u00e9thode 50\/30\/20<\/strong> est un cadre simple pour structurer votre budget.<\/p>\n\n\n\n<ul>\n<li><strong>50 % pour les besoins :<\/strong> Inclut les d\u00e9penses essentielles comme le logement, la nourriture, les factures, et le transport.<\/li>\n\n\n\n<li><strong>30 % pour les envies :<\/strong> Pour vos loisirs, sorties, vacances, ou achats non essentiels.<\/li>\n\n\n\n<li><strong>20 % pour l\u2019\u00e9pargne et le remboursement des dettes :<\/strong> Ce pourcentage doit \u00eatre consacr\u00e9 \u00e0 l\u2019\u00e9pargne et \u00e0 la r\u00e9duction de vos dettes.<\/li>\n<\/ul>\n\n\n\n<h3 class=\"wp-block-heading\">c) Utiliser des outils de budget<\/h3>\n\n\n\n<p>Il existe de nombreuses applications pour vous aider \u00e0 suivre vos finances :<\/p>\n\n\n\n<ul>\n<li><strong>YNAB (You Need A Budget) :<\/strong> Une application populaire qui vous aide \u00e0 allouer chaque euro de mani\u00e8re proactive.<\/li>\n\n\n\n<li><strong>Mint :<\/strong> Suivi automatique de vos d\u00e9penses et de vos objectifs d\u2019\u00e9pargne.<\/li>\n\n\n\n<li><strong>Microsoft Excel\/Google Sheets :<\/strong> Si vous pr\u00e9f\u00e9rez g\u00e9rer votre budget manuellement, vous pouvez utiliser des feuilles de calcul simples.<\/li>\n<\/ul>\n\n\n\n<hr class=\"wp-block-separator has-alpha-channel-opacity\"\/>\n\n\n\n<h2 class=\"wp-block-heading\">2. Gestion de la Dette<\/h2>\n\n\n\n<p>La gestion de la dette est essentielle pour \u00e9viter d\u2019\u00eatre submerg\u00e9 par des remboursements trop lourds.<\/p>\n\n\n\n<h3 class=\"wp-block-heading\">a) Comprendre vos dettes<\/h3>\n\n\n\n<ul>\n<li><strong>Type de dettes :<\/strong> Distinguez entre les bonnes dettes (comme un pr\u00eat \u00e9tudiant ou immobilier) et les mauvaises dettes (comme un cr\u00e9dit revolving ou des cartes de cr\u00e9dit \u00e0 taux d&rsquo;int\u00e9r\u00eat \u00e9lev\u00e9).<\/li>\n\n\n\n<li><strong>Taux d\u2019int\u00e9r\u00eat :<\/strong> Identifiez les dettes avec des taux d\u2019int\u00e9r\u00eat \u00e9lev\u00e9s (cartes de cr\u00e9dit) pour les rembourser en priorit\u00e9.<\/li>\n<\/ul>\n\n\n\n<h3 class=\"wp-block-heading\">b) M\u00e9thodes de remboursement<\/h3>\n\n\n\n<ul>\n<li><strong>M\u00e9thode de la boule de neige :<\/strong> Concentrez-vous d\u2019abord sur le remboursement de la plus petite dette tout en continuant \u00e0 payer le minimum sur les autres. Cela vous donne un sentiment de victoire rapide et vous motive \u00e0 continuer.<\/li>\n\n\n\n<li><strong>M\u00e9thode de l\u2019avalanche :<\/strong> Concentrez vos efforts sur le remboursement de la dette avec le taux d\u2019int\u00e9r\u00eat le plus \u00e9lev\u00e9. Cela peut vous faire \u00e9conomiser davantage sur le long terme, m\u00eame si les progr\u00e8s semblent plus lents au d\u00e9but.<\/li>\n<\/ul>\n\n\n\n<h3 class=\"wp-block-heading\">c) \u00c9viter les dettes inutiles<\/h3>\n\n\n\n<ul>\n<li><strong>\u00c9vitez de vivre \u00e0 cr\u00e9dit :<\/strong> Utiliser une carte de cr\u00e9dit pour financer des achats non essentiels est risqu\u00e9 \u00e0 cause des taux d\u2019int\u00e9r\u00eat \u00e9lev\u00e9s.<\/li>\n\n\n\n<li><strong>Pr\u00eat responsable :<\/strong> Si vous avez besoin d\u2019un pr\u00eat, assurez-vous qu\u2019il est justifi\u00e9 (\u00e9ducation, maison) et que vous \u00eates en mesure de le rembourser.<\/li>\n<\/ul>\n\n\n\n<hr class=\"wp-block-separator has-alpha-channel-opacity\"\/>\n\n\n\n<h2 class=\"wp-block-heading\">3. \u00c9pargne Efficace<\/h2>\n\n\n\n<p>L\u2019\u00e9pargne est la cl\u00e9 pour atteindre vos objectifs financiers, qu\u2019il s\u2019agisse de constituer un fonds d\u2019urgence, de pr\u00e9parer un achat important ou d\u2019investir pour l\u2019avenir.<\/p>\n\n\n\n<h3 class=\"wp-block-heading\">a) Se constituer un fonds d\u2019urgence<\/h3>\n\n\n\n<ul>\n<li><strong>Pourquoi un fonds d\u2019urgence ?<\/strong> Un fonds d\u2019urgence permet de couvrir les impr\u00e9vus (r\u00e9parations, perte d\u2019emploi, etc.) sans avoir \u00e0 vous endetter.<\/li>\n\n\n\n<li><strong>Combien \u00e9pargner ?<\/strong> Essayez de mettre de c\u00f4t\u00e9 de quoi couvrir <strong>3 \u00e0 6 mois de d\u00e9penses<\/strong> courantes. Cela peut para\u00eetre beaucoup, mais en commen\u00e7ant petit, vous pourrez progressivement constituer cette \u00e9pargne.<\/li>\n<\/ul>\n\n\n\n<h3 class=\"wp-block-heading\">b) Fixer des objectifs d\u2019\u00e9pargne<\/h3>\n\n\n\n<ul>\n<li><strong>Objectifs \u00e0 court terme :<\/strong> Par exemple, \u00e9pargner pour des vacances, un achat important ou un projet personnel.<\/li>\n\n\n\n<li><strong>Objectifs \u00e0 long terme :<\/strong> Comme l\u2019achat d\u2019une maison ou la pr\u00e9paration de votre retraite.<\/li>\n<\/ul>\n\n\n\n<h3 class=\"wp-block-heading\">c) Automatiser l\u2019\u00e9pargne<\/h3>\n\n\n\n<ul>\n<li><strong>Transfert automatique :<\/strong> Configurez un virement automatique sur votre compte \u00e9pargne d\u00e8s que vous recevez votre salaire. Ainsi, vous n\u2019aurez pas \u00e0 y penser, et cela deviendra une habitude.<\/li>\n\n\n\n<li><strong>S\u00e9parer les comptes :<\/strong> Avoir un compte d\u00e9di\u00e9 uniquement \u00e0 l\u2019\u00e9pargne peut vous aider \u00e0 ne pas piocher dans vos \u00e9conomies.<\/li>\n<\/ul>\n\n\n\n<hr class=\"wp-block-separator has-alpha-channel-opacity\"\/>\n\n\n\n<h2 class=\"wp-block-heading\">4. Introduction \u00e0 l&rsquo;Investissement Simple<\/h2>\n\n\n\n<p>Investir est une \u00e9tape importante pour faire fructifier votre argent sur le long terme. M\u00eame si vous d\u00e9butez, il existe des options accessibles et relativement s\u00fbres.<\/p>\n\n\n\n<h3 class=\"wp-block-heading\">a) \u00c9pargne \u00e0 taux d&rsquo;int\u00e9r\u00eat (livrets)<\/h3>\n\n\n\n<ul>\n<li><strong>Livret A ou LDD (Livret de D\u00e9veloppement Durable) :<\/strong> Ces comptes d\u2019\u00e9pargne r\u00e9glement\u00e9s sont s\u00fbrs et exempts d\u2019imp\u00f4ts, mais les taux d\u2019int\u00e9r\u00eat sont faibles.<\/li>\n\n\n\n<li><strong>PEL (Plan \u00c9pargne Logement) :<\/strong> Utile si vous envisagez d\u2019acheter un bien immobilier. Il offre un taux d\u2019int\u00e9r\u00eat plus int\u00e9ressant et peut \u00eatre combin\u00e9 avec un pr\u00eat immobilier avantageux.<\/li>\n<\/ul>\n\n\n\n<h3 class=\"wp-block-heading\">b) Investir dans les actions<\/h3>\n\n\n\n<ul>\n<li><strong>Qu\u2019est-ce qu\u2019une action ?<\/strong> Acheter des actions, c\u2019est devenir propri\u00e9taire d\u2019une petite partie d\u2019une entreprise. Lorsque l\u2019entreprise se porte bien, vous b\u00e9n\u00e9ficiez de dividendes ou d\u2019une augmentation de la valeur des actions.<\/li>\n\n\n\n<li><strong>ETF (Fonds indiciels) :<\/strong> Un ETF est un panier d\u2019actions qui suit un indice boursier (comme le CAC 40). Ils sont plus s\u00fbrs et plus diversifi\u00e9s que d\u2019investir dans une seule action, ce qui est id\u00e9al pour les d\u00e9butants.<\/li>\n\n\n\n<li><strong>Risque :<\/strong> Les actions comportent un risque, mais sur le long terme, elles ont tendance \u00e0 offrir des rendements plus \u00e9lev\u00e9s que les comptes d\u2019\u00e9pargne classiques.<\/li>\n<\/ul>\n\n\n\n<h3 class=\"wp-block-heading\">c) Investir dans l\u2019immobilier<\/h3>\n\n\n\n<ul>\n<li><strong>Investissement locatif :<\/strong> Acheter un bien pour le louer peut \u00eatre une bonne strat\u00e9gie d\u2019investissement, mais cela demande du capital initial, et il faut g\u00e9rer les risques (vacance locative, entretien du bien).<\/li>\n\n\n\n<li><strong>SCPI (Soci\u00e9t\u00e9 Civile de Placement Immobilier) :<\/strong> Une SCPI permet d\u2019investir dans l\u2019immobilier de mani\u00e8re indirecte, en achetant des parts dans une soci\u00e9t\u00e9 qui g\u00e8re un portefeuille immobilier. Cela peut \u00eatre une option int\u00e9ressante avec moins de contraintes que l\u2019investissement locatif direct.<\/li>\n<\/ul>\n\n\n\n<hr class=\"wp-block-separator has-alpha-channel-opacity\"\/>\n\n\n\n<h2 class=\"wp-block-heading\">5. R\u00e9duire les D\u00e9penses et \u00c9conomiser Plus<\/h2>\n\n\n\n<p>R\u00e9duire vos d\u00e9penses est l\u2019un des moyens les plus simples d\u2019\u00e9conomiser davantage sans sacrifier votre qualit\u00e9 de vie.<\/p>\n\n\n\n<h3 class=\"wp-block-heading\">a) R\u00e9duire les d\u00e9penses fixes<\/h3>\n\n\n\n<ul>\n<li><strong>N\u00e9gocier vos factures :<\/strong> Que ce soit pour le t\u00e9l\u00e9phone, Internet ou les assurances, prenez le temps de comparer les offres et n\u00e9gociez avec vos prestataires pour obtenir de meilleurs tarifs.<\/li>\n\n\n\n<li><strong>R\u00e9duire les abonnements inutiles :<\/strong> Faites un point sur vos abonnements (streaming, salle de sport, applications) et annulez ceux que vous n\u2019utilisez pas r\u00e9guli\u00e8rement.<\/li>\n<\/ul>\n\n\n\n<h3 class=\"wp-block-heading\">b) Faire des \u00e9conomies sur les achats<\/h3>\n\n\n\n<ul>\n<li><strong>Acheter d\u2019occasion :<\/strong> Pour les v\u00eatements, les meubles, ou m\u00eame certains appareils \u00e9lectroniques, l\u2019achat d\u2019occasion peut vous faire \u00e9conomiser beaucoup.<\/li>\n\n\n\n<li><strong>Planifier les repas :<\/strong> Planifier vos repas \u00e0 l\u2019avance peut vous aider \u00e0 limiter les d\u00e9penses alimentaires et \u00e0 \u00e9viter les achats impulsifs ou le gaspillage.<\/li>\n\n\n\n<li><strong>Comparer les prix :<\/strong> Utilisez des applications pour comparer les prix des produits avant de les acheter et profiter des meilleures offres.<\/li>\n<\/ul>\n\n\n\n<h3 class=\"wp-block-heading\">c) Adopter un style de vie plus frugal<\/h3>\n\n\n\n<ul>\n<li><strong>Consommer moins mais mieux :<\/strong> Concentrez-vous sur l\u2019achat de produits de qualit\u00e9 qui durent, plut\u00f4t que d\u2019accumuler des articles peu co\u00fbteux mais peu durables.<\/li>\n\n\n\n<li><strong>Faire soi-m\u00eame :<\/strong> Cuisiner \u00e0 la maison, r\u00e9parer vos v\u00eatements, ou bricoler sont autant de moyens de r\u00e9duire vos d\u00e9penses.<\/li>\n<\/ul>\n\n\n\n<hr class=\"wp-block-separator has-alpha-channel-opacity\"\/>\n\n\n\n<h2 class=\"wp-block-heading\">Conclusion<\/h2>\n\n\n\n<p>La gestion des finances personnelles peut sembler complexe au d\u00e9part, mais avec de la discipline et les bonnes strat\u00e9gies, vous pouvez prendre le contr\u00f4le de votre argent et vous rapprocher de vos objectifs financiers. Cr\u00e9er un budget, g\u00e9rer vos dettes, \u00e9pargner r\u00e9guli\u00e8rement, et commencer \u00e0 investir sont des \u00e9tapes importantes pour assurer votre stabilit\u00e9 financi\u00e8re \u00e0 long terme.<\/p>\n\n\n\n<p>Rappelez-vous qu&rsquo;il est important d&rsquo;adapter ces conseils \u00e0 votre situation personnelle et de faire des ajustements au fil du temps.<\/p>\n\n\n\n<hr class=\"wp-block-separator has-alpha-channel-opacity\"\/>\n\n\n\n<p><strong>Ressources suppl\u00e9mentaires :<\/strong><\/p>\n\n\n\n<ul>\n<li>Livres : <em>\u00ab\u00a0L\u2019Art de l\u2019\u00c9pargne\u00a0\u00bb<\/em> de Dominique Chapatte, <em>\u00ab\u00a0P\u00e8re riche, p\u00e8re pauvre\u00a0\u00bb<\/em> de Robert Kiyosaki.<\/li>\n\n\n\n<li>Applications recommand\u00e9es : Bankin\u2019 pour suivre vos comptes, Linxo pour analyser vos d\u00e9penses.<\/li>\n<\/ul>\n\n\n\n<p>Bonne gestion de vos finances et n\u2019oubliez pas que chaque petit pas compte pour atteindre vos objectifs !<\/p>\n\n\n\n<p><strong><em><a href=\"https:\/\/guido-saverio-coach.com\/\" data-type=\"link\" data-id=\"https:\/\/guido-saverio-coach.com\/\">Guido SAVERIO<\/a><\/em><\/strong><\/p>\n","protected":false},"excerpt":{"rendered":"<p>G\u00e9rer ses finances personnelles peut sembler complexe, surtout lorsque l\u2019on d\u00e9bute dans la vie active ou que l\u2019on commence \u00e0 prendre en main ses responsabilit\u00e9s financi\u00e8res. Ce guide est con\u00e7u pour vous aider \u00e0 mieux comprendre les bases de la&#8230; <a href=\"https:\/\/guido-saverio-coach.com\/?page_id=1344\" class=\"readmore\">Read more<span class=\"screen-reader-text\">Guide Pratique du D\u00e9butant pour les Finances Personnelles<\/span><span class=\"fa fa-angle-double-right\" aria-hidden=\"true\"><\/span><\/a><\/p>\n","protected":false},"author":1,"featured_media":0,"parent":0,"menu_order":0,"comment_status":"closed","ping_status":"closed","template":"","meta":{"footnotes":""},"_links":{"self":[{"href":"https:\/\/guido-saverio-coach.com\/index.php?rest_route=\/wp\/v2\/pages\/1344"}],"collection":[{"href":"https:\/\/guido-saverio-coach.com\/index.php?rest_route=\/wp\/v2\/pages"}],"about":[{"href":"https:\/\/guido-saverio-coach.com\/index.php?rest_route=\/wp\/v2\/types\/page"}],"author":[{"embeddable":true,"href":"https:\/\/guido-saverio-coach.com\/index.php?rest_route=\/wp\/v2\/users\/1"}],"replies":[{"embeddable":true,"href":"https:\/\/guido-saverio-coach.com\/index.php?rest_route=%2Fwp%2Fv2%2Fcomments&post=1344"}],"version-history":[{"count":1,"href":"https:\/\/guido-saverio-coach.com\/index.php?rest_route=\/wp\/v2\/pages\/1344\/revisions"}],"predecessor-version":[{"id":1346,"href":"https:\/\/guido-saverio-coach.com\/index.php?rest_route=\/wp\/v2\/pages\/1344\/revisions\/1346"}],"wp:attachment":[{"href":"https:\/\/guido-saverio-coach.com\/index.php?rest_route=%2Fwp%2Fv2%2Fmedia&parent=1344"}],"curies":[{"name":"wp","href":"https:\/\/api.w.org\/{rel}","templated":true}]}}