{"id":1449,"date":"2024-11-08T01:30:48","date_gmt":"2024-11-08T00:30:48","guid":{"rendered":"https:\/\/guido-saverio-coach.com\/?page_id=1449"},"modified":"2024-11-08T01:30:49","modified_gmt":"2024-11-08T00:30:49","slug":"7-jours-pour-ameliorer-la-communication-dans-vos-relations","status":"publish","type":"page","link":"https:\/\/guido-saverio-coach.com\/?page_id=1449","title":{"rendered":"7 Jours pour Am\u00e9liorer la Communication dans vos Relations"},"content":{"rendered":"\n<h3 class=\"wp-block-heading\"><\/h3>\n\n\n\n<p>Les probl\u00e8mes de communication peuvent souvent causer des malentendus et des tensions, que ce soit dans le couple, avec des amis ou en famille. Si vous souhaitez am\u00e9liorer vos comp\u00e9tences en communication et renforcer vos relations, voici un programme de 7 jours, avec des exercices simples \u00e0 int\u00e9grer chaque jour. L&rsquo;objectif est de cr\u00e9er une prise de conscience progressive et d&rsquo;acqu\u00e9rir des habitudes qui renforceront la qualit\u00e9 de vos \u00e9changes.<\/p>\n\n\n\n<hr class=\"wp-block-separator has-alpha-channel-opacity\"\/>\n\n\n\n<h3 class=\"wp-block-heading\"><strong>Jour 1 : Prendre conscience de vos habitudes de communication<\/strong><\/h3>\n\n\n\n<p><strong>Objectif<\/strong> : Identifier vos modes de communication actuels et les zones de friction dans vos relations.<\/p>\n\n\n\n<p><strong>Exercice<\/strong> :<\/p>\n\n\n\n<ol>\n<li><strong>R\u00e9flexion sur vos habitudes<\/strong> : Prenez 10 minutes pour r\u00e9fl\u00e9chir aux derni\u00e8res conversations importantes que vous avez eues (avec votre partenaire, un ami, ou un membre de la famille).<\/li>\n\n\n\n<li><strong>Identifiez les probl\u00e8mes<\/strong> : Notez les malentendus, les moments o\u00f9 vous n&rsquo;avez pas \u00e9t\u00e9 entendu(e) ou les situations o\u00f9 vous avez eu du mal \u00e0 exprimer votre point de vue.<\/li>\n\n\n\n<li><strong>Prenez conscience<\/strong> : Demandez-vous ce qui a pu provoquer ces tensions. Est-ce le manque d&rsquo;\u00e9coute ? Une communication d\u00e9fensive ou agressive ? Notez vos observations.<\/li>\n<\/ol>\n\n\n\n<p><strong>Conseil<\/strong> : Plus vous \u00eates conscient de vos habitudes, plus il sera facile de les modifier.<\/p>\n\n\n\n<hr class=\"wp-block-separator has-alpha-channel-opacity\"\/>\n\n\n\n<h3 class=\"wp-block-heading\"><strong>Jour 2 : \u00c9coute active<\/strong><\/h3>\n\n\n\n<p><strong>Objectif<\/strong> : Apprendre \u00e0 \u00e9couter v\u00e9ritablement l&rsquo;autre.<\/p>\n\n\n\n<p><strong>Exercice<\/strong> :<\/p>\n\n\n\n<ol>\n<li><strong>Pratique de l&rsquo;\u00e9coute active<\/strong> : Lors d\u2019une conversation, faites l\u2019effort d&rsquo;\u00e9couter pleinement sans interrompre. Accordez toute votre attention \u00e0 la personne qui parle.<\/li>\n\n\n\n<li><strong>Reformulation<\/strong> : \u00c0 la fin de la conversation, reformulez ce que l&rsquo;autre personne a dit pour v\u00e9rifier votre compr\u00e9hension. Par exemple : \u00ab\u00a0Si je comprends bien, tu dis que&#8230;\u00a0\u00bb.<\/li>\n\n\n\n<li><strong>\u00c9vitez de penser \u00e0 votre r\u00e9ponse pendant qu\u2019ils parlent<\/strong> : Concentrez-vous sur ce que l\u2019autre exprime, sans anticiper votre r\u00e9plique.<\/li>\n<\/ol>\n\n\n\n<p><strong>Conseil<\/strong> : L\u2019\u00e9coute active est un pilier pour \u00e9viter les malentendus, car elle montre \u00e0 l\u2019autre que vous le respectez et que vous prenez en compte ses \u00e9motions.<\/p>\n\n\n\n<hr class=\"wp-block-separator has-alpha-channel-opacity\"\/>\n\n\n\n<h3 class=\"wp-block-heading\"><strong>Jour 3 : L&rsquo;importance du langage corporel<\/strong><\/h3>\n\n\n\n<p><strong>Objectif<\/strong> : Apprendre \u00e0 utiliser le langage corporel de mani\u00e8re positive.<\/p>\n\n\n\n<p><strong>Exercice<\/strong> :<\/p>\n\n\n\n<ol>\n<li><strong>Observation de votre langage corporel<\/strong> : Lorsque vous \u00eates en conversation, soyez conscient de votre posture, de vos gestes et de vos expressions faciales. Sont-ils ouverts et bienveillants ?<\/li>\n\n\n\n<li><strong>Adapter votre posture<\/strong> : Essayez de maintenir une posture ouverte (\u00e9vitez de croiser les bras ou de regarder ailleurs). Faites attention \u00e0 vos expressions faciales et \u00e0 votre regard pour ne pas donner l&rsquo;impression que vous \u00eates d\u00e9sint\u00e9ress\u00e9(e).<\/li>\n\n\n\n<li><strong>Pratique en situation r\u00e9elle<\/strong> : En discutez avec une personne aujourd&rsquo;hui, et appliquez ce que vous avez observ\u00e9 en pr\u00eatant attention \u00e0 votre langage corporel.<\/li>\n<\/ol>\n\n\n\n<p><strong>Conseil<\/strong> : Le non-verbal repr\u00e9sente une grande partie de la communication. Parfois, une simple posture ouverte peut calmer une conversation tendue.<\/p>\n\n\n\n<hr class=\"wp-block-separator has-alpha-channel-opacity\"\/>\n\n\n\n<h3 class=\"wp-block-heading\"><strong>Jour 4 : La r\u00e8gle des 3 \u00ab\u00a0C\u00a0\u00bb \u2013 Clart\u00e9, Concision, et Compliments<\/strong><\/h3>\n\n\n\n<p><strong>Objectif<\/strong> : S\u2019exprimer de mani\u00e8re plus claire et plus constructive.<\/p>\n\n\n\n<p><strong>Exercice<\/strong> :<\/p>\n\n\n\n<ol>\n<li><strong>Pratiquer la clart\u00e9<\/strong> : Aujourd\u2019hui, lorsque vous vous exprimez, soyez aussi clair que possible. Si vous avez un message \u00e0 transmettre, r\u00e9sumez-le en une phrase simple et compr\u00e9hensible.<\/li>\n\n\n\n<li><strong>Conciser sans ambigu\u00eft\u00e9<\/strong> : Essayez de ne pas ajouter de d\u00e9tails inutiles ou de tourner autour du pot, afin que votre interlocuteur comprenne facilement votre point de vue.<\/li>\n\n\n\n<li><strong>Compliments sinc\u00e8res<\/strong> : \u00c0 chaque conversation, int\u00e9grez un compliment sinc\u00e8re. Par exemple, \u00ab\u00a0Je t\u2019admire pour ta patience\u00a0\u00bb ou \u00ab\u00a0J&rsquo;appr\u00e9cie beaucoup que tu aies pris le temps de m\u2019\u00e9couter\u00a0\u00bb.<\/li>\n<\/ol>\n\n\n\n<p><strong>Conseil<\/strong> : Un message clair est plus facilement compris et peut r\u00e9duire les malentendus. Les compliments sinc\u00e8res renforcent les liens.<\/p>\n\n\n\n<hr class=\"wp-block-separator has-alpha-channel-opacity\"\/>\n\n\n\n<h3 class=\"wp-block-heading\"><strong>Jour 5 : Ma\u00eetriser les \u00ab\u00a0je\u00a0\u00bb et \u00e9viter les \u00ab\u00a0tu\u00a0\u00bb accusateurs<\/strong><\/h3>\n\n\n\n<p><strong>Objectif<\/strong> : Apprendre \u00e0 communiquer sans accuser l&rsquo;autre.<\/p>\n\n\n\n<p><strong>Exercice<\/strong> :<\/p>\n\n\n\n<ol>\n<li><strong>R\u00e9fl\u00e9chir avant de parler<\/strong> : Remplacez les phrases accusatrices commen\u00e7ant par \u00ab\u00a0Tu ne m&rsquo;\u00e9coutes jamais\u00a0\u00bb ou \u00ab\u00a0Tu ne comprends rien\u00a0\u00bb par des formulations en \u00ab\u00a0Je\u00a0\u00bb, par exemple : \u00ab\u00a0Je me sens incompris(e) quand&#8230;\u00a0\u00bb ou \u00ab\u00a0J&rsquo;ai l&rsquo;impression que mes besoins ne sont pas entendus\u00a0\u00bb.<\/li>\n\n\n\n<li><strong>Pratique<\/strong> : Lorsque vous \u00eates dans une discussion, cherchez \u00e0 exprimer vos \u00e9motions sans juger ou accuser l&rsquo;autre. Vous pouvez parler de votre ressenti sans rendre l&rsquo;autre responsable de la situation.<\/li>\n<\/ol>\n\n\n\n<p><strong>Conseil<\/strong> : Utiliser des d\u00e9clarations en \u00ab\u00a0Je\u00a0\u00bb permet d&rsquo;\u00e9viter de mettre l&rsquo;autre sur la d\u00e9fensive et favorise une meilleure compr\u00e9hension mutuelle.<\/p>\n\n\n\n<hr class=\"wp-block-separator has-alpha-channel-opacity\"\/>\n\n\n\n<h3 class=\"wp-block-heading\"><strong>Jour 6 : G\u00e9rer les d\u00e9saccords de mani\u00e8re constructive<\/strong><\/h3>\n\n\n\n<p><strong>Objectif<\/strong> : Savoir d\u00e9samorcer un conflit et trouver une solution commune.<\/p>\n\n\n\n<p><strong>Exercice<\/strong> :<\/p>\n\n\n\n<ol>\n<li><strong>Accueillir le d\u00e9saccord<\/strong> : Lorsque vous \u00eates en d\u00e9saccord, prenez un moment pour respirer et vous recentrer avant de r\u00e9pondre. Ne r\u00e9agissez pas impulsivement.<\/li>\n\n\n\n<li><strong>Chercher un compromis<\/strong> : Lors du d\u00e9saccord, cherchez une solution qui satisfait les deux parties, plut\u00f4t que de vouloir absolument avoir raison.<\/li>\n\n\n\n<li><strong>Pratique dans la r\u00e9alit\u00e9<\/strong> : La prochaine fois que vous \u00eates en conflit, appliquez ces \u00e9tapes pour g\u00e9rer la situation calmement et trouver une issue commune.<\/li>\n<\/ol>\n\n\n\n<p><strong>Conseil<\/strong> : Les d\u00e9saccords ne sont pas n\u00e9cessairement mauvais. Ils peuvent mener \u00e0 une meilleure compr\u00e9hension de l&rsquo;autre, \u00e0 condition d\u2019\u00eatre abord\u00e9s de mani\u00e8re calme et constructive.<\/p>\n\n\n\n<hr class=\"wp-block-separator has-alpha-channel-opacity\"\/>\n\n\n\n<h3 class=\"wp-block-heading\"><strong>Jour 7 : Feedback et gratitude<\/strong><\/h3>\n\n\n\n<p><strong>Objectif<\/strong> : Apprendre \u00e0 donner et recevoir des retours positifs et constructifs.<\/p>\n\n\n\n<p><strong>Exercice<\/strong> :<\/p>\n\n\n\n<ol>\n<li><strong>Feedback positif<\/strong> : Donnez un feedback positif \u00e0 une personne aujourd&rsquo;hui pour souligner quelque chose de bien qu&rsquo;elle ait fait. Par exemple : \u00ab\u00a0J&rsquo;ai beaucoup appr\u00e9ci\u00e9 que tu m&rsquo;\u00e9coutes sans interruption, c\u2019est vraiment important pour moi\u00a0\u00bb.<\/li>\n\n\n\n<li><strong>Demander un feedback<\/strong> : Osez demander un retour sur votre propre fa\u00e7on de communiquer. Par exemple : \u00ab\u00a0Est-ce que tu trouves que je t\u2019\u00e9coute assez bien ? Qu\u2019est-ce que je pourrais am\u00e9liorer dans notre communication ?\u00a0\u00bb<\/li>\n\n\n\n<li><strong>Exprimer de la gratitude<\/strong> : \u00c0 la fin de la journ\u00e9e, \u00e9crivez trois choses pour lesquelles vous \u00eates reconnaissant envers les personnes de votre entourage.<\/li>\n<\/ol>\n\n\n\n<p><strong>Conseil<\/strong> : Les retours positifs et les signes de gratitude renforcent les relations et encouragent des \u00e9changes plus ouverts et bienveillants.<\/p>\n\n\n\n<hr class=\"wp-block-separator has-alpha-channel-opacity\"\/>\n\n\n\n<h3 class=\"wp-block-heading\">Conclusion<\/h3>\n\n\n\n<p>Ces exercices quotidiens vous aideront \u00e0 instaurer une communication plus saine et respectueuse dans vos relations. L\u2019important est de pratiquer r\u00e9guli\u00e8rement et de rester ouvert au feedback. En faisant de petits efforts chaque jour, vous cr\u00e9erez des habitudes qui transformeront la qualit\u00e9 de vos \u00e9changes, r\u00e9duiront les malentendus, et renforceront vos liens avec les autres.<\/p>\n\n\n\n<p><strong><em><a href=\"https:\/\/guido-saverio-coach.com\/\" data-type=\"link\" data-id=\"https:\/\/guido-saverio-coach.com\/\">GUIDO SAVERIO<\/a><\/em><\/strong><\/p>\n","protected":false},"excerpt":{"rendered":"<p>Les probl\u00e8mes de communication peuvent souvent causer des malentendus et des tensions, que ce soit dans le couple, avec des amis ou en famille. Si vous souhaitez am\u00e9liorer vos comp\u00e9tences en communication et renforcer vos relations, voici un programme de&#8230; <a href=\"https:\/\/guido-saverio-coach.com\/?page_id=1449\" class=\"readmore\">Read more<span class=\"screen-reader-text\">7 Jours pour Am\u00e9liorer la Communication dans vos Relations<\/span><span class=\"fa fa-angle-double-right\" aria-hidden=\"true\"><\/span><\/a><\/p>\n","protected":false},"author":1,"featured_media":0,"parent":0,"menu_order":0,"comment_status":"closed","ping_status":"closed","template":"","meta":{"footnotes":""},"_links":{"self":[{"href":"https:\/\/guido-saverio-coach.com\/index.php?rest_route=\/wp\/v2\/pages\/1449"}],"collection":[{"href":"https:\/\/guido-saverio-coach.com\/index.php?rest_route=\/wp\/v2\/pages"}],"about":[{"href":"https:\/\/guido-saverio-coach.com\/index.php?rest_route=\/wp\/v2\/types\/page"}],"author":[{"embeddable":true,"href":"https:\/\/guido-saverio-coach.com\/index.php?rest_route=\/wp\/v2\/users\/1"}],"replies":[{"embeddable":true,"href":"https:\/\/guido-saverio-coach.com\/index.php?rest_route=%2Fwp%2Fv2%2Fcomments&post=1449"}],"version-history":[{"count":1,"href":"https:\/\/guido-saverio-coach.com\/index.php?rest_route=\/wp\/v2\/pages\/1449\/revisions"}],"predecessor-version":[{"id":1451,"href":"https:\/\/guido-saverio-coach.com\/index.php?rest_route=\/wp\/v2\/pages\/1449\/revisions\/1451"}],"wp:attachment":[{"href":"https:\/\/guido-saverio-coach.com\/index.php?rest_route=%2Fwp%2Fv2%2Fmedia&parent=1449"}],"curies":[{"name":"wp","href":"https:\/\/api.w.org\/{rel}","templated":true}]}}