{"id":1452,"date":"2024-11-08T01:45:59","date_gmt":"2024-11-08T00:45:59","guid":{"rendered":"https:\/\/guido-saverio-coach.com\/?page_id=1452"},"modified":"2024-11-08T01:45:59","modified_gmt":"2024-11-08T00:45:59","slug":"7-jours-pour-ameliorer-la-communication-et-la-dynamique-de-couple","status":"publish","type":"page","link":"https:\/\/guido-saverio-coach.com\/?page_id=1452","title":{"rendered":"7 jours pour am\u00e9liorer la communication et la dynamique de couple"},"content":{"rendered":"\n<p><strong> \u00ab\u00a0Renouveler Votre Relation\u00a0\u00bb<\/strong><\/p>\n\n\n\n<p>Imaginez une relation o\u00f9 la communication se fait naturellement, o\u00f9 chaque conversation vous rapproche davantage, et o\u00f9 les moments partag\u00e9s ne sont plus per\u00e7us comme des obligations, mais comme des opportunit\u00e9s d&rsquo;intimit\u00e9 et de complicit\u00e9. Si aujourd&rsquo;hui, vous ressentez que les tensions s&rsquo;accumulent, que le temps ensemble semble s&rsquo;\u00e9tioler sous la pression des t\u00e2ches quotidiennes, ou que certains conflits semblent r\u00e9appara\u00eetre sans cesse, sachez qu&rsquo;il est possible de transformer ces dynamiques.<\/p>\n\n\n\n<p>Ce programme de 7 jours a \u00e9t\u00e9 con\u00e7u pour vous guider, vous et votre partenaire, vers un changement subtil mais profond. Au fil de chaque exercice, vous serez invit\u00e9s \u00e0 explorer des habitudes simples mais puissantes qui renforceront votre lien, am\u00e9lioreront votre communication et raviveront la complicit\u00e9 que vous partagez. Vous ne serez pas seul(e) dans ce cheminement. Chaque jour, une petite \u00e9tape vous rapprochera de la relation \u00e9panouie et sereine que vous m\u00e9ritez.<\/p>\n\n\n\n<p>Le secret r\u00e9side dans les petites actions quotidiennes, dans les d\u00e9tails souvent invisibles, qui font toute la diff\u00e9rence. Ces exercices ne n\u00e9cessitent pas de grandes transformations, mais une volont\u00e9 de cultiver, avec douceur et pers\u00e9v\u00e9rance, des habitudes qui feront de chaque jour un pas de plus vers un amour plus fort, plus clair et plus \u00e9quilibr\u00e9.<\/p>\n\n\n\n<p>Aujourd&rsquo;hui est le d\u00e9but d&rsquo;une nouvelle mani\u00e8re de vivre votre relation. Il suffit de faire le premier pas\u2026 ensemble.<\/p>\n\n\n\n<hr class=\"wp-block-separator has-alpha-channel-opacity\"\/>\n\n\n\n<p class=\"has-vivid-red-color has-text-color has-link-color has-medium-font-size wp-elements-0e7e4b2a959779ae39facec39010a0c4\"><strong>Voici un programme sur 7 jours pour am\u00e9liorer la communication et la dynamique de couple, en adressant les probl\u00e8mes de communication, le manque de temps ensemble et les conflits r\u00e9currents. <\/strong><\/p>\n\n\n\n<p class=\"has-vivid-red-color has-text-color has-link-color has-medium-font-size wp-elements-876220fe97c7659602474265aab88851\">Chaque jour propose une petite activit\u00e9 ou un exercice \u00e0 pratiquer pour transformer progressivement les habitudes et renforcer la relation.<\/p>\n\n\n\n<hr class=\"wp-block-separator has-alpha-channel-opacity\"\/>\n\n\n\n<h3 class=\"wp-block-heading\"><strong>Jour 1 : Prendre conscience de l\u2019importance de la communication<\/strong><\/h3>\n\n\n\n<p><strong>Objectif :<\/strong> Identifier les probl\u00e8mes de communication dans votre couple.<\/p>\n\n\n\n<h4 class=\"wp-block-heading\">Exercice :<\/h4>\n\n\n\n<ol>\n<li><strong>Prendre un moment pour discuter ouvertement.<\/strong><br>Prenez 15-20 minutes chacun, dans un endroit calme, pour parler de la fa\u00e7on dont vous vous sentez dans votre relation. Qu\u2019est-ce qui vous manque en termes de communication ? O\u00f9 voyez-vous des tensions ?<\/li>\n\n\n\n<li><strong>\u00c9coute active.<\/strong><br>Lors de la conversation, appliquez l\u2019\u00e9coute active : laissez votre partenaire parler sans l\u2019interrompre, et r\u00e9p\u00e9tez ce que vous avez compris de ses paroles pour valider ses sentiments.<\/li>\n<\/ol>\n\n\n\n<hr class=\"wp-block-separator has-alpha-channel-opacity\"\/>\n\n\n\n<h3 class=\"wp-block-heading\"><strong>Jour 2 : Identifier les besoins \u00e9motionnels de chacun<\/strong><\/h3>\n\n\n\n<p><strong>Objectif :<\/strong> Comprendre les besoins \u00e9motionnels de votre partenaire.<\/p>\n\n\n\n<h4 class=\"wp-block-heading\">Exercice :<\/h4>\n\n\n\n<ol>\n<li><strong>Liste des besoins.<\/strong><br>Chacun \u00e9crit une liste de ses besoins \u00e9motionnels dans la relation (par exemple : besoin de plus de soutien, d\u2019attention, de validation, de qualit\u00e9 de temps ensemble, etc.).<\/li>\n\n\n\n<li><strong>Partager la liste.<\/strong><br>\u00c9changez vos listes. Prenez le temps de discuter de ce que vous avez \u00e9crit et essayez de comprendre ce que vous pouvez faire l\u2019un pour l\u2019autre pour mieux r\u00e9pondre \u00e0 ces besoins.<\/li>\n<\/ol>\n\n\n\n<hr class=\"wp-block-separator has-alpha-channel-opacity\"\/>\n\n\n\n<h3 class=\"wp-block-heading\"><strong>Jour 3 : Prendre du temps ensemble sans distractions<\/strong><\/h3>\n\n\n\n<p><strong>Objectif :<\/strong> Passer du temps de qualit\u00e9 ensemble sans distractions externes.<\/p>\n\n\n\n<h4 class=\"wp-block-heading\">Exercice :<\/h4>\n\n\n\n<ol>\n<li><strong>Temps sans \u00e9crans.<\/strong><br>Passez au moins 30 minutes ensemble sans distractions (t\u00e9l\u00e9phone, t\u00e9l\u00e9vision, ordinateurs). Vous pouvez jouer \u00e0 un jeu, faire une promenade, ou simplement discuter.<\/li>\n\n\n\n<li><strong>Rituel quotidien.<\/strong><br>\u00c9tablissez un petit rituel o\u00f9 vous prenez chaque jour un moment (m\u00eame court) juste pour vous deux, pour renforcer la connexion.<\/li>\n<\/ol>\n\n\n\n<hr class=\"wp-block-separator has-alpha-channel-opacity\"\/>\n\n\n\n<h3 class=\"wp-block-heading\"><strong>Jour 4 : Apprendre \u00e0 exprimer ses \u00e9motions de mani\u00e8re constructive<\/strong><\/h3>\n\n\n\n<p><strong>Objectif :<\/strong> Am\u00e9liorer la mani\u00e8re dont vous exprimez vos frustrations ou besoins.<\/p>\n\n\n\n<h4 class=\"wp-block-heading\">Exercice :<\/h4>\n\n\n\n<ol>\n<li><strong>Utiliser les \u00ab\u00a0je\u00a0\u00bb au lieu des \u00ab\u00a0tu\u00a0\u00bb.<\/strong><br>Pendant la journ\u00e9e, lorsque vous vous exprimez sur un sujet sensible, \u00e9vitez de faire des accusations. Utilisez plut\u00f4t des phrases en \u00ab\u00a0je\u00a0\u00bb (ex. : \u00ab\u00a0Je me sens frustr\u00e9(e) quand&#8230;\u00a0\u00bb) pour \u00e9viter de bl\u00e2mer l\u2019autre.<\/li>\n\n\n\n<li><strong>Pratiquer la m\u00e9thode de communication non violente.<\/strong><br>Lorsque vous abordez un conflit, suivez ce mod\u00e8le :\n<ul>\n<li><strong>Observation<\/strong> : Ce que vous avez observ\u00e9 (sans jugement).<\/li>\n\n\n\n<li><strong>Sentiment<\/strong> : Comment cela vous fait sentir.<\/li>\n\n\n\n<li><strong>Besoin<\/strong> : Ce dont vous avez besoin pour aller mieux.<\/li>\n\n\n\n<li><strong>Demande<\/strong> : Une demande claire et positive.<\/li>\n<\/ul>\n<\/li>\n<\/ol>\n\n\n\n<hr class=\"wp-block-separator has-alpha-channel-opacity\"\/>\n\n\n\n<h3 class=\"wp-block-heading\"><strong>Jour 5 : G\u00e9rer les conflits de mani\u00e8re constructive<\/strong><\/h3>\n\n\n\n<p><strong>Objectif :<\/strong> R\u00e9duire l\u2019intensit\u00e9 des conflits et trouver des solutions positives.<\/p>\n\n\n\n<h4 class=\"wp-block-heading\">Exercice :<\/h4>\n\n\n\n<ol>\n<li><strong>Pause avant de r\u00e9agir.<\/strong><br>Lorsqu\u2019un conflit \u00e9clate, faites une pause de 5 \u00e0 10 minutes pour respirer et vous calmer avant de continuer la discussion. Cela \u00e9vite de dire des choses sous l\u2019effet de la col\u00e8re.<\/li>\n\n\n\n<li><strong>Chercher une solution ensemble.<\/strong><br>Apr\u00e8s avoir discut\u00e9 du conflit, cherchez une solution commune. Demandez-vous : \u00ab\u00a0Que pouvons-nous faire ensemble pour que cela ne se reproduise pas ?\u00a0\u00bb<\/li>\n<\/ol>\n\n\n\n<hr class=\"wp-block-separator has-alpha-channel-opacity\"\/>\n\n\n\n<h3 class=\"wp-block-heading\"><strong>Jour 6 : Appr\u00e9cier les petites choses au quotidien<\/strong><\/h3>\n\n\n\n<p><strong>Objectif :<\/strong> Renforcer la gratitude dans la relation.<\/p>\n\n\n\n<h4 class=\"wp-block-heading\">Exercice :<\/h4>\n\n\n\n<ol>\n<li><strong>Compliments et remerciements.<\/strong><br>Chaque jour, faites un compliment sinc\u00e8re \u00e0 votre partenaire ou remerciez-le pour quelque chose de concret (ex. : \u00ab\u00a0Merci de m\u2019avoir aid\u00e9 avec \u00e7a, \u00e7a m\u2019a beaucoup facilit\u00e9 la journ\u00e9e\u00a0\u00bb).<\/li>\n\n\n\n<li><strong>L\u2019exercice des trois gratitudes.<\/strong><br>Chaque soir, avant de dormir, notez trois choses que vous avez appr\u00e9ci\u00e9es chez votre partenaire ce jour-l\u00e0. Partagez-les avec lui\/elle.<\/li>\n<\/ol>\n\n\n\n<hr class=\"wp-block-separator has-alpha-channel-opacity\"\/>\n\n\n\n<h3 class=\"wp-block-heading\"><strong>Jour 7 : Planifier des moments \u00e0 venir ensemble<\/strong><\/h3>\n\n\n\n<p><strong>Objectif :<\/strong> Cr\u00e9er des opportunit\u00e9s pour se reconnecter et passer du temps de qualit\u00e9 ensemble.<\/p>\n\n\n\n<h4 class=\"wp-block-heading\">Exercice :<\/h4>\n\n\n\n<ol>\n<li><strong>Planifier un rendez-vous amoureux.<\/strong><br>Organisez ensemble une activit\u00e9 sp\u00e9ciale ou une sortie (m\u00eame simple) dans les jours \u00e0 venir. Cela peut \u00eatre un d\u00eener, une activit\u00e9 de loisirs, ou une petite escapade.<\/li>\n\n\n\n<li><strong>\u00c9tablir un calendrier de moments \u00e0 deux.<\/strong><br>D\u00e9cidez d\u2019un moment r\u00e9gulier chaque semaine (par exemple, une soir\u00e9e sans \u00e9cran) pour \u00eatre seuls, reconnecter et cultiver votre relation, m\u00eame en dehors de la routine quotidienne.<\/li>\n<\/ol>\n\n\n\n<hr class=\"wp-block-separator has-alpha-channel-opacity\"\/>\n\n\n\n<h3 class=\"wp-block-heading\"><strong>Conclusion de la semaine :<\/strong><\/h3>\n\n\n\n<p>L\u2019objectif de cette semaine est d\u2019instaurer de nouvelles habitudes positives pour am\u00e9liorer la communication et renforcer la relation de couple. Chaque petit exercice est un pas vers un meilleur \u00e9quilibre et une plus grande complicit\u00e9. En appliquant ces exercices quotidiennement, vous devriez commencer \u00e0 voir des changements dans la mani\u00e8re dont vous communiquez et interagissez avec votre partenaire.<\/p>\n\n\n\n<p><strong><em><a href=\"https:\/\/guido-saverio-coach.com\/\" data-type=\"link\" data-id=\"https:\/\/guido-saverio-coach.com\/\">GUIDO SAVERIO<\/a><\/em><\/strong><\/p>\n","protected":false},"excerpt":{"rendered":"<p>\u00ab\u00a0Renouveler Votre Relation\u00a0\u00bb Imaginez une relation o\u00f9 la communication se fait naturellement, o\u00f9 chaque conversation vous rapproche davantage, et o\u00f9 les moments partag\u00e9s ne sont plus per\u00e7us comme des obligations, mais comme des opportunit\u00e9s d&rsquo;intimit\u00e9 et de complicit\u00e9. Si aujourd&rsquo;hui,&#8230; <a href=\"https:\/\/guido-saverio-coach.com\/?page_id=1452\" class=\"readmore\">Read more<span class=\"screen-reader-text\">7 jours pour am\u00e9liorer la communication et la dynamique de couple<\/span><span class=\"fa fa-angle-double-right\" aria-hidden=\"true\"><\/span><\/a><\/p>\n","protected":false},"author":1,"featured_media":0,"parent":0,"menu_order":0,"comment_status":"closed","ping_status":"closed","template":"","meta":{"footnotes":""},"_links":{"self":[{"href":"https:\/\/guido-saverio-coach.com\/index.php?rest_route=\/wp\/v2\/pages\/1452"}],"collection":[{"href":"https:\/\/guido-saverio-coach.com\/index.php?rest_route=\/wp\/v2\/pages"}],"about":[{"href":"https:\/\/guido-saverio-coach.com\/index.php?rest_route=\/wp\/v2\/types\/page"}],"author":[{"embeddable":true,"href":"https:\/\/guido-saverio-coach.com\/index.php?rest_route=\/wp\/v2\/users\/1"}],"replies":[{"embeddable":true,"href":"https:\/\/guido-saverio-coach.com\/index.php?rest_route=%2Fwp%2Fv2%2Fcomments&post=1452"}],"version-history":[{"count":1,"href":"https:\/\/guido-saverio-coach.com\/index.php?rest_route=\/wp\/v2\/pages\/1452\/revisions"}],"predecessor-version":[{"id":1454,"href":"https:\/\/guido-saverio-coach.com\/index.php?rest_route=\/wp\/v2\/pages\/1452\/revisions\/1454"}],"wp:attachment":[{"href":"https:\/\/guido-saverio-coach.com\/index.php?rest_route=%2Fwp%2Fv2%2Fmedia&parent=1452"}],"curies":[{"name":"wp","href":"https:\/\/api.w.org\/{rel}","templated":true}]}}