{"id":1461,"date":"2024-11-08T13:15:25","date_gmt":"2024-11-08T12:15:25","guid":{"rendered":"https:\/\/guido-saverio-coach.com\/?page_id=1461"},"modified":"2024-11-08T13:15:26","modified_gmt":"2024-11-08T12:15:26","slug":"7-jours-pour-taider-a-renforcer-ton-couple-en-integrant-des-moments-de-qualite","status":"publish","type":"page","link":"https:\/\/guido-saverio-coach.com\/?page_id=1461","title":{"rendered":"7 jours pour t&rsquo;aider \u00e0 renforcer ton couple en int\u00e9grant des moments de qualit\u00e9"},"content":{"rendered":"\n<p>Bienvenue dans un programme pens\u00e9 pour enrichir votre relation de couple et instaurer des moments de qualit\u00e9 qui nourrissent votre lien au quotidien. Imaginez des instants de complicit\u00e9, m\u00eame courts mais r\u00e9guliers, qui apportent \u00e9coute, pr\u00e9sence et compr\u00e9hension mutuelle, tout en douceur. Ce programme est con\u00e7u pour transformer votre quotidien en une exp\u00e9rience o\u00f9 chaque jour compte pour vous rapprocher l\u2019un de l\u2019autre.<\/p>\n\n\n\n<p>Jour apr\u00e8s jour, vous serez guid\u00e9s \u00e0 travers de simples pratiques et r\u00e9flexions pour \u00e9couter les besoins de chacun, partager vos souvenirs les plus pr\u00e9cieux, et c\u00e9l\u00e9brer tout ce qui fait la beaut\u00e9 de votre relation. Par des exercices concrets, des questions cibl\u00e9es, et des moments de qualit\u00e9, vous apprendrez \u00e0 tisser un lien toujours plus fort, dans la confiance et la gratitude.<\/p>\n\n\n\n<p>Pr\u00e9parez-vous \u00e0 transformer de petits instants en grands souvenirs, \u00e0 construire une connexion profonde et durable, et \u00e0 d\u00e9couvrir ensemble la joie de cr\u00e9er une relation \u00e9panouissante. Que chaque jour soit une nouvelle \u00e9tape pour vous rapprocher, car la force de votre amour m\u00e9rite d\u2019\u00eatre cultiv\u00e9e et c\u00e9l\u00e9br\u00e9e.<\/p>\n\n\n\n<hr class=\"wp-block-separator has-alpha-channel-opacity\"\/>\n\n\n\n<p class=\"has-vivid-red-color has-text-color has-link-color has-medium-font-size wp-elements-f3e5b42ddf4c1ff5847f49080442667a\"><strong>Voici un programme de 7 jours pour t&rsquo;aider \u00e0 renforcer ton couple en int\u00e9grant des moments de qualit\u00e9 r\u00e9guliers avec ton partenaire<\/strong>. <\/p>\n\n\n\n<p>Chaque jour propose des exercices pour instaurer des habitudes positives, des exemples concrets, une solution \u00e0 un d\u00e9fi potentiel, une affirmation positive, et une grille de questions pour creuser et mieux comprendre vos besoins.<\/p>\n\n\n\n<hr class=\"wp-block-separator has-alpha-channel-opacity\"\/>\n\n\n\n<h3 class=\"wp-block-heading\"><strong>Jour 1 : Comprendre le besoin de connexion<\/strong><\/h3>\n\n\n\n<p><strong>Objectif<\/strong> : Prendre conscience de l&rsquo;importance des moments de qualit\u00e9 dans la relation et comprendre ce que chacun attend de ces moments.<\/p>\n\n\n\n<p><strong>Questions puissantes<\/strong> :<\/p>\n\n\n\n<ol>\n<li>Qu&rsquo;est-ce que cela signifie pour moi de passer un moment de qualit\u00e9 avec mon partenaire ?<\/li>\n\n\n\n<li>Qu\u2019est-ce qui me fait me sentir le plus connect\u00e9(e) \u00e0 lui\/elle ?<\/li>\n\n\n\n<li>Quels moments pass\u00e9s ensemble ai-je le plus appr\u00e9ci\u00e9s, et pourquoi ?<\/li>\n<\/ol>\n\n\n\n<p><strong>Exercice<\/strong> :<\/p>\n\n\n\n<ol>\n<li>Discutez ensemble des moments que chacun appr\u00e9cie le plus dans votre relation.<\/li>\n\n\n\n<li>Notez ce que chacun aimerait changer ou am\u00e9liorer dans ces moments.<\/li>\n\n\n\n<li>Fixez-vous comme intention de partager au moins 10 minutes de qualit\u00e9 par jour cette semaine.<\/li>\n<\/ol>\n\n\n\n<p><strong>Exemples concrets<\/strong> :<\/p>\n\n\n\n<ul>\n<li><strong>Moment de qualit\u00e9<\/strong> : Se retrouver sans \u00e9cran le temps d\u2019un caf\u00e9 ou d\u2019un th\u00e9.<\/li>\n\n\n\n<li><strong>Moment de qualit\u00e9<\/strong> : Faire une petite marche ensemble, main dans la main.<\/li>\n\n\n\n<li><strong>Moment de qualit\u00e9<\/strong> : \u00c9couter ensemble une chanson qui vous rappelle un souvenir.<\/li>\n<\/ul>\n\n\n\n<p><strong>Solution<\/strong> : Si l\u2019un de vous se sent distrait, proposez de ranger les t\u00e9l\u00e9phones ou autres distractions pour \u00eatre pleinement pr\u00e9sents.<\/p>\n\n\n\n<p><strong>Affirmation<\/strong> : \u00ab\u00a0Je suis pr\u00e9sent(e) pour mon partenaire, et nous cr\u00e9ons des souvenirs de qualit\u00e9 chaque jour.\u00a0\u00bb<\/p>\n\n\n\n<hr class=\"wp-block-separator has-alpha-channel-opacity\"\/>\n\n\n\n<h3 class=\"wp-block-heading\"><strong>Jour 2 : Identifier les besoins de chacun<\/strong><\/h3>\n\n\n\n<p><strong>Objectif<\/strong> : D\u00e9couvrir les besoins \u00e9motionnels que vous avez chacun en couple.<\/p>\n\n\n\n<p><strong>Questions puissantes<\/strong> :<\/p>\n\n\n\n<ol>\n<li>Qu\u2019est-ce que j\u2019attends de mon partenaire dans nos moments ensemble ?<\/li>\n\n\n\n<li>Quel est le plus grand besoin \u00e9motionnel que je ressens actuellement ?<\/li>\n\n\n\n<li>Comment aimerais-je que mon partenaire me montre qu\u2019il\/elle me comprend ?<\/li>\n<\/ol>\n\n\n\n<p><strong>Exercice<\/strong> :<\/p>\n\n\n\n<ol>\n<li>\u00c9crivez chacun une liste de trois besoins \u00e9motionnels importants dans votre relation (ex : \u00eatre \u00e9cout\u00e9(e), recevoir de l&rsquo;affection, se sentir valoris\u00e9(e)).<\/li>\n\n\n\n<li>\u00c9changez vos listes et discutez-en sans jugement.<\/li>\n\n\n\n<li>Engagez-vous \u00e0 int\u00e9grer un de ces besoins dans votre moment quotidien.<\/li>\n<\/ol>\n\n\n\n<p><strong>Exemples concrets<\/strong> :<\/p>\n\n\n\n<ul>\n<li><strong>\u00c9coute active<\/strong> : \u00c9couter l&rsquo;autre parler de sa journ\u00e9e sans l&rsquo;interrompre.<\/li>\n\n\n\n<li><strong>Soutien<\/strong> : Remercier le\/la partenaire pour une petite action du quotidien.<\/li>\n\n\n\n<li><strong>Affection<\/strong> : Offrir un c\u00e2lin ou un geste de tendresse spontan\u00e9.<\/li>\n<\/ul>\n\n\n\n<p><strong>Solution<\/strong> : Si des incompr\u00e9hensions surgissent, prenez le temps d\u2019expliquer calmement vos besoins respectifs.<\/p>\n\n\n\n<p><strong>Affirmation<\/strong> : \u00ab\u00a0Je comprends et respecte les besoins de mon partenaire, et nous avan\u00e7ons ensemble.\u00a0\u00bb<\/p>\n\n\n\n<hr class=\"wp-block-separator has-alpha-channel-opacity\"\/>\n\n\n\n<h3 class=\"wp-block-heading\"><strong>Jour 3 : Cr\u00e9er un moment de d\u00e9connexion ensemble<\/strong><\/h3>\n\n\n\n<p><strong>Objectif<\/strong> : Faire de la place pour la connexion en se d\u00e9connectant des \u00e9crans et des distractions.<\/p>\n\n\n\n<p><strong>Questions puissantes<\/strong> :<\/p>\n\n\n\n<ol>\n<li>Quels moments pass\u00e9s ensemble sont souvent perturb\u00e9s par des distractions ?<\/li>\n\n\n\n<li>Que ressentirais-je en prenant un moment sans \u00e9crans ni interruptions ?<\/li>\n\n\n\n<li>Comment puis-je \u00eatre plus pr\u00e9sent(e) pour mon partenaire chaque jour ?<\/li>\n<\/ol>\n\n\n\n<p><strong>Exercice<\/strong> :<\/p>\n\n\n\n<ol>\n<li>Choisissez un moment o\u00f9 vous vous d\u00e9connectez tous les deux des \u00e9crans.<\/li>\n\n\n\n<li>D\u00e9terminez une activit\u00e9 ou un sujet de conversation pour ce moment.<\/li>\n\n\n\n<li>Profitez de cet instant pour parler librement et \u00e9couter attentivement.<\/li>\n<\/ol>\n\n\n\n<p><strong>Exemples concrets<\/strong> :<\/p>\n\n\n\n<ul>\n<li><strong>D\u00e9connexion pendant le d\u00eener<\/strong> : Aucune technologie \u00e0 table, seulement de la conversation.<\/li>\n\n\n\n<li><strong>Balade sans t\u00e9l\u00e9phone<\/strong> : Marcher sans interruption technologique.<\/li>\n\n\n\n<li><strong>Moment de lecture<\/strong> : Lire ensemble dans la m\u00eame pi\u00e8ce, sans autre distraction.<\/li>\n<\/ul>\n\n\n\n<p><strong>Solution<\/strong> : Si l\u2019envie de consulter un \u00e9cran survient, rappelez-vous l\u2019importance de la connexion dans votre couple.<\/p>\n\n\n\n<p><strong>Affirmation<\/strong> : \u00ab\u00a0Je valorise les moments sans distraction avec mon partenaire, car ils renforcent notre connexion.\u00a0\u00bb<\/p>\n\n\n\n<hr class=\"wp-block-separator has-alpha-channel-opacity\"\/>\n\n\n\n<h3 class=\"wp-block-heading\"><strong>Jour 4 : Partager une activit\u00e9 de d\u00e9tente<\/strong><\/h3>\n\n\n\n<p><strong>Objectif<\/strong> : Renforcer les liens par des activit\u00e9s de d\u00e9tente partag\u00e9es.<\/p>\n\n\n\n<p><strong>Questions puissantes<\/strong> :<\/p>\n\n\n\n<ol>\n<li>Quelles activit\u00e9s me permettent de me sentir d\u00e9tendu(e) avec mon partenaire ?<\/li>\n\n\n\n<li>Quelles sont les activit\u00e9s qui nous rapprochent ?<\/li>\n\n\n\n<li>Comment puis-je introduire plus de l\u00e9g\u00e8ret\u00e9 dans notre quotidien ?<\/li>\n<\/ol>\n\n\n\n<p><strong>Exercice<\/strong> :<\/p>\n\n\n\n<ol>\n<li>Choisissez une activit\u00e9 relaxante que vous appr\u00e9ciez tous les deux.<\/li>\n\n\n\n<li>Prenez au moins 15 minutes pour la r\u00e9aliser ensemble sans pr\u00e9cipitation.<\/li>\n\n\n\n<li>Parlez de ce que vous avez appr\u00e9ci\u00e9 dans l\u2019activit\u00e9.<\/li>\n<\/ol>\n\n\n\n<p><strong>Exemples concrets<\/strong> :<\/p>\n\n\n\n<ul>\n<li><strong>Faire une s\u00e9ance de yoga<\/strong> ensemble pour se d\u00e9tendre.<\/li>\n\n\n\n<li><strong>Regarder un film ou un \u00e9pisode d&rsquo;une s\u00e9rie<\/strong> en \u00e9tant pleinement pr\u00e9sents.<\/li>\n\n\n\n<li><strong>Cuisiner un plat ensemble<\/strong> en profitant du moment.<\/li>\n<\/ul>\n\n\n\n<p><strong>Solution<\/strong> : Si les go\u00fbts diff\u00e8rent, alternez les choix d\u2019activit\u00e9 pour plaire \u00e0 chacun.<\/p>\n\n\n\n<p><strong>Affirmation<\/strong> : \u00ab\u00a0Nous nous relaxons ensemble, profitant des instants de bonheur simples et partag\u00e9s.\u00a0\u00bb<\/p>\n\n\n\n<hr class=\"wp-block-separator has-alpha-channel-opacity\"\/>\n\n\n\n<h3 class=\"wp-block-heading\"><strong>Jour 5 : Partager un souvenir positif<\/strong><\/h3>\n\n\n\n<p><strong>Objectif<\/strong> : Renforcer la relation en se rem\u00e9morant de bons souvenirs.<\/p>\n\n\n\n<p><strong>Questions puissantes<\/strong> :<\/p>\n\n\n\n<ol>\n<li>Quel est un souvenir de couple qui me fait sourire ?<\/li>\n\n\n\n<li>Qu\u2019est-ce que ce souvenir repr\u00e9sente pour moi ?<\/li>\n\n\n\n<li>Comment puis-je ramener plus de moments comme celui-ci dans notre quotidien ?<\/li>\n<\/ol>\n\n\n\n<p><strong>Exercice<\/strong> :<\/p>\n\n\n\n<ol>\n<li>Partagez chacun un souvenir que vous ch\u00e9rissez.<\/li>\n\n\n\n<li>Discutez de ce qui a rendu ce moment sp\u00e9cial.<\/li>\n\n\n\n<li>Cherchez une mani\u00e8re d&rsquo;incorporer un \u00e9l\u00e9ment de ce souvenir dans une activit\u00e9 de couple.<\/li>\n<\/ol>\n\n\n\n<p><strong>Exemples concrets<\/strong> :<\/p>\n\n\n\n<ul>\n<li><strong>Revisiter un lieu sp\u00e9cial<\/strong> : Aller au caf\u00e9 o\u00f9 vous vous \u00eates rencontr\u00e9s.<\/li>\n\n\n\n<li><strong>Reproduire un plat sp\u00e9cial<\/strong> : Pr\u00e9parer un repas que vous avez aim\u00e9 ensemble.<\/li>\n\n\n\n<li><strong>\u00c9couter une chanson ensemble<\/strong> : Rejouer une musique qui vous rappelle de bons moments.<\/li>\n<\/ul>\n\n\n\n<p><strong>Solution<\/strong> : Si les souvenirs \u00e9voquent des \u00e9motions inattendues, accueillez-les avec bienveillance.<\/p>\n\n\n\n<p><strong>Affirmation<\/strong> : \u00ab\u00a0Nos souvenirs sont pr\u00e9cieux, et nous construisons chaque jour de nouveaux moments heureux.\u00a0\u00bb<\/p>\n\n\n\n<hr class=\"wp-block-separator has-alpha-channel-opacity\"\/>\n\n\n\n<h3 class=\"wp-block-heading\"><strong>Jour 6 : Exprimer la gratitude<\/strong><\/h3>\n\n\n\n<p><strong>Objectif<\/strong> : Se rappeler ce que chacun apporte de positif dans la relation.<\/p>\n\n\n\n<p><strong>Questions puissantes<\/strong> :<\/p>\n\n\n\n<ol>\n<li>Pour quelles qualit\u00e9s de mon partenaire suis-je reconnaissant(e) ?<\/li>\n\n\n\n<li>Quels moments r\u00e9cents me rappellent l&rsquo;importance de notre relation ?<\/li>\n\n\n\n<li>Comment puis-je montrer ma gratitude \u00e0 mon\/ma partenaire ?<\/li>\n<\/ol>\n\n\n\n<p><strong>Exercice<\/strong> :<\/p>\n\n\n\n<ol>\n<li>\u00c9crivez chacun trois choses pour lesquelles vous \u00eates reconnaissant(e) envers votre partenaire.<\/li>\n\n\n\n<li>Partagez-les \u00e0 voix haute.<\/li>\n\n\n\n<li>Notez ce que cette gratitude vous fait ressentir.<\/li>\n<\/ol>\n\n\n\n<p><strong>Exemples concrets<\/strong> :<\/p>\n\n\n\n<ul>\n<li><strong>Gratitude pour les petites attentions<\/strong> : \u00ab\u00a0Merci pour tous les caf\u00e9s du matin !\u00a0\u00bb<\/li>\n\n\n\n<li><strong>Gratitude pour le soutien<\/strong> : \u00ab\u00a0Je suis reconnaissant(e) de te sentir toujours \u00e0 mes c\u00f4t\u00e9s.\u00a0\u00bb<\/li>\n\n\n\n<li><strong>Gratitude pour la tendresse<\/strong> : \u00ab\u00a0Merci pour ta pr\u00e9sence douce et r\u00e9confortante.\u00a0\u00bb<\/li>\n<\/ul>\n\n\n\n<p><strong>Solution<\/strong> : Si exprimer la gratitude est difficile, commence par des choses simples et concr\u00e8tes.<\/p>\n\n\n\n<p><strong>Affirmation<\/strong> : \u00ab\u00a0Je suis reconnaissant(e) pour l\u2019amour que nous partageons, et je l\u2019exprime pleinement.\u00a0\u00bb<\/p>\n\n\n\n<hr class=\"wp-block-separator has-alpha-channel-opacity\"\/>\n\n\n\n<h3 class=\"wp-block-heading\"><strong>Jour 7 : Planifier des moments de qualit\u00e9 \u00e0 long terme<\/strong><\/h3>\n\n\n\n<p><strong>Objectif<\/strong> : Ancrer ces moments dans la routine et en faire une habitude durable.<\/p>\n\n\n\n<p><strong>Questions puissantes<\/strong> :<\/p>\n\n\n\n<ol>\n<li>Quels types de moments de qualit\u00e9 aimerions-nous int\u00e9grer chaque semaine ?<\/li>\n\n\n\n<li>Quelles sont les activit\u00e9s qui nous plaisent \u00e0 tous les deux ?<\/li>\n\n\n\n<li>Comment pouvons-nous maintenir cette connexion r\u00e9guli\u00e8rement ?<\/li>\n<\/ol>\n\n\n\n<p><strong>Exercice<\/strong> :<\/p>\n\n\n\n<ol>\n<li>Cr\u00e9ez ensemble un \u00ab\u00a0calendrier de moments de qualit\u00e9\u00a0\u00bb pour les semaines \u00e0 venir.<\/li>\n\n\n\n<li>Inscrivez-y des activit\u00e9s \u00e0 partager, m\u00eame de mani\u00e8re courte mais r\u00e9guli\u00e8re.<\/li>\n\n\n\n<li>D\u00e9finissez un moment de r\u00e9\u00e9valuation mensuel pour ajuster ce plan si n\u00e9cessaire.<\/li>\n<\/ol>\n\n\n\n<p><strong>Exemples concrets<\/strong> :<\/p>\n\n\n\n<ul>\n<li><strong>Calendrier de d\u00eeners sans \u00e9crans<\/strong> chaque vendredi soir.<\/li>\n\n\n\n<li><strong>S\u00e9ance de marche hebdomadaire<\/strong> pour discuter de la semaine.<\/li>\n\n\n\n<li><strong>Routine du matin<\/strong> avec quelques minutes pour se dire \u00ab\u00a0bonne journ\u00e9e\u00a0\u00bb.<\/li>\n<\/ul>\n\n\n\n<p><strong>Solution<\/strong> : Si vous \u00eates d\u00e9bord\u00e9s, commencez par des moments plus courts, mais restez constants.<\/p>\n\n\n\n<p><strong>Affirmation<\/strong> : \u00ab\u00a0Nous cultivons notre amour chaque jour, avec soin et intention.\u00a0\u00bb<\/p>\n\n\n\n<hr class=\"wp-block-separator has-alpha-channel-opacity\"\/>\n\n\n\n<p>En suivant ce programme, tu pourras instaurer des habitudes saines qui renforceront ta relation. Ces moments de qualit\u00e9, m\u00eame courts, vous aideront \u00e0 mieux vous comprendre et \u00e0 consolider vos liens jour apr\u00e8s jour.<\/p>\n\n\n\n<p><strong><em><a href=\"https:\/\/guido-saverio-coach.com\/\" data-type=\"link\" data-id=\"https:\/\/guido-saverio-coach.com\/\">GUIDO SAVERIO<\/a><\/em><\/strong><\/p>\n","protected":false},"excerpt":{"rendered":"<p>Bienvenue dans un programme pens\u00e9 pour enrichir votre relation de couple et instaurer des moments de qualit\u00e9 qui nourrissent votre lien au quotidien. Imaginez des instants de complicit\u00e9, m\u00eame courts mais r\u00e9guliers, qui apportent \u00e9coute, pr\u00e9sence et compr\u00e9hension mutuelle, tout&#8230; <a href=\"https:\/\/guido-saverio-coach.com\/?page_id=1461\" class=\"readmore\">Read more<span class=\"screen-reader-text\">7 jours pour t&rsquo;aider \u00e0 renforcer ton couple en int\u00e9grant des moments de qualit\u00e9<\/span><span class=\"fa fa-angle-double-right\" aria-hidden=\"true\"><\/span><\/a><\/p>\n","protected":false},"author":1,"featured_media":0,"parent":0,"menu_order":0,"comment_status":"closed","ping_status":"closed","template":"","meta":{"footnotes":""},"_links":{"self":[{"href":"https:\/\/guido-saverio-coach.com\/index.php?rest_route=\/wp\/v2\/pages\/1461"}],"collection":[{"href":"https:\/\/guido-saverio-coach.com\/index.php?rest_route=\/wp\/v2\/pages"}],"about":[{"href":"https:\/\/guido-saverio-coach.com\/index.php?rest_route=\/wp\/v2\/types\/page"}],"author":[{"embeddable":true,"href":"https:\/\/guido-saverio-coach.com\/index.php?rest_route=\/wp\/v2\/users\/1"}],"replies":[{"embeddable":true,"href":"https:\/\/guido-saverio-coach.com\/index.php?rest_route=%2Fwp%2Fv2%2Fcomments&post=1461"}],"version-history":[{"count":1,"href":"https:\/\/guido-saverio-coach.com\/index.php?rest_route=\/wp\/v2\/pages\/1461\/revisions"}],"predecessor-version":[{"id":1463,"href":"https:\/\/guido-saverio-coach.com\/index.php?rest_route=\/wp\/v2\/pages\/1461\/revisions\/1463"}],"wp:attachment":[{"href":"https:\/\/guido-saverio-coach.com\/index.php?rest_route=%2Fwp%2Fv2%2Fmedia&parent=1461"}],"curies":[{"name":"wp","href":"https:\/\/api.w.org\/{rel}","templated":true}]}}