{"id":1466,"date":"2024-11-09T12:13:39","date_gmt":"2024-11-09T11:13:39","guid":{"rendered":"https:\/\/guido-saverio-coach.com\/?page_id=1466"},"modified":"2024-11-09T12:14:43","modified_gmt":"2024-11-09T11:14:43","slug":"7-jours-pour-changer-de-vie","status":"publish","type":"page","link":"https:\/\/guido-saverio-coach.com\/?page_id=1466","title":{"rendered":"7 Jours pour Changer de Vie"},"content":{"rendered":"\n<p><\/p>\n\n\n\n<p>Ce programme est con\u00e7u comme une semaine intensive de transformation. Chaque jour est une \u00e9tape vers une meilleure compr\u00e9hension de soi et de ses besoins, pour poser les bases d&rsquo;un changement durable et significatif. Pr\u00e9pare-toi \u00e0 plonger en profondeur, \u00e0 d\u00e9couvrir des v\u00e9rit\u00e9s sur toi-m\u00eame et \u00e0 exp\u00e9rimenter de nouvelles perspectives qui t\u2019aideront \u00e0 changer de vie.<\/p>\n\n\n\n<hr class=\"wp-block-separator has-alpha-channel-opacity\"\/>\n\n\n\n<h3 class=\"wp-block-heading has-vivid-green-cyan-color has-text-color has-link-color wp-elements-1e6b81b23d705791995abf864d1a6b71\">Imagine ta vie comme un jardin : certains coins sont fleuris et color\u00e9s, d\u2019autres ont peut-\u00eatre besoin d\u2019\u00eatre nettoy\u00e9s et r\u00e9am\u00e9nag\u00e9s. Pendant les sept jours \u00e0 venir, tu vas explorer chaque recoin de ce jardin, planter de nouvelles graines d\u2019intentions, et arroser chaque partie qui a besoin de grandir. Chaque journ\u00e9e est une brique de ta nouvelle vie, un petit pas vers une version de toi-m\u00eame plus align\u00e9e avec tes aspirations profondes.<\/h3>\n\n\n\n<hr class=\"wp-block-separator has-alpha-channel-opacity\"\/>\n\n\n\n<h3 class=\"wp-block-heading\"><strong>Jour 1 : Exploration et D\u00e9finition de Ta Vision<\/strong><\/h3>\n\n\n\n<p><strong>Objectif :<\/strong> D\u00e9finir clairement ce que tu veux vraiment dans la vie.<\/p>\n\n\n\n<p><strong>M\u00e9taphore :<\/strong> Imagine que tu es un explorateur dans une for\u00eat, et que tu cherches un tr\u00e9sor cach\u00e9. Ce tr\u00e9sor, c\u2019est ta vision personnelle de la vie.<\/p>\n\n\n\n<p><strong>Questions puissantes :<\/strong><\/p>\n\n\n\n<ul>\n<li>Qu\u2019est-ce qui te fait vraiment vibrer dans la vie ?<\/li>\n\n\n\n<li>Si tu n\u2019avais aucune limite, \u00e0 quoi ressemblerait ta vie id\u00e9ale ?<\/li>\n\n\n\n<li>Quels sont les \u00e9l\u00e9ments que tu voudrais ajouter ou enlever de ta vie actuelle ?<\/li>\n<\/ul>\n\n\n\n<p><strong>Exercices faciles :<\/strong><\/p>\n\n\n\n<ol>\n<li><strong>Journal de Vision<\/strong> : Prends 10 minutes pour \u00e9crire ce \u00e0 quoi ressemblerait ta vie id\u00e9ale. N\u2019h\u00e9site pas \u00e0 \u00eatre sp\u00e9cifique.<\/li>\n\n\n\n<li><strong>Collage de Vision<\/strong> : Cr\u00e9e un tableau de vision avec des images qui te motivent (photos, citations, couleurs).<\/li>\n\n\n\n<li><strong>Rituel de Clarification<\/strong> : Choisis un mot ou une phrase qui d\u00e9crit cette vision et r\u00e9p\u00e8te-le comme une affirmation.<\/li>\n<\/ol>\n\n\n\n<p><strong>Solution :<\/strong> Si ta vision reste floue, commence par une petite id\u00e9e, un \u00e9l\u00e9ment simple que tu aimerais am\u00e9liorer ou transformer dans ta vie.<\/p>\n\n\n\n<p><strong>Affirmation positive :<\/strong> \u00ab\u00a0Je suis l\u2019architecte de ma vie et j\u2019ai le pouvoir de cr\u00e9er la r\u00e9alit\u00e9 que je d\u00e9sire.\u00a0\u00bb<\/p>\n\n\n\n<hr class=\"wp-block-separator has-alpha-channel-opacity\"\/>\n\n\n\n<h3 class=\"wp-block-heading\"><strong>Jour 2 : D\u00e9couverte des Freins et des Peurs<\/strong><\/h3>\n\n\n\n<p><strong>Objectif :<\/strong> Identifier les peurs et les croyances limitantes qui te bloquent.<\/p>\n\n\n\n<p><strong>M\u00e9taphore :<\/strong> Imagine que tu marches avec un sac \u00e0 dos rempli de pierres. Chaque pierre est une peur ou une croyance limitante que tu vas lib\u00e9rer aujourd\u2019hui.<\/p>\n\n\n\n<p><strong>Questions puissantes :<\/strong><\/p>\n\n\n\n<ul>\n<li>Quelle est ta plus grande peur li\u00e9e \u00e0 ton changement de vie ?<\/li>\n\n\n\n<li>Quelles pens\u00e9es te viennent lorsque tu envisages de r\u00e9aliser tes r\u00eaves ?<\/li>\n\n\n\n<li>D\u2019o\u00f9 viennent ces croyances ? Sont-elles fond\u00e9es ou limitantes ?<\/li>\n<\/ul>\n\n\n\n<p><strong>Exercices faciles :<\/strong><\/p>\n\n\n\n<ol>\n<li><strong>Liste des Peurs<\/strong> : \u00c9cris toutes les peurs qui te viennent \u00e0 l\u2019esprit. Note-les sans jugement.<\/li>\n\n\n\n<li><strong>D\u00e9construction<\/strong> : Pour chaque peur, demande-toi si elle est rationnelle ou bas\u00e9e sur une ancienne croyance.<\/li>\n\n\n\n<li><strong>Rituel de Lib\u00e9ration<\/strong> : Symboliquement, imagine que tu jettes une pierre (ou un papier) pour chaque peur dont tu veux te lib\u00e9rer.<\/li>\n<\/ol>\n\n\n\n<p><strong>Solution :<\/strong> Transforme chaque peur en opportunit\u00e9 de croissance. Par exemple, si tu as peur de l\u2019\u00e9chec, consid\u00e8re-le comme une chance d&rsquo;apprendre.<\/p>\n\n\n\n<p><strong>Affirmation positive :<\/strong> \u00ab\u00a0Je lib\u00e8re mes peurs et je m\u2019ouvre \u00e0 toutes les possibilit\u00e9s.\u00a0\u00bb<\/p>\n\n\n\n<hr class=\"wp-block-separator has-alpha-channel-opacity\"\/>\n\n\n\n<h3 class=\"wp-block-heading\"><strong>Jour 3 : Organisation et Planification<\/strong><\/h3>\n\n\n\n<p><strong>Objectif :<\/strong> \u00c9tablir un plan d\u2019action pour atteindre ta vision.<\/p>\n\n\n\n<p><strong>M\u00e9taphore :<\/strong> Imagine que tu es un capitaine de navire. Aujourd\u2019hui, tu d\u00e9finis la carte et la destination pour guider ton voyage.<\/p>\n\n\n\n<p><strong>Questions puissantes :<\/strong><\/p>\n\n\n\n<ul>\n<li>Quels sont les petits pas que tu peux faire d\u00e8s aujourd\u2019hui pour aller vers ta vision ?<\/li>\n\n\n\n<li>Quel est le premier objectif que tu veux atteindre ?<\/li>\n\n\n\n<li>Quelle action te ferait avancer vers un changement concret ?<\/li>\n<\/ul>\n\n\n\n<p><strong>Exercices faciles :<\/strong><\/p>\n\n\n\n<ol>\n<li><strong>Liste d\u2019Objectifs<\/strong> : \u00c9cris trois objectifs \u00e0 court terme qui soutiennent ta vision de vie.<\/li>\n\n\n\n<li><strong>Planification<\/strong> : R\u00e9partis ces objectifs en \u00e9tapes plus petites et fixables chaque jour.<\/li>\n\n\n\n<li><strong>Rituel de Confirmation<\/strong> : Chaque matin, visualise une de ces \u00e9tapes et affirme que tu peux la r\u00e9aliser.<\/li>\n<\/ol>\n\n\n\n<p><strong>Solution :<\/strong> Si tu es d\u00e9bord\u00e9, concentre-toi sur une action \u00e0 la fois et prends des pauses pour rester motiv\u00e9.<\/p>\n\n\n\n<p><strong>Affirmation positive :<\/strong> \u00ab\u00a0Je suis en contr\u00f4le de ma vie, et chaque petit pas me rapproche de ma vision.\u00a0\u00bb<\/p>\n\n\n\n<hr class=\"wp-block-separator has-alpha-channel-opacity\"\/>\n\n\n\n<h3 class=\"wp-block-heading\"><strong>Jour 4 : Habitudes et Engagement<\/strong><\/h3>\n\n\n\n<p><strong>Objectif :<\/strong> Identifier et installer de nouvelles habitudes qui soutiennent ta transformation.<\/p>\n\n\n\n<p><strong>M\u00e9taphore :<\/strong> Imagine que tu plantes un arbre. Il a besoin de soins r\u00e9guliers pour grandir, tout comme tes nouvelles habitudes.<\/p>\n\n\n\n<p><strong>Questions puissantes :<\/strong><\/p>\n\n\n\n<ul>\n<li>Quelle est une habitude que tu peux adopter pour soutenir ta transformation ?<\/li>\n\n\n\n<li>Quelles habitudes actuelles ne te servent plus ?<\/li>\n\n\n\n<li>Comment peux-tu int\u00e9grer une nouvelle habitude de mani\u00e8re progressive ?<\/li>\n<\/ul>\n\n\n\n<p><strong>Exercices faciles :<\/strong><\/p>\n\n\n\n<ol>\n<li><strong>\u00c9valuation des Habitudes<\/strong> : Liste tes habitudes actuelles et identifie celles qui te servent ou te freinent.<\/li>\n\n\n\n<li><strong>Implantation Progressive<\/strong> : Commence une nouvelle habitude par des actions simples (ex. : 5 minutes de m\u00e9ditation, 10 minutes de lecture).<\/li>\n\n\n\n<li><strong>Rituel de Motivation<\/strong> : Chaque soir, f\u00e9licite-toi pour avoir tenu ta nouvelle habitude, m\u00eame pour un court moment.<\/li>\n<\/ol>\n\n\n\n<p><strong>Solution :<\/strong> Si une habitude est difficile, commence par un plus petit pas, puis augmente graduellement.<\/p>\n\n\n\n<p><strong>Affirmation positive :<\/strong> \u00ab\u00a0Chaque jour, je choisis des actions qui nourrissent ma vision.\u00a0\u00bb<\/p>\n\n\n\n<hr class=\"wp-block-separator has-alpha-channel-opacity\"\/>\n\n\n\n<h3 class=\"wp-block-heading\"><strong>Jour 5 : Reconnexion avec Soi<\/strong><\/h3>\n\n\n\n<p><strong>Objectif :<\/strong> Apprendre \u00e0 \u00e9couter tes besoins et d\u00e9sirs profonds.<\/p>\n\n\n\n<p><strong>M\u00e9taphore :<\/strong> Tu es comme un instrument de musique. En prenant soin de chaque corde, tu t&rsquo;accordes avec toi-m\u00eame.<\/p>\n\n\n\n<p><strong>Questions puissantes :<\/strong><\/p>\n\n\n\n<ul>\n<li>De quoi as-tu vraiment besoin pour te sentir \u00e9panoui ?<\/li>\n\n\n\n<li>\u00c0 quoi ressemblerait ta vie si tu \u00e9coutais plus tes besoins ?<\/li>\n\n\n\n<li>Comment peux-tu mieux r\u00e9pondre \u00e0 tes besoins d\u00e8s aujourd\u2019hui ?<\/li>\n<\/ul>\n\n\n\n<p><strong>Exercices faciles :<\/strong><\/p>\n\n\n\n<ol>\n<li><strong>Temps d&rsquo;Introspection<\/strong> : Passe 10 minutes en silence pour \u00e9couter tes ressentis.<\/li>\n\n\n\n<li><strong>Bilan des Besoins<\/strong> : Liste tes besoins \u00e9motionnels, physiques, et spirituels.<\/li>\n\n\n\n<li><strong>Rituel de Bienveillance<\/strong> : Donne-toi chaque jour un moment pour honorer un besoin (ex. : prendre un bain, \u00e9crire, m\u00e9diter).<\/li>\n<\/ol>\n\n\n\n<p><strong>Solution :<\/strong> Si un besoin te semble flou, demande-toi ce qui te ferait vraiment plaisir ou te lib\u00e9rerait.<\/p>\n\n\n\n<p><strong>Affirmation positive :<\/strong> \u00ab\u00a0Je m&rsquo;\u00e9coute et j\u2019honore mes besoins sans culpabilit\u00e9.\u00a0\u00bb<\/p>\n\n\n\n<hr class=\"wp-block-separator has-alpha-channel-opacity\"\/>\n\n\n\n<h3 class=\"wp-block-heading\"><strong>Jour 6 : Cr\u00e9ation d\u2019un R\u00e9seau de Soutien<\/strong><\/h3>\n\n\n\n<p><strong>Objectif :<\/strong> Entourer ta transformation d\u2019un cercle de soutien.<\/p>\n\n\n\n<p><strong>M\u00e9taphore :<\/strong> Ta transformation est comme une plante qui prosp\u00e8re mieux en bonne compagnie.<\/p>\n\n\n\n<p><strong>Questions puissantes :<\/strong><\/p>\n\n\n\n<ul>\n<li>Qui dans ta vie te soutient dans tes choix ?<\/li>\n\n\n\n<li>Quels types de relations te poussent vers l&rsquo;avant ?<\/li>\n\n\n\n<li>Comment peux-tu te connecter \u00e0 d\u2019autres qui partagent tes valeurs ?<\/li>\n<\/ul>\n\n\n\n<p><strong>Exercices faciles :<\/strong><\/p>\n\n\n\n<ol>\n<li><strong>Identification des Alli\u00e9s<\/strong> : Fais une liste des personnes qui t\u2019apportent du soutien.<\/li>\n\n\n\n<li><strong>Reconnexion<\/strong> : Prends contact avec au moins une personne qui t\u2019inspire.<\/li>\n\n\n\n<li><strong>Rituel de Gratitude<\/strong> : Remercie une personne de ton cercle de soutien.<\/li>\n<\/ol>\n\n\n\n<p><strong>Solution :<\/strong> Si tu manques de soutien, rejoins un groupe en ligne ou en personne qui partage tes objectifs.<\/p>\n\n\n\n<p><strong>Affirmation positive :<\/strong> \u00ab\u00a0Je m\u2019entoure de personnes bienveillantes et inspirantes.\u00a0\u00bb<\/p>\n\n\n\n<hr class=\"wp-block-separator has-alpha-channel-opacity\"\/>\n\n\n\n<h3 class=\"wp-block-heading\"><strong>Jour 7 : \u00c9valuation et Engagement \u00e0 Long Terme<\/strong><\/h3>\n\n\n\n<p><strong>Objectif :<\/strong> Consolider tes avanc\u00e9es et d\u00e9finir ton engagement pour le futur.<\/p>\n\n\n\n<p><strong>M\u00e9taphore :<\/strong> Ton chemin est comme une montagne. Tu as d\u00e9j\u00e0 gravi plusieurs \u00e9tapes, mais le sommet est toujours \u00e0 port\u00e9e de main.<\/p>\n\n\n\n<p><strong>Questions puissantes :<\/strong><\/p>\n\n\n\n<ul>\n<li>Quelles sont les plus grandes le\u00e7ons de cette semaine ?<\/li>\n\n\n\n<li>Que souhaites-tu conserver et approfondir ?<\/li>\n\n\n\n<li>Comment peux-tu transformer cette semaine en engagement durable ?<\/li>\n<\/ul>\n\n\n\n<p><strong>Exercices faciles :<\/strong><\/p>\n\n\n\n<ol>\n<li><strong>Bilan Personnel<\/strong> : Note les changements, grands ou petits, observ\u00e9s cette semaine.<\/li>\n\n\n\n<li><strong>Engagement<\/strong> : \u00c9cris une lettre \u00e0 toi-m\u00eame pour d\u00e9crire tes intentions pour les mois \u00e0 venir.<\/li>\n\n\n\n<li><strong>Rituel de C\u00e9l\u00e9bration<\/strong> : C\u00e9l\u00e8bre tes accomplissements de la semaine avec un geste significatif.<\/li>\n<\/ol>\n\n\n\n<p><strong>Solution :<\/strong> Reviens chaque mois sur cette lettre pour \u00e9valuer ton parcours et adapter ton plan.<\/p>\n\n\n\n<p><strong>Affirmation positive :<\/strong> \u00ab\u00a0Je m\u2019engage envers moi-m\u00eame \u00e0 poursuivre mon chemin de transformation.\u00a0\u00bb<\/p>\n\n\n\n<hr class=\"wp-block-separator has-alpha-channel-opacity\"\/>\n\n\n\n<p>Chaque jour est une pierre \u00e0 l\u2019\u00e9difice de ta nouvelle vie. Ces 7 jours te guideront pour faire de petits pas vers un grand changement.<\/p>\n\n\n\n<p><strong><em><a href=\"https:\/\/guido-saverio-coach.com\/\" data-type=\"link\" data-id=\"https:\/\/guido-saverio-coach.com\/\">GUIDO SAVERIO<\/a><\/em><\/strong><\/p>\n","protected":false},"excerpt":{"rendered":"<p>Ce programme est con\u00e7u comme une semaine intensive de transformation. Chaque jour est une \u00e9tape vers une meilleure compr\u00e9hension de soi et de ses besoins, pour poser les bases d&rsquo;un changement durable et significatif. Pr\u00e9pare-toi \u00e0 plonger en profondeur, \u00e0&#8230; <a href=\"https:\/\/guido-saverio-coach.com\/?page_id=1466\" class=\"readmore\">Read more<span class=\"screen-reader-text\">7 Jours pour Changer de Vie<\/span><span class=\"fa fa-angle-double-right\" aria-hidden=\"true\"><\/span><\/a><\/p>\n","protected":false},"author":1,"featured_media":0,"parent":0,"menu_order":0,"comment_status":"closed","ping_status":"closed","template":"","meta":{"footnotes":""},"_links":{"self":[{"href":"https:\/\/guido-saverio-coach.com\/index.php?rest_route=\/wp\/v2\/pages\/1466"}],"collection":[{"href":"https:\/\/guido-saverio-coach.com\/index.php?rest_route=\/wp\/v2\/pages"}],"about":[{"href":"https:\/\/guido-saverio-coach.com\/index.php?rest_route=\/wp\/v2\/types\/page"}],"author":[{"embeddable":true,"href":"https:\/\/guido-saverio-coach.com\/index.php?rest_route=\/wp\/v2\/users\/1"}],"replies":[{"embeddable":true,"href":"https:\/\/guido-saverio-coach.com\/index.php?rest_route=%2Fwp%2Fv2%2Fcomments&post=1466"}],"version-history":[{"count":1,"href":"https:\/\/guido-saverio-coach.com\/index.php?rest_route=\/wp\/v2\/pages\/1466\/revisions"}],"predecessor-version":[{"id":1468,"href":"https:\/\/guido-saverio-coach.com\/index.php?rest_route=\/wp\/v2\/pages\/1466\/revisions\/1468"}],"wp:attachment":[{"href":"https:\/\/guido-saverio-coach.com\/index.php?rest_route=%2Fwp%2Fv2%2Fmedia&parent=1466"}],"curies":[{"name":"wp","href":"https:\/\/api.w.org\/{rel}","templated":true}]}}