{"id":1491,"date":"2024-11-22T00:45:24","date_gmt":"2024-11-21T23:45:24","guid":{"rendered":"https:\/\/guido-saverio-coach.com\/?page_id=1491"},"modified":"2024-11-22T00:45:24","modified_gmt":"2024-11-21T23:45:24","slug":"transforme-ta-vie24-heures-a-la-fois","status":"publish","type":"page","link":"https:\/\/guido-saverio-coach.com\/?page_id=1491","title":{"rendered":"Transforme ta vie,\u00a0\u00bb24 heures \u00e0 la fois\u00a0\u00bb"},"content":{"rendered":"\n<p class=\"has-text-align-center has-vivid-red-color has-text-color has-link-color has-medium-font-size wp-elements-c7879caa7b383ca66f5fc23e6f5c8313\"><strong><em>voici une m\u00e9thode simple<\/em><\/strong><\/p>\n\n\n\n<h3 class=\"wp-block-heading\"><strong>La r\u00e8gle des 5 minutes :<\/strong><\/h3>\n\n\n\n<ul>\n<li><strong>Chaque jour, choisis une t\u00e2che importante qui te fait avancer, m\u00eame en seulement 5 minutes.<\/strong><\/li>\n\n\n\n<li>Que ce soit pour ta sant\u00e9, ton bien-\u00eatre ou un projet, commence par une action concr\u00e8te, aussi petite soit-elle.<\/li>\n\n\n\n<li><strong>Tous les jours, consacre 5 minutes \u00e0 quelque chose d\u2019important<\/strong> pour faire un progr\u00e8s visible.<\/li>\n<\/ul>\n\n\n\n<p>Cela permet d&rsquo;entamer le processus de transformation, tout en restant simple et facile \u00e0 appliquer imm\u00e9diatement.<\/p>\n\n\n\n<hr class=\"wp-block-separator has-alpha-channel-opacity\"\/>\n\n\n\n<p>Voici quelques exemples concrets de la m\u00e9thode \u00ab\u00a0Transforme ta vie, 24 heures \u00e0 la fois\u00a0\u00bb en utilisant la r\u00e8gle des <strong>5 minutes<\/strong> :<\/p>\n\n\n\n<ol>\n<li><strong>Sant\u00e9<\/strong> : Chaque jour, fais 5 minutes de stretching ou de m\u00e9ditation pour r\u00e9duire le stress et am\u00e9liorer ta forme physique.<\/li>\n\n\n\n<li><strong>Productivit\u00e9<\/strong> : Consacre 5 minutes \u00e0 organiser ta journ\u00e9e : fais une liste des priorit\u00e9s et pr\u00e9pare un plan d\u2019action simple.<\/li>\n\n\n\n<li><strong>Relationnel<\/strong> : Envoie un message sinc\u00e8re \u00e0 une personne de ton entourage pour prendre des nouvelles.<\/li>\n\n\n\n<li><strong>Bien-\u00eatre mental<\/strong> : Note chaque jour 3 choses pour lesquelles tu es reconnaissant.<\/li>\n<\/ol>\n\n\n\n<ol start=\"5\">\n<li><strong>Carri\u00e8re<\/strong> : Passe 5 minutes \u00e0 mettre \u00e0 jour ton CV ou ton profil LinkedIn.<\/li>\n\n\n\n<li><strong>Cr\u00e9ativit\u00e9<\/strong> : Consacre 5 minutes \u00e0 \u00e9crire, dessiner ou r\u00e9fl\u00e9chir \u00e0 une nouvelle id\u00e9e ou projet.<\/li>\n\n\n\n<li><strong>Organisation<\/strong> : Range un espace sp\u00e9cifique de ton bureau ou de ta maison en 5 minutes pour r\u00e9duire le d\u00e9sordre.<\/li>\n\n\n\n<li><strong>Apprentissage<\/strong> : \u00c9coute un podcast ou lis un article de 5 minutes sur un sujet qui t\u2019int\u00e9resse pour stimuler ta curiosit\u00e9.<\/li>\n<\/ol>\n\n\n\n<p>Ces actions quotidiennes, petites mais r\u00e9guli\u00e8res, peuvent mener \u00e0 une grande transformation en peu de temps.<\/p>\n\n\n\n<p><strong><em><a href=\"https:\/\/guido-saverio-coach.com\/\" data-type=\"link\" data-id=\"https:\/\/guido-saverio-coach.com\/\">GUIDO SAVERIO<\/a><\/em><\/strong><\/p>\n","protected":false},"excerpt":{"rendered":"<p>voici une m\u00e9thode simple La r\u00e8gle des 5 minutes : Cela permet d&rsquo;entamer le processus de transformation, tout en restant simple et facile \u00e0 appliquer imm\u00e9diatement. Voici quelques exemples concrets de la m\u00e9thode \u00ab\u00a0Transforme ta vie, 24 heures \u00e0 la&#8230; <a href=\"https:\/\/guido-saverio-coach.com\/?page_id=1491\" class=\"readmore\">Read more<span class=\"screen-reader-text\">Transforme ta vie,\u00a0\u00bb24 heures \u00e0 la fois\u00a0\u00bb<\/span><span class=\"fa fa-angle-double-right\" aria-hidden=\"true\"><\/span><\/a><\/p>\n","protected":false},"author":1,"featured_media":0,"parent":0,"menu_order":0,"comment_status":"closed","ping_status":"closed","template":"","meta":{"footnotes":""},"_links":{"self":[{"href":"https:\/\/guido-saverio-coach.com\/index.php?rest_route=\/wp\/v2\/pages\/1491"}],"collection":[{"href":"https:\/\/guido-saverio-coach.com\/index.php?rest_route=\/wp\/v2\/pages"}],"about":[{"href":"https:\/\/guido-saverio-coach.com\/index.php?rest_route=\/wp\/v2\/types\/page"}],"author":[{"embeddable":true,"href":"https:\/\/guido-saverio-coach.com\/index.php?rest_route=\/wp\/v2\/users\/1"}],"replies":[{"embeddable":true,"href":"https:\/\/guido-saverio-coach.com\/index.php?rest_route=%2Fwp%2Fv2%2Fcomments&post=1491"}],"version-history":[{"count":1,"href":"https:\/\/guido-saverio-coach.com\/index.php?rest_route=\/wp\/v2\/pages\/1491\/revisions"}],"predecessor-version":[{"id":1493,"href":"https:\/\/guido-saverio-coach.com\/index.php?rest_route=\/wp\/v2\/pages\/1491\/revisions\/1493"}],"wp:attachment":[{"href":"https:\/\/guido-saverio-coach.com\/index.php?rest_route=%2Fwp%2Fv2%2Fmedia&parent=1491"}],"curies":[{"name":"wp","href":"https:\/\/api.w.org\/{rel}","templated":true}]}}