{"id":1642,"date":"2024-11-27T00:59:58","date_gmt":"2024-11-26T23:59:58","guid":{"rendered":"https:\/\/guido-saverio-coach.com\/?page_id=1642"},"modified":"2024-11-27T00:59:58","modified_gmt":"2024-11-26T23:59:58","slug":"le-monde-change-les-gens-changent-tout-se-transforme-et-avance-de-plus-en-plus-vite","status":"publish","type":"page","link":"https:\/\/guido-saverio-coach.com\/?page_id=1642","title":{"rendered":"Le Monde Change, Les Gens Changent, Tout Se Transforme et Avance de Plus en Plus Vite"},"content":{"rendered":"\n<p>Dans un monde en perp\u00e9tuelle \u00e9volution, il est impossible de rester fig\u00e9. Le changement est la seule constante \u00e0 laquelle nous devons nous adapter, et aujourd&rsquo;hui plus que jamais, tout autour de nous se transforme \u00e0 une vitesse fulgurante. Que ce soit dans nos vies personnelles, dans les technologies qui nous entourent ou dans les dynamiques sociales et \u00e9conomiques, l&rsquo;acc\u00e9l\u00e9ration du changement est ind\u00e9niable. Mais au lieu de craindre cette \u00e9volution, il est temps de comprendre qu\u2019elle offre des opportunit\u00e9s sans fin.<\/p>\n\n\n\n<p><strong>Les gens changent<\/strong><\/p>\n\n\n\n<p>\u00c0 chaque instant, les individus se r\u00e9inventent, se transforment et se perfectionnent. Ce qui semblait \u00eatre des limites hier devient aujourd&rsquo;hui une porte ouverte vers des horizons insoup\u00e7onn\u00e9s. Les personnes qui s\u2019adaptent aux nouvelles fa\u00e7ons de penser, aux innovations et aux d\u00e9fis de notre \u00e9poque deviennent les architectes de demain. Les mentalit\u00e9s \u00e9voluent, et avec elles, les r\u00eaves et ambitions humaines prennent des formes plus audacieuses et audacieuses.<\/p>\n\n\n\n<p>Chaque jour, les gens r\u00e9alisent que leurs croyances et comportements peuvent changer. Cette transformation int\u00e9rieure est d&rsquo;abord subtile, mais elle finit par \u00eatre le catalyseur de grandes r\u00e9alisations. Si l\u2019on prend un instant pour observer ceux qui r\u00e9ussissent dans le monde actuel, on se rend vite compte que leur capacit\u00e9 \u00e0 \u00e9voluer, \u00e0 se r\u00e9inventer, \u00e0 apprendre constamment est ce qui fait la diff\u00e9rence. Les obstacles ne les arr\u00eatent pas, ils les motivent \u00e0 aller encore plus loin.<\/p>\n\n\n\n<p><strong>Le monde \u00e9volue \u00e0 une vitesse incroyable<\/strong><\/p>\n\n\n\n<p>Le monde dans lequel nous vivons n\u2019a jamais \u00e9t\u00e9 aussi dynamique. L\u2019internet, les technologies, la globalisation des \u00e9changes, tout semble acc\u00e9l\u00e9rer la cadence du temps. Hier encore, il fallait des mois, voire des ann\u00e9es, pour voir un projet na\u00eetre et grandir. Aujourd&rsquo;hui, la vitesse de l&rsquo;information permet \u00e0 des id\u00e9es de prendre vie en un instant, et \u00e0 des entreprises de se d\u00e9velopper \u00e0 une \u00e9chelle mondiale en un temps record.<\/p>\n\n\n\n<p>Mais cette vitesse vertigineuse n&rsquo;est pas une contrainte, elle est une chance. Chaque seconde qui passe est une opportunit\u00e9 de se r\u00e9inventer, d&rsquo;innover et de cr\u00e9er. Ceux qui ont compris que le changement n\u2019est pas \u00e0 craindre, mais \u00e0 saisir, sont ceux qui sont en mesure de tirer profit de ce flot incessant d\u2019opportunit\u00e9s.<\/p>\n\n\n\n<p><strong>Les transformations sont des chances d\u00e9guis\u00e9es<\/strong><\/p>\n\n\n\n<p>Lorsque tout se transforme autour de nous, il est facile de se laisser submerger par l&rsquo;incertitude. Mais ce changement n&rsquo;est pas synonyme de danger. Au contraire, il est la clef d&rsquo;un avenir o\u00f9 les r\u00eaves, les projets, les id\u00e9es prennent forme d&rsquo;une mani\u00e8re encore plus grandiose qu\u2019on ne l\u2019aurait imagin\u00e9.<\/p>\n\n\n\n<p>L\u2019adaptation est la cl\u00e9. Chaque \u00e9volution, chaque nouveau d\u00e9fi est une chance de se d\u00e9couvrir sous un jour nouveau. Vous avez la possibilit\u00e9 de vous r\u00e9inventer \u00e0 chaque \u00e9tape de votre vie. Les id\u00e9es qui hier semblaient irr\u00e9alisables sont d\u00e9sormais \u00e0 port\u00e9e de main. C\u2019est en restant ouvert aux nouvelles fa\u00e7ons de penser et de travailler que vous d\u00e9couvrirez les chemins inexplor\u00e9s qui m\u00e8nent \u00e0 votre succ\u00e8s personnel.<\/p>\n\n\n\n<p><strong>Ne freinez pas le mouvement, faites-en partie<\/strong><\/p>\n\n\n\n<p>L\u2019univers du possible s\u2019\u00e9tend bien plus loin que ce que vous pouvez percevoir. N\u2019ayez pas peur d\u2019avancer, d\u2019\u00e9voluer, de prendre des risques. Tout autour de vous \u00e9volue et vous aussi, vous pouvez faire partie de cette dynamique. Chaque jour est un cadeau, une chance de grandir, d\u2019apprendre, de briller.<\/p>\n\n\n\n<p>Le monde change, les gens changent, et vous avez en vous tout ce qu\u2019il faut pour faire partie de cette transformation. Ne laissez pas la vitesse du monde vous effrayer. Embracez-la. Parce que, au final, c&rsquo;est dans ce tourbillon que r\u00e9side votre avenir.<\/p>\n","protected":false},"excerpt":{"rendered":"<p>Dans un monde en perp\u00e9tuelle \u00e9volution, il est impossible de rester fig\u00e9. Le changement est la seule constante \u00e0 laquelle nous devons nous adapter, et aujourd&rsquo;hui plus que jamais, tout autour de nous se transforme \u00e0 une vitesse fulgurante. Que&#8230; <a href=\"https:\/\/guido-saverio-coach.com\/?page_id=1642\" class=\"readmore\">Read more<span class=\"screen-reader-text\">Le Monde Change, Les Gens Changent, Tout Se Transforme et Avance de Plus en Plus Vite<\/span><span class=\"fa fa-angle-double-right\" aria-hidden=\"true\"><\/span><\/a><\/p>\n","protected":false},"author":1,"featured_media":0,"parent":0,"menu_order":0,"comment_status":"closed","ping_status":"closed","template":"","meta":{"footnotes":""},"_links":{"self":[{"href":"https:\/\/guido-saverio-coach.com\/index.php?rest_route=\/wp\/v2\/pages\/1642"}],"collection":[{"href":"https:\/\/guido-saverio-coach.com\/index.php?rest_route=\/wp\/v2\/pages"}],"about":[{"href":"https:\/\/guido-saverio-coach.com\/index.php?rest_route=\/wp\/v2\/types\/page"}],"author":[{"embeddable":true,"href":"https:\/\/guido-saverio-coach.com\/index.php?rest_route=\/wp\/v2\/users\/1"}],"replies":[{"embeddable":true,"href":"https:\/\/guido-saverio-coach.com\/index.php?rest_route=%2Fwp%2Fv2%2Fcomments&post=1642"}],"version-history":[{"count":1,"href":"https:\/\/guido-saverio-coach.com\/index.php?rest_route=\/wp\/v2\/pages\/1642\/revisions"}],"predecessor-version":[{"id":1644,"href":"https:\/\/guido-saverio-coach.com\/index.php?rest_route=\/wp\/v2\/pages\/1642\/revisions\/1644"}],"wp:attachment":[{"href":"https:\/\/guido-saverio-coach.com\/index.php?rest_route=%2Fwp%2Fv2%2Fmedia&parent=1642"}],"curies":[{"name":"wp","href":"https:\/\/api.w.org\/{rel}","templated":true}]}}