{"id":166,"date":"2023-08-22T22:29:33","date_gmt":"2023-08-22T20:29:33","guid":{"rendered":"https:\/\/guido-saverio-coach.com\/?page_id=166"},"modified":"2024-07-25T12:24:48","modified_gmt":"2024-07-25T10:24:48","slug":"livre-comment-les-reves-deviennent-realite","status":"publish","type":"page","link":"https:\/\/guido-saverio-coach.com\/?page_id=166","title":{"rendered":"LIVRE&#8211;Comment les R\u00eaves Deviennent R\u00e9alit\u00e9"},"content":{"rendered":"\n<p>De l&rsquo;Id\u00e9e \u00e0 la R\u00e9alisation : Comment les R\u00eaves Deviennent R\u00e9alit\u00e9<\/p>\n\n\n\n<p>Toute personne qui r\u00e9ussit avait un r\u00eave et l\u2019a poursuivi jusqu\u2019au bout<\/p>\n\n\n\n<p>Guido SAVERIO<\/p>\n\n\n<div class=\"wp-block-image\">\n<figure class=\"aligncenter size-large is-resized\"><img loading=\"lazy\" decoding=\"async\" src=\"https:\/\/guido-saverio-coach.com\/wp-content\/uploads\/2023\/08\/Comment-les-Reves-Deviennent-Realite-1-1-642x1024.png\" alt=\"\" class=\"wp-image-168\" style=\"width:350px;height:559px\" width=\"350\" height=\"559\" srcset=\"https:\/\/guido-saverio-coach.com\/wp-content\/uploads\/2023\/08\/Comment-les-Reves-Deviennent-Realite-1-1-642x1024.png 642w, https:\/\/guido-saverio-coach.com\/wp-content\/uploads\/2023\/08\/Comment-les-Reves-Deviennent-Realite-1-1-188x300.png 188w, https:\/\/guido-saverio-coach.com\/wp-content\/uploads\/2023\/08\/Comment-les-Reves-Deviennent-Realite-1-1-768x1226.png 768w, https:\/\/guido-saverio-coach.com\/wp-content\/uploads\/2023\/08\/Comment-les-Reves-Deviennent-Realite-1-1-963x1536.png 963w, https:\/\/guido-saverio-coach.com\/wp-content\/uploads\/2023\/08\/Comment-les-Reves-Deviennent-Realite-1-1-1283x2048.png 1283w, https:\/\/guido-saverio-coach.com\/wp-content\/uploads\/2023\/08\/Comment-les-Reves-Deviennent-Realite-1-1.png 1410w\" sizes=\"(max-width: 350px) 100vw, 350px\" \/><\/figure><\/div>\n\n\n<p><strong>Sommaire<\/strong><\/p>\n\n\n\n<p><strong>AVANT PROPOS<\/strong><\/p>\n\n\n\n<figure class=\"wp-block-audio\"><audio controls src=\"https:\/\/guido-saverio-coach.com\/wp-content\/uploads\/2023\/08\/Avant-Propos-Comment-les-Reves-Deviennent-Realite.mp3\"><\/audio><\/figure>\n\n\n\n<p><strong>Introduction<\/strong><\/p>\n\n\n\n<ul>\n<li>L&rsquo;importance des r\u00eaves dans la vie humaine<\/li>\n\n\n\n<li>Lien entre les r\u00eaves et la r\u00e9alisation personnelle<\/li>\n\n\n\n<li>Pr\u00e9sentation des \u00e9l\u00e9ments cl\u00e9s pour transformer les r\u00eaves en r\u00e9alit\u00e9<\/li>\n<\/ul>\n\n\n\n<figure class=\"wp-block-audio\"><audio controls src=\"https:\/\/guido-saverio-coach.com\/wp-content\/uploads\/2023\/08\/INTRODUCTION.mp3\"><\/audio><\/figure>\n\n\n\n<p><strong>Chapitre 1 : La Naissance des R\u00eaves<\/strong><\/p>\n\n\n\n<ul>\n<li>Exploration de la gen\u00e8se des r\u00eaves et aspirations personnelles<\/li>\n\n\n\n<li>Comment les r\u00eaves se d\u00e9veloppent \u00e0 partir de l&rsquo;imagination et des d\u00e9sirs<\/li>\n\n\n\n<li>L&rsquo;influence de l&rsquo;enfance et des exp\u00e9riences sur la formation des r\u00eaves<\/li>\n<\/ul>\n\n\n\n<figure class=\"wp-block-audio\"><audio controls src=\"https:\/\/guido-saverio-coach.com\/wp-content\/uploads\/2023\/08\/Chapitre-1-La-Naissance-des-Reves.mp3\"><\/audio><\/figure>\n\n\n\n<p><strong>Chapitre 2 : De l&rsquo;Id\u00e9e \u00e0 la Vision<\/strong><\/p>\n\n\n\n<ul>\n<li>Transformer une simple id\u00e9e en une vision claire et d\u00e9finie<\/li>\n\n\n\n<li>L&rsquo;importance de la visualisation dans la concr\u00e9tisation des r\u00eaves<\/li>\n\n\n\n<li>Comment articuler ses objectifs \u00e0 long terme en une vision inspirante<\/li>\n<\/ul>\n\n\n\n<figure class=\"wp-block-audio\"><audio controls src=\"https:\/\/guido-saverio-coach.com\/wp-content\/uploads\/2023\/08\/Chapitre-2-De-lIdee-a-la-Vision.mp3\"><\/audio><\/figure>\n\n\n\n<p><strong>Chapitre 3 : Planification Strat\u00e9gique<\/strong><\/p>\n\n\n\n<ul>\n<li>La cr\u00e9ation d&rsquo;un plan d&rsquo;action r\u00e9aliste pour atteindre la vision<\/li>\n\n\n\n<li>Identifier les \u00e9tapes n\u00e9cessaires pour passer de l&rsquo;id\u00e9e \u00e0 la r\u00e9alit\u00e9<\/li>\n\n\n\n<li>Int\u00e9grer la planification dans la vie quotidienne et les d\u00e9fis potentiels<\/li>\n<\/ul>\n\n\n\n<figure class=\"wp-block-audio\"><audio controls src=\"https:\/\/guido-saverio-coach.com\/wp-content\/uploads\/2023\/08\/Chapitre-3-Planification-Strategique.mp3\"><\/audio><\/figure>\n\n\n\n<p><strong>Chapitre 4 : Pers\u00e9v\u00e9rance In\u00e9branlable<\/strong><\/p>\n\n\n\n<ul>\n<li>Explorer le r\u00f4le crucial de la pers\u00e9v\u00e9rance dans la r\u00e9alisation des r\u00eaves<\/li>\n\n\n\n<li>G\u00e9rer les \u00e9checs et les obstacles comme des opportunit\u00e9s d&rsquo;apprentissage<\/li>\n\n\n\n<li>T\u00e9moignages de r\u00e9ussites obtenues gr\u00e2ce \u00e0 une d\u00e9termination in\u00e9branlable<\/li>\n<\/ul>\n\n\n\n<figure class=\"wp-block-audio\"><audio controls src=\"https:\/\/guido-saverio-coach.com\/wp-content\/uploads\/2023\/08\/Chapitre-4-Perseverance-Inebranlable.mp3\"><\/audio><\/figure>\n\n\n\n<p><strong>Chapitre 5 : Action et Engagement<\/strong><\/p>\n\n\n\n<ul>\n<li>Passer de la planification \u00e0 l&rsquo;action concr\u00e8te<\/li>\n\n\n\n<li>L&rsquo;importance de l&rsquo;engagement envers ses objectifs et sa vision<\/li>\n\n\n\n<li>Comment maintenir une discipline personnelle pour avancer vers la r\u00e9alisation<\/li>\n<\/ul>\n\n\n\n<figure class=\"wp-block-audio\"><audio controls src=\"https:\/\/guido-saverio-coach.com\/wp-content\/uploads\/2023\/08\/Chapitre-5-Action-et-Engagement.mp3\"><\/audio><\/figure>\n\n\n\n<p><strong>Chapitre 6 : Adaptation et Flexibilit\u00e9<\/strong><\/p>\n\n\n\n<ul>\n<li>Savoir s&rsquo;adapter aux changements de circonstances et de plan<\/li>\n\n\n\n<li>Reconna\u00eetre quand ajuster ses strat\u00e9gies tout en restant fid\u00e8le \u00e0 sa vision<\/li>\n\n\n\n<li>\u00c9tudes de cas d&rsquo;individus c\u00e9l\u00e8bres qui ont su pivoter vers le succ\u00e8s<\/li>\n<\/ul>\n\n\n\n<figure class=\"wp-block-audio\"><audio controls src=\"https:\/\/guido-saverio-coach.com\/wp-content\/uploads\/2023\/08\/Chapitre-6-Adaptation-et-Flexibilite.mp3\"><\/audio><\/figure>\n\n\n\n<p><strong>Chapitre 7 : Collaboration et R\u00e9seautage<\/strong><\/p>\n\n\n\n<ul>\n<li>L&rsquo;impact positif des relations et du r\u00e9seautage sur la r\u00e9alisation des r\u00eaves<\/li>\n\n\n\n<li>Comment tirer parti du soutien et des id\u00e9es des autres<\/li>\n\n\n\n<li>Conseils pour \u00e9tablir des partenariats fructueux en vue d&rsquo;atteindre ses objectifs<\/li>\n<\/ul>\n\n\n\n<figure class=\"wp-block-audio\"><audio controls src=\"https:\/\/guido-saverio-coach.com\/wp-content\/uploads\/2023\/08\/Chapitre-7-Collaboration-et-Reseautage.mp3\"><\/audio><\/figure>\n\n\n\n<p><strong>Chapitre 8 : C\u00e9l\u00e9brer les Victoires et Poursuivre l&rsquo;\u00c9volution<\/strong><\/p>\n\n\n\n<ul>\n<li>Reconna\u00eetre et c\u00e9l\u00e9brer les \u00e9tapes interm\u00e9diaires de r\u00e9ussite<\/li>\n\n\n\n<li>Comment maintenir sa motivation et son \u00e9lan apr\u00e8s avoir atteint des objectifs<\/li>\n\n\n\n<li>Envisager l&rsquo;\u00e9volution continue et l&rsquo;\u00e9largissement des r\u00eaves<\/li>\n<\/ul>\n\n\n\n<figure class=\"wp-block-audio\"><audio controls src=\"https:\/\/guido-saverio-coach.com\/wp-content\/uploads\/2023\/08\/Chapitre-8-Celebrer-les-Victoires-et-Poursuivre-lEvolution.mp3\"><\/audio><\/figure>\n\n\n\n<p><strong>Conclusion<\/strong><\/p>\n\n\n\n<ul>\n<li>R\u00e9capitulation des principaux enseignements pour r\u00e9aliser ses r\u00eaves<\/li>\n\n\n\n<li>Encouragement \u00e0 mettre en pratique les concepts discut\u00e9s<\/li>\n\n\n\n<li>L&rsquo;invitation \u00e0 voir la r\u00e9alisation des r\u00eaves comme un voyage enrichissant<\/li>\n<\/ul>\n\n\n\n<figure class=\"wp-block-audio\"><audio controls src=\"https:\/\/guido-saverio-coach.com\/wp-content\/uploads\/2023\/08\/Conclusion-2.mp3\"><\/audio><\/figure>\n\n\n\n<p><strong>10 EXEMPLES CONCRETS<\/strong><\/p>\n\n\n\n<p><strong>10 t\u00e9moignages illustran<\/strong>t comment le livre et les modules de formation sur le sujet \u00ab\u00a0De l&rsquo;Id\u00e9e \u00e0 la R\u00e9alisation : Comment les R\u00eaves Deviennent R\u00e9alit\u00e9\u00a0\u00bb ont aid\u00e9 diff\u00e9rentes personnes \u00e0 poursuivre leurs r\u00eaves et atteindre le succ\u00e8s<\/p>\n\n\n\n<figure class=\"wp-block-audio\"><audio controls src=\"https:\/\/guido-saverio-coach.com\/wp-content\/uploads\/2023\/08\/10-EXEMPLES-CONCRETS.mp3\"><\/audio><\/figure>\n\n\n\n<p><strong>TEMOIGNAGES<\/strong><\/p>\n\n\n\n<p><\/p>\n\n\n\n<figure class=\"wp-block-audio\"><audio controls src=\"https:\/\/guido-saverio-coach.com\/wp-content\/uploads\/2023\/08\/voici-10-temoignages.mp3\"><\/audio><\/figure>\n\n\n\n<p><\/p>\n\n\n\n<p><strong>Annexes<\/strong><\/p>\n\n\n\n<ul>\n<li>Exercices pratiques pour d\u00e9finir sa vision et cr\u00e9er un plan d&rsquo;action<\/li>\n<\/ul>\n\n\n\n<figure class=\"wp-block-audio\"><audio controls src=\"https:\/\/guido-saverio-coach.com\/wp-content\/uploads\/2023\/08\/Exercices-pratiques-pour-definir-sa-vision-et-creer-un-plan-daction.mp3\"><\/audio><\/figure>\n\n\n\n<ul>\n<li><\/li>\n\n\n\n<li>Glossaire des termes cl\u00e9s utilis\u00e9s dans le livre<\/li>\n<\/ul>\n\n\n\n<figure class=\"wp-block-audio\"><audio controls src=\"https:\/\/guido-saverio-coach.com\/wp-content\/uploads\/2023\/08\/Glossaire-des-Termes-Cles.mp3\"><\/audio><\/figure>\n\n\n\n<p><\/p>\n\n\n\n<p><strong>LE MOT DE LA FIN<\/strong><\/p>\n\n\n\n<figure class=\"wp-block-audio\"><audio controls src=\"https:\/\/guido-saverio-coach.com\/wp-content\/uploads\/2023\/08\/Le-Mot-de-la-Fin-1.mp3\"><\/audio><\/figure>\n","protected":false},"excerpt":{"rendered":"<p>De l&rsquo;Id\u00e9e \u00e0 la R\u00e9alisation : Comment les R\u00eaves Deviennent R\u00e9alit\u00e9 Toute personne qui r\u00e9ussit avait un r\u00eave et l\u2019a poursuivi jusqu\u2019au bout Guido SAVERIO Sommaire AVANT PROPOS Introduction Chapitre 1 : La Naissance des R\u00eaves Chapitre 2 : De&#8230; <a href=\"https:\/\/guido-saverio-coach.com\/?page_id=166\" class=\"readmore\">Read more<span class=\"screen-reader-text\">LIVRE&#8211;Comment les R\u00eaves Deviennent R\u00e9alit\u00e9<\/span><span class=\"fa fa-angle-double-right\" aria-hidden=\"true\"><\/span><\/a><\/p>\n","protected":false},"author":1,"featured_media":0,"parent":0,"menu_order":0,"comment_status":"closed","ping_status":"closed","template":"","meta":{"footnotes":""},"_links":{"self":[{"href":"https:\/\/guido-saverio-coach.com\/index.php?rest_route=\/wp\/v2\/pages\/166"}],"collection":[{"href":"https:\/\/guido-saverio-coach.com\/index.php?rest_route=\/wp\/v2\/pages"}],"about":[{"href":"https:\/\/guido-saverio-coach.com\/index.php?rest_route=\/wp\/v2\/types\/page"}],"author":[{"embeddable":true,"href":"https:\/\/guido-saverio-coach.com\/index.php?rest_route=\/wp\/v2\/users\/1"}],"replies":[{"embeddable":true,"href":"https:\/\/guido-saverio-coach.com\/index.php?rest_route=%2Fwp%2Fv2%2Fcomments&post=166"}],"version-history":[{"count":3,"href":"https:\/\/guido-saverio-coach.com\/index.php?rest_route=\/wp\/v2\/pages\/166\/revisions"}],"predecessor-version":[{"id":1008,"href":"https:\/\/guido-saverio-coach.com\/index.php?rest_route=\/wp\/v2\/pages\/166\/revisions\/1008"}],"wp:attachment":[{"href":"https:\/\/guido-saverio-coach.com\/index.php?rest_route=%2Fwp%2Fv2%2Fmedia&parent=166"}],"curies":[{"name":"wp","href":"https:\/\/api.w.org\/{rel}","templated":true}]}}