{"id":1674,"date":"2024-11-29T00:32:05","date_gmt":"2024-11-28T23:32:05","guid":{"rendered":"https:\/\/guido-saverio-coach.com\/?page_id=1674"},"modified":"2024-11-29T00:32:05","modified_gmt":"2024-11-28T23:32:05","slug":"guide-pratique-pour-debutants-dans-le-minimalisme-2","status":"publish","type":"page","link":"https:\/\/guido-saverio-coach.com\/?page_id=1674","title":{"rendered":"Guide Pratique pour D\u00e9butants dans le Minimalisme"},"content":{"rendered":"\n<h3 class=\"wp-block-heading\">La M\u00e9thode Rapide \u00ab\u00a0Solutions Instantan\u00e9es\u00a0\u00bb<\/h3>\n\n\n\n<div class=\"wp-block-columns is-layout-flex wp-container-core-columns-is-layout-1 wp-block-columns-is-layout-flex\">\n<div class=\"wp-block-column is-layout-flow wp-block-column-is-layout-flow\"><\/div>\n\n\n\n<div class=\"wp-block-column is-layout-flow wp-block-column-is-layout-flow\"><div class=\"wp-block-image\">\n<figure class=\"aligncenter size-full is-resized\"><img loading=\"lazy\" decoding=\"async\" width=\"267\" height=\"302\" src=\"https:\/\/guido-saverio-coach.com\/wp-content\/uploads\/2024\/11\/Capture-decran-2024-11-29-001916-2.png\" alt=\"\" class=\"wp-image-1675\" style=\"width:134px;height:auto\" srcset=\"https:\/\/guido-saverio-coach.com\/wp-content\/uploads\/2024\/11\/Capture-decran-2024-11-29-001916-2.png 267w, https:\/\/guido-saverio-coach.com\/wp-content\/uploads\/2024\/11\/Capture-decran-2024-11-29-001916-2-265x300.png 265w\" sizes=\"(max-width: 267px) 100vw, 267px\" \/><\/figure><\/div><\/div>\n\n\n\n<div class=\"wp-block-column is-layout-flow wp-block-column-is-layout-flow\"><\/div>\n<\/div>\n\n\n\n<blockquote class=\"wp-block-quote is-layout-flow wp-block-quote-is-layout-flow\">\n<p><strong>Et si tout devenait simple, rapide, imm\u00e9diat ?<\/strong><br>Imaginez un quotidien all\u00e9g\u00e9, lib\u00e9r\u00e9 du superflu, o\u00f9 chaque objet, chaque d\u00e9cision et chaque espace respire la s\u00e9r\u00e9nit\u00e9. Plus de fouillis, plus d\u2019h\u00e9sitations : votre vie minimaliste commence aujourd&rsquo;hui, simplement et efficacement. Vous m\u00e9ritez la clart\u00e9. Vous m\u00e9ritez l&rsquo;harmonie. Avec ce guide pratique, le minimalisme n\u2019est plus une montagne \u00e0 gravir, mais un chemin clair et accessible. Respirez. Souriez. La simplicit\u00e9 est \u00e0 port\u00e9e de main.<\/p>\n<\/blockquote>\n\n\n\n<hr class=\"wp-block-separator has-alpha-channel-opacity\"\/>\n\n\n\n<h4 class=\"wp-block-heading\"><strong>\u00c9tape 1 : Le D\u00e9fi des 15 Minutes<\/strong><\/h4>\n\n\n\n<p><strong>Objectif<\/strong> : Commencez petit, mais commencez maintenant.<\/p>\n\n\n\n<ul>\n<li>R\u00e9glez un minuteur sur 15 minutes.<\/li>\n\n\n\n<li>Choisissez un espace r\u00e9duit (un tiroir, une \u00e9tag\u00e8re, votre sac \u00e0 main).<\/li>\n\n\n\n<li>Posez-vous une question cl\u00e9 : <em>\u00ab\u00a0Est-ce que cet objet m\u2019apporte r\u00e9ellement de la valeur ou de la joie ?\u00a0\u00bb<\/em>.<\/li>\n\n\n\n<li>D\u00e9cidez rapidement : gardez, donnez, ou jetez.<\/li>\n<\/ul>\n\n\n\n<p><strong>Astuce<\/strong> : Ce premier pas vous donnera un \u00e9lan. La simplicit\u00e9 invite \u00e0 l&rsquo;action.<\/p>\n\n\n\n<hr class=\"wp-block-separator has-alpha-channel-opacity\"\/>\n\n\n\n<h4 class=\"wp-block-heading\"><strong>\u00c9tape 2 : La R\u00e8gle des 3 Questions<\/strong><\/h4>\n\n\n\n<p>Chaque fois que vous faites face \u00e0 un objet ou \u00e0 une d\u00e9cision :<\/p>\n\n\n\n<ol>\n<li><strong>Est-ce utile ?<\/strong> Si oui, gardez-le. Sinon, passez \u00e0 la question suivante.<\/li>\n\n\n\n<li><strong>Est-ce pr\u00e9cieux ?<\/strong> Si cela a une valeur sentimentale forte, r\u00e9fl\u00e9chissez \u00e0 comment l&rsquo;honorer sans encombrer.<\/li>\n\n\n\n<li><strong>Est-ce rempla\u00e7able ?<\/strong> Si oui, laissez-le partir.<\/li>\n<\/ol>\n\n\n\n<p><strong>Astuce<\/strong> : R\u00e9p\u00e9tez cette m\u00e9thode dans chaque espace de votre maison. Vous serez surpris de la rapidit\u00e9 avec laquelle vous gagnez en clart\u00e9.<\/p>\n\n\n\n<hr class=\"wp-block-separator has-alpha-channel-opacity\"\/>\n\n\n\n<h4 class=\"wp-block-heading\"><strong>\u00c9tape 3 : Le \u00ab\u00a01 Entr\u00e9e = 1 Sortie\u00a0\u00bb<\/strong><\/h4>\n\n\n\n<p><strong>Objectif<\/strong> : Maintenir la simplicit\u00e9 \u00e0 long terme.<\/p>\n\n\n\n<ul>\n<li>Chaque fois qu\u2019un nouvel objet entre chez vous, un autre doit sortir.<\/li>\n\n\n\n<li>Appliquez cela \u00e0 tout : v\u00eatements, gadgets, ou m\u00eame engagements dans votre agenda.<\/li>\n<\/ul>\n\n\n\n<p><strong>Astuce<\/strong> : Cela transforme le minimalisme en un r\u00e9flexe naturel.<\/p>\n\n\n\n<hr class=\"wp-block-separator has-alpha-channel-opacity\"\/>\n\n\n\n<h4 class=\"wp-block-heading\"><strong>\u00c9tape 4 : La Liste des Essentiels<\/strong><\/h4>\n\n\n\n<ul>\n<li>Prenez une feuille ou une note sur votre t\u00e9l\u00e9phone.<\/li>\n\n\n\n<li>Notez les 10 choses essentielles dans votre vie (objets, activit\u00e9s ou relations).<\/li>\n\n\n\n<li>Gardez cette liste en t\u00eate pour rester focalis\u00e9 sur ce qui compte vraiment.<\/li>\n<\/ul>\n\n\n\n<p><strong>Astuce<\/strong> : Relisez cette liste d\u00e8s que vous ressentez l\u2019envie d\u2019ajouter quelque chose \u00e0 votre vie.<\/p>\n\n\n\n<hr class=\"wp-block-separator has-alpha-channel-opacity\"\/>\n\n\n\n<h4 class=\"wp-block-heading\"><strong>\u00c9tape 5 : Vivez l\u2019Exp\u00e9rience Minimaliste Imm\u00e9diatement<\/strong><\/h4>\n\n\n\n<p>Prenez un moment, maintenant, pour observer l\u2019espace que vous venez de simplifier.<\/p>\n\n\n\n<ul>\n<li>Respirez profond\u00e9ment.<\/li>\n\n\n\n<li>Ressentez le soulagement de ne plus \u00eatre submerg\u00e9.<\/li>\n\n\n\n<li>F\u00e9licitez-vous d\u2019avoir fait le premier pas vers une vie plus l\u00e9g\u00e8re.<\/li>\n<\/ul>\n\n\n\n<p><strong>Astuce<\/strong> : R\u00e9p\u00e9tez l\u2019exp\u00e9rience chaque jour, m\u00eame pendant seulement 5 minutes.<\/p>\n\n\n\n<hr class=\"wp-block-separator has-alpha-channel-opacity\"\/>\n\n\n\n<p><strong>Rappelez-vous :<\/strong><br>La simplicit\u00e9 est une porte ouverte vers plus de libert\u00e9, de clart\u00e9 et de joie. Avec la m\u00e9thode \u00ab\u00a0Solutions Instantan\u00e9es\u00a0\u00bb, chaque petit geste compte et vous rapproche d\u2019un quotidien plus minimaliste.<\/p>\n\n\n\n<p>Respirez. Souriez. Votre nouvelle vie a d\u00e9j\u00e0 commenc\u00e9.<\/p>\n\n\n\n<p><strong><em><a href=\"https:\/\/guido-saverio-coach.com\/\" data-type=\"link\" data-id=\"https:\/\/guido-saverio-coach.com\/\">GUIDO SAVERIO<\/a><\/em><\/strong><\/p>\n","protected":false},"excerpt":{"rendered":"<p>La M\u00e9thode Rapide \u00ab\u00a0Solutions Instantan\u00e9es\u00a0\u00bb Et si tout devenait simple, rapide, imm\u00e9diat ?Imaginez un quotidien all\u00e9g\u00e9, lib\u00e9r\u00e9 du superflu, o\u00f9 chaque objet, chaque d\u00e9cision et chaque espace respire la s\u00e9r\u00e9nit\u00e9. Plus de fouillis, plus d\u2019h\u00e9sitations : votre vie minimaliste commence&#8230; <a href=\"https:\/\/guido-saverio-coach.com\/?page_id=1674\" class=\"readmore\">Read more<span class=\"screen-reader-text\">Guide Pratique pour D\u00e9butants dans le Minimalisme<\/span><span class=\"fa fa-angle-double-right\" aria-hidden=\"true\"><\/span><\/a><\/p>\n","protected":false},"author":1,"featured_media":0,"parent":0,"menu_order":0,"comment_status":"closed","ping_status":"closed","template":"","meta":{"footnotes":""},"_links":{"self":[{"href":"https:\/\/guido-saverio-coach.com\/index.php?rest_route=\/wp\/v2\/pages\/1674"}],"collection":[{"href":"https:\/\/guido-saverio-coach.com\/index.php?rest_route=\/wp\/v2\/pages"}],"about":[{"href":"https:\/\/guido-saverio-coach.com\/index.php?rest_route=\/wp\/v2\/types\/page"}],"author":[{"embeddable":true,"href":"https:\/\/guido-saverio-coach.com\/index.php?rest_route=\/wp\/v2\/users\/1"}],"replies":[{"embeddable":true,"href":"https:\/\/guido-saverio-coach.com\/index.php?rest_route=%2Fwp%2Fv2%2Fcomments&post=1674"}],"version-history":[{"count":1,"href":"https:\/\/guido-saverio-coach.com\/index.php?rest_route=\/wp\/v2\/pages\/1674\/revisions"}],"predecessor-version":[{"id":1677,"href":"https:\/\/guido-saverio-coach.com\/index.php?rest_route=\/wp\/v2\/pages\/1674\/revisions\/1677"}],"wp:attachment":[{"href":"https:\/\/guido-saverio-coach.com\/index.php?rest_route=%2Fwp%2Fv2%2Fmedia&parent=1674"}],"curies":[{"name":"wp","href":"https:\/\/api.w.org\/{rel}","templated":true}]}}