{"id":1690,"date":"2024-11-29T19:55:38","date_gmt":"2024-11-29T18:55:38","guid":{"rendered":"https:\/\/guido-saverio-coach.com\/?page_id=1690"},"modified":"2024-12-17T12:41:58","modified_gmt":"2024-12-17T11:41:58","slug":"maitriser-votre-emploi-du-temps-astuces-de-productivite-instantanees","status":"publish","type":"page","link":"https:\/\/guido-saverio-coach.com\/?page_id=1690","title":{"rendered":"Ma\u00eetriser Votre Emploi du Temps \u2013 Astuces de Productivit\u00e9 Instantan\u00e9es"},"content":{"rendered":"\n<p><strong>M\u00e9thode rapide :<\/strong><\/p>\n\n\n\n<blockquote class=\"wp-block-quote is-layout-flow wp-block-quote-is-layout-flow\">\n<p>\u00ab\u00a0Et si tout devenait simple, rapide, imm\u00e9diat ? Imaginez un emploi du temps parfaitement ma\u00eetris\u00e9, o\u00f9 chaque minute est optimis\u00e9e pour vous apporter plus de r\u00e9sultats et moins de stress. Plus de procrastination, plus de confusion : chaque t\u00e2che trouve sa place\u2026 maintenant. Vous m\u00e9ritez d&rsquo;\u00eatre productif, vous m\u00e9ritez d\u2019\u00eatre en contr\u00f4le. Avec ces astuces de productivit\u00e9, tout ce dont vous avez besoin est \u00e0 port\u00e9e de main. Parce qu&rsquo;agir vite, c\u2019est avancer plus efficacement. Respirez. Organisez. Le temps est votre alli\u00e9. La solution est d\u00e9j\u00e0 l\u00e0. Il ne vous reste qu&rsquo;\u00e0 l\u2019adopter.\u00a0\u00bb<\/p>\n<\/blockquote>\n\n\n\n<hr class=\"wp-block-separator has-alpha-channel-opacity\"\/>\n\n\n\n<p><strong>D\u00e9tails de la m\u00e9thode :<\/strong><\/p>\n\n\n\n<ol>\n<li><strong>Priorisez en un instant :<\/strong> Utilisez la technique de la <strong><em><a href=\"https:\/\/guido-saverio-coach.com\/?page_id=1761\">matrice d&rsquo;Eisenhower<\/a><\/em><\/strong> pour distinguer l&rsquo;urgent de l&rsquo;important. Classez vos t\u00e2ches en fonction de leur impact et agissez imm\u00e9diatement sur les priorit\u00e9s.<\/li>\n\n\n\n<li><strong>Planifiez chaque minute :<\/strong> Divisez vos journ\u00e9es en blocs de temps de 25 \u00e0 30 minutes (m\u00e9thode Pomodoro) pour rester concentr\u00e9 et productif, tout en prenant des pauses r\u00e9guli\u00e8res pour garder votre \u00e9nergie.<\/li>\n\n\n\n<li><strong>\u00c9liminez les distractions :<\/strong> Mettez en place un environnement sans interruption : d\u00e9sactivez les notifications, r\u00e9servez des plages horaires pour vos t\u00e2ches importantes et cr\u00e9ez une routine qui optimise votre attention.<\/li>\n\n\n\n<li><strong>D\u00e9l\u00e9guez sans h\u00e9siter :<\/strong> Identifiez ce qui peut \u00eatre confi\u00e9 \u00e0 d\u2019autres et ne gardez pour vous que les t\u00e2ches o\u00f9 votre expertise ou votre attention est essentielle.<\/li>\n\n\n\n<li><strong>\u00c9valuez chaque fin de journ\u00e9e :<\/strong> Prenez 5 minutes pour \u00e9valuer ce qui a \u00e9t\u00e9 accompli et r\u00e9ajustez votre emploi du temps pour le lendemain. Cette r\u00e9vision rapide assure une productivit\u00e9 continue.<\/li>\n<\/ol>\n\n\n\n<hr class=\"wp-block-separator has-alpha-channel-opacity\"\/>\n\n\n\n<p><strong>Conclusion :<\/strong> Vous avez le pouvoir de transformer votre emploi du temps d\u00e8s aujourd&rsquo;hui. Parce qu\u2019en ma\u00eetrisant chaque minute, vous prenez le contr\u00f4le de vos journ\u00e9es et atteignez vos objectifs plus vite. La solution est \u00e0 port\u00e9e de main, il vous suffit de l&rsquo;appliquer.<\/p>\n\n\n\n<p>GUIDO SAVERIO<\/p>\n","protected":false},"excerpt":{"rendered":"<p>M\u00e9thode rapide : \u00ab\u00a0Et si tout devenait simple, rapide, imm\u00e9diat ? Imaginez un emploi du temps parfaitement ma\u00eetris\u00e9, o\u00f9 chaque minute est optimis\u00e9e pour vous apporter plus de r\u00e9sultats et moins de stress. Plus de procrastination, plus de confusion :&#8230; <a href=\"https:\/\/guido-saverio-coach.com\/?page_id=1690\" class=\"readmore\">Read more<span class=\"screen-reader-text\">Ma\u00eetriser Votre Emploi du Temps \u2013 Astuces de Productivit\u00e9 Instantan\u00e9es<\/span><span class=\"fa fa-angle-double-right\" aria-hidden=\"true\"><\/span><\/a><\/p>\n","protected":false},"author":1,"featured_media":0,"parent":0,"menu_order":0,"comment_status":"closed","ping_status":"closed","template":"","meta":{"footnotes":""},"_links":{"self":[{"href":"https:\/\/guido-saverio-coach.com\/index.php?rest_route=\/wp\/v2\/pages\/1690"}],"collection":[{"href":"https:\/\/guido-saverio-coach.com\/index.php?rest_route=\/wp\/v2\/pages"}],"about":[{"href":"https:\/\/guido-saverio-coach.com\/index.php?rest_route=\/wp\/v2\/types\/page"}],"author":[{"embeddable":true,"href":"https:\/\/guido-saverio-coach.com\/index.php?rest_route=\/wp\/v2\/users\/1"}],"replies":[{"embeddable":true,"href":"https:\/\/guido-saverio-coach.com\/index.php?rest_route=%2Fwp%2Fv2%2Fcomments&post=1690"}],"version-history":[{"count":2,"href":"https:\/\/guido-saverio-coach.com\/index.php?rest_route=\/wp\/v2\/pages\/1690\/revisions"}],"predecessor-version":[{"id":1765,"href":"https:\/\/guido-saverio-coach.com\/index.php?rest_route=\/wp\/v2\/pages\/1690\/revisions\/1765"}],"wp:attachment":[{"href":"https:\/\/guido-saverio-coach.com\/index.php?rest_route=%2Fwp%2Fv2%2Fmedia&parent=1690"}],"curies":[{"name":"wp","href":"https:\/\/api.w.org\/{rel}","templated":true}]}}