{"id":1725,"date":"2024-12-04T16:15:25","date_gmt":"2024-12-04T15:15:25","guid":{"rendered":"https:\/\/guido-saverio-coach.com\/?page_id=1725"},"modified":"2024-12-04T16:17:39","modified_gmt":"2024-12-04T15:17:39","slug":"retrouver-sa-passion-nest-pas-une-course-mais-une-aventure-personnelle-remplie-de-decouvertes","status":"publish","type":"page","link":"https:\/\/guido-saverio-coach.com\/?page_id=1725","title":{"rendered":"Retrouver sa passion n\u2019est pas une course, mais une aventure personnelle remplie de d\u00e9couvertes"},"content":{"rendered":"\n<p>Chacun de nous, \u00e0 un moment ou \u00e0 un autre, a ressenti cette petite \u00e9tincelle, ce feu int\u00e9rieur qui nous pousse \u00e0 explorer, \u00e0 cr\u00e9er et \u00e0 nous d\u00e9passer. Mais avec les exigences du quotidien, il arrive souvent que cette passion, cette flamme, s\u2019\u00e9teigne ou se cache dans l\u2019ombre de nos responsabilit\u00e9s. Pourtant, retrouver sa passion n\u2019est pas une course \u00e0 l\u2019\u00e9chalote o\u00f9 l\u2019on court apr\u00e8s un objectif pr\u00e9cis. Non, c\u2019est bien plus que cela : c\u2019est une aventure personnelle, un voyage enrichissant \u00e0 travers soi-m\u00eame, rempli de d\u00e9couvertes et d\u2019opportunit\u00e9s. C\u2019est une exp\u00e9rience unique qui peut transformer votre quotidien, raviver votre \u00e9nergie et vous permettre de red\u00e9couvrir une version plus \u00e9panouie de vous-m\u00eame.<\/p>\n\n\n\n<p><strong>La passion : une qu\u00eate personnelle, pas une comp\u00e9tition<\/strong><\/p>\n\n\n\n<p>Dans la soci\u00e9t\u00e9 d\u2019aujourd\u2019hui, on nous pousse souvent \u00e0 \u00eatre toujours plus rapides, plus efficaces, \u00e0 atteindre des r\u00e9sultats imm\u00e9diats. Mais la passion, elle, ne fonctionne pas ainsi. Elle ne se mesure pas en chiffres ni en d\u00e9lais. Elle na\u00eet de l\u2019introspection, de la curiosit\u00e9, et d\u2019un profond d\u00e9sir de s\u2019accomplir. Il est important de comprendre que retrouver sa passion ne se fait pas sur un calendrier impos\u00e9. Prenons un exemple concret : imaginez que vous adoriez peindre \u00e9tant plus jeune, mais que, faute de temps ou de motivation, vous avez laiss\u00e9 cet hobby de c\u00f4t\u00e9. Peut-\u00eatre que vous vous dites aujourd\u2019hui que c\u2019est trop tard, que vous n\u2019\u00eates plus capable de retrouver ce plaisir. Mais en r\u00e9alit\u00e9, il s\u2019agit l\u00e0 d\u2019une aventure personnelle qui vous attend. Il ne s\u2019agit pas de performer ou d\u2019atteindre une ma\u00eetrise parfaite, mais de vous autoriser \u00e0 explorer cet espace cr\u00e9atif sans pression.<\/p>\n\n\n\n<p><strong>Les petits pas qui m\u00e8nent \u00e0 de grandes d\u00e9couvertes<\/strong><\/p>\n\n\n\n<p>Quand on parle de passion, il est essentiel de se rappeler qu\u2019il s\u2019agit avant tout d\u2019un processus, pas d\u2019une destination. Cela peut commencer par un petit geste : une journ\u00e9e \u00e0 red\u00e9couvrir un ancien passe-temps, une conversation avec quelqu\u2019un qui partage vos int\u00e9r\u00eats ou m\u00eame la simple volont\u00e9 d\u2019essayer quelque chose de nouveau. Par exemple, si vous avez toujours eu une passion pour la musique mais que vous n\u2019avez jamais os\u00e9 apprendre \u00e0 jouer d\u2019un instrument, commencez par un cours en ligne ou des vid\u00e9os sur YouTube. Peu \u00e0 peu, ces petits pas accumul\u00e9s vont vous permettre de renouer avec une passion oubli\u00e9e. Et ces moments simples, ces d\u00e9couvertes au quotidien, peuvent transformer votre routine, vous apporter de la joie, et m\u00eame renforcer votre confiance en vous.<\/p>\n\n\n\n<p><strong>Pourquoi se reconnecter \u00e0 sa passion change votre quotidien<\/strong><\/p>\n\n\n\n<p>Retrouver sa passion peut avoir un impact profond sur votre vie. Cela va au-del\u00e0 du simple fait de se sentir bien dans ce que l\u2019on fait ; cela transforme votre quotidien. Quand vous \u00eates passionn\u00e9 par quelque chose, vous \u00eates plus engag\u00e9, plus motiv\u00e9, et vous ressentez une \u00e9nergie nouvelle qui rejaillit sur d\u2019autres aspects de votre vie. Imaginez, par exemple, que vous red\u00e9couvriez l\u2019\u00e9criture apr\u00e8s des ann\u00e9es de pause. Le simple fait de prendre 15 minutes par jour pour \u00e9crire vous aide \u00e0 vous vider l\u2019esprit, \u00e0 \u00eatre plus pr\u00e9sent dans l\u2019instant et \u00e0 aborder les d\u00e9fis quotidiens avec plus de s\u00e9r\u00e9nit\u00e9. Ce processus n\u2019est pas un effort impos\u00e9, mais une source de plaisir et de satisfaction qui vous donne une nouvelle perspective sur la vie.<\/p>\n\n\n\n<p><strong>Conseils pratiques pour red\u00e9couvrir votre passion<\/strong><\/p>\n\n\n\n<p>Si vous vous demandez comment commencer, voici quelques conseils simples \u00e0 appliquer dans votre quotidien. D\u2019abord, accordez-vous du temps chaque jour. Ce ne sera peut-\u00eatre que 10 minutes, mais ces 10 minutes seront cruciales pour cr\u00e9er l\u2019espace n\u00e9cessaire \u00e0 la red\u00e9couverte de vos passions. Ensuite, entourez-vous de personnes qui vous inspirent. Elles peuvent \u00eatre proches ou m\u00eame des inconnus que vous croisez sur des forums, des r\u00e9seaux sociaux, ou dans des ateliers. Leur enthousiasme pourra vous stimuler et vous pousser \u00e0 aller plus loin. Enfin, soyez bienveillant envers vous-m\u00eame. La passion ne se trouve pas dans la perfection, mais dans l\u2019authenticit\u00e9 de votre d\u00e9marche. Laissez-vous le temps de red\u00e9couvrir les petites choses qui vous anim\u00e8rent autrefois, sans jugement ni pression.<\/p>\n\n\n\n<p><strong>L\u2019aventure vous attend<\/strong><\/p>\n\n\n\n<p>Retrouver sa passion, c\u2019est avant tout un cadeau que l\u2019on se fait \u00e0 soi-m\u00eame. Ce n\u2019est pas un imp\u00e9ratif, mais une aventure qui peut vous emmener plus loin que vous ne l\u2019imaginez. Chaque d\u00e9couverte, chaque petit pas, vous aide \u00e0 vous reconnecter \u00e0 ce qui vous fait vibrer et \u00e0 nourrir une \u00e9nergie nouvelle dans votre vie. Ne vous laissez pas pi\u00e9ger par l\u2019id\u00e9e que vous devez courir apr\u00e8s quelque chose, car la passion n\u2019est pas un objectif \u00e0 atteindre, mais un voyage \u00e0 vivre pleinement, jour apr\u00e8s jour. Alors, osez faire le premier pas, ouvrez la porte \u00e0 l\u2019inconnu et laissez-vous emporter par cette aventure personnelle qui vous attend.<\/p>\n\n\n\n<p><strong>GUIDO SAVERIO<\/strong><\/p>\n\n\n\n<ul>\n<li><a href=\"https:\/\/guido-saverio-coach.com\/?page_id=1719\">L\u2019\u00e9nergie positive des autres est contagieuse et peut vous donner le courage de vous lancer<\/a><\/li>\n\n\n\n<li><a href=\"https:\/\/guido-saverio-coach.com\/?page_id=1722\">La vie est faite d\u2019\u00e9volution, et il est normal que vos centres d\u2019int\u00e9r\u00eat changent<\/a><\/li>\n\n\n\n<li><a href=\"https:\/\/guido-saverio-coach.com\/?page_id=1725\">Retrouver sa passion n\u2019est pas une course, mais une aventure personnelle remplie de d\u00e9couvertes<\/a><\/li>\n<\/ul>\n","protected":false},"excerpt":{"rendered":"<p>Chacun de nous, \u00e0 un moment ou \u00e0 un autre, a ressenti cette petite \u00e9tincelle, ce feu int\u00e9rieur qui nous pousse \u00e0 explorer, \u00e0 cr\u00e9er et \u00e0 nous d\u00e9passer. Mais avec les exigences du quotidien, il arrive souvent que cette&#8230; <a href=\"https:\/\/guido-saverio-coach.com\/?page_id=1725\" class=\"readmore\">Read more<span class=\"screen-reader-text\">Retrouver sa passion n\u2019est pas une course, mais une aventure personnelle remplie de d\u00e9couvertes<\/span><span class=\"fa fa-angle-double-right\" aria-hidden=\"true\"><\/span><\/a><\/p>\n","protected":false},"author":1,"featured_media":0,"parent":0,"menu_order":0,"comment_status":"closed","ping_status":"closed","template":"","meta":{"footnotes":""},"_links":{"self":[{"href":"https:\/\/guido-saverio-coach.com\/index.php?rest_route=\/wp\/v2\/pages\/1725"}],"collection":[{"href":"https:\/\/guido-saverio-coach.com\/index.php?rest_route=\/wp\/v2\/pages"}],"about":[{"href":"https:\/\/guido-saverio-coach.com\/index.php?rest_route=\/wp\/v2\/types\/page"}],"author":[{"embeddable":true,"href":"https:\/\/guido-saverio-coach.com\/index.php?rest_route=\/wp\/v2\/users\/1"}],"replies":[{"embeddable":true,"href":"https:\/\/guido-saverio-coach.com\/index.php?rest_route=%2Fwp%2Fv2%2Fcomments&post=1725"}],"version-history":[{"count":2,"href":"https:\/\/guido-saverio-coach.com\/index.php?rest_route=\/wp\/v2\/pages\/1725\/revisions"}],"predecessor-version":[{"id":1732,"href":"https:\/\/guido-saverio-coach.com\/index.php?rest_route=\/wp\/v2\/pages\/1725\/revisions\/1732"}],"wp:attachment":[{"href":"https:\/\/guido-saverio-coach.com\/index.php?rest_route=%2Fwp%2Fv2%2Fmedia&parent=1725"}],"curies":[{"name":"wp","href":"https:\/\/api.w.org\/{rel}","templated":true}]}}