{"id":1852,"date":"2025-02-26T11:29:49","date_gmt":"2025-02-26T10:29:49","guid":{"rendered":"https:\/\/guido-saverio-coach.com\/?page_id=1852"},"modified":"2025-02-26T12:19:49","modified_gmt":"2025-02-26T11:19:49","slug":"trop-lent-le-monde-tecrasera","status":"publish","type":"page","link":"https:\/\/guido-saverio-coach.com\/?page_id=1852","title":{"rendered":"Trop lent ? Le monde t\u2019\u00e9crasera."},"content":{"rendered":"\n<p>Regarde autour de toi. Tout va vite. Les emails fusent, les notifications s&#8217;empilent, les opportunit\u00e9s naissent et meurent en une journ\u00e9e. Et toi, qu&rsquo;est-ce que tu fais ? Tu r\u00e9fl\u00e9chis trop. Tu h\u00e9sites. Tu attends le moment parfait. Spoiler alert : ce moment parfait n&rsquo;existe pas. Pendant que tu tergiverses, le monde continue sans toi. Et il ne va pas ralentir pour te laisser une chance de rattraper ton retard.<\/p>\n\n\n\n<h2 class=\"wp-block-heading\">Le monde n\u2019attend pas. Pourquoi tu devrais ?<\/h2>\n\n\n\n<p>Imagine un train \u00e0 grande vitesse. Tu es sur le quai, les portes s&rsquo;ouvrent, et au lieu de monter, tu te demandes si c&rsquo;est le bon train. Pendant ce temps, d&rsquo;autres sautent dedans sans se poser de questions. Puis les portes se referment, et toi, tu restes plant\u00e9 l\u00e0, \u00e0 regarder les autres filer vers leurs r\u00eaves.<\/p>\n\n\n\n<p>La v\u00e9rit\u00e9, c\u2019est que si tu es trop lent \u00e0 agir, quelqu\u2019un d\u2019autre prendra ta place. Dans le business, dans l\u2019amour, dans tes projets. L\u2019h\u00e9sitation est un luxe que tu ne peux pas te permettre. Parce que pendant que tu \u00ab\u00a0r\u00e9fl\u00e9chis\u00a0\u00bb, il y en a d\u2019autres qui avancent, m\u00eame imparfaitement. Et devine quoi ? Ce sont eux qui r\u00e9ussissent.<\/p>\n\n\n\n<h2 class=\"wp-block-heading\">La vitesse est une arme<\/h2>\n\n\n\n<p>R\u00e9fl\u00e9chir, c\u2019est bien. Agir vite, c\u2019est mieux. Pas besoin d\u2019\u00eatre le plus intelligent, le plus fort ou le plus talentueux. Ce qui compte, c&rsquo;est la vitesse d&rsquo;ex\u00e9cution. Prends une d\u00e9cision, fonce, et ajuste en cours de route. Regarde les startups : celles qui cartonnent ne sont pas celles qui ont \u00ab\u00a0l\u2019id\u00e9e du si\u00e8cle\u00a0\u00bb, mais celles qui testent, corrigent et adaptent plus vite que les autres.<\/p>\n\n\n\n<p>Tu veux changer de boulot ? Envoie des candidatures aujourd\u2019hui, pas demain. Tu veux lancer un business ? Vends quelque chose cette semaine, pas dans six mois. Tu veux parler \u00e0 cette fille\/gars qui te pla\u00eet ? Fais-le maintenant, pas quand tu auras \u00ab\u00a0le courage\u00a0\u00bb. Parce que demain, elle ou il sera peut-\u00eatre d\u00e9j\u00e0 pris.<\/p>\n\n\n\n<h2 class=\"wp-block-heading\">L\u2019imparfait bat l\u2019inexistant<\/h2>\n\n\n\n<p>Le pire ennemi de l\u2019action, c\u2019est la peur du jugement. Tu veux que tout soit nickel avant de te lancer. Mauvaise nouvelle : la perfection, c\u2019est du bullshit. Mieux vaut un projet foireux mais lanc\u00e9 qu&rsquo;un projet parfait qui reste dans ta t\u00eate. Le premier pas est souvent maladroit, mais au moins il existe. Et c\u2019est lui qui te met en mouvement.<\/p>\n\n\n\n<p>Regarde les plus grands entrepreneurs, les artistes, les sportifs. Ils ne savaient pas tout avant de commencer. Ils ont fait, ils ont appris, ils ont am\u00e9lior\u00e9. Ils n\u2019ont pas attendu d\u2019\u00eatre \u00ab\u00a0pr\u00eats\u00a0\u00bb. Parce que personne ne l&rsquo;est jamais vraiment.<\/p>\n\n\n\n<h2 class=\"wp-block-heading\">Le temps, c&rsquo;est la seule ressource que tu ne peux pas r\u00e9cup\u00e9rer<\/h2>\n\n\n\n<p>Tu peux perdre de l\u2019argent et en regagner. Tu peux perdre un job et en retrouver un. Mais chaque seconde que tu laisses filer est perdue \u00e0 jamais. Alors, pose-toi la seule question qui compte : combien de temps vas-tu encore perdre \u00e0 h\u00e9siter ?<\/p>\n\n\n\n<p>Tu veux que ta vie change ? Alors bouge. Maintenant. Pas demain. Pas \u00ab\u00a0quand tu seras pr\u00eat\u00a0\u00bb. Maintenant.<\/p>\n\n\n\n<p>Parce que si tu es trop lent, le monde ne t&rsquo;attendra pas. Il t&rsquo;\u00e9crasera.<\/p>\n\n\n\n<p><strong>Guido SAVERIO<\/strong><\/p>\n\n\n\n<p class=\"has-vivid-red-color has-text-color has-link-color wp-elements-c87226afb113409e7778b0100d3a287b\"><strong>Si cet article t&rsquo;a secou\u00e9, partage-le. Quelqu&rsquo;un en a peut-\u00eatre besoin. Merci.<\/strong><\/p>\n\n\n\n<ul>\n<li><strong>\u00ab\u00a0<em><a href=\"https:\/\/guido-saverio-coach.com\/?page_id=1845\">Adapte-toi ou reste sur le carreau.<\/a><\/em>\u00ab\u00a0<\/strong><\/li>\n\n\n\n<li><strong>\u00ab\u00a0<em><a href=\"https:\/\/guido-saverio-coach.com\/?page_id=1849\">\u00c9volue, sinon tu deviens obsol\u00e8te.<\/a><\/em>\u00ab\u00a0<\/strong><\/li>\n\n\n\n<li><strong>\u00ab\u00a0<em><a href=\"https:\/\/guido-saverio-coach.com\/?page_id=1852\">Trop lent ? Le monde t\u2019\u00e9crasera.<\/a><\/em>\u00ab\u00a0<\/strong><\/li>\n\n\n\n<li><strong>\u00ab\u00a0<em><a href=\"https:\/\/guido-saverio-coach.com\/?page_id=1855\">Change avec le monde ou regarde-le t\u2019\u00e9chapper.<\/a><\/em>\u00ab\u00a0<\/strong><\/li>\n\n\n\n<li><strong>\u00ab\u00a0<em><a href=\"https:\/\/guido-saverio-coach.com\/?page_id=1858\">Ceux qui stagnent disparaissent.<\/a><\/em>\u00ab\u00a0<\/strong><\/li>\n\n\n\n<li><strong>\u00ab\u00a0<em><a href=\"https:\/\/guido-saverio-coach.com\/?page_id=1863\">La vitesse, c\u2019est la nouvelle r\u00e8gle du jeu.<\/a><\/em>\u00ab\u00a0<\/strong><\/li>\n\n\n\n<li><strong>\u00ab\u00a0<em><a href=\"https:\/\/guido-saverio-coach.com\/?page_id=1866\">Soit tu t\u2019adaptes, soit tu subis.<\/a><\/em>\u00ab\u00a0<\/strong><\/li>\n\n\n\n<li><strong>\u00ab\u00a0<em><a href=\"https:\/\/guido-saverio-coach.com\/?page_id=1869\">La transformation est in\u00e9vitable. Sois du bon c\u00f4t\u00e9.<\/a><\/em>\u00ab\u00a0<\/strong><\/li>\n\n\n\n<li><strong>\u00ab\u00a0<em><a href=\"https:\/\/guido-saverio-coach.com\/?page_id=1873\">Le futur n\u2019attend personne. Sois pr\u00eat.<\/a><\/em>\u00ab\u00a0<\/strong><\/li>\n\n\n\n<li><strong>\u00ab\u00a0<em><a href=\"https:\/\/guido-saverio-coach.com\/?page_id=1876\">L\u2019ancien monde est mort. Construis le tien.<\/a><\/em>\u00ab\u00a0<\/strong><\/li>\n\n\n\n<li><strong>\u00ab\u00a0<em><a href=\"https:\/\/guido-saverio-coach.com\/?page_id=1879\">Les r\u00e8gles changent, les gagnants aussi.<\/a><\/em>\u00ab\u00a0<\/strong><\/li>\n\n\n\n<li><strong>\u00ab\u00a0<em><a href=\"https:\/\/guido-saverio-coach.com\/?page_id=1882\">Ne sois pas le dernier \u00e0 comprendre le changement.<\/a><\/em>\u00ab\u00a0<\/strong><\/li>\n\n\n\n<li><strong>\u00ab\u00a0<em><a href=\"https:\/\/guido-saverio-coach.com\/?page_id=1885\">Ceux qui osent prennent l\u2019avantage.<\/a><\/em>\u00ab\u00a0<\/strong><\/li>\n\n\n\n<li><strong>\u00ab\u00a0<em><a href=\"https:\/\/guido-saverio-coach.com\/?page_id=1888\">Les opportunit\u00e9s sont l\u00e0. Encore faut-il les voir.<\/a><\/em>\u00ab\u00a0<\/strong><\/li>\n\n\n\n<li><strong>\u00ab\u00a0<em><a href=\"https:\/\/guido-saverio-coach.com\/?page_id=1891\">Le monde avance. Fais en sorte de ne pas rester derri\u00e8re.<\/a><\/em>\u00ab\u00a0<\/strong><\/li>\n<\/ul>\n","protected":false},"excerpt":{"rendered":"<p>Regarde autour de toi. Tout va vite. Les emails fusent, les notifications s&#8217;empilent, les opportunit\u00e9s naissent et meurent en une journ\u00e9e. Et toi, qu&rsquo;est-ce que tu fais ? Tu r\u00e9fl\u00e9chis trop. Tu h\u00e9sites. Tu attends le moment parfait. Spoiler alert&#8230; <a href=\"https:\/\/guido-saverio-coach.com\/?page_id=1852\" class=\"readmore\">Read more<span class=\"screen-reader-text\">Trop lent ? Le monde t\u2019\u00e9crasera.<\/span><span class=\"fa fa-angle-double-right\" aria-hidden=\"true\"><\/span><\/a><\/p>\n","protected":false},"author":1,"featured_media":0,"parent":0,"menu_order":0,"comment_status":"closed","ping_status":"closed","template":"","meta":{"footnotes":""},"_links":{"self":[{"href":"https:\/\/guido-saverio-coach.com\/index.php?rest_route=\/wp\/v2\/pages\/1852"}],"collection":[{"href":"https:\/\/guido-saverio-coach.com\/index.php?rest_route=\/wp\/v2\/pages"}],"about":[{"href":"https:\/\/guido-saverio-coach.com\/index.php?rest_route=\/wp\/v2\/types\/page"}],"author":[{"embeddable":true,"href":"https:\/\/guido-saverio-coach.com\/index.php?rest_route=\/wp\/v2\/users\/1"}],"replies":[{"embeddable":true,"href":"https:\/\/guido-saverio-coach.com\/index.php?rest_route=%2Fwp%2Fv2%2Fcomments&post=1852"}],"version-history":[{"count":2,"href":"https:\/\/guido-saverio-coach.com\/index.php?rest_route=\/wp\/v2\/pages\/1852\/revisions"}],"predecessor-version":[{"id":1904,"href":"https:\/\/guido-saverio-coach.com\/index.php?rest_route=\/wp\/v2\/pages\/1852\/revisions\/1904"}],"wp:attachment":[{"href":"https:\/\/guido-saverio-coach.com\/index.php?rest_route=%2Fwp%2Fv2%2Fmedia&parent=1852"}],"curies":[{"name":"wp","href":"https:\/\/api.w.org\/{rel}","templated":true}]}}