{"id":1863,"date":"2025-02-26T11:42:12","date_gmt":"2025-02-26T10:42:12","guid":{"rendered":"https:\/\/guido-saverio-coach.com\/?page_id=1863"},"modified":"2025-02-26T12:21:20","modified_gmt":"2025-02-26T11:21:20","slug":"la-vitesse-cest-la-nouvelle-regle-du-jeu","status":"publish","type":"page","link":"https:\/\/guido-saverio-coach.com\/?page_id=1863","title":{"rendered":"La vitesse, c\u2019est la nouvelle r\u00e8gle du jeu"},"content":{"rendered":"\n<p>Tu sais quoi ? On a tous grandi avec cette id\u00e9e qu&rsquo;il fallait tout faire lentement, tranquillement, en prenant son temps. Comme si le temps \u00e9tait infini. Mais, aujourd\u2019hui, on est en train de vivre dans une \u00e9poque o\u00f9 tout va tellement vite que si tu ne t\u2019adaptes pas, tu vas finir par \u00eatre \u00e9cras\u00e9 sous la vitesse des autres. Oui, c&rsquo;est \u00e7a. La vitesse, c\u2019est la nouvelle r\u00e8gle du jeu. Et si tu veux r\u00e9ussir, il va falloir commencer \u00e0 jouer autrement. La question n\u2019est pas <em>si<\/em> tu vas changer, mais <em>quand<\/em> tu vas r\u00e9aliser que tout ce que tu fais peut se faire plus vite, mieux et plus efficacement.<\/p>\n\n\n\n<p>Tu penses peut-\u00eatre que \u00e7a n\u2019a pas d\u2019importance, que prendre son temps est un luxe. Mais la r\u00e9alit\u00e9, c\u2019est que tout autour de toi se presse, se pr\u00e9cipite, acc\u00e9l\u00e8re, tandis que toi, tu restes l\u00e0, \u00e0 regarder les autres passer devant. C\u2019est simple : dans ce monde o\u00f9 tout est instantan\u00e9, o\u00f9 les informations d\u00e9filent \u00e0 la vitesse de la lumi\u00e8re, si tu n\u2019es pas rapide, tu perds.<\/p>\n\n\n\n<p>Maintenant, tu vas me dire : \u00ab\u00a0Mais pourquoi la vitesse ? Et comment \u00e7a peut m&rsquo;aider dans ma vie ?\u00a0\u00bb \u00c9coute bien, je vais te l\u2019expliquer, parce que la vitesse, ce n\u2019est pas juste une question de faire les choses plus vite. C\u2019est une question de lib\u00e9rer ton potentiel. C\u2019est une question de t&rsquo;offrir plus de temps pour faire ce qui compte vraiment. C\u2019est une question de prendre le contr\u00f4le.<\/p>\n\n\n\n<h3 class=\"wp-block-heading\">Pourquoi la vitesse change tout<\/h3>\n\n\n\n<p>Prenons un exemple simple. Tu as s\u00fbrement d\u00e9j\u00e0 eu un projet sur lequel tu t&rsquo;es acharn\u00e9 pendant des semaines, voire des mois, en pensant que tu devais le perfectionner \u00e0 chaque \u00e9tape. Mais dis-moi : combien de fois as-tu perdu du temps sur des d\u00e9tails qui ne comptent m\u00eame pas ? Et combien de fois as-tu vu des gens plus rapides que toi, moins perfectionnistes, mais plus efficaces, aller de l\u2019avant ?<\/p>\n\n\n\n<p>La vitesse, c\u2019est exactement ce qui te permet d\u2019aller plus loin, plus vite. Elle ne t&rsquo;oblige pas \u00e0 \u00eatre parfait. Au contraire, elle t\u2019incite \u00e0 agir, \u00e0 tester, \u00e0 apprendre. Elle te force \u00e0 prendre des d\u00e9cisions. Parce que le vrai probl\u00e8me, ce n\u2019est pas de faire des erreurs. Le probl\u00e8me, c\u2019est de ne pas bouger.<\/p>\n\n\n\n<h3 class=\"wp-block-heading\">Prendre des d\u00e9cisions rapidement<\/h3>\n\n\n\n<p>La vitesse te permet de prendre des d\u00e9cisions rapides. \u00c7a semble simple, mais \u00e7a fait toute la diff\u00e9rence. Imagine que tu sois face \u00e0 une d\u00e9cision importante : une offre d&#8217;emploi, un projet, une opportunit\u00e9 d&rsquo;investissement. Si tu h\u00e9sites, si tu prends des semaines \u00e0 r\u00e9fl\u00e9chir, tu laisses la porte se fermer avant m\u00eame d\u2019avoir eu le temps d\u2019y entrer.<\/p>\n\n\n\n<p>Mais si tu t\u2019habituais \u00e0 faire face \u00e0 cette situation avec la rapidit\u00e9 n\u00e9cessaire ? Tu ferais des choix plus audacieux, plus d\u00e9termin\u00e9s. C\u2019est un peu comme une voiture de course : tu sais que tu vas devoir freiner au moment pr\u00e9cis, mais si tu n\u2019as pas la vitesse, tu ne franchiras m\u00eame pas la ligne d\u2019arriv\u00e9e.<\/p>\n\n\n\n<h3 class=\"wp-block-heading\">La vitesse, c\u2019est de la libert\u00e9<\/h3>\n\n\n\n<p>Tu te dis peut-\u00eatre qu\u2019\u00eatre rapide, \u00e7a va te stresser, que tu vas te pr\u00e9cipiter dans n\u2019importe quoi. Mais non. C\u2019est le contraire. La vitesse te donne de la libert\u00e9. Parce que plus tu vas vite, plus tu vas pouvoir t\u2019ajuster, corriger et avancer sans rester coinc\u00e9 dans la stagnation.<\/p>\n\n\n\n<p>Tu n\u2019as pas besoin de tout ma\u00eetriser tout de suite. L\u2019id\u00e9e, c\u2019est d&rsquo;agir, puis de rectifier en cours de route. Si tu attends d\u2019\u00eatre parfait, tu vas passer ta vie \u00e0 attendre. La vitesse te lib\u00e8re de cette paralysie de la perfection. Elle t\u2019autorise \u00e0 avancer, m\u00eame si ce n\u2019est pas parfait. La perfection n\u2019existe pas, mais le mouvement, lui, existe.<\/p>\n\n\n\n<h3 class=\"wp-block-heading\">Comment acc\u00e9l\u00e9rer dans ta vie<\/h3>\n\n\n\n<p>Alors, comment appliquer tout \u00e7a dans ta vie de tous les jours ? C\u2019est simple. Commence par t\u2019entrainer \u00e0 prendre des d\u00e9cisions rapides. Au lieu de passer des heures \u00e0 h\u00e9siter sur un simple achat ou un projet, prends une d\u00e9cision en cinq minutes. Si tu as besoin de plus de temps, ajuste plus tard. Mais l\u2019objectif, c\u2019est de passer \u00e0 l\u2019action sans perdre de temps.<\/p>\n\n\n\n<p>Ensuite, revois tes priorit\u00e9s. Qu\u2019est-ce qui t\u2019emp\u00eache de prendre de l\u2019\u00e9lan ? Quels sont ces petits obstacles invisibles qui te freinent ? Parfois, c\u2019est juste une habitude, une peur de l\u2019\u00e9chec, une inqui\u00e9tude sur des d\u00e9tails. Mais imagine ce que tu pourrais accomplir si tu arr\u00eatais de laisser ces petites choses t&rsquo;entraver.<\/p>\n\n\n\n<p>Pratique aussi la gestion du temps. \u00c9vite les distractions inutiles. Apprends \u00e0 dire non aux choses qui te ralentissent. Ce n\u2019est pas une question de tout faire en m\u00eame temps, mais de te concentrer sur ce qui te rapproche de ton objectif, avec la rapidit\u00e9 n\u00e9cessaire pour garder l\u2019\u00e9lan.<\/p>\n\n\n\n<h3 class=\"wp-block-heading\">Conclusion<\/h3>\n\n\n\n<p>La vitesse, c\u2019est plus qu\u2019un simple outil pour \u00eatre plus productif. C\u2019est une philosophie. Une attitude. Dans un monde o\u00f9 tout va de plus en plus vite, ceux qui savent acc\u00e9l\u00e9rer sont ceux qui r\u00e9ussissent. Alors, qu\u2019attends-tu ? Il est temps de bousculer ta routine, de sortir de ta zone de confort et de commencer \u00e0 bouger. Prends les d\u00e9cisions plus rapidement, agis plus vite, et laisse les autres derri\u00e8re. Parce que la vitesse, mon ami, c\u2019est la nouvelle r\u00e8gle du jeu.<\/p>\n\n\n\n<p><strong>Guido SAVERIO<\/strong><\/p>\n\n\n\n<p><strong>Si tu as aim\u00e9 cet article, n\u2019h\u00e9site pas \u00e0 le partager avec ceux qui ont besoin de cette claque mentale. Merci de ton temps, et surtout : acc\u00e9l\u00e8re !<\/strong><\/p>\n\n\n\n<ul>\n<li><strong>\u00ab\u00a0<em><a href=\"https:\/\/guido-saverio-coach.com\/?page_id=1845\">Adapte-toi ou reste sur le carreau.<\/a><\/em>\u00ab\u00a0<\/strong><\/li>\n\n\n\n<li><strong>\u00ab\u00a0<em><a href=\"https:\/\/guido-saverio-coach.com\/?page_id=1849\">\u00c9volue, sinon tu deviens obsol\u00e8te.<\/a><\/em>\u00ab\u00a0<\/strong><\/li>\n\n\n\n<li><strong>\u00ab\u00a0<em><a href=\"https:\/\/guido-saverio-coach.com\/?page_id=1852\">Trop lent ? Le monde t\u2019\u00e9crasera.<\/a><\/em>\u00ab\u00a0<\/strong><\/li>\n\n\n\n<li><strong>\u00ab\u00a0<em><a href=\"https:\/\/guido-saverio-coach.com\/?page_id=1855\">Change avec le monde ou regarde-le t\u2019\u00e9chapper.<\/a><\/em>\u00ab\u00a0<\/strong><\/li>\n\n\n\n<li><strong>\u00ab\u00a0<em><a href=\"https:\/\/guido-saverio-coach.com\/?page_id=1858\">Ceux qui stagnent disparaissent.<\/a><\/em>\u00ab\u00a0<\/strong><\/li>\n\n\n\n<li><strong>\u00ab\u00a0<em><a href=\"https:\/\/guido-saverio-coach.com\/?page_id=1863\">La vitesse, c\u2019est la nouvelle r\u00e8gle du jeu.<\/a><\/em>\u00ab\u00a0<\/strong><\/li>\n\n\n\n<li><strong>\u00ab\u00a0<em><a href=\"https:\/\/guido-saverio-coach.com\/?page_id=1866\">Soit tu t\u2019adaptes, soit tu subis.<\/a><\/em>\u00ab\u00a0<\/strong><\/li>\n\n\n\n<li><strong>\u00ab\u00a0<em><a href=\"https:\/\/guido-saverio-coach.com\/?page_id=1869\">La transformation est in\u00e9vitable. Sois du bon c\u00f4t\u00e9.<\/a><\/em>\u00ab\u00a0<\/strong><\/li>\n\n\n\n<li><strong>\u00ab\u00a0<em><a href=\"https:\/\/guido-saverio-coach.com\/?page_id=1873\">Le futur n\u2019attend personne. Sois pr\u00eat.<\/a><\/em>\u00ab\u00a0<\/strong><\/li>\n\n\n\n<li><strong>\u00ab\u00a0<em><a href=\"https:\/\/guido-saverio-coach.com\/?page_id=1876\">L\u2019ancien monde est mort. Construis le tien.<\/a><\/em>\u00ab\u00a0<\/strong><\/li>\n\n\n\n<li><strong>\u00ab\u00a0<em><a href=\"https:\/\/guido-saverio-coach.com\/?page_id=1879\">Les r\u00e8gles changent, les gagnants aussi.<\/a><\/em>\u00ab\u00a0<\/strong><\/li>\n\n\n\n<li><strong>\u00ab\u00a0<em><a href=\"https:\/\/guido-saverio-coach.com\/?page_id=1882\">Ne sois pas le dernier \u00e0 comprendre le changement.<\/a><\/em>\u00ab\u00a0<\/strong><\/li>\n\n\n\n<li><strong>\u00ab\u00a0<em><a href=\"https:\/\/guido-saverio-coach.com\/?page_id=1885\">Ceux qui osent prennent l\u2019avantage.<\/a><\/em>\u00ab\u00a0<\/strong><\/li>\n\n\n\n<li><strong>\u00ab\u00a0<em><a href=\"https:\/\/guido-saverio-coach.com\/?page_id=1888\">Les opportunit\u00e9s sont l\u00e0. Encore faut-il les voir.<\/a><\/em>\u00ab\u00a0<\/strong><\/li>\n\n\n\n<li><strong>\u00ab\u00a0<em><a href=\"https:\/\/guido-saverio-coach.com\/?page_id=1891\">Le monde avance. Fais en sorte de ne pas rester derri\u00e8re.<\/a><\/em>\u00ab\u00a0<\/strong><\/li>\n<\/ul>\n","protected":false},"excerpt":{"rendered":"<p>Tu sais quoi ? On a tous grandi avec cette id\u00e9e qu&rsquo;il fallait tout faire lentement, tranquillement, en prenant son temps. Comme si le temps \u00e9tait infini. Mais, aujourd\u2019hui, on est en train de vivre dans une \u00e9poque o\u00f9 tout&#8230; <a href=\"https:\/\/guido-saverio-coach.com\/?page_id=1863\" class=\"readmore\">Read more<span class=\"screen-reader-text\">La vitesse, c\u2019est la nouvelle r\u00e8gle du jeu<\/span><span class=\"fa fa-angle-double-right\" aria-hidden=\"true\"><\/span><\/a><\/p>\n","protected":false},"author":1,"featured_media":0,"parent":0,"menu_order":0,"comment_status":"closed","ping_status":"closed","template":"","meta":{"footnotes":""},"_links":{"self":[{"href":"https:\/\/guido-saverio-coach.com\/index.php?rest_route=\/wp\/v2\/pages\/1863"}],"collection":[{"href":"https:\/\/guido-saverio-coach.com\/index.php?rest_route=\/wp\/v2\/pages"}],"about":[{"href":"https:\/\/guido-saverio-coach.com\/index.php?rest_route=\/wp\/v2\/types\/page"}],"author":[{"embeddable":true,"href":"https:\/\/guido-saverio-coach.com\/index.php?rest_route=\/wp\/v2\/users\/1"}],"replies":[{"embeddable":true,"href":"https:\/\/guido-saverio-coach.com\/index.php?rest_route=%2Fwp%2Fv2%2Fcomments&post=1863"}],"version-history":[{"count":2,"href":"https:\/\/guido-saverio-coach.com\/index.php?rest_route=\/wp\/v2\/pages\/1863\/revisions"}],"predecessor-version":[{"id":1907,"href":"https:\/\/guido-saverio-coach.com\/index.php?rest_route=\/wp\/v2\/pages\/1863\/revisions\/1907"}],"wp:attachment":[{"href":"https:\/\/guido-saverio-coach.com\/index.php?rest_route=%2Fwp%2Fv2%2Fmedia&parent=1863"}],"curies":[{"name":"wp","href":"https:\/\/api.w.org\/{rel}","templated":true}]}}