{"id":1866,"date":"2025-02-26T11:45:10","date_gmt":"2025-02-26T10:45:10","guid":{"rendered":"https:\/\/guido-saverio-coach.com\/?page_id=1866"},"modified":"2025-02-26T12:21:43","modified_gmt":"2025-02-26T11:21:43","slug":"soit-tu-tadaptes-soit-tu-subis","status":"publish","type":"page","link":"https:\/\/guido-saverio-coach.com\/?page_id=1866","title":{"rendered":"Soit tu t\u2019adaptes, soit tu subis."},"content":{"rendered":"\n<p>Tu veux savoir ce qui diff\u00e9rencie les gens qui r\u00e9ussissent de ceux qui v\u00e9g\u00e8tent dans la m\u00e9diocrit\u00e9 ? La capacit\u00e9 \u00e0 s\u2019adapter. Mais soyons clairs : s\u2019adapter, ce n\u2019est pas juste \u201cs\u2019ajuster un peu\u201d quand la vie te met une claque. Non, \u00e7a veut dire <em>changer<\/em> de direction, se r\u00e9inventer, \u00eatre flexible et r\u00e9actif dans un monde o\u00f9 rien ne reste en place. Et si tu n\u2019es pas pr\u00eat \u00e0 \u00e7a, tu vas finir par te retrouver sous une tonne de trucs que tu n\u2019as pas pu anticiper. Alors, qu\u2019est-ce que tu choisis ?<\/p>\n\n\n\n<p>Tu vois, la vie c\u2019est comme une rivi\u00e8re. Si tu te contentes de te laisser porter sans chercher \u00e0 ramer, tu finiras noy\u00e9 dans le courant. Par contre, si tu prends le contr\u00f4le de ta barque, que tu sais o\u00f9 tu veux aller et que tu t\u2019adaptes aux vagues, tu vas atteindre des rivages incroyables. Mais encore faut-il \u00eatre pr\u00eat \u00e0 faire le travail. Parce qu\u2019il n\u2019y a pas de miracle. La vraie question c\u2019est : \u00ab\u00a0Es-tu pr\u00eat \u00e0 te battre contre le courant ?\u00a0\u00bb<\/p>\n\n\n\n<h3 class=\"wp-block-heading\">L\u2019adaptation, la cl\u00e9 pour ne pas \u00eatre laiss\u00e9 pour compte<\/h3>\n\n\n\n<p>Imagine \u00e7a : tu vois des gens autour de toi qui avancent, qui semblent ne jamais \u00eatre perturb\u00e9s par les obstacles. Ces gens, ce sont ceux qui ont compris une chose que beaucoup ignorent : le changement fait partie du jeu. Tu crois vraiment qu\u2019ils ont trouv\u00e9 la recette secr\u00e8te de la r\u00e9ussite ? Non, c\u2019est juste qu\u2019ils se sont adapt\u00e9s. Ils ont arr\u00eat\u00e9 de pleurer sur ce qu\u2019ils ne peuvent pas contr\u00f4ler et ont mis leur \u00e9nergie l\u00e0 o\u00f9 \u00e7a compte. Et toi ? Est-ce que tu es pr\u00eat \u00e0 sauter sur cette vague ou tu vas continuer \u00e0 te faire engloutir ?<\/p>\n\n\n\n<p>Regarde les exemples autour de toi. Ceux qui ont r\u00e9ussi, peu importe leur domaine, ont tous une chose en commun : ils savent s\u2019ajuster. Que ce soit dans le business, dans les relations, ou m\u00eame dans leur mani\u00e8re de g\u00e9rer leurs \u00e9motions, ils ont appris \u00e0 voir les changements non comme une menace, mais comme une occasion de grandir.<\/p>\n\n\n\n<p>T\u2019imagines la diff\u00e9rence ? Ceux qui r\u00e9sistent au changement se battent contre le vent toute leur vie. Ceux qui s\u2019adaptent utilisent ce m\u00eame vent pour aller plus vite, plus loin.<\/p>\n\n\n\n<h3 class=\"wp-block-heading\">Concr\u00e8tement, comment t\u2019adaptes-tu ?<\/h3>\n\n\n\n<p>Si tu te reconnais dans ce que je viens de dire, peut-\u00eatre que tu t\u2019es d\u00e9j\u00e0 retrouv\u00e9 coinc\u00e9 dans cette fameuse routine, cette illusion de confort qui t\u2019enferme \u00e0 chaque \u00e9tape. Et tu sais quoi ? C\u2019est l\u00e0 o\u00f9 beaucoup se plantent. Ils restent dans leur zone de confort en esp\u00e9rant que les choses changent, mais la r\u00e9alit\u00e9 est plus cruelle. Si tu veux vraiment voir ta vie \u00e9voluer, il faut que tu t\u2019adaptes constamment.<\/p>\n\n\n\n<p>Un conseil concret : arr\u00eate de tout contr\u00f4ler. Trop souvent, on veut que chaque aspect de notre vie soit parfait et sous contr\u00f4le. \u00c7a finit par nous \u00e9puiser et nous faire rater les opportunit\u00e9s. Parfois, le secret, c\u2019est d\u2019accepter ce qui vient. Une situation impr\u00e9vue ? Fais-en une occasion d&rsquo;apprendre. Une emb\u00fbche ? Change de direction. C\u2019est cette flexibilit\u00e9 mentale qui te permettra de rester dans le jeu.<\/p>\n\n\n\n<p>Un autre point cl\u00e9 : sois curieux. Curiosit\u00e9, pas juste pour les choses que tu connais, mais pour celles que tu ne comprends pas. Le monde \u00e9volue, les technologies changent, les relations prennent de nouvelles formes. Si tu t\u2019arr\u00eates d\u2019apprendre, si tu restes fig\u00e9 dans tes anciennes croyances, tu vas te faire d\u00e9passer. L\u2019adaptation, c\u2019est aussi \u00e7a : accepter de se remettre en question, de changer ses habitudes, de revoir ses priorit\u00e9s.<\/p>\n\n\n\n<h3 class=\"wp-block-heading\">Le r\u00e9sultat final : t\u2019es pas l\u00e0 pour survivre, t\u2019es l\u00e0 pour vivre !<\/h3>\n\n\n\n<p>Tu veux savoir quel est le plus grand b\u00e9n\u00e9fice \u00e0 t\u2019adapter ? Ce n\u2019est pas juste de survivre. C\u2019est de <em>vivre<\/em>. De profiter de chaque instant. D\u2019aller l\u00e0 o\u00f9 tu n\u2019aurais jamais cru possible. Et oui, ce n\u2019est pas facile. C\u2019est un combat. Mais le r\u00e9sultat final, c\u2019est un toi qui ma\u00eetrise sa vie, qui se sent plus libre, plus \u00e9panoui. Tu ne subis plus, tu es acteur. Le monde se plie \u00e0 toi, pas l\u2019inverse.<\/p>\n\n\n\n<p>Imagine un instant : tu te l\u00e8ves chaque matin avec l\u2019enthousiasme de quelqu\u2019un qui sait qu\u2019il peut relever tous les d\u00e9fis qui se pr\u00e9sentent \u00e0 lui. Ce sentiment, \u00e7a n\u2019a pas de prix. Alors, tu fais quoi ? Tu te laisses porter ou tu prends le contr\u00f4le de la barque ? C\u2019est \u00e0 toi de choisir. Mais n\u2019oublie pas : <em>soit tu t\u2019adaptes, soit tu subis.<\/em><\/p>\n\n\n\n<p class=\"has-vivid-red-color has-text-color has-link-color wp-elements-7111270f0f496f97e72495f75271fc48\"><strong>Si tu veux plus de cet \u00e9tat d\u2019esprit, de cette libert\u00e9, partage cet article autour de toi. D&rsquo;autres peuvent en avoir besoin pour casser leurs cha\u00eenes. Et merci d&rsquo;avoir pris ce moment pour r\u00e9fl\u00e9chir \u00e0 ta vie. Parce qu&rsquo;au final, c\u2019est \u00e7a qui compte : \u00eatre le ma\u00eetre de son destin.<\/strong><\/p>\n\n\n\n<p>\u00c0 bient\u00f4t,<br>Guido SAVERIO.<\/p>\n\n\n\n<ul>\n<li><strong>\u00ab\u00a0<em><a href=\"https:\/\/guido-saverio-coach.com\/?page_id=1845\">Adapte-toi ou reste sur le carreau.<\/a><\/em>\u00ab\u00a0<\/strong><\/li>\n\n\n\n<li><strong>\u00ab\u00a0<em><a href=\"https:\/\/guido-saverio-coach.com\/?page_id=1849\">\u00c9volue, sinon tu deviens obsol\u00e8te.<\/a><\/em>\u00ab\u00a0<\/strong><\/li>\n\n\n\n<li><strong>\u00ab\u00a0<em><a href=\"https:\/\/guido-saverio-coach.com\/?page_id=1852\">Trop lent ? Le monde t\u2019\u00e9crasera.<\/a><\/em>\u00ab\u00a0<\/strong><\/li>\n\n\n\n<li><strong>\u00ab\u00a0<em><a href=\"https:\/\/guido-saverio-coach.com\/?page_id=1855\">Change avec le monde ou regarde-le t\u2019\u00e9chapper.<\/a><\/em>\u00ab\u00a0<\/strong><\/li>\n\n\n\n<li><strong>\u00ab\u00a0<em><a href=\"https:\/\/guido-saverio-coach.com\/?page_id=1858\">Ceux qui stagnent disparaissent.<\/a><\/em>\u00ab\u00a0<\/strong><\/li>\n\n\n\n<li><strong>\u00ab\u00a0<em><a href=\"https:\/\/guido-saverio-coach.com\/?page_id=1863\">La vitesse, c\u2019est la nouvelle r\u00e8gle du jeu.<\/a><\/em>\u00ab\u00a0<\/strong><\/li>\n\n\n\n<li><strong>\u00ab\u00a0<em><a href=\"https:\/\/guido-saverio-coach.com\/?page_id=1866\">Soit tu t\u2019adaptes, soit tu subis.<\/a><\/em>\u00ab\u00a0<\/strong><\/li>\n\n\n\n<li><strong>\u00ab\u00a0<em><a href=\"https:\/\/guido-saverio-coach.com\/?page_id=1869\">La transformation est in\u00e9vitable. Sois du bon c\u00f4t\u00e9.<\/a><\/em>\u00ab\u00a0<\/strong><\/li>\n\n\n\n<li><strong>\u00ab\u00a0<em><a href=\"https:\/\/guido-saverio-coach.com\/?page_id=1873\">Le futur n\u2019attend personne. Sois pr\u00eat.<\/a><\/em>\u00ab\u00a0<\/strong><\/li>\n\n\n\n<li><strong>\u00ab\u00a0<em><a href=\"https:\/\/guido-saverio-coach.com\/?page_id=1876\">L\u2019ancien monde est mort. Construis le tien.<\/a><\/em>\u00ab\u00a0<\/strong><\/li>\n\n\n\n<li><strong>\u00ab\u00a0<em><a href=\"https:\/\/guido-saverio-coach.com\/?page_id=1879\">Les r\u00e8gles changent, les gagnants aussi.<\/a><\/em>\u00ab\u00a0<\/strong><\/li>\n\n\n\n<li><strong>\u00ab\u00a0<em><a href=\"https:\/\/guido-saverio-coach.com\/?page_id=1882\">Ne sois pas le dernier \u00e0 comprendre le changement.<\/a><\/em>\u00ab\u00a0<\/strong><\/li>\n\n\n\n<li><strong>\u00ab\u00a0<em><a href=\"https:\/\/guido-saverio-coach.com\/?page_id=1885\">Ceux qui osent prennent l\u2019avantage.<\/a><\/em>\u00ab\u00a0<\/strong><\/li>\n\n\n\n<li><strong>\u00ab\u00a0<em><a href=\"https:\/\/guido-saverio-coach.com\/?page_id=1888\">Les opportunit\u00e9s sont l\u00e0. Encore faut-il les voir.<\/a><\/em>\u00ab\u00a0<\/strong><\/li>\n\n\n\n<li><strong>\u00ab\u00a0<em><a href=\"https:\/\/guido-saverio-coach.com\/?page_id=1891\">Le monde avance. Fais en sorte de ne pas rester derri\u00e8re.<\/a><\/em>\u00ab\u00a0<\/strong><\/li>\n<\/ul>\n","protected":false},"excerpt":{"rendered":"<p>Tu veux savoir ce qui diff\u00e9rencie les gens qui r\u00e9ussissent de ceux qui v\u00e9g\u00e8tent dans la m\u00e9diocrit\u00e9 ? La capacit\u00e9 \u00e0 s\u2019adapter. Mais soyons clairs : s\u2019adapter, ce n\u2019est pas juste \u201cs\u2019ajuster un peu\u201d quand la vie te met une&#8230; <a href=\"https:\/\/guido-saverio-coach.com\/?page_id=1866\" class=\"readmore\">Read more<span class=\"screen-reader-text\">Soit tu t\u2019adaptes, soit tu subis.<\/span><span class=\"fa fa-angle-double-right\" aria-hidden=\"true\"><\/span><\/a><\/p>\n","protected":false},"author":1,"featured_media":0,"parent":0,"menu_order":0,"comment_status":"closed","ping_status":"closed","template":"","meta":{"footnotes":""},"_links":{"self":[{"href":"https:\/\/guido-saverio-coach.com\/index.php?rest_route=\/wp\/v2\/pages\/1866"}],"collection":[{"href":"https:\/\/guido-saverio-coach.com\/index.php?rest_route=\/wp\/v2\/pages"}],"about":[{"href":"https:\/\/guido-saverio-coach.com\/index.php?rest_route=\/wp\/v2\/types\/page"}],"author":[{"embeddable":true,"href":"https:\/\/guido-saverio-coach.com\/index.php?rest_route=\/wp\/v2\/users\/1"}],"replies":[{"embeddable":true,"href":"https:\/\/guido-saverio-coach.com\/index.php?rest_route=%2Fwp%2Fv2%2Fcomments&post=1866"}],"version-history":[{"count":2,"href":"https:\/\/guido-saverio-coach.com\/index.php?rest_route=\/wp\/v2\/pages\/1866\/revisions"}],"predecessor-version":[{"id":1908,"href":"https:\/\/guido-saverio-coach.com\/index.php?rest_route=\/wp\/v2\/pages\/1866\/revisions\/1908"}],"wp:attachment":[{"href":"https:\/\/guido-saverio-coach.com\/index.php?rest_route=%2Fwp%2Fv2%2Fmedia&parent=1866"}],"curies":[{"name":"wp","href":"https:\/\/api.w.org\/{rel}","templated":true}]}}