{"id":1869,"date":"2025-02-26T11:47:01","date_gmt":"2025-02-26T10:47:01","guid":{"rendered":"https:\/\/guido-saverio-coach.com\/?page_id=1869"},"modified":"2025-02-26T12:22:07","modified_gmt":"2025-02-26T11:22:07","slug":"la-transformation-est-inevitable-sois-du-bon-cote","status":"publish","type":"page","link":"https:\/\/guido-saverio-coach.com\/?page_id=1869","title":{"rendered":"La transformation est in\u00e9vitable. Sois du bon c\u00f4t\u00e9."},"content":{"rendered":"\n<p>Tu n\u2019\u00e9chappes pas \u00e0 \u00e7a. Peu importe combien tu le refuses, combien tu tries de fermer les yeux ou de rester dans ta zone de confort, la transformation arrive. Chaque jour, chaque minute, chaque seconde. C\u2019est une certitude. La question n\u2019est pas de savoir si \u00e7a va arriver, mais plut\u00f4t : <strong>seras-tu pr\u00eat \u00e0 l\u2019accepter ?<\/strong> Ou vas-tu te laisser submerger, te battre contre le courant, comme un poisson qui refuse de rejoindre le reste du banc ?<\/p>\n\n\n\n<p>L\u00e0 o\u00f9 la plupart \u00e9chouent, c\u2019est qu\u2019ils attendent le changement comme si c\u2019\u00e9tait quelque chose d\u2019\u00e9trange, un \u00e9v\u00e9nement lointain, une vague qui pourrait peut-\u00eatre les submerger. Mais non. <strong>Le changement commence maintenant.<\/strong> \u00c7a commence aujourd\u2019hui. Et si tu n\u2019agis pas, tu seras juste laiss\u00e9 derri\u00e8re, un spectateur de ta propre vie. Mais imagine un instant que tu prennes les r\u00eanes. Que tu choisisses de passer du c\u00f4t\u00e9 de ceux qui ma\u00eetrisent cette transformation, ceux qui ne la subissent pas, mais la dirigent.<\/p>\n\n\n\n<h3 class=\"wp-block-heading\">C\u2019est quoi, le \u00ab bon c\u00f4t\u00e9 \u00bb ?<\/h3>\n\n\n\n<p>Le \u00ab bon c\u00f4t\u00e9 \u00bb, c\u2019est ce groupe de gens qui comprennent qu\u2019ils doivent s\u2019adapter, \u00e9voluer, se remettre en question. <strong>Ceux qui osent r\u00e9inventer leur vie, qui n\u2019ont pas peur de l\u00e2cher prise et de prendre des d\u00e9cisions audacieuses<\/strong>. Ceux qui comprennent que la stagnation, c\u2019est la mort en marche. Ces gens-l\u00e0 sont les architectes de leur propre destin. Ils ne se contentent pas de vivre \u00e0 la surface, ils plongent. Et eux, quand ils arrivent au sommet, ils n\u2019ont pas de regrets. Ils ne regardent jamais en arri\u00e8re.<\/p>\n\n\n\n<p>Tu vois, tout le monde parle du succ\u00e8s comme si c\u2019\u00e9tait une destination lointaine. Comme si tu devais tout sacrifier pour l\u2019atteindre. La v\u00e9rit\u00e9, c\u2019est que le succ\u00e8s commence quand tu r\u00e9alises que la transformation est <strong>constante<\/strong>. Ce n\u2019est pas un changement radical, mais un ensemble de petites actions quotidiennes qui t\u2019am\u00e8nent l\u00e0 o\u00f9 tu veux \u00eatre.<\/p>\n\n\n\n<h3 class=\"wp-block-heading\">Comment tu peux surfer sur cette vague, toi aussi ?<\/h3>\n\n\n\n<p>Imaginons ensemble. Tu te l\u00e8ves demain matin. Et au lieu de te laisser happer par la routine, tu d\u00e9cides d&rsquo;agir diff\u00e9remment. \u00c7a commence par des petites habitudes. Remplacer les excuses par des actions. C\u2019est \u00e7a, la transformation : <strong>prendre une d\u00e9cision chaque jour de t\u2019am\u00e9liorer, d\u2019\u00eatre plus fort, plus intelligent, plus sage<\/strong>. Cela commence par des gestes simples. T\u2019arr\u00eater un instant pour respirer. Poser un objectif clair. Dire non aux distractions qui te volent ton temps et ton \u00e9nergie. <strong>Chaque petite victoire compte.<\/strong><\/p>\n\n\n\n<p>Pense \u00e0 ton quotidien. Est-ce que tu te vois toujours dans ce cercle vicieux ? Est-ce que tu as d\u00e9j\u00e0 r\u00eav\u00e9 de ce moment o\u00f9 tu pourrais dire : \u00ab Ce n\u2019est plus pour moi, je suis au contr\u00f4le de ma vie ? \u00bb Oui, \u00e7a peut para\u00eetre fou, mais c\u2019est r\u00e9alisable. Les gens qui r\u00e9ussissent n\u2019ont pas plus de temps ou de chances que toi. Ce qui les distingue, c\u2019est leur capacit\u00e9 \u00e0 prendre des d\u00e9cisions et \u00e0 avancer. Tout ce que tu as \u00e0 faire, c\u2019est <strong>prendre cette d\u00e9cision maintenant<\/strong>. Demain n\u2019est pas garanti.<\/p>\n\n\n\n<h3 class=\"wp-block-heading\">Ce que tu risques en restant de l\u2019autre c\u00f4t\u00e9<\/h3>\n\n\n\n<p>Restons honn\u00eates deux secondes : <strong>si tu choisis de ne pas prendre part \u00e0 cette transformation, tu risques de t\u2019\u00e9teindre \u00e0 petit feu<\/strong>. Tu vas voir les autres avancer, pendant que toi, tu restes l\u00e0, \u00e0 observer. Parce que la transformation, elle se fait \u00e0 chaque moment o\u00f9 tu fais un choix. Et ne pas choisir, c\u2019est choisir de rester l\u00e0 o\u00f9 tu es. Et o\u00f9 est-ce que \u00e7a t\u2019a men\u00e9 jusqu&rsquo;ici, franchement ? Si tu es fatigu\u00e9 de tourner en rond, fatigu\u00e9 de vivre dans cette zone de confort qui, au fond, te laisse insatisfait, alors il est temps de prendre les r\u00eanes.<\/p>\n\n\n\n<p>Ne sois pas celui qui attend que les choses changent. Sois celui qui change les choses. <strong>C\u2019est ce qui fait toute la diff\u00e9rence.<\/strong><\/p>\n\n\n\n<h3 class=\"wp-block-heading\">Rappelle-toi pourquoi tu dois le faire<\/h3>\n\n\n\n<p>La transformation, c\u2019est ta chance. C\u2019est ton moment. Ce n\u2019est pas quelque chose qui arrivera \u00e0 quelqu\u2019un d\u2019autre, c\u2019est quelque chose que tu choisis d\u2019embrasser maintenant. Parce qu\u2019au fond, tu sais que tu es capable de plus, de mieux, de plus grand. <strong>Tu as ce feu en toi, cette \u00e9tincelle<\/strong>. Si tu attends que la vie te donne des r\u00e9ponses toutes faites, tu vas attendre \u00e9ternellement.<\/p>\n\n\n\n<p>Le vrai secret du succ\u00e8s, c\u2019est \u00e7a : <strong>choisir de marcher du bon c\u00f4t\u00e9, celui o\u00f9 la transformation est une \u00e9vidence, o\u00f9 les r\u00eaves ne sont pas des fictions, mais des r\u00e9alit\u00e9s \u00e0 construire.<\/strong> Parce qu\u2019au final, tout ce qui compte, c\u2019est que tu sois fier de la personne que tu deviens, pas de la personne que tu \u00e9tais hier.<\/p>\n\n\n\n<p>Alors, qu&rsquo;est-ce que tu fais ? Tu attends que \u00e7a arrive ou tu choisis de <strong>faire en sorte que \u00e7a arrive maintenant<\/strong> ?<\/p>\n\n\n\n<hr class=\"wp-block-separator has-alpha-channel-opacity\"\/>\n\n\n\n<p><strong>Guido SAVERIO<\/strong><\/p>\n\n\n\n<p class=\"has-vivid-red-color has-text-color has-link-color wp-elements-bc8a95639f1d44423367e6616b2eb5b5\"><strong>Si cet article t\u2019a parl\u00e9, partage-le avec tes amis. Merci de m&rsquo;avoir lu, et je te souhaite de prendre cette d\u00e9cision pour toi. La transformation est \u00e0 ta port\u00e9e. Maintenant, fonce.<\/strong><\/p>\n\n\n\n<ul>\n<li><strong>\u00ab\u00a0<em><a href=\"https:\/\/guido-saverio-coach.com\/?page_id=1845\">Adapte-toi ou reste sur le carreau.<\/a><\/em>\u00ab\u00a0<\/strong><\/li>\n\n\n\n<li><strong>\u00ab\u00a0<em><a href=\"https:\/\/guido-saverio-coach.com\/?page_id=1849\">\u00c9volue, sinon tu deviens obsol\u00e8te.<\/a><\/em>\u00ab\u00a0<\/strong><\/li>\n\n\n\n<li><strong>\u00ab\u00a0<em><a href=\"https:\/\/guido-saverio-coach.com\/?page_id=1852\">Trop lent ? Le monde t\u2019\u00e9crasera.<\/a><\/em>\u00ab\u00a0<\/strong><\/li>\n\n\n\n<li><strong>\u00ab\u00a0<em><a href=\"https:\/\/guido-saverio-coach.com\/?page_id=1855\">Change avec le monde ou regarde-le t\u2019\u00e9chapper.<\/a><\/em>\u00ab\u00a0<\/strong><\/li>\n\n\n\n<li><strong>\u00ab\u00a0<em><a href=\"https:\/\/guido-saverio-coach.com\/?page_id=1858\">Ceux qui stagnent disparaissent.<\/a><\/em>\u00ab\u00a0<\/strong><\/li>\n\n\n\n<li><strong>\u00ab\u00a0<em><a href=\"https:\/\/guido-saverio-coach.com\/?page_id=1863\">La vitesse, c\u2019est la nouvelle r\u00e8gle du jeu.<\/a><\/em>\u00ab\u00a0<\/strong><\/li>\n\n\n\n<li><strong>\u00ab\u00a0<em><a href=\"https:\/\/guido-saverio-coach.com\/?page_id=1866\">Soit tu t\u2019adaptes, soit tu subis.<\/a><\/em>\u00ab\u00a0<\/strong><\/li>\n\n\n\n<li><strong>\u00ab\u00a0<em><a href=\"https:\/\/guido-saverio-coach.com\/?page_id=1869\">La transformation est in\u00e9vitable. Sois du bon c\u00f4t\u00e9.<\/a><\/em>\u00ab\u00a0<\/strong><\/li>\n\n\n\n<li><strong>\u00ab\u00a0<em><a href=\"https:\/\/guido-saverio-coach.com\/?page_id=1873\">Le futur n\u2019attend personne. Sois pr\u00eat.<\/a><\/em>\u00ab\u00a0<\/strong><\/li>\n\n\n\n<li><strong>\u00ab\u00a0<em><a href=\"https:\/\/guido-saverio-coach.com\/?page_id=1876\">L\u2019ancien monde est mort. Construis le tien.<\/a><\/em>\u00ab\u00a0<\/strong><\/li>\n\n\n\n<li><strong>\u00ab\u00a0<em><a href=\"https:\/\/guido-saverio-coach.com\/?page_id=1879\">Les r\u00e8gles changent, les gagnants aussi.<\/a><\/em>\u00ab\u00a0<\/strong><\/li>\n\n\n\n<li><strong>\u00ab\u00a0<em><a href=\"https:\/\/guido-saverio-coach.com\/?page_id=1882\">Ne sois pas le dernier \u00e0 comprendre le changement.<\/a><\/em>\u00ab\u00a0<\/strong><\/li>\n\n\n\n<li><strong>\u00ab\u00a0<em><a href=\"https:\/\/guido-saverio-coach.com\/?page_id=1885\">Ceux qui osent prennent l\u2019avantage.<\/a><\/em>\u00ab\u00a0<\/strong><\/li>\n\n\n\n<li><strong>\u00ab\u00a0<em><a href=\"https:\/\/guido-saverio-coach.com\/?page_id=1888\">Les opportunit\u00e9s sont l\u00e0. Encore faut-il les voir.<\/a><\/em>\u00ab\u00a0<\/strong><\/li>\n\n\n\n<li><strong>\u00ab\u00a0<em><a href=\"https:\/\/guido-saverio-coach.com\/?page_id=1891\">Le monde avance. Fais en sorte de ne pas rester derri\u00e8re.<\/a><\/em>\u00ab\u00a0<\/strong><\/li>\n<\/ul>\n","protected":false},"excerpt":{"rendered":"<p>Tu n\u2019\u00e9chappes pas \u00e0 \u00e7a. Peu importe combien tu le refuses, combien tu tries de fermer les yeux ou de rester dans ta zone de confort, la transformation arrive. Chaque jour, chaque minute, chaque seconde. C\u2019est une certitude. La question&#8230; <a href=\"https:\/\/guido-saverio-coach.com\/?page_id=1869\" class=\"readmore\">Read more<span class=\"screen-reader-text\">La transformation est in\u00e9vitable. Sois du bon c\u00f4t\u00e9.<\/span><span class=\"fa fa-angle-double-right\" aria-hidden=\"true\"><\/span><\/a><\/p>\n","protected":false},"author":1,"featured_media":0,"parent":0,"menu_order":0,"comment_status":"closed","ping_status":"closed","template":"","meta":{"footnotes":""},"_links":{"self":[{"href":"https:\/\/guido-saverio-coach.com\/index.php?rest_route=\/wp\/v2\/pages\/1869"}],"collection":[{"href":"https:\/\/guido-saverio-coach.com\/index.php?rest_route=\/wp\/v2\/pages"}],"about":[{"href":"https:\/\/guido-saverio-coach.com\/index.php?rest_route=\/wp\/v2\/types\/page"}],"author":[{"embeddable":true,"href":"https:\/\/guido-saverio-coach.com\/index.php?rest_route=\/wp\/v2\/users\/1"}],"replies":[{"embeddable":true,"href":"https:\/\/guido-saverio-coach.com\/index.php?rest_route=%2Fwp%2Fv2%2Fcomments&post=1869"}],"version-history":[{"count":2,"href":"https:\/\/guido-saverio-coach.com\/index.php?rest_route=\/wp\/v2\/pages\/1869\/revisions"}],"predecessor-version":[{"id":1909,"href":"https:\/\/guido-saverio-coach.com\/index.php?rest_route=\/wp\/v2\/pages\/1869\/revisions\/1909"}],"wp:attachment":[{"href":"https:\/\/guido-saverio-coach.com\/index.php?rest_route=%2Fwp%2Fv2%2Fmedia&parent=1869"}],"curies":[{"name":"wp","href":"https:\/\/api.w.org\/{rel}","templated":true}]}}