{"id":1873,"date":"2025-02-26T11:49:01","date_gmt":"2025-02-26T10:49:01","guid":{"rendered":"https:\/\/guido-saverio-coach.com\/?page_id=1873"},"modified":"2025-02-26T12:22:31","modified_gmt":"2025-02-26T11:22:31","slug":"le-futur-nattend-personne-sois-pret","status":"publish","type":"page","link":"https:\/\/guido-saverio-coach.com\/?page_id=1873","title":{"rendered":"Le futur n\u2019attend personne. Sois pr\u00eat."},"content":{"rendered":"\n<p>Tu sais quoi ? Le futur, ce n\u2019est pas un truc qui s\u2019en va faire son shopping tranquille pendant que toi, tu te laisses porter par la vague de la vie. Il n\u2019est pas l\u00e0 \u00e0 se dire : \u00ab Bon, je vais attendre que cette personne prenne enfin ses responsabilit\u00e9s pour venir lui donner une chance. \u00bb Non, le futur, c\u2019est une b\u00eate sauvage qui ne se soucie ni de tes h\u00e9sitations ni de tes petites faiblesses. Il n\u2019attend pas. Et il n\u2019attendra pas non plus que tu sois pr\u00eat. Alors laisse-moi te poser une question : es-tu vraiment pr\u00eat pour ce qui arrive ?<\/p>\n\n\n\n<p>Imagine-toi dans cinq ans. O\u00f9 veux-tu \u00eatre ? Sur cette m\u00eame route o\u00f9 tu t\u2019es arr\u00eat\u00e9, dans l\u2019attente de \u00ab\u00a0la bonne occasion\u00a0\u00bb ? Ou es-tu pr\u00eat \u00e0 sauter dans l\u2019inconnu, \u00e0 vivre une vie que tu d\u00e9sires r\u00e9ellement, avec cette \u00e9nergie de celui qui sait que chaque seconde compte ?<\/p>\n\n\n\n<p><strong>Ce que tu n\u2019as pas compris : le futur ne t\u2019attend pas.<\/strong><\/p>\n\n\n\n<p>La plupart des gens pensent qu\u2019ils peuvent procrastiner, jouer \u00e0 ce jeu o\u00f9 le succ\u00e8s attend au bout du chemin, comme un vieux r\u00eave poussi\u00e9reux qu\u2019on finit par atteindre si on garde suffisamment de patience. Eh bien, d\u00e9sol\u00e9 de briser cette illusion : le futur, il te d\u00e9laisse si tu n\u2019es pas pr\u00eat. C\u2019est brutal, mais c\u2019est la v\u00e9rit\u00e9. \u00c0 chaque fois que tu repousses tes objectifs, que tu te dis : \u00ab\u00a0Je m\u2019y mettrai demain\u00a0\u00bb, tu laisses passer une occasion, une chance d\u2019avancer, d\u2019\u00eatre l\u00e0 o\u00f9 tu veux \u00eatre. Et pendant ce temps, d\u2019autres, plus malins ou simplement plus audacieux, prennent de l\u2019avance.<\/p>\n\n\n\n<p>Tu te souviens de ce r\u00eave que tu avais quand tu \u00e9tais plus jeune ? Celui o\u00f9 tu faisais ce boulot qui te passionnait, o\u00f9 tu vivais une vie \u00e9panouie, o\u00f9 tu n\u2019avais pas \u00e0 t\u2019inqui\u00e9ter chaque mois pour payer tes factures ? Eh bien, ce r\u00eave est encore \u00e0 ta port\u00e9e, mais il ne se mat\u00e9rialisera pas tout seul. Si tu veux vraiment atteindre ce niveau de vie, il est temps de comprendre que le futur n\u2019est pas un concept abstrait. Il commence aujourd\u2019hui.<\/p>\n\n\n\n<p><strong>Comment \u00eatre pr\u00eat \u00e0 tout moment ?<\/strong><\/p>\n\n\n\n<p>Pour \u00eatre pr\u00eat, il faut d\u2019abord accepter une chose : tu vas \u00e9chouer. Et tu sais quoi ? Ce n\u2019est pas grave. Le probl\u00e8me, c\u2019est que tout le monde se prend trop au s\u00e9rieux. On a cette id\u00e9e qu\u2019il faut \u00eatre parfait tout de suite, qu\u2019il faut absolument tout ma\u00eetriser avant de passer \u00e0 l\u2019action. Mais la v\u00e9rit\u00e9, c\u2019est qu\u2019aucune opportunit\u00e9 n\u2019attend que tu sois pr\u00eat. Parfois, il faut juste sauter dans le vide et se faire confiance.<\/p>\n\n\n\n<p>Prends l\u2019exemple de Steve Jobs. Il a abandonn\u00e9 ses \u00e9tudes, il a lanc\u00e9 des projets qui ont \u00e9chou\u00e9, mais il est toujours all\u00e9 de l\u2019avant. Parce qu\u2019il a compris un truc que beaucoup de gens ignorent : \u00eatre pr\u00eat, ce n\u2019est pas \u00eatre parfait, c\u2019est savoir prendre des risques, accepter les \u00e9checs et surtout, ne jamais s\u2019arr\u00eater d\u2019avancer.<\/p>\n\n\n\n<p><strong>Le b\u00e9n\u00e9fice imm\u00e9diat de cette prise de d\u00e9cision ?<\/strong><\/p>\n\n\n\n<p>Tu vois, le b\u00e9n\u00e9fice imm\u00e9diat, c\u2019est une \u00e9nergie nouvelle. Quand tu arr\u00eates de tergiverser, quand tu te mets enfin en marche, tu lib\u00e8res une force en toi. C\u2019est comme une rivi\u00e8re qui coule, un torrent d\u2019\u00e9nergie qui se lib\u00e8re. Plus tu attends, plus tu retardes cette mont\u00e9e en puissance. Mais une fois que tu t\u2019y mets, que tu prends cette d\u00e9cision de vivre sans attendre que \u00ab\u00a0le moment parfait\u00a0\u00bb vienne, tu verras que l\u2019univers commence \u00e0 s\u2019aligner. Les opportunit\u00e9s deviennent plus claires, ton esprit devient plus aff\u00fbt\u00e9, et ta confiance en toi commence \u00e0 cro\u00eetre.<\/p>\n\n\n\n<p>Mais, je vais \u00eatre franc avec toi. Si tu attends demain, il y a de fortes chances que demain ressemble exactement \u00e0 aujourd\u2019hui. Et encore \u00e0 aujourd\u2019hui, puis \u00e0 demain, et ainsi de suite. C\u2019est \u00e7a, la v\u00e9rit\u00e9 : si tu n\u2019agis pas, tout \u00e7a devient une spirale. Parce qu\u2019en fait, attendre c\u2019est une forme de fuite.<\/p>\n\n\n\n<p><strong>Le r\u00eave n\u2019attend pas, et toi non plus.<\/strong><\/p>\n\n\n\n<p>Si tu es pr\u00eat \u00e0 tout envoyer, \u00e0 faire le grand saut, tu n\u2019auras plus \u00e0 regarder les autres vivre le r\u00eave que tu t\u2019imagines chaque jour. Tu vivras ce r\u00eave toi-m\u00eame. Ce ne sera pas facile, non. Mais \u00e7a en vaudra chaque seconde.<\/p>\n\n\n\n<p>Alors maintenant, il est temps d\u2019agir. Le futur t\u2019appartient. Sois pr\u00eat, ou laisse-le filer.<\/p>\n\n\n\n<p>Guido SAVERIO<\/p>\n\n\n\n<p class=\"has-vivid-red-color has-text-color has-link-color wp-elements-1c83f7d9c608fc922449b5acde72ed7b\"><strong>P.S. Si tu as trouv\u00e9 cet article utile, partage-le avec quelqu\u2019un qui a besoin d\u2019un petit coup de boost pour se lancer. Merci de m\u2019avoir lu.<\/strong><\/p>\n\n\n\n<ul>\n<li><strong>\u00ab\u00a0<em><a href=\"https:\/\/guido-saverio-coach.com\/?page_id=1845\">Adapte-toi ou reste sur le carreau.<\/a><\/em>\u00ab\u00a0<\/strong><\/li>\n\n\n\n<li><strong>\u00ab\u00a0<em><a href=\"https:\/\/guido-saverio-coach.com\/?page_id=1849\">\u00c9volue, sinon tu deviens obsol\u00e8te.<\/a><\/em>\u00ab\u00a0<\/strong><\/li>\n\n\n\n<li><strong>\u00ab\u00a0<em><a href=\"https:\/\/guido-saverio-coach.com\/?page_id=1852\">Trop lent ? Le monde t\u2019\u00e9crasera.<\/a><\/em>\u00ab\u00a0<\/strong><\/li>\n\n\n\n<li><strong>\u00ab\u00a0<em><a href=\"https:\/\/guido-saverio-coach.com\/?page_id=1855\">Change avec le monde ou regarde-le t\u2019\u00e9chapper.<\/a><\/em>\u00ab\u00a0<\/strong><\/li>\n\n\n\n<li><strong>\u00ab\u00a0<em><a href=\"https:\/\/guido-saverio-coach.com\/?page_id=1858\">Ceux qui stagnent disparaissent.<\/a><\/em>\u00ab\u00a0<\/strong><\/li>\n\n\n\n<li><strong>\u00ab\u00a0<em><a href=\"https:\/\/guido-saverio-coach.com\/?page_id=1863\">La vitesse, c\u2019est la nouvelle r\u00e8gle du jeu.<\/a><\/em>\u00ab\u00a0<\/strong><\/li>\n\n\n\n<li><strong>\u00ab\u00a0<em><a href=\"https:\/\/guido-saverio-coach.com\/?page_id=1866\">Soit tu t\u2019adaptes, soit tu subis.<\/a><\/em>\u00ab\u00a0<\/strong><\/li>\n\n\n\n<li><strong>\u00ab\u00a0<em><a href=\"https:\/\/guido-saverio-coach.com\/?page_id=1869\">La transformation est in\u00e9vitable. Sois du bon c\u00f4t\u00e9.<\/a><\/em>\u00ab\u00a0<\/strong><\/li>\n\n\n\n<li><strong>\u00ab\u00a0<em><a href=\"https:\/\/guido-saverio-coach.com\/?page_id=1873\">Le futur n\u2019attend personne. Sois pr\u00eat.<\/a><\/em>\u00ab\u00a0<\/strong><\/li>\n\n\n\n<li><strong>\u00ab\u00a0<em><a href=\"https:\/\/guido-saverio-coach.com\/?page_id=1876\">L\u2019ancien monde est mort. Construis le tien.<\/a><\/em>\u00ab\u00a0<\/strong><\/li>\n\n\n\n<li><strong>\u00ab\u00a0<em><a href=\"https:\/\/guido-saverio-coach.com\/?page_id=1879\">Les r\u00e8gles changent, les gagnants aussi.<\/a><\/em>\u00ab\u00a0<\/strong><\/li>\n\n\n\n<li><strong>\u00ab\u00a0<em><a href=\"https:\/\/guido-saverio-coach.com\/?page_id=1882\">Ne sois pas le dernier \u00e0 comprendre le changement.<\/a><\/em>\u00ab\u00a0<\/strong><\/li>\n\n\n\n<li><strong>\u00ab\u00a0<em><a href=\"https:\/\/guido-saverio-coach.com\/?page_id=1885\">Ceux qui osent prennent l\u2019avantage.<\/a><\/em>\u00ab\u00a0<\/strong><\/li>\n\n\n\n<li><strong>\u00ab\u00a0<em><a href=\"https:\/\/guido-saverio-coach.com\/?page_id=1888\">Les opportunit\u00e9s sont l\u00e0. Encore faut-il les voir.<\/a><\/em>\u00ab\u00a0<\/strong><\/li>\n\n\n\n<li><strong>\u00ab\u00a0<em><a href=\"https:\/\/guido-saverio-coach.com\/?page_id=1891\">Le monde avance. Fais en sorte de ne pas rester derri\u00e8re.<\/a><\/em>\u00ab\u00a0<\/strong><\/li>\n<\/ul>\n","protected":false},"excerpt":{"rendered":"<p>Tu sais quoi ? Le futur, ce n\u2019est pas un truc qui s\u2019en va faire son shopping tranquille pendant que toi, tu te laisses porter par la vague de la vie. Il n\u2019est pas l\u00e0 \u00e0 se dire : \u00ab&#8230; <a href=\"https:\/\/guido-saverio-coach.com\/?page_id=1873\" class=\"readmore\">Read more<span class=\"screen-reader-text\">Le futur n\u2019attend personne. Sois pr\u00eat.<\/span><span class=\"fa fa-angle-double-right\" aria-hidden=\"true\"><\/span><\/a><\/p>\n","protected":false},"author":1,"featured_media":0,"parent":0,"menu_order":0,"comment_status":"closed","ping_status":"closed","template":"","meta":{"footnotes":""},"_links":{"self":[{"href":"https:\/\/guido-saverio-coach.com\/index.php?rest_route=\/wp\/v2\/pages\/1873"}],"collection":[{"href":"https:\/\/guido-saverio-coach.com\/index.php?rest_route=\/wp\/v2\/pages"}],"about":[{"href":"https:\/\/guido-saverio-coach.com\/index.php?rest_route=\/wp\/v2\/types\/page"}],"author":[{"embeddable":true,"href":"https:\/\/guido-saverio-coach.com\/index.php?rest_route=\/wp\/v2\/users\/1"}],"replies":[{"embeddable":true,"href":"https:\/\/guido-saverio-coach.com\/index.php?rest_route=%2Fwp%2Fv2%2Fcomments&post=1873"}],"version-history":[{"count":2,"href":"https:\/\/guido-saverio-coach.com\/index.php?rest_route=\/wp\/v2\/pages\/1873\/revisions"}],"predecessor-version":[{"id":1910,"href":"https:\/\/guido-saverio-coach.com\/index.php?rest_route=\/wp\/v2\/pages\/1873\/revisions\/1910"}],"wp:attachment":[{"href":"https:\/\/guido-saverio-coach.com\/index.php?rest_route=%2Fwp%2Fv2%2Fmedia&parent=1873"}],"curies":[{"name":"wp","href":"https:\/\/api.w.org\/{rel}","templated":true}]}}