{"id":1876,"date":"2025-02-26T11:50:56","date_gmt":"2025-02-26T10:50:56","guid":{"rendered":"https:\/\/guido-saverio-coach.com\/?page_id=1876"},"modified":"2025-02-26T12:22:55","modified_gmt":"2025-02-26T11:22:55","slug":"lancien-monde-est-mort-construis-le-tien","status":"publish","type":"page","link":"https:\/\/guido-saverio-coach.com\/?page_id=1876","title":{"rendered":"L\u2019ancien monde est mort. Construis le tien."},"content":{"rendered":"\n<p>T\u2019as remarqu\u00e9 ? Le monde d\u2019avant, celui qu\u2019on nous vendait comme stable et s\u00e9curitaire, il est en train de dispara\u00eetre. La promesse d\u2019une carri\u00e8re \u00e0 vie, la certitude d\u2019un revenu fixe, la tranquillit\u00e9 d\u2019esprit de savoir qu\u2019on va grandir, se marier, avoir des enfants, et vieillir tranquillement dans une routine bien huil\u00e9e, tout \u00e7a c\u2019est fini. Comme un vieux disque ray\u00e9 qu\u2019on n\u2019ose plus \u00e9couter. Le monde qui nous a \u00e9t\u00e9 vendu n\u2019existe plus. Il a explos\u00e9, et il ne reviendra jamais. Et la question qui te reste, c\u2019est : que vas-tu en faire ? Parce que, spoiler alert, t\u2019as le pouvoir de cr\u00e9er ton propre monde, mais seulement si tu es pr\u00eat \u00e0 arr\u00eater de pleurer sur les ruines de l\u2019ancien.<\/p>\n\n\n\n<p><strong>L\u2019\u00e9veil au chaos : bienvenue dans la r\u00e9alit\u00e9<\/strong><\/p>\n\n\n\n<p>Regarde autour de toi. Les g\u00e9ants de l\u2019\u00e9conomie s\u2019effondrent, les industries se transforment \u00e0 une vitesse vertigineuse, les habitudes des gens changent, les r\u00e8gles du jeu sont constamment red\u00e9finies. Et toi, dans tout \u00e7a, tu continues \u00e0 suivre le m\u00eame vieux script ? Si c\u2019est le cas, t\u2019es d\u00e9j\u00e0 \u00e0 la tra\u00eene. Le monde a chang\u00e9. Et si tu veux survivre, t\u2019as deux options : soit tu t\u2019adaptes, soit tu disparais.<\/p>\n\n\n\n<p>Ce qui te s\u00e9pare des autres, c\u2019est une question simple : es-tu pr\u00eat \u00e0 casser les cha\u00eenes ? La v\u00e9rit\u00e9, c\u2019est que tout le monde essaie de revenir \u00e0 la \u201cnormalit\u00e9\u201d, une normalit\u00e9 qui n\u2019existe plus. Mais toi, ce que tu peux faire, c\u2019est tourner cette page. Cr\u00e9er ton propre monde. Un monde qui te correspond. Un monde dans lequel tu es ma\u00eetre de ton destin.<\/p>\n\n\n\n<p><strong>Pourquoi l\u2019ancien monde \u00e9tait une illusion<\/strong><\/p>\n\n\n\n<p>On nous a fait croire pendant des ann\u00e9es que pour r\u00e9ussir, il fallait suivre un chemin tout trac\u00e9. Bien \u00e9tudier, obtenir un dipl\u00f4me, d\u00e9crocher un job, gravir les \u00e9chelons, et voil\u00e0, la vie est r\u00e9gl\u00e9e. T\u2019as bien entendu cette promesse, hein ? La vie stable et tranquille qui arrive apr\u00e8s un travail de 9 \u00e0 17 heures, cinq jours sur sept. Mais devine quoi ? Ce mod\u00e8le est obsol\u00e8te. Il est mort. \u00c0 force de courir apr\u00e8s des objectifs vieux de 50 ans, tu passes \u00e0 c\u00f4t\u00e9 de l\u2019essentiel : la possibilit\u00e9 de t\u2019\u00e9panouir, de cr\u00e9er ta propre vie, de b\u00e2tir ton propre empire, peu importe ton point de d\u00e9part.<\/p>\n\n\n\n<p>Dans ce monde, tu n\u2019es pas l\u00e0 pour r\u00e9p\u00e9ter des actions sans r\u00e9fl\u00e9chir. Non. Tu es l\u00e0 pour apprendre \u00e0 t\u2019\u00e9couter, \u00e0 d\u00e9couvrir tes passions, et \u00e0 t\u2019affranchir de tout ce qui te limite. La libert\u00e9 commence quand tu arr\u00eates de suivre les r\u00e8gles d\u2019un jeu que tu n\u2019as m\u00eame pas choisi.<\/p>\n\n\n\n<p><strong>Construire son propre monde : le pouvoir de l\u2019action consciente<\/strong><\/p>\n\n\n\n<p>Alors, comment tu fais pour te lib\u00e9rer de ce monde mourant et en cr\u00e9er un nouveau ? D\u2019abord, tu arr\u00eates de t\u2019inqui\u00e9ter. Oui, t\u2019as bien entendu. Arr\u00eate de t\u2019inqui\u00e9ter de l\u2019incertitude. La v\u00e9rit\u00e9, c\u2019est que la vie est toujours incertaine. Avant, peut-\u00eatre que c\u2019\u00e9tait plus cach\u00e9 sous un voile de confort. Aujourd\u2019hui, c\u2019est clair : tout est incertain. C\u2019est un terrain de jeu, un espace infini d\u2019opportunit\u00e9s.<\/p>\n\n\n\n<p>Imagine un instant que t\u2019as une feuille blanche devant toi. Ce n\u2019est pas une vie pleine de contraintes. C\u2019est un espace vierge pour t\u2019inventer, te r\u00e9inventer, te r\u00e9approprier chaque facette de ta r\u00e9alit\u00e9. Tu peux cr\u00e9er ton propre business, red\u00e9finir ta carri\u00e8re, d\u00e9cider de la mani\u00e8re dont tu veux passer tes journ\u00e9es. Il n\u2019y a aucune excuse. Tu n\u2019as plus besoin de permission pour vivre la vie que tu d\u00e9sires. La seule chose qui te manque, c\u2019est la conviction de franchir le pas. L\u2019ancien monde voulait te faire croire que tu avais besoin de r\u00e8gles strictes pour r\u00e9ussir. Mais en r\u00e9alit\u00e9, ce que tu veux, c\u2019est vivre selon tes propres r\u00e8gles. Et c\u2019est \u00e7a, le pouvoir ultime.<\/p>\n\n\n\n<p><strong>Des exemples concrets pour t\u2019inspirer<\/strong><\/p>\n\n\n\n<p>Regarde autour de toi. Des milliers de personnes ont compris qu\u2019elles n\u2019avaient pas besoin d\u2019une structure rigide pour vivre. Prenons cet entrepreneur qui a quitt\u00e9 un job ultra bien pay\u00e9 pour d\u00e9marrer une petite entreprise en ligne. Aujourd\u2019hui, il gagne plus d\u2019argent qu\u2019il n\u2019en aurait jamais gagn\u00e9 dans son ancien travail, et il g\u00e8re son emploi du temps \u00e0 sa mani\u00e8re. Il n\u2019a pas attendu que la situation soit id\u00e9ale pour se lancer. Non, il a fait le choix de construire son propre monde.<\/p>\n\n\n\n<p>Ou encore ce freelance qui a troqu\u00e9 le confort d\u2019un bureau pour travailler de n\u2019importe o\u00f9 dans le monde. Il a d\u00e9cid\u00e9 de ne plus suivre les r\u00e8gles d\u2019un environnement de travail traditionnel et a choisi la libert\u00e9 d\u2019\u00eatre ma\u00eetre de son temps.<\/p>\n\n\n\n<p>Ce sont des gens comme \u00e7a qui ont compris que le monde ne s\u2019arr\u00eate pas l\u00e0 o\u00f9 les autres croient qu\u2019il finit. Ils ont saisi l\u2019opportunit\u00e9, bris\u00e9 les cha\u00eenes, et ont commenc\u00e9 \u00e0 cr\u00e9er le leur.<\/p>\n\n\n\n<p><strong>La claque finale : l\u2019action, pas demain, maintenant<\/strong><\/p>\n\n\n\n<p>Tu crois encore que tu as le temps ? Tu crois que le moment id\u00e9al va surgir du ciel ? Non. Ce moment, c\u2019est maintenant. T\u2019as pas besoin d\u2019attendre la fin du mois ou l\u2019ann\u00e9e prochaine pour commencer. Le monde est en train de s\u2019effondrer, et pendant que tu r\u00e9fl\u00e9chis, d\u2019autres sont d\u00e9j\u00e0 en train de b\u00e2tir leur empire.<\/p>\n\n\n\n<p>C\u2019est le moment de faire la diff\u00e9rence. C\u2019est le moment de te lever et de dire \u201cc\u2019est \u00e0 mon tour\u201d. Parce que si tu attends que le monde se transforme, tu seras d\u00e9j\u00e0 \u00e0 la tra\u00eene. Mais si tu commences d\u00e8s aujourd\u2019hui, \u00e0 ta mani\u00e8re, \u00e0 cr\u00e9er ton propre monde, tu verras \u00e0 quel point il est possible de t\u2019\u00e9panouir dans ce chaos.<\/p>\n\n\n\n<p>Alors, prends une grande respiration, accepte que l\u2019ancien monde est mort, et commence \u00e0 b\u00e2tir le tien.<\/p>\n\n\n\n<p class=\"has-vivid-red-color has-text-color has-link-color wp-elements-822660064434ef1f313b986a56d9694b\"><strong>Merci d\u2019avoir pris le temps de lire cet article. Si tu l\u2019as trouv\u00e9 utile, partage-le avec ceux qui en ont besoin.<\/strong><\/p>\n\n\n\n<p>Guido SAVERIO.<\/p>\n\n\n\n<ul>\n<li><strong>\u00ab\u00a0<em><a href=\"https:\/\/guido-saverio-coach.com\/?page_id=1845\">Adapte-toi ou reste sur le carreau.<\/a><\/em>\u00ab\u00a0<\/strong><\/li>\n\n\n\n<li><strong>\u00ab\u00a0<em><a href=\"https:\/\/guido-saverio-coach.com\/?page_id=1849\">\u00c9volue, sinon tu deviens obsol\u00e8te.<\/a><\/em>\u00ab\u00a0<\/strong><\/li>\n\n\n\n<li><strong>\u00ab\u00a0<em><a href=\"https:\/\/guido-saverio-coach.com\/?page_id=1852\">Trop lent ? Le monde t\u2019\u00e9crasera.<\/a><\/em>\u00ab\u00a0<\/strong><\/li>\n\n\n\n<li><strong>\u00ab\u00a0<em><a href=\"https:\/\/guido-saverio-coach.com\/?page_id=1855\">Change avec le monde ou regarde-le t\u2019\u00e9chapper.<\/a><\/em>\u00ab\u00a0<\/strong><\/li>\n\n\n\n<li><strong>\u00ab\u00a0<em><a href=\"https:\/\/guido-saverio-coach.com\/?page_id=1858\">Ceux qui stagnent disparaissent.<\/a><\/em>\u00ab\u00a0<\/strong><\/li>\n\n\n\n<li><strong>\u00ab\u00a0<em><a href=\"https:\/\/guido-saverio-coach.com\/?page_id=1863\">La vitesse, c\u2019est la nouvelle r\u00e8gle du jeu.<\/a><\/em>\u00ab\u00a0<\/strong><\/li>\n\n\n\n<li><strong>\u00ab\u00a0<em><a href=\"https:\/\/guido-saverio-coach.com\/?page_id=1866\">Soit tu t\u2019adaptes, soit tu subis.<\/a><\/em>\u00ab\u00a0<\/strong><\/li>\n\n\n\n<li><strong>\u00ab\u00a0<em><a href=\"https:\/\/guido-saverio-coach.com\/?page_id=1869\">La transformation est in\u00e9vitable. Sois du bon c\u00f4t\u00e9.<\/a><\/em>\u00ab\u00a0<\/strong><\/li>\n\n\n\n<li><strong>\u00ab\u00a0<em><a href=\"https:\/\/guido-saverio-coach.com\/?page_id=1873\">Le futur n\u2019attend personne. Sois pr\u00eat.<\/a><\/em>\u00ab\u00a0<\/strong><\/li>\n\n\n\n<li><strong>\u00ab\u00a0<em><a href=\"https:\/\/guido-saverio-coach.com\/?page_id=1876\">L\u2019ancien monde est mort. Construis le tien.<\/a><\/em>\u00ab\u00a0<\/strong><\/li>\n\n\n\n<li><strong>\u00ab\u00a0<em><a href=\"https:\/\/guido-saverio-coach.com\/?page_id=1879\">Les r\u00e8gles changent, les gagnants aussi.<\/a><\/em>\u00ab\u00a0<\/strong><\/li>\n\n\n\n<li><strong>\u00ab\u00a0<em><a href=\"https:\/\/guido-saverio-coach.com\/?page_id=1882\">Ne sois pas le dernier \u00e0 comprendre le changement.<\/a><\/em>\u00ab\u00a0<\/strong><\/li>\n\n\n\n<li><strong>\u00ab\u00a0<em><a href=\"https:\/\/guido-saverio-coach.com\/?page_id=1885\">Ceux qui osent prennent l\u2019avantage.<\/a><\/em>\u00ab\u00a0<\/strong><\/li>\n\n\n\n<li><strong>\u00ab\u00a0<em><a href=\"https:\/\/guido-saverio-coach.com\/?page_id=1888\">Les opportunit\u00e9s sont l\u00e0. Encore faut-il les voir.<\/a><\/em>\u00ab\u00a0<\/strong><\/li>\n\n\n\n<li><strong>\u00ab\u00a0<em><a href=\"https:\/\/guido-saverio-coach.com\/?page_id=1891\">Le monde avance. Fais en sorte de ne pas rester derri\u00e8re.<\/a><\/em>\u00ab\u00a0<\/strong><\/li>\n<\/ul>\n","protected":false},"excerpt":{"rendered":"<p>T\u2019as remarqu\u00e9 ? Le monde d\u2019avant, celui qu\u2019on nous vendait comme stable et s\u00e9curitaire, il est en train de dispara\u00eetre. La promesse d\u2019une carri\u00e8re \u00e0 vie, la certitude d\u2019un revenu fixe, la tranquillit\u00e9 d\u2019esprit de savoir qu\u2019on va grandir, se&#8230; <a href=\"https:\/\/guido-saverio-coach.com\/?page_id=1876\" class=\"readmore\">Read more<span class=\"screen-reader-text\">L\u2019ancien monde est mort. Construis le tien.<\/span><span class=\"fa fa-angle-double-right\" aria-hidden=\"true\"><\/span><\/a><\/p>\n","protected":false},"author":1,"featured_media":0,"parent":0,"menu_order":0,"comment_status":"closed","ping_status":"closed","template":"","meta":{"footnotes":""},"_links":{"self":[{"href":"https:\/\/guido-saverio-coach.com\/index.php?rest_route=\/wp\/v2\/pages\/1876"}],"collection":[{"href":"https:\/\/guido-saverio-coach.com\/index.php?rest_route=\/wp\/v2\/pages"}],"about":[{"href":"https:\/\/guido-saverio-coach.com\/index.php?rest_route=\/wp\/v2\/types\/page"}],"author":[{"embeddable":true,"href":"https:\/\/guido-saverio-coach.com\/index.php?rest_route=\/wp\/v2\/users\/1"}],"replies":[{"embeddable":true,"href":"https:\/\/guido-saverio-coach.com\/index.php?rest_route=%2Fwp%2Fv2%2Fcomments&post=1876"}],"version-history":[{"count":2,"href":"https:\/\/guido-saverio-coach.com\/index.php?rest_route=\/wp\/v2\/pages\/1876\/revisions"}],"predecessor-version":[{"id":1911,"href":"https:\/\/guido-saverio-coach.com\/index.php?rest_route=\/wp\/v2\/pages\/1876\/revisions\/1911"}],"wp:attachment":[{"href":"https:\/\/guido-saverio-coach.com\/index.php?rest_route=%2Fwp%2Fv2%2Fmedia&parent=1876"}],"curies":[{"name":"wp","href":"https:\/\/api.w.org\/{rel}","templated":true}]}}