{"id":1879,"date":"2025-02-26T11:52:25","date_gmt":"2025-02-26T10:52:25","guid":{"rendered":"https:\/\/guido-saverio-coach.com\/?page_id=1879"},"modified":"2025-02-26T12:23:25","modified_gmt":"2025-02-26T11:23:25","slug":"les-regles-changent-les-gagnants-aussi","status":"publish","type":"page","link":"https:\/\/guido-saverio-coach.com\/?page_id=1879","title":{"rendered":"Les r\u00e8gles changent, les gagnants aussi"},"content":{"rendered":"\n<p>C\u2019est simple : chaque jour, les r\u00e8gles du jeu changent. Et toi, tu restes l\u00e0, \u00e0 regarder tout \u00e7a depuis le banc de touche, en te disant que tu n\u2019es peut-\u00eatre pas assez pr\u00eat ou pas assez chanceux. Mais laisse-moi te dire une chose : si tu veux gagner, tu vas devoir accepter que les r\u00e8gles ont chang\u00e9, et tu vas devoir t\u2019adapter. Sinon, tu vas rester l\u00e0, \u00e0 regarder les autres foncer, pendant que tu t\u2019ent\u00eates \u00e0 jouer avec un vieux manuel qui ne sert plus \u00e0 rien. C\u2019est \u00e7a la vie : soit tu t\u2019adaptes, soit tu disparais. Les gagnants, eux, ont compris une chose : <em>ils jouent avec les r\u00e8gles actuelles.<\/em><\/p>\n\n\n\n<p><strong>Les r\u00e8gles ne sont plus les m\u00eames<\/strong><\/p>\n\n\n\n<p>Tu te souviens du bon vieux temps o\u00f9 tout \u00e9tait plus facile ? O\u00f9 tu pouvais simplement suivre une recette et obtenir des r\u00e9sultats ? Eh bien, ces jours sont r\u00e9volus. Aujourd\u2019hui, la vie ne fonctionne plus de la m\u00eame mani\u00e8re. L\u2019argent ne tombe plus dans les poches juste parce que tu fais des heures suppl\u00e9mentaires. Les relations ne se b\u00e2tissent plus sur des promesses vides. Le succ\u00e8s ne se mesure plus en titres ou en dipl\u00f4mes, mais en <em>r\u00e9sultats concrets<\/em>. Ceux qui s\u2019adaptent \u00e0 cette nouvelle r\u00e9alit\u00e9 ne sont pas plus intelligents ou plus talentueux que les autres. Non, ce sont des <em>gagnants<\/em> parce qu\u2019ils savent o\u00f9 investir leur \u00e9nergie, comment se concentrer sur ce qui compte vraiment, et comment \u00e9liminer le bruit.<\/p>\n\n\n\n<p>Et toi ? Qu\u2019est-ce que tu fais ? Tu es encore l\u00e0 \u00e0 attendre que la chance te sourie ? Ou tu vas enfin prendre les devants et comprendre que, dans ce monde, <em>les gagnants ne demandent pas la permission<\/em> ?<\/p>\n\n\n\n<p><strong>Le r\u00eave, mais pas de la fa\u00e7on dont tu le penses<\/strong><\/p>\n\n\n\n<p>Tout le monde r\u00eave du succ\u00e8s. Tout le monde veut cette vie de libert\u00e9, de confort et d\u2019ind\u00e9pendance. Mais il y a une diff\u00e9rence entre <em>le r\u00eave<\/em> et la <em>r\u00e9alit\u00e9 du r\u00eave<\/em>. Le r\u00eave, ce n\u2019est pas juste une question de vivre dans une villa ou de rouler dans une voiture de luxe. Le vrai r\u00eave, celui que tout le monde veut mais que tr\u00e8s peu arrivent \u00e0 atteindre, c\u2019est celui o\u00f9 tu n\u2019as plus \u00e0 te justifier. Ce r\u00eave o\u00f9 tu fais ce que tu veux, quand tu veux, avec qui tu veux. Et \u00e7a, tu ne l\u2019obtiens pas en suivant les m\u00eames r\u00e8gles que tout le monde. Non, tu dois forcer le destin, tu dois sortir du cadre et commencer \u00e0 jouer <em>selon tes propres r\u00e8gles<\/em>. Et laisse-moi te dire une chose : ce r\u00eave est <em>r\u00e9el<\/em>. Il est l\u00e0, \u00e0 port\u00e9e de main, mais pour l\u2019atteindre, tu dois changer de perspective.<\/p>\n\n\n\n<p><strong>Les gagnants jouent diff\u00e9remment<\/strong><\/p>\n\n\n\n<p>Les gagnants, eux, ils ne comptent pas sur des coups de chance ou sur des circonstances id\u00e9ales. Ils savent que les r\u00e8gles vont changer constamment, et ils sont pr\u00eats \u00e0 \u00e9voluer avec elles. Regarde ceux qui r\u00e9ussissent aujourd\u2019hui : ce sont des personnes qui n\u2019ont pas peur de remettre en question le statu quo. Elles cassent les codes, brisent les limitations et r\u00e9\u00e9crivent les r\u00e8gles. Et toi, o\u00f9 tu en es ? Tu es encore l\u00e0 \u00e0 attendre que le vent tourne ? Ou tu vas enfin prendre ta vie en main et faire en sorte que <em>les r\u00e8gles changent pour TOI<\/em> ?<\/p>\n\n\n\n<p><strong>Des conseils concrets pour jouer comme un gagnant<\/strong><\/p>\n\n\n\n<p>D\u2019abord, il faut que tu comprennes quelque chose : tu n\u2019as pas besoin d\u2019\u00eatre parfait, tu as juste besoin d\u2019\u00eatre <em>en mouvement<\/em>. Commence \u00e0 t\u2019attaquer \u00e0 des petites actions chaque jour, des actions simples, mais align\u00e9es avec ton objectif. Si tu veux \u00eatre ind\u00e9pendant financi\u00e8rement, ne perds plus ton temps \u00e0 r\u00eaver de la solution miracle. Commence \u00e0 apprendre les bases de l\u2019investissement ou \u00e0 d\u00e9velopper une comp\u00e9tence que tu peux mon\u00e9tiser. Chaque jour compte.<\/p>\n\n\n\n<p>Ensuite, arr\u00eate de t&rsquo;excuser. La v\u00e9rit\u00e9, c\u2019est que la majorit\u00e9 des gens \u00e9chouent non pas \u00e0 cause d\u2019un manque de talent, mais parce qu\u2019ils passent trop de temps \u00e0 r\u00e9fl\u00e9chir. Le gagnant, lui, il agit. Pas demain, pas dans une semaine. <em>Maintenant<\/em>. Et surtout, il apprend de ses erreurs, il ne les fuit pas.<\/p>\n\n\n\n<p>Enfin, entoure-toi des bonnes personnes. Les gens avec qui tu passes du temps influencent ton \u00e9nergie et tes actions. Si tu tra\u00eenes avec des personnes qui se plaignent tout le temps et qui n&rsquo;ont pas de projets, c\u2019est ton propre mindset qui va se saboter. Entoure-toi de ceux qui, eux aussi, veulent r\u00e9\u00e9crire les r\u00e8gles et casser les cha\u00eenes.<\/p>\n\n\n\n<p><strong>Le r\u00e9sultat final : \u00eatre un gagnant<\/strong><\/p>\n\n\n\n<p>Tu veux savoir ce qui diff\u00e9rencie un gagnant des autres ? C\u2019est la <em>perception<\/em> du jeu. Le gagnant, il sait que la vie n\u2019est pas une simple ligne droite o\u00f9 les bonnes choses viennent avec le temps. Non, pour lui, chaque journ\u00e9e est une opportunit\u00e9 d\u2019optimiser, d\u2019agir et de se rapprocher de ses objectifs. Et surtout, il n\u2019a pas peur de perdre, parce que pour lui, la perte n\u2019est qu\u2019une \u00e9tape du processus.<\/p>\n\n\n\n<p>Alors, tu veux vraiment gagner ? Tu veux vraiment avoir ce que les autres r\u00eavent d\u2019avoir mais n\u2019osent pas aller chercher ? Commence par comprendre une chose : les r\u00e8gles ont chang\u00e9, et pour \u00eatre un gagnant, tu dois accepter que tu ne peux pas continuer \u00e0 jouer selon les r\u00e8gles d\u2019hier. Il est temps de t&rsquo;adapter, de bousculer les limites et de prendre ce qui t\u2019appartient.<\/p>\n\n\n\n<p>Maintenant, \u00e0 toi de jouer.<\/p>\n\n\n\n<hr class=\"wp-block-separator has-alpha-channel-opacity\"\/>\n\n\n\n<p class=\"has-vivid-red-color has-text-color has-link-color wp-elements-b7966310d2ca5739a4389d9c7b7051aa\"><strong>Guido SAVERIO<\/strong><br><strong>Si cet article t&rsquo;a touch\u00e9, si tu t\u2019es dit \u00ab\u00a0C&rsquo;est exactement ce que je veux\u00a0\u00bb, partage-le avec ceux qui en ont besoin. Parce que les r\u00e8gles changent pour tout le monde, mais seulement ceux qui agissent en tireront profit. Merci de m&rsquo;avoir lu.<\/strong><\/p>\n\n\n\n<ul>\n<li><strong>\u00ab\u00a0<em><a href=\"https:\/\/guido-saverio-coach.com\/?page_id=1845\">Adapte-toi ou reste sur le carreau.<\/a><\/em>\u00ab\u00a0<\/strong><\/li>\n\n\n\n<li><strong>\u00ab\u00a0<em><a href=\"https:\/\/guido-saverio-coach.com\/?page_id=1849\">\u00c9volue, sinon tu deviens obsol\u00e8te.<\/a><\/em>\u00ab\u00a0<\/strong><\/li>\n\n\n\n<li><strong>\u00ab\u00a0<em><a href=\"https:\/\/guido-saverio-coach.com\/?page_id=1852\">Trop lent ? Le monde t\u2019\u00e9crasera.<\/a><\/em>\u00ab\u00a0<\/strong><\/li>\n\n\n\n<li><strong>\u00ab\u00a0<em><a href=\"https:\/\/guido-saverio-coach.com\/?page_id=1855\">Change avec le monde ou regarde-le t\u2019\u00e9chapper.<\/a><\/em>\u00ab\u00a0<\/strong><\/li>\n\n\n\n<li><strong>\u00ab\u00a0<em><a href=\"https:\/\/guido-saverio-coach.com\/?page_id=1858\">Ceux qui stagnent disparaissent.<\/a><\/em>\u00ab\u00a0<\/strong><\/li>\n\n\n\n<li><strong>\u00ab\u00a0<em><a href=\"https:\/\/guido-saverio-coach.com\/?page_id=1863\">La vitesse, c\u2019est la nouvelle r\u00e8gle du jeu.<\/a><\/em>\u00ab\u00a0<\/strong><\/li>\n\n\n\n<li><strong>\u00ab\u00a0<em><a href=\"https:\/\/guido-saverio-coach.com\/?page_id=1866\">Soit tu t\u2019adaptes, soit tu subis.<\/a><\/em>\u00ab\u00a0<\/strong><\/li>\n\n\n\n<li><strong>\u00ab\u00a0<em><a href=\"https:\/\/guido-saverio-coach.com\/?page_id=1869\">La transformation est in\u00e9vitable. Sois du bon c\u00f4t\u00e9.<\/a><\/em>\u00ab\u00a0<\/strong><\/li>\n\n\n\n<li><strong>\u00ab\u00a0<em><a href=\"https:\/\/guido-saverio-coach.com\/?page_id=1873\">Le futur n\u2019attend personne. Sois pr\u00eat.<\/a><\/em>\u00ab\u00a0<\/strong><\/li>\n\n\n\n<li><strong>\u00ab\u00a0<em><a href=\"https:\/\/guido-saverio-coach.com\/?page_id=1876\">L\u2019ancien monde est mort. Construis le tien.<\/a><\/em>\u00ab\u00a0<\/strong><\/li>\n\n\n\n<li><strong>\u00ab\u00a0<em><a href=\"https:\/\/guido-saverio-coach.com\/?page_id=1879\">Les r\u00e8gles changent, les gagnants aussi.<\/a><\/em>\u00ab\u00a0<\/strong><\/li>\n\n\n\n<li><strong>\u00ab\u00a0<em><a href=\"https:\/\/guido-saverio-coach.com\/?page_id=1882\">Ne sois pas le dernier \u00e0 comprendre le changement.<\/a><\/em>\u00ab\u00a0<\/strong><\/li>\n\n\n\n<li><strong>\u00ab\u00a0<em><a href=\"https:\/\/guido-saverio-coach.com\/?page_id=1885\">Ceux qui osent prennent l\u2019avantage.<\/a><\/em>\u00ab\u00a0<\/strong><\/li>\n\n\n\n<li><strong>\u00ab\u00a0<em><a href=\"https:\/\/guido-saverio-coach.com\/?page_id=1888\">Les opportunit\u00e9s sont l\u00e0. Encore faut-il les voir.<\/a><\/em>\u00ab\u00a0<\/strong><\/li>\n\n\n\n<li><strong>\u00ab\u00a0<em><a href=\"https:\/\/guido-saverio-coach.com\/?page_id=1891\">Le monde avance. Fais en sorte de ne pas rester derri\u00e8re.<\/a><\/em>\u00ab\u00a0<\/strong><\/li>\n<\/ul>\n","protected":false},"excerpt":{"rendered":"<p>C\u2019est simple : chaque jour, les r\u00e8gles du jeu changent. Et toi, tu restes l\u00e0, \u00e0 regarder tout \u00e7a depuis le banc de touche, en te disant que tu n\u2019es peut-\u00eatre pas assez pr\u00eat ou pas assez chanceux. Mais laisse-moi&#8230; <a href=\"https:\/\/guido-saverio-coach.com\/?page_id=1879\" class=\"readmore\">Read more<span class=\"screen-reader-text\">Les r\u00e8gles changent, les gagnants aussi<\/span><span class=\"fa fa-angle-double-right\" aria-hidden=\"true\"><\/span><\/a><\/p>\n","protected":false},"author":1,"featured_media":0,"parent":0,"menu_order":0,"comment_status":"closed","ping_status":"closed","template":"","meta":{"footnotes":""},"_links":{"self":[{"href":"https:\/\/guido-saverio-coach.com\/index.php?rest_route=\/wp\/v2\/pages\/1879"}],"collection":[{"href":"https:\/\/guido-saverio-coach.com\/index.php?rest_route=\/wp\/v2\/pages"}],"about":[{"href":"https:\/\/guido-saverio-coach.com\/index.php?rest_route=\/wp\/v2\/types\/page"}],"author":[{"embeddable":true,"href":"https:\/\/guido-saverio-coach.com\/index.php?rest_route=\/wp\/v2\/users\/1"}],"replies":[{"embeddable":true,"href":"https:\/\/guido-saverio-coach.com\/index.php?rest_route=%2Fwp%2Fv2%2Fcomments&post=1879"}],"version-history":[{"count":2,"href":"https:\/\/guido-saverio-coach.com\/index.php?rest_route=\/wp\/v2\/pages\/1879\/revisions"}],"predecessor-version":[{"id":1912,"href":"https:\/\/guido-saverio-coach.com\/index.php?rest_route=\/wp\/v2\/pages\/1879\/revisions\/1912"}],"wp:attachment":[{"href":"https:\/\/guido-saverio-coach.com\/index.php?rest_route=%2Fwp%2Fv2%2Fmedia&parent=1879"}],"curies":[{"name":"wp","href":"https:\/\/api.w.org\/{rel}","templated":true}]}}