{"id":1882,"date":"2025-02-26T11:54:15","date_gmt":"2025-02-26T10:54:15","guid":{"rendered":"https:\/\/guido-saverio-coach.com\/?page_id=1882"},"modified":"2025-02-26T12:23:59","modified_gmt":"2025-02-26T11:23:59","slug":"ne-sois-pas-le-dernier-a-comprendre-le-changement","status":"publish","type":"page","link":"https:\/\/guido-saverio-coach.com\/?page_id=1882","title":{"rendered":"Ne sois pas le dernier \u00e0 comprendre le changement"},"content":{"rendered":"\n<p>Tu sais quoi ? Si tu es l\u00e0, \u00e0 lire ces mots, c\u2019est que tu es d\u00e9j\u00e0 en retard. Peut-\u00eatre pas encore dans l\u2019ab\u00eeme, mais tu flottes dangereusement proche. Le changement est partout, il d\u00e9ferle sur le monde \u00e0 une vitesse que m\u00eame les plus grands visionnaires n\u2019ont pas su anticiper. Mais toi ? T\u2019as l\u2019air d\u2019h\u00e9siter, de te dire \u00ab peut-\u00eatre demain, peut-\u00eatre la semaine prochaine \u00bb. Eh bien, voici la claque mentale : Demain, c\u2019est d\u00e9j\u00e0 trop tard. Le changement ne t\u2019attend pas.<\/p>\n\n\n\n<p>Le monde s\u2019acc\u00e9l\u00e8re. L\u2019\u00e9conomie, les technologies, les valeurs, tout est en constante \u00e9volution. Si tu t\u2019arr\u00eates pour r\u00e9fl\u00e9chir, tu perds. Si tu attends le bon moment, tu te fais doubler. Regarde autour de toi : ceux qui ont compris le changement avant tout le monde ne sont pas ceux qui l\u2019ont attendu, mais ceux qui l\u2019ont accueilli les bras ouverts, sans peur, sans doutes.<\/p>\n\n\n\n<h3 class=\"wp-block-heading\">Le changement, c\u2019est ton ticket d\u2019entr\u00e9e dans la vraie vie<\/h3>\n\n\n\n<p>Le changement, ce n\u2019est pas quelque chose de flippant, au contraire, c\u2019est ta chance. C\u2019est le moment de passer \u00e0 un autre niveau. Une occasion en or de sortir de cette routine stagnante qui te bouffe lentement mais s\u00fbrement. Parce qu\u2019il y a une v\u00e9rit\u00e9 simple que la plupart des gens ignorent : c\u2019est pas le monde qui te doit quoi que ce soit, c\u2019est \u00e0 toi de t\u2019adapter. Si tu attends le \u00ab bon \u00bb moment, tu vas finir par attendre toute ta vie.<\/p>\n\n\n\n<p>Tu crois vraiment que tu vas pouvoir continuer comme \u00e7a ? Crois-moi, dans quelques mois, des gens que tu connais, peut-\u00eatre m\u00eame des gens moins talentueux que toi, seront en train de r\u00e9colter les fruits de leurs choix audacieux, pendant que tu seras toujours coinc\u00e9 \u00e0 te dire \u00ab peut-\u00eatre demain \u00bb. Et le pire, c\u2019est qu\u2019ils ne seront pas plus intelligents que toi. Mais ils auront eu le courage de dire : <em>\u00ab\u00a0J&rsquo;y vais !\u00a0\u00bb<\/em><\/p>\n\n\n\n<h3 class=\"wp-block-heading\">Prends le changement \u00e0 bras-le-corps<\/h3>\n\n\n\n<p>Laisse-moi te dire une chose : comprendre le changement, c\u2019est t\u2019ouvrir \u00e0 des opportunit\u00e9s infinies. C\u2019est accepter que le monde dans lequel tu vis aujourd\u2019hui ne sera pas le m\u00eame demain. Et c\u2019est l\u00e0 que tout se joue. Ne te laisse pas pi\u00e9ger par ta zone de confort, par ce petit cocon dans lequel tu te sens bien. Parce que pendant que tu prends ton caf\u00e9, les autres transforment leur r\u00e9alit\u00e9, un pas \u00e0 la fois. Et toi, tu vas te retrouver \u00e0 te demander pourquoi ta vie n\u2019avance pas. C\u2019est \u00e7a, la v\u00e9rit\u00e9 brutale : plus tu attends, plus tu restes fig\u00e9 dans ton statu quo. Le monde, lui, avance sans toi.<\/p>\n\n\n\n<p>Imagine un instant : ton business qui d\u00e9colle parce que tu as enfin os\u00e9 t\u2019adapter aux nouvelles technologies. Ton salaire qui explose parce que tu as mis\u00e9 sur une comp\u00e9tence du futur. Ton quotidien qui s\u2019am\u00e9liore, pas par hasard, mais parce que tu as choisi de comprendre que le changement n\u2019est pas une menace, mais une chance. Il est l\u00e0 pour ceux qui savent l\u2019accueillir, pas pour ceux qui attendent qu\u2019il vienne frapper \u00e0 leur porte.<\/p>\n\n\n\n<h3 class=\"wp-block-heading\">Agis maintenant : Le changement est un muscle<\/h3>\n\n\n\n<p>Tu vois, comprendre le changement, c\u2019est comme aller \u00e0 la salle de sport. Au d\u00e9but, \u00e7a peut sembler difficile, m\u00eame d\u00e9courageant. Mais plus tu t\u2019y mets, plus \u00e7a devient naturel. Plus tu agis, plus tu t\u2019adaptes, et plus tu d\u00e9veloppes un muscle qui te permettra de rester en t\u00eate de la course.<\/p>\n\n\n\n<p>Et c\u2019est exactement ce que tu dois faire maintenant : tu dois t\u2019entra\u00eener \u00e0 comprendre que le changement n\u2019est pas un obstacle, mais un catalyseur. Tu dois te mettre dans un \u00e9tat d\u2019esprit o\u00f9 tu vois les opportunit\u00e9s, m\u00eame dans les moments de turbulence. Ce qui va faire la diff\u00e9rence, c\u2019est ta capacit\u00e9 \u00e0 prendre des risques calcul\u00e9s et \u00e0 \u00e9voluer avec ton environnement. Parce qu\u2019au fond, c\u2019est de \u00e7a qu\u2019il s\u2019agit. C\u2019est de se lib\u00e9rer de la peur de l\u2019inconnu, de sortir de ta zone de confort pour entrer dans un monde o\u00f9 tout est possible.<\/p>\n\n\n\n<h3 class=\"wp-block-heading\">Le r\u00eave, ce n\u2019est pas demain, c\u2019est aujourd\u2019hui<\/h3>\n\n\n\n<p>Le r\u00eave ne se construit pas en attendant. Il se fa\u00e7onne maintenant, avec des choix audacieux et une volont\u00e9 de ne pas se laisser engloutir par la peur de l\u2019incertitude. Le r\u00eave, c\u2019est d\u2019\u00eatre en avance sur son temps, de ne pas regarder les autres r\u00e9ussir tout en se demandant pourquoi \u00e7a ne nous arrive pas. Le r\u00eave, c\u2019est de vivre une vie o\u00f9 l\u2019on est ma\u00eetre de son destin, o\u00f9 chaque jour est une nouvelle occasion de prendre le contr\u00f4le de sa r\u00e9alit\u00e9. Et tout \u00e7a, c\u2019est possible si tu comprends que le changement est ton alli\u00e9.<\/p>\n\n\n\n<p>Alors voil\u00e0 ce que je te propose : arr\u00eate d&rsquo;attendre. Sois celui qui agit avant les autres, celui qui fait face \u00e0 l&rsquo;incertitude avec un sourire et une confiance in\u00e9branlable. Parce qu&rsquo;en v\u00e9rit\u00e9, ce que tu veux vraiment, ce n\u2019est pas une vie de s\u00e9curit\u00e9 et de pr\u00e9visibilit\u00e9. Ce que tu veux, c\u2019est une vie pleine de possibilit\u00e9s infinies, une vie o\u00f9 tu choisis ta direction, sans regarder en arri\u00e8re.<\/p>\n\n\n\n<p>Et si tu n&rsquo;es pas pr\u00eat \u00e0 faire le premier pas maintenant, alors reste assis et regarde les autres passer devant toi. Mais souviens-toi : ceux qui r\u00e9ussissent ne sont pas ceux qui attendent. Ce sont ceux qui s\u2019adaptent, qui \u00e9voluent, qui font face \u00e0 l\u2019avenir avec audace.<\/p>\n\n\n\n<p>\u00c0 toi de jouer.<\/p>\n\n\n\n<p>Guido SAVERIO<\/p>\n\n\n\n<p class=\"has-vivid-red-color has-text-color has-link-color wp-elements-286b2d578eeab7f19fb2c26bde7c931b\"><strong>P.S. Si tu as aim\u00e9 cet article, partage-le avec ceux qui en ont besoin. Merci.<\/strong><\/p>\n\n\n\n<ul>\n<li><strong>\u00ab\u00a0<em><a href=\"https:\/\/guido-saverio-coach.com\/?page_id=1845\">Adapte-toi ou reste sur le carreau.<\/a><\/em>\u00ab\u00a0<\/strong><\/li>\n\n\n\n<li><strong>\u00ab\u00a0<em><a href=\"https:\/\/guido-saverio-coach.com\/?page_id=1849\">\u00c9volue, sinon tu deviens obsol\u00e8te.<\/a><\/em>\u00ab\u00a0<\/strong><\/li>\n\n\n\n<li><strong>\u00ab\u00a0<em><a href=\"https:\/\/guido-saverio-coach.com\/?page_id=1852\">Trop lent ? Le monde t\u2019\u00e9crasera.<\/a><\/em>\u00ab\u00a0<\/strong><\/li>\n\n\n\n<li><strong>\u00ab\u00a0<em><a href=\"https:\/\/guido-saverio-coach.com\/?page_id=1855\">Change avec le monde ou regarde-le t\u2019\u00e9chapper.<\/a><\/em>\u00ab\u00a0<\/strong><\/li>\n\n\n\n<li><strong>\u00ab\u00a0<em><a href=\"https:\/\/guido-saverio-coach.com\/?page_id=1858\">Ceux qui stagnent disparaissent.<\/a><\/em>\u00ab\u00a0<\/strong><\/li>\n\n\n\n<li><strong>\u00ab\u00a0<em><a href=\"https:\/\/guido-saverio-coach.com\/?page_id=1863\">La vitesse, c\u2019est la nouvelle r\u00e8gle du jeu.<\/a><\/em>\u00ab\u00a0<\/strong><\/li>\n\n\n\n<li><strong>\u00ab\u00a0<em><a href=\"https:\/\/guido-saverio-coach.com\/?page_id=1866\">Soit tu t\u2019adaptes, soit tu subis.<\/a><\/em>\u00ab\u00a0<\/strong><\/li>\n\n\n\n<li><strong>\u00ab\u00a0<em><a href=\"https:\/\/guido-saverio-coach.com\/?page_id=1869\">La transformation est in\u00e9vitable. Sois du bon c\u00f4t\u00e9.<\/a><\/em>\u00ab\u00a0<\/strong><\/li>\n\n\n\n<li><strong>\u00ab\u00a0<em><a href=\"https:\/\/guido-saverio-coach.com\/?page_id=1873\">Le futur n\u2019attend personne. Sois pr\u00eat.<\/a><\/em>\u00ab\u00a0<\/strong><\/li>\n\n\n\n<li><strong>\u00ab\u00a0<em><a href=\"https:\/\/guido-saverio-coach.com\/?page_id=1876\">L\u2019ancien monde est mort. Construis le tien.<\/a><\/em>\u00ab\u00a0<\/strong><\/li>\n\n\n\n<li><strong>\u00ab\u00a0<em><a href=\"https:\/\/guido-saverio-coach.com\/?page_id=1879\">Les r\u00e8gles changent, les gagnants aussi.<\/a><\/em>\u00ab\u00a0<\/strong><\/li>\n\n\n\n<li><strong>\u00ab\u00a0<em><a href=\"https:\/\/guido-saverio-coach.com\/?page_id=1882\">Ne sois pas le dernier \u00e0 comprendre le changement.<\/a><\/em>\u00ab\u00a0<\/strong><\/li>\n\n\n\n<li><strong>\u00ab\u00a0<em><a href=\"https:\/\/guido-saverio-coach.com\/?page_id=1885\">Ceux qui osent prennent l\u2019avantage.<\/a><\/em>\u00ab\u00a0<\/strong><\/li>\n\n\n\n<li><strong>\u00ab\u00a0<em><a href=\"https:\/\/guido-saverio-coach.com\/?page_id=1888\">Les opportunit\u00e9s sont l\u00e0. Encore faut-il les voir.<\/a><\/em>\u00ab\u00a0<\/strong><\/li>\n\n\n\n<li><strong>\u00ab\u00a0<em><a href=\"https:\/\/guido-saverio-coach.com\/?page_id=1891\">Le monde avance. Fais en sorte de ne pas rester derri\u00e8re.<\/a><\/em>\u00ab\u00a0<\/strong><\/li>\n<\/ul>\n","protected":false},"excerpt":{"rendered":"<p>Tu sais quoi ? Si tu es l\u00e0, \u00e0 lire ces mots, c\u2019est que tu es d\u00e9j\u00e0 en retard. Peut-\u00eatre pas encore dans l\u2019ab\u00eeme, mais tu flottes dangereusement proche. Le changement est partout, il d\u00e9ferle sur le monde \u00e0 une&#8230; <a href=\"https:\/\/guido-saverio-coach.com\/?page_id=1882\" class=\"readmore\">Read more<span class=\"screen-reader-text\">Ne sois pas le dernier \u00e0 comprendre le changement<\/span><span class=\"fa fa-angle-double-right\" aria-hidden=\"true\"><\/span><\/a><\/p>\n","protected":false},"author":1,"featured_media":0,"parent":0,"menu_order":0,"comment_status":"closed","ping_status":"closed","template":"","meta":{"footnotes":""},"_links":{"self":[{"href":"https:\/\/guido-saverio-coach.com\/index.php?rest_route=\/wp\/v2\/pages\/1882"}],"collection":[{"href":"https:\/\/guido-saverio-coach.com\/index.php?rest_route=\/wp\/v2\/pages"}],"about":[{"href":"https:\/\/guido-saverio-coach.com\/index.php?rest_route=\/wp\/v2\/types\/page"}],"author":[{"embeddable":true,"href":"https:\/\/guido-saverio-coach.com\/index.php?rest_route=\/wp\/v2\/users\/1"}],"replies":[{"embeddable":true,"href":"https:\/\/guido-saverio-coach.com\/index.php?rest_route=%2Fwp%2Fv2%2Fcomments&post=1882"}],"version-history":[{"count":2,"href":"https:\/\/guido-saverio-coach.com\/index.php?rest_route=\/wp\/v2\/pages\/1882\/revisions"}],"predecessor-version":[{"id":1913,"href":"https:\/\/guido-saverio-coach.com\/index.php?rest_route=\/wp\/v2\/pages\/1882\/revisions\/1913"}],"wp:attachment":[{"href":"https:\/\/guido-saverio-coach.com\/index.php?rest_route=%2Fwp%2Fv2%2Fmedia&parent=1882"}],"curies":[{"name":"wp","href":"https:\/\/api.w.org\/{rel}","templated":true}]}}