{"id":1888,"date":"2025-02-26T11:59:15","date_gmt":"2025-02-26T10:59:15","guid":{"rendered":"https:\/\/guido-saverio-coach.com\/?page_id=1888"},"modified":"2025-02-26T12:25:15","modified_gmt":"2025-02-26T11:25:15","slug":"les-opportunites-sont-la-encore-faut-il-les-voir","status":"publish","type":"page","link":"https:\/\/guido-saverio-coach.com\/?page_id=1888","title":{"rendered":"Les opportunit\u00e9s sont l\u00e0. Encore faut-il les voir."},"content":{"rendered":"\n<p>C\u2019est marrant comme on passe sa vie \u00e0 courir apr\u00e8s des opportunit\u00e9s. Elles sont l\u00e0, sous nos yeux, comme un tr\u00e9sor enfoui, mais on les regarde \u00e0 peine. Pourquoi ? Parce qu\u2019on est trop occup\u00e9s \u00e0 se demander si on m\u00e9rite vraiment ces opportunit\u00e9s, \u00e0 attendre qu\u2019elles tombent du ciel, \u00e0 jouer \u00e0 \u00ab\u00a0qui m\u00e9rite quoi\u00a0\u00bb avec la vie. Mais spoiler alert : elles ne vont pas frapper \u00e0 ta porte en annon\u00e7ant \u00ab\u00a0Hey, je suis l\u2019opportunit\u00e9 qui va te changer la vie\u00a0\u00bb. Non. Elles s\u2019invitent discr\u00e8tement, et \u00e7a d\u00e9pend de toi si tu les vois ou pas.<\/p>\n\n\n\n<p><strong>Regarde autour de toi. Tu es entour\u00e9 d\u2019opportunit\u00e9s.<\/strong><\/p>\n\n\n\n<p>Tu sais quoi ? Si tu te r\u00e9veilles le matin et que tu ne vois aucune occasion de changer ta vie, peut-\u00eatre que tu n\u2019es tout simplement pas assez attentif. Les opportunit\u00e9s ne se cachent pas dans des coins sombres. Elles sont l\u00e0, en pleine lumi\u00e8re, pr\u00eates \u00e0 te faire signe, mais il faut savoir ouvrir les yeux.<\/p>\n\n\n\n<p>Il suffit parfois de poser son t\u00e9l\u00e9phone et de regarder un peu plus loin que son \u00e9cran. Parfois, c\u2019est une conversation banale avec un coll\u00e8gue qui te donne une id\u00e9e g\u00e9niale. Ou un moment tranquille, en dehors du tumulte, o\u00f9 tu r\u00e9alises qu\u2019une passion ou une comp\u00e9tence oubli\u00e9e peut devenir une v\u00e9ritable opportunit\u00e9. Tu te sens comme un hamster dans sa roue, \u00e0 faire et refaire les m\u00eames gestes ? C\u2019est exactement l\u00e0 que l\u2019opportunit\u00e9 frappe. Mais pour \u00e7a, faut l\u00e2cher cette roue.<\/p>\n\n\n\n<p><strong>Le pi\u00e8ge de la \u00ab\u00a0perfection\u00a0\u00bb<\/strong><\/p>\n\n\n\n<p>Ce qui te tue, c\u2019est ton besoin de perfection. Tu attends que les conditions soient id\u00e9ales pour saisir cette opportunit\u00e9. Mais spoiler : elles ne seront jamais id\u00e9ales. Attendre le moment parfait, c&rsquo;est comme attendre un bus qui ne va jamais arriver. Alors si tu n&rsquo;agis pas, tu regarderas les autres partir en voiture pendant que tu restes l\u00e0, \u00e0 attendre le bus. Si tu es coinc\u00e9 dans ce mindset, les opportunit\u00e9s ne feront que te passer sous le nez, et tu continueras \u00e0 t\u2019en vouloir de ne pas avoir agi \u00e0 temps.<\/p>\n\n\n\n<p>Tu n\u2019as pas besoin d\u2019une machine \u00e0 voyager dans le temps, tu n\u2019as pas besoin de d\u00e9penser une fortune en conseils. Ce dont tu as besoin, c\u2019est de bouger ton cul et de commencer. Les opportunit\u00e9s n\u2019ont pas besoin de grands signes, elles ont juste besoin de quelqu\u2019un qui ose les prendre \u00e0 bras-le-corps.<\/p>\n\n\n\n<p><strong>Des exemples concrets ?<\/strong> L\u00e8ve les yeux.<\/p>\n\n\n\n<p>Tu connais cette personne qui a quitt\u00e9 son job de salari\u00e9 pour se lancer dans une activit\u00e9 de freelance ? La m\u00eame personne qui maintenant voyage \u00e0 travers le monde tout en gagnant sa vie en ligne ? Elle n\u2019avait aucune id\u00e9e de comment \u00e7a allait se passer. Mais un jour, elle a pris le risque. Elle a vu l\u2019opportunit\u00e9. Une simple conversation avec un ami, un tweet inspirant, une pens\u00e9e qui s\u2019est gliss\u00e9e dans son esprit et BANG, elle a saut\u00e9 dans l\u2019aventure. Elle a vu ce que beaucoup d\u2019autres ne voient pas : que la vie ne se r\u00e9sume pas \u00e0 un script tout trac\u00e9.<\/p>\n\n\n\n<p><strong>La cl\u00e9 du succ\u00e8s : \u00eatre l\u00e0, maintenant.<\/strong><\/p>\n\n\n\n<p>Prends une minute pour observer ta vie. Quels sont les projets ou id\u00e9es qui flottent dans ton esprit depuis un moment ? Qu\u2019est-ce que tu remets toujours \u00e0 plus tard, pensant que ce n\u2019est pas le bon moment ? C\u2019est l\u00e0 l\u2019opportunit\u00e9 qui attend que tu l\u2019attrapes. Mais pour \u00e7a, il faut commencer maintenant. Pas demain, pas lundi, pas apr\u00e8s tes vacances. Maintenant. Si tu n\u2019agis pas, tu restes l\u00e0, \u00e0 regarder les autres r\u00e9aliser leurs r\u00eaves, pendant que tu attends l&rsquo;instant parfait.<\/p>\n\n\n\n<p><strong>Et si tu arr\u00eatais de tout compliquer ?<\/strong><\/p>\n\n\n\n<p>L\u2019opportunit\u00e9 n\u2019est pas un truc myst\u00e9rieux r\u00e9serv\u00e9 \u00e0 une \u00e9lite. Elle est l\u00e0, en toi. Tout ce que tu dois faire, c\u2019est la saisir avec les mains pleines de vie. Prends ce r\u00eave et avance avec, m\u00eame si \u00e7a fait peur. Parce que, crois-moi, chaque petite \u00e9tape que tu fais, m\u00eame la plus insignifiante, te rapproche de l\u2019opportunit\u00e9 qui va faire toute la diff\u00e9rence.<\/p>\n\n\n\n<p>Alors, arr\u00eate de te demander si tu es pr\u00eat. Personne n&rsquo;est jamais pr\u00eat. Ce qui compte, c\u2019est d\u2019agir. De prendre des risques, de tr\u00e9bucher, de te relever et de recommencer. Parce qu\u2019une fois que tu commences \u00e0 voir ces opportunit\u00e9s partout, c\u2019est comme une r\u00e9v\u00e9lation. Et croyez-moi, elles seront l\u00e0, l\u00e0 o\u00f9 tu ne les attendais pas.<\/p>\n\n\n\n<p>Alors, tu vois les opportunit\u00e9s ou tu attends qu\u2019elles viennent frapper \u00e0 ta porte ? La prochaine fois que tu te l\u00e8ves, regarde autour de toi. Parce que c\u2019est exactement ce que tu veux.<\/p>\n\n\n\n<p>Guido SAVERIO<\/p>\n\n\n\n<hr class=\"wp-block-separator has-alpha-channel-opacity\"\/>\n\n\n\n<p class=\"has-vivid-red-color has-text-color has-link-color wp-elements-33f50d3a125281c90f393054491b4e9a\"><strong>Si tu as aim\u00e9 cet article, partage-le avec tes amis. Peut-\u00eatre qu\u2019ils aussi doivent voir ces opportunit\u00e9s avant qu\u2019elles ne leur \u00e9chappent.<\/strong><\/p>\n\n\n\n<ul>\n<li><strong>\u00ab\u00a0<em><a href=\"https:\/\/guido-saverio-coach.com\/?page_id=1845\">Adapte-toi ou reste sur le carreau.<\/a><\/em>\u00ab\u00a0<\/strong><\/li>\n\n\n\n<li><strong>\u00ab\u00a0<em><a href=\"https:\/\/guido-saverio-coach.com\/?page_id=1849\">\u00c9volue, sinon tu deviens obsol\u00e8te.<\/a><\/em>\u00ab\u00a0<\/strong><\/li>\n\n\n\n<li><strong>\u00ab\u00a0<em><a href=\"https:\/\/guido-saverio-coach.com\/?page_id=1852\">Trop lent ? Le monde t\u2019\u00e9crasera.<\/a><\/em>\u00ab\u00a0<\/strong><\/li>\n\n\n\n<li><strong>\u00ab\u00a0<em><a href=\"https:\/\/guido-saverio-coach.com\/?page_id=1855\">Change avec le monde ou regarde-le t\u2019\u00e9chapper.<\/a><\/em>\u00ab\u00a0<\/strong><\/li>\n\n\n\n<li><strong>\u00ab\u00a0<em><a href=\"https:\/\/guido-saverio-coach.com\/?page_id=1858\">Ceux qui stagnent disparaissent.<\/a><\/em>\u00ab\u00a0<\/strong><\/li>\n\n\n\n<li><strong>\u00ab\u00a0<em><a href=\"https:\/\/guido-saverio-coach.com\/?page_id=1863\">La vitesse, c\u2019est la nouvelle r\u00e8gle du jeu.<\/a><\/em>\u00ab\u00a0<\/strong><\/li>\n\n\n\n<li><strong>\u00ab\u00a0<em><a href=\"https:\/\/guido-saverio-coach.com\/?page_id=1866\">Soit tu t\u2019adaptes, soit tu subis.<\/a><\/em>\u00ab\u00a0<\/strong><\/li>\n\n\n\n<li><strong>\u00ab\u00a0<em><a href=\"https:\/\/guido-saverio-coach.com\/?page_id=1869\">La transformation est in\u00e9vitable. Sois du bon c\u00f4t\u00e9.<\/a><\/em>\u00ab\u00a0<\/strong><\/li>\n\n\n\n<li><strong>\u00ab\u00a0<em><a href=\"https:\/\/guido-saverio-coach.com\/?page_id=1873\">Le futur n\u2019attend personne. Sois pr\u00eat.<\/a><\/em>\u00ab\u00a0<\/strong><\/li>\n\n\n\n<li><strong>\u00ab\u00a0<em><a href=\"https:\/\/guido-saverio-coach.com\/?page_id=1876\">L\u2019ancien monde est mort. Construis le tien.<\/a><\/em>\u00ab\u00a0<\/strong><\/li>\n\n\n\n<li><strong>\u00ab\u00a0<em><a href=\"https:\/\/guido-saverio-coach.com\/?page_id=1879\">Les r\u00e8gles changent, les gagnants aussi.<\/a><\/em>\u00ab\u00a0<\/strong><\/li>\n\n\n\n<li><strong>\u00ab\u00a0<em><a href=\"https:\/\/guido-saverio-coach.com\/?page_id=1882\">Ne sois pas le dernier \u00e0 comprendre le changement.<\/a><\/em>\u00ab\u00a0<\/strong><\/li>\n\n\n\n<li><strong>\u00ab\u00a0<em><a href=\"https:\/\/guido-saverio-coach.com\/?page_id=1885\">Ceux qui osent prennent l\u2019avantage.<\/a><\/em>\u00ab\u00a0<\/strong><\/li>\n\n\n\n<li><strong>\u00ab\u00a0<em><a href=\"https:\/\/guido-saverio-coach.com\/?page_id=1888\">Les opportunit\u00e9s sont l\u00e0. Encore faut-il les voir.<\/a><\/em>\u00ab\u00a0<\/strong><\/li>\n\n\n\n<li><strong>\u00ab\u00a0<em><a href=\"https:\/\/guido-saverio-coach.com\/?page_id=1891\">Le monde avance. Fais en sorte de ne pas rester derri\u00e8re.<\/a><\/em>\u00ab\u00a0<\/strong><\/li>\n<\/ul>\n","protected":false},"excerpt":{"rendered":"<p>C\u2019est marrant comme on passe sa vie \u00e0 courir apr\u00e8s des opportunit\u00e9s. Elles sont l\u00e0, sous nos yeux, comme un tr\u00e9sor enfoui, mais on les regarde \u00e0 peine. Pourquoi ? Parce qu\u2019on est trop occup\u00e9s \u00e0 se demander si on&#8230; <a href=\"https:\/\/guido-saverio-coach.com\/?page_id=1888\" class=\"readmore\">Read more<span class=\"screen-reader-text\">Les opportunit\u00e9s sont l\u00e0. Encore faut-il les voir.<\/span><span class=\"fa fa-angle-double-right\" aria-hidden=\"true\"><\/span><\/a><\/p>\n","protected":false},"author":1,"featured_media":0,"parent":0,"menu_order":0,"comment_status":"closed","ping_status":"closed","template":"","meta":{"footnotes":""},"_links":{"self":[{"href":"https:\/\/guido-saverio-coach.com\/index.php?rest_route=\/wp\/v2\/pages\/1888"}],"collection":[{"href":"https:\/\/guido-saverio-coach.com\/index.php?rest_route=\/wp\/v2\/pages"}],"about":[{"href":"https:\/\/guido-saverio-coach.com\/index.php?rest_route=\/wp\/v2\/types\/page"}],"author":[{"embeddable":true,"href":"https:\/\/guido-saverio-coach.com\/index.php?rest_route=\/wp\/v2\/users\/1"}],"replies":[{"embeddable":true,"href":"https:\/\/guido-saverio-coach.com\/index.php?rest_route=%2Fwp%2Fv2%2Fcomments&post=1888"}],"version-history":[{"count":2,"href":"https:\/\/guido-saverio-coach.com\/index.php?rest_route=\/wp\/v2\/pages\/1888\/revisions"}],"predecessor-version":[{"id":1915,"href":"https:\/\/guido-saverio-coach.com\/index.php?rest_route=\/wp\/v2\/pages\/1888\/revisions\/1915"}],"wp:attachment":[{"href":"https:\/\/guido-saverio-coach.com\/index.php?rest_route=%2Fwp%2Fv2%2Fmedia&parent=1888"}],"curies":[{"name":"wp","href":"https:\/\/api.w.org\/{rel}","templated":true}]}}