{"id":1936,"date":"2025-07-17T00:26:54","date_gmt":"2025-07-16T22:26:54","guid":{"rendered":"https:\/\/guido-saverio-coach.com\/?page_id=1936"},"modified":"2025-07-17T00:26:55","modified_gmt":"2025-07-16T22:26:55","slug":"developpement-personnel-vrai-brut-liberateur","status":"publish","type":"page","link":"https:\/\/guido-saverio-coach.com\/?page_id=1936","title":{"rendered":"D\u00e9veloppement personnel : vrai, brut, lib\u00e9rateur.."},"content":{"rendered":"\n<p>Ici, on ne te promet pas la lune, ni un tapis rouge d\u00e9roul\u00e9 sous tes pieds. On ne va pas te servir des phrases creuses genre <em>\u201cpense positif\u201d<\/em> ou <em>\u201ctu peux tout accomplir\u201d<\/em> comme si c\u2019\u00e9tait une recette magique.<\/p>\n\n\n\n<p>Parce que la vraie vie, c\u2019est pas un conte de f\u00e9es. C\u2019est parfois dur, moche, bord\u00e9lique. Et c\u2019est justement l\u00e0 que \u00e7a devient int\u00e9ressant.<\/p>\n\n\n\n<p>Si tu veux continuer \u00e0 te mentir, \u00e0 fuir tes peurs, \u00e0 remettre ta vie \u00e0 demain\u2026 ce site n\u2019est pas pour toi. Mais si t\u2019en as marre du bullshit, de tourner en rond, et que t\u2019es pr\u00eat \u00e0 crever l\u2019abc\u00e8s, \u00e0 te confronter \u00e0 ta propre v\u00e9rit\u00e9 \u2014 bienvenue chez toi.<\/p>\n\n\n\n<p>Ici, on va parler de responsabilit\u00e9. De choix. De douleur n\u00e9cessaire. Pas pour te punir, mais pour te lib\u00e9rer. Parce qu\u2019avant de construire une vie qui te ressemble, faut d\u00e9truire les mensonges que t\u2019as aval\u00e9s.<\/p>\n\n\n\n<p>Tu peux choisir de rester confortablement assis dans ta zone de non-changement. Ou alors, tu peux te lever, faire face, et enfin commencer \u00e0 vivre vraiment.<\/p>\n\n\n\n<p>Le changement n\u2019est pas doux. Il n\u2019est pas joli. Mais il est r\u00e9el.<\/p>\n\n\n\n<p>Alors, pr\u00eat \u00e0 arr\u00eater de faire semblant ?<br>Pr\u00eat \u00e0 faire le boulot, vraiment ?<\/p>\n\n\n\n<p>Si oui, entre. \u00c7a va secouer.<\/p>\n","protected":false},"excerpt":{"rendered":"<p>Ici, on ne te promet pas la lune, ni un tapis rouge d\u00e9roul\u00e9 sous tes pieds. On ne va pas te servir des phrases creuses genre \u201cpense positif\u201d ou \u201ctu peux tout accomplir\u201d comme si c\u2019\u00e9tait une recette magique. Parce&#8230; <a href=\"https:\/\/guido-saverio-coach.com\/?page_id=1936\" class=\"readmore\">Read more<span class=\"screen-reader-text\">D\u00e9veloppement personnel : vrai, brut, lib\u00e9rateur..<\/span><span class=\"fa fa-angle-double-right\" aria-hidden=\"true\"><\/span><\/a><\/p>\n","protected":false},"author":1,"featured_media":0,"parent":0,"menu_order":0,"comment_status":"closed","ping_status":"closed","template":"","meta":{"footnotes":""},"_links":{"self":[{"href":"https:\/\/guido-saverio-coach.com\/index.php?rest_route=\/wp\/v2\/pages\/1936"}],"collection":[{"href":"https:\/\/guido-saverio-coach.com\/index.php?rest_route=\/wp\/v2\/pages"}],"about":[{"href":"https:\/\/guido-saverio-coach.com\/index.php?rest_route=\/wp\/v2\/types\/page"}],"author":[{"embeddable":true,"href":"https:\/\/guido-saverio-coach.com\/index.php?rest_route=\/wp\/v2\/users\/1"}],"replies":[{"embeddable":true,"href":"https:\/\/guido-saverio-coach.com\/index.php?rest_route=%2Fwp%2Fv2%2Fcomments&post=1936"}],"version-history":[{"count":1,"href":"https:\/\/guido-saverio-coach.com\/index.php?rest_route=\/wp\/v2\/pages\/1936\/revisions"}],"predecessor-version":[{"id":1938,"href":"https:\/\/guido-saverio-coach.com\/index.php?rest_route=\/wp\/v2\/pages\/1936\/revisions\/1938"}],"wp:attachment":[{"href":"https:\/\/guido-saverio-coach.com\/index.php?rest_route=%2Fwp%2Fv2%2Fmedia&parent=1936"}],"curies":[{"name":"wp","href":"https:\/\/api.w.org\/{rel}","templated":true}]}}