{"id":1940,"date":"2025-07-17T00:29:09","date_gmt":"2025-07-16T22:29:09","guid":{"rendered":"https:\/\/guido-saverio-coach.com\/?page_id=1940"},"modified":"2025-07-17T00:29:09","modified_gmt":"2025-07-16T22:29:09","slug":"sans-detour-sans-illusion-juste-toi-en-vrai","status":"publish","type":"page","link":"https:\/\/guido-saverio-coach.com\/?page_id=1940","title":{"rendered":"Sans d\u00e9tour, sans illusion \u2014 juste toi, en vrai."},"content":{"rendered":"\n<p><\/p>\n\n\n\n<p>Marre des conneries \u00e0 la mode \u00ab pense positif \u00bb et des coachs qui te vendent du vent ? Ici, on coupe court. On te parle cash, sans fard, sans bullshit.<\/p>\n\n\n\n<p>La vie, c\u2019est pas un putain de conte de f\u00e9es. \u00c7a bousille, \u00e7a fait mal, \u00e7a te met face \u00e0 toi-m\u00eame. Mais c\u2019est justement l\u00e0 que \u00e7a devient int\u00e9ressant : c\u2019est l\u00e0 que tu trouves ta vraie force \u2014 pas dans les illusions que tu te racontes pour te sentir mieux.<\/p>\n\n\n\n<p>Ce site, c\u2019est pas pour les r\u00eaveurs passifs. C\u2019est pour les gens qui ont le cran de se regarder en face, de se dire \u201cok, c\u2019est \u00e7a, c\u2019est moi, et maintenant j\u2019arr\u00eate de fuir.\u201d<\/p>\n\n\n\n<p>Tu veux changer ? Commence par te d\u00e9faire de toutes les conneries qui t\u2019encha\u00eenent. Pas demain, pas apr\u00e8s la prochaine motivation, MAINTENANT.<\/p>\n\n\n\n<p>Ici, on te balance la v\u00e9rit\u00e9 en pleine face, parce que c\u2019est la seule chose qui te fera avancer. Pas les petites caresses, pas les faux espoirs.<\/p>\n\n\n\n<p>Bienvenue dans le coaching sans piti\u00e9. Celui qui t\u2019aide \u00e0 devenir la personne que t\u2019es vraiment, ou tu restes l\u00e0 o\u00f9 t\u2019es \u2014 \u00e0 toi de choisir.<\/p>\n","protected":false},"excerpt":{"rendered":"<p>Marre des conneries \u00e0 la mode \u00ab pense positif \u00bb et des coachs qui te vendent du vent ? Ici, on coupe court. On te parle cash, sans fard, sans bullshit. La vie, c\u2019est pas un putain de conte de&#8230; <a href=\"https:\/\/guido-saverio-coach.com\/?page_id=1940\" class=\"readmore\">Read more<span class=\"screen-reader-text\">Sans d\u00e9tour, sans illusion \u2014 juste toi, en vrai.<\/span><span class=\"fa fa-angle-double-right\" aria-hidden=\"true\"><\/span><\/a><\/p>\n","protected":false},"author":1,"featured_media":0,"parent":0,"menu_order":0,"comment_status":"closed","ping_status":"closed","template":"","meta":{"footnotes":""},"_links":{"self":[{"href":"https:\/\/guido-saverio-coach.com\/index.php?rest_route=\/wp\/v2\/pages\/1940"}],"collection":[{"href":"https:\/\/guido-saverio-coach.com\/index.php?rest_route=\/wp\/v2\/pages"}],"about":[{"href":"https:\/\/guido-saverio-coach.com\/index.php?rest_route=\/wp\/v2\/types\/page"}],"author":[{"embeddable":true,"href":"https:\/\/guido-saverio-coach.com\/index.php?rest_route=\/wp\/v2\/users\/1"}],"replies":[{"embeddable":true,"href":"https:\/\/guido-saverio-coach.com\/index.php?rest_route=%2Fwp%2Fv2%2Fcomments&post=1940"}],"version-history":[{"count":1,"href":"https:\/\/guido-saverio-coach.com\/index.php?rest_route=\/wp\/v2\/pages\/1940\/revisions"}],"predecessor-version":[{"id":1942,"href":"https:\/\/guido-saverio-coach.com\/index.php?rest_route=\/wp\/v2\/pages\/1940\/revisions\/1942"}],"wp:attachment":[{"href":"https:\/\/guido-saverio-coach.com\/index.php?rest_route=%2Fwp%2Fv2%2Fmedia&parent=1940"}],"curies":[{"name":"wp","href":"https:\/\/api.w.org\/{rel}","templated":true}]}}