{"id":1943,"date":"2025-07-17T00:31:03","date_gmt":"2025-07-16T22:31:03","guid":{"rendered":"https:\/\/guido-saverio-coach.com\/?page_id=1943"},"modified":"2025-07-17T00:31:04","modified_gmt":"2025-07-16T22:31:04","slug":"le-developpement-personnel-qui-secoue-pour-mieux-telever","status":"publish","type":"page","link":"https:\/\/guido-saverio-coach.com\/?page_id=1943","title":{"rendered":"Le d\u00e9veloppement personnel qui secoue\u2026 pour mieux t\u2019\u00e9lever."},"content":{"rendered":"\n<p><\/p>\n\n\n\n<p>Marre des conneries \u00e0 la mode ? Des coachs qui te racontent des blagues et te vendent du vent ? Bienvenue ici, l\u00e0 o\u00f9 \u00e7a d\u00e9pote vraiment.<\/p>\n\n\n\n<p>Ici, on ne te caresse pas dans le sens du poil. On te balance la v\u00e9rit\u00e9, m\u00eame si \u00e7a pique. Parce que ta vie ne changera pas en scrollant des citations motivantes ou en te racontant des histoires pour t\u2019endormir.<\/p>\n\n\n\n<p>Tu veux du concret ? De l\u2019action ? De la sueur ? Alors pr\u00e9pare-toi \u00e0 prendre une claque. \u00c0 te regarder en face, \u00e0 arr\u00eater de faire l\u2019autruche, et \u00e0 bosser comme un(e) putain de guerrier(\u00e8re).<\/p>\n\n\n\n<p>Le changement, \u00e7a fait mal. Mais c\u2019est le seul moyen de sortir du foutu cercle vicieux dans lequel tu tournes en rond.<\/p>\n\n\n\n<p>Tu peux continuer \u00e0 te plaindre. Ou tu peux te bouger. C\u2019est ton choix. Mais si tu choisis le vrai changement, alors bienvenue dans la team des gens qui ne l\u00e2chent rien.<\/p>\n\n\n\n<p>Pr\u00eat(e) \u00e0 te r\u00e9veiller ? C\u2019est maintenant ou jamais.<\/p>\n","protected":false},"excerpt":{"rendered":"<p>Marre des conneries \u00e0 la mode ? Des coachs qui te racontent des blagues et te vendent du vent ? Bienvenue ici, l\u00e0 o\u00f9 \u00e7a d\u00e9pote vraiment. Ici, on ne te caresse pas dans le sens du poil. On te&#8230; <a href=\"https:\/\/guido-saverio-coach.com\/?page_id=1943\" class=\"readmore\">Read more<span class=\"screen-reader-text\">Le d\u00e9veloppement personnel qui secoue\u2026 pour mieux t\u2019\u00e9lever.<\/span><span class=\"fa fa-angle-double-right\" aria-hidden=\"true\"><\/span><\/a><\/p>\n","protected":false},"author":1,"featured_media":0,"parent":0,"menu_order":0,"comment_status":"closed","ping_status":"closed","template":"","meta":{"footnotes":""},"_links":{"self":[{"href":"https:\/\/guido-saverio-coach.com\/index.php?rest_route=\/wp\/v2\/pages\/1943"}],"collection":[{"href":"https:\/\/guido-saverio-coach.com\/index.php?rest_route=\/wp\/v2\/pages"}],"about":[{"href":"https:\/\/guido-saverio-coach.com\/index.php?rest_route=\/wp\/v2\/types\/page"}],"author":[{"embeddable":true,"href":"https:\/\/guido-saverio-coach.com\/index.php?rest_route=\/wp\/v2\/users\/1"}],"replies":[{"embeddable":true,"href":"https:\/\/guido-saverio-coach.com\/index.php?rest_route=%2Fwp%2Fv2%2Fcomments&post=1943"}],"version-history":[{"count":1,"href":"https:\/\/guido-saverio-coach.com\/index.php?rest_route=\/wp\/v2\/pages\/1943\/revisions"}],"predecessor-version":[{"id":1945,"href":"https:\/\/guido-saverio-coach.com\/index.php?rest_route=\/wp\/v2\/pages\/1943\/revisions\/1945"}],"wp:attachment":[{"href":"https:\/\/guido-saverio-coach.com\/index.php?rest_route=%2Fwp%2Fv2%2Fmedia&parent=1943"}],"curies":[{"name":"wp","href":"https:\/\/api.w.org\/{rel}","templated":true}]}}