{"id":1946,"date":"2025-07-17T00:33:14","date_gmt":"2025-07-16T22:33:14","guid":{"rendered":"https:\/\/guido-saverio-coach.com\/?page_id=1946"},"modified":"2025-07-17T00:33:14","modified_gmt":"2025-07-16T22:33:14","slug":"tu-veux-vraiment-changer","status":"publish","type":"page","link":"https:\/\/guido-saverio-coach.com\/?page_id=1946","title":{"rendered":"Tu veux vraiment changer ?"},"content":{"rendered":"\n<p><br>Alors arr\u00eate tout. Ce que tu fais maintenant, c\u2019est de la merde. Et ce que tu as fait jusqu\u2019ici, c\u2019est exactement ce qui t\u2019a men\u00e9 l\u00e0 o\u00f9 tu es \u2014 coinc\u00e9, frustr\u00e9, \u00e0 te plaindre sans avancer.<\/p>\n\n\n\n<p>Ce site ne va pas te raconter des histoires. Il ne va pas te faire croire que tu es sp\u00e9cial juste parce que tu as \u201cl\u2019intention\u201d. Ici, on parle de v\u00e9rit\u00e9s crues. De confrontations violentes avec toi-m\u00eame. De foutre en l\u2019air tes excuses, une bonne fois pour toutes.<\/p>\n\n\n\n<p>Tu es fatigu\u00e9 ? Tant mieux. Parce que le changement, ce n\u2019est pas une balade. C\u2019est un champ de bataille. Tu vas perdre. Tu vas souffrir. Tu vas devoir creuser plus profond que jamais. Et c\u2019est l\u00e0 que la magie arrive.<\/p>\n\n\n\n<p>Ce coaching n\u2019est pas pour les faibles. Ni pour ceux qui veulent juste un peu de motivation. C\u2019est pour ceux qui veulent d\u00e9foncer leur propre plafond, qui sont pr\u00eats \u00e0 foutre le bordel dans leur vie, et \u00e0 reconstruire quelque chose de vrai, de solide.<\/p>\n\n\n\n<p>Si tu es l\u00e0 pour te faire cajoler, ferme cette page.<br>Mais si tu es l\u00e0 pour te faire secouer, remettre les pendules \u00e0 l\u2019heure, et enfin vivre une vie qui vaut la peine d\u2019\u00eatre v\u00e9cue, alors entre.<\/p>\n\n\n\n<p><strong>Ton changement commence ici. Maintenant. Pas demain. Pas \u201cquand tu seras pr\u00eat\u201d. Maintenant.<\/strong><\/p>\n","protected":false},"excerpt":{"rendered":"<p>Alors arr\u00eate tout. Ce que tu fais maintenant, c\u2019est de la merde. Et ce que tu as fait jusqu\u2019ici, c\u2019est exactement ce qui t\u2019a men\u00e9 l\u00e0 o\u00f9 tu es \u2014 coinc\u00e9, frustr\u00e9, \u00e0 te plaindre sans avancer. Ce site ne&#8230; <a href=\"https:\/\/guido-saverio-coach.com\/?page_id=1946\" class=\"readmore\">Read more<span class=\"screen-reader-text\">Tu veux vraiment changer ?<\/span><span class=\"fa fa-angle-double-right\" aria-hidden=\"true\"><\/span><\/a><\/p>\n","protected":false},"author":1,"featured_media":0,"parent":0,"menu_order":0,"comment_status":"closed","ping_status":"closed","template":"","meta":{"footnotes":""},"_links":{"self":[{"href":"https:\/\/guido-saverio-coach.com\/index.php?rest_route=\/wp\/v2\/pages\/1946"}],"collection":[{"href":"https:\/\/guido-saverio-coach.com\/index.php?rest_route=\/wp\/v2\/pages"}],"about":[{"href":"https:\/\/guido-saverio-coach.com\/index.php?rest_route=\/wp\/v2\/types\/page"}],"author":[{"embeddable":true,"href":"https:\/\/guido-saverio-coach.com\/index.php?rest_route=\/wp\/v2\/users\/1"}],"replies":[{"embeddable":true,"href":"https:\/\/guido-saverio-coach.com\/index.php?rest_route=%2Fwp%2Fv2%2Fcomments&post=1946"}],"version-history":[{"count":1,"href":"https:\/\/guido-saverio-coach.com\/index.php?rest_route=\/wp\/v2\/pages\/1946\/revisions"}],"predecessor-version":[{"id":1948,"href":"https:\/\/guido-saverio-coach.com\/index.php?rest_route=\/wp\/v2\/pages\/1946\/revisions\/1948"}],"wp:attachment":[{"href":"https:\/\/guido-saverio-coach.com\/index.php?rest_route=%2Fwp%2Fv2%2Fmedia&parent=1946"}],"curies":[{"name":"wp","href":"https:\/\/api.w.org\/{rel}","templated":true}]}}