{"id":1949,"date":"2025-07-17T00:35:20","date_gmt":"2025-07-16T22:35:20","guid":{"rendered":"https:\/\/guido-saverio-coach.com\/?page_id=1949"},"modified":"2025-07-17T00:35:21","modified_gmt":"2025-07-16T22:35:21","slug":"vrai-direct-liberateur-ose-le-developpement-personnel-sans-filtre","status":"publish","type":"page","link":"https:\/\/guido-saverio-coach.com\/?page_id=1949","title":{"rendered":"Vrai, direct, lib\u00e9rateur \u2014 ose le d\u00e9veloppement personnel sans filtre."},"content":{"rendered":"\n<p><strong>Bienvenue.<\/strong><\/p>\n\n\n\n<p>Tu sais pourquoi t\u2019es l\u00e0. Tu veux arr\u00eater de te bercer d\u2019illusions et foutre un coup de pied dans ta routine merdique. Ta vie te fait chier ? Parfait. C\u2019est le seul moteur qui vaille.<\/p>\n\n\n\n<p>Ici, pas de bullshit, pas de coach en costard qui te vend du r\u00eave en conserve. Juste du vrai. Du sale. Du qui fait mal, mais qui te fait avancer. Tu vas crever l\u2019abc\u00e8s de tes conneries, d\u00e9foncer tes excuses, et embrasser la v\u00e9rit\u00e9 : t\u2019es le seul responsable de ta gal\u00e8re.<\/p>\n\n\n\n<p>\u00c7a va piquer. Tu vas te faire mal. Tu vas vouloir abandonner. Mais c\u2019est l\u00e0 que la vraie vie commence, bordel. Pas quand t\u2019es confortablement install\u00e9 dans ta petite zone de merde.<\/p>\n\n\n\n<p>Si t\u2019es pr\u00eat \u00e0 te bouger le cul, \u00e0 prendre les coups et \u00e0 te relever plus fort, alors entre. Ici, on construit des guerriers, pas des r\u00e2leurs.<\/p>\n\n\n\n<p>T\u2019es pr\u00eat \u00e0 arr\u00eater de pleurnicher et \u00e0 vraiment changer ? Parce que sinon, retourne \u00e0 ta vie de merde.<\/p>\n\n\n\n<p>Sinon, bienvenue.<\/p>\n","protected":false},"excerpt":{"rendered":"<p>Bienvenue. Tu sais pourquoi t\u2019es l\u00e0. Tu veux arr\u00eater de te bercer d\u2019illusions et foutre un coup de pied dans ta routine merdique. Ta vie te fait chier ? Parfait. C\u2019est le seul moteur qui vaille. Ici, pas de bullshit,&#8230; <a href=\"https:\/\/guido-saverio-coach.com\/?page_id=1949\" class=\"readmore\">Read more<span class=\"screen-reader-text\">Vrai, direct, lib\u00e9rateur \u2014 ose le d\u00e9veloppement personnel sans filtre.<\/span><span class=\"fa fa-angle-double-right\" aria-hidden=\"true\"><\/span><\/a><\/p>\n","protected":false},"author":1,"featured_media":0,"parent":0,"menu_order":0,"comment_status":"closed","ping_status":"closed","template":"","meta":{"footnotes":""},"_links":{"self":[{"href":"https:\/\/guido-saverio-coach.com\/index.php?rest_route=\/wp\/v2\/pages\/1949"}],"collection":[{"href":"https:\/\/guido-saverio-coach.com\/index.php?rest_route=\/wp\/v2\/pages"}],"about":[{"href":"https:\/\/guido-saverio-coach.com\/index.php?rest_route=\/wp\/v2\/types\/page"}],"author":[{"embeddable":true,"href":"https:\/\/guido-saverio-coach.com\/index.php?rest_route=\/wp\/v2\/users\/1"}],"replies":[{"embeddable":true,"href":"https:\/\/guido-saverio-coach.com\/index.php?rest_route=%2Fwp%2Fv2%2Fcomments&post=1949"}],"version-history":[{"count":1,"href":"https:\/\/guido-saverio-coach.com\/index.php?rest_route=\/wp\/v2\/pages\/1949\/revisions"}],"predecessor-version":[{"id":1951,"href":"https:\/\/guido-saverio-coach.com\/index.php?rest_route=\/wp\/v2\/pages\/1949\/revisions\/1951"}],"wp:attachment":[{"href":"https:\/\/guido-saverio-coach.com\/index.php?rest_route=%2Fwp%2Fv2%2Fmedia&parent=1949"}],"curies":[{"name":"wp","href":"https:\/\/api.w.org\/{rel}","templated":true}]}}