{"id":1953,"date":"2025-07-17T00:37:22","date_gmt":"2025-07-16T22:37:22","guid":{"rendered":"https:\/\/guido-saverio-coach.com\/?page_id=1953"},"modified":"2025-07-17T00:37:23","modified_gmt":"2025-07-16T22:37:23","slug":"marre-du-bullshit-passe-au-concret","status":"publish","type":"page","link":"https:\/\/guido-saverio-coach.com\/?page_id=1953","title":{"rendered":"Marre du bullshit ? Passe au concret."},"content":{"rendered":"\n<p><\/p>\n\n\n\n<p>T\u2019en as assez des conseils \u00e0 la noix, des promesses en carton et des coachs qui te vendent du r\u00eave sans te donner les cl\u00e9s ? Moi aussi. Alors arr\u00eatons de perdre notre temps.<\/p>\n\n\n\n<p>Ici, on ne te dira pas que tout va \u00eatre facile, que la vie c\u2019est un arc-en-ciel de licornes et de paillettes. Non. La v\u00e9rit\u00e9, c\u2019est que \u00e7a va \u00eatre dur, que tu vas te planter, que tu vas devoir te retrousser les manches. Mais si tu es pr\u00eat \u00e0 en d\u00e9coudre, \u00e0 foutre le feu \u00e0 tes excuses, alors t\u2019es au bon endroit.<\/p>\n\n\n\n<p>Pas de m\u00e9thode miracle. Pas de poudre de perlimpinpin. Juste un coaching franc, direct, sans bullshit, pour que tu puisses enfin avancer. Pas \u00e0 pas, sans bullshit.<\/p>\n\n\n\n<p>Si tu veux continuer \u00e0 faire semblant, retourner \u00e0 ta routine, c\u2019est ton choix. Mais si tu es l\u00e0, c\u2019est que tu cherches plus. Plus de clart\u00e9, plus de r\u00e9sultats, plus de toi.<\/p>\n\n\n\n<p>Alors bienvenue. C\u2019est dur. C\u2019est concret. C\u2019est pour toi.<\/p>\n","protected":false},"excerpt":{"rendered":"<p>T\u2019en as assez des conseils \u00e0 la noix, des promesses en carton et des coachs qui te vendent du r\u00eave sans te donner les cl\u00e9s ? Moi aussi. Alors arr\u00eatons de perdre notre temps. Ici, on ne te dira pas&#8230; <a href=\"https:\/\/guido-saverio-coach.com\/?page_id=1953\" class=\"readmore\">Read more<span class=\"screen-reader-text\">Marre du bullshit ? Passe au concret.<\/span><span class=\"fa fa-angle-double-right\" aria-hidden=\"true\"><\/span><\/a><\/p>\n","protected":false},"author":1,"featured_media":0,"parent":0,"menu_order":0,"comment_status":"closed","ping_status":"closed","template":"","meta":{"footnotes":""},"_links":{"self":[{"href":"https:\/\/guido-saverio-coach.com\/index.php?rest_route=\/wp\/v2\/pages\/1953"}],"collection":[{"href":"https:\/\/guido-saverio-coach.com\/index.php?rest_route=\/wp\/v2\/pages"}],"about":[{"href":"https:\/\/guido-saverio-coach.com\/index.php?rest_route=\/wp\/v2\/types\/page"}],"author":[{"embeddable":true,"href":"https:\/\/guido-saverio-coach.com\/index.php?rest_route=\/wp\/v2\/users\/1"}],"replies":[{"embeddable":true,"href":"https:\/\/guido-saverio-coach.com\/index.php?rest_route=%2Fwp%2Fv2%2Fcomments&post=1953"}],"version-history":[{"count":1,"href":"https:\/\/guido-saverio-coach.com\/index.php?rest_route=\/wp\/v2\/pages\/1953\/revisions"}],"predecessor-version":[{"id":1955,"href":"https:\/\/guido-saverio-coach.com\/index.php?rest_route=\/wp\/v2\/pages\/1953\/revisions\/1955"}],"wp:attachment":[{"href":"https:\/\/guido-saverio-coach.com\/index.php?rest_route=%2Fwp%2Fv2%2Fmedia&parent=1953"}],"curies":[{"name":"wp","href":"https:\/\/api.w.org\/{rel}","templated":true}]}}