{"id":1958,"date":"2025-07-17T00:40:43","date_gmt":"2025-07-16T22:40:43","guid":{"rendered":"https:\/\/guido-saverio-coach.com\/?page_id=1958"},"modified":"2025-07-17T00:40:43","modified_gmt":"2025-07-16T22:40:43","slug":"arrete-de-te-raconter-des-histoires-passe-a-laction","status":"publish","type":"page","link":"https:\/\/guido-saverio-coach.com\/?page_id=1958","title":{"rendered":"Arr\u00eate de te raconter des histoires \u2014 Passe \u00e0 l\u2019action."},"content":{"rendered":"\n<p>Tu es ici parce que, quelque part, tu sais que \u00e7a ne peut plus continuer comme \u00e7a. Tes excuses, tes \u00ab demain je m\u2019y mets \u00bb, tes pens\u00e9es qui tournent en rond&#8230; Tout \u00e7a, c\u2019est du vent. Tu le sais. Mais tu fais semblant de croire que \u00e7a va s\u2019arranger tout seul.<\/p>\n\n\n\n<p>Spoiler alert : \u00e7a ne se passera pas comme \u00e7a.<\/p>\n\n\n\n<p>Le vrai changement ne vient pas en r\u00eavant ou en esp\u00e9rant. Il vient quand tu arr\u00eates de te raconter des histoires, quand tu poses tes couilles sur la table et que tu d\u00e9cides d\u2019agir, vraiment.<\/p>\n\n\n\n<p>Ici, pas de poudre aux yeux, pas de promesses en l\u2019air. Juste un coaching concret, sans bullshit, pour te faire bouger \u2014 m\u00eame quand tu pr\u00e9f\u00e8res rester dans ta zone de confort.<\/p>\n\n\n\n<p>Si tu veux continuer \u00e0 r\u00eaver, ferme cette page. Mais si tu es pr\u00eat \u00e0 faire ce qu\u2019il faut, on va bosser. Dur. Simple. Efficace.<\/p>\n\n\n\n<p>Parce qu\u2019au fond, la question n\u2019est pas <em>\u00ab Est-ce que je peux changer ? \u00bb<\/em> \u2014 c\u2019est <em>\u00ab Est-ce que je vais arr\u00eater de te raconter des histoires et enfin le faire ? \u00bb<\/em><\/p>\n\n\n\n<p>\u00c0 toi de jouer.<\/p>\n","protected":false},"excerpt":{"rendered":"<p>Tu es ici parce que, quelque part, tu sais que \u00e7a ne peut plus continuer comme \u00e7a. Tes excuses, tes \u00ab demain je m\u2019y mets \u00bb, tes pens\u00e9es qui tournent en rond&#8230; Tout \u00e7a, c\u2019est du vent. Tu le sais&#8230;. <a href=\"https:\/\/guido-saverio-coach.com\/?page_id=1958\" class=\"readmore\">Read more<span class=\"screen-reader-text\">Arr\u00eate de te raconter des histoires \u2014 Passe \u00e0 l\u2019action.<\/span><span class=\"fa fa-angle-double-right\" aria-hidden=\"true\"><\/span><\/a><\/p>\n","protected":false},"author":1,"featured_media":0,"parent":0,"menu_order":0,"comment_status":"closed","ping_status":"closed","template":"","meta":{"footnotes":""},"_links":{"self":[{"href":"https:\/\/guido-saverio-coach.com\/index.php?rest_route=\/wp\/v2\/pages\/1958"}],"collection":[{"href":"https:\/\/guido-saverio-coach.com\/index.php?rest_route=\/wp\/v2\/pages"}],"about":[{"href":"https:\/\/guido-saverio-coach.com\/index.php?rest_route=\/wp\/v2\/types\/page"}],"author":[{"embeddable":true,"href":"https:\/\/guido-saverio-coach.com\/index.php?rest_route=\/wp\/v2\/users\/1"}],"replies":[{"embeddable":true,"href":"https:\/\/guido-saverio-coach.com\/index.php?rest_route=%2Fwp%2Fv2%2Fcomments&post=1958"}],"version-history":[{"count":1,"href":"https:\/\/guido-saverio-coach.com\/index.php?rest_route=\/wp\/v2\/pages\/1958\/revisions"}],"predecessor-version":[{"id":1960,"href":"https:\/\/guido-saverio-coach.com\/index.php?rest_route=\/wp\/v2\/pages\/1958\/revisions\/1960"}],"wp:attachment":[{"href":"https:\/\/guido-saverio-coach.com\/index.php?rest_route=%2Fwp%2Fv2%2Fmedia&parent=1958"}],"curies":[{"name":"wp","href":"https:\/\/api.w.org\/{rel}","templated":true}]}}