{"id":1963,"date":"2025-07-17T00:44:55","date_gmt":"2025-07-16T22:44:55","guid":{"rendered":"https:\/\/guido-saverio-coach.com\/?page_id=1963"},"modified":"2025-07-17T00:44:55","modified_gmt":"2025-07-16T22:44:55","slug":"coaching-pour-ceux-qui-veulent-vraiment-changer-pas-juste-rever","status":"publish","type":"page","link":"https:\/\/guido-saverio-coach.com\/?page_id=1963","title":{"rendered":"Coaching pour ceux qui veulent vraiment changer, pas juste r\u00eaver."},"content":{"rendered":"\n<p><\/p>\n\n\n\n<p>Stop. Tu sais pourquoi t\u2019es l\u00e0. T\u2019en as marre de tourner en rond, de te raconter des conneries, de croire que demain \u00e7a ira mieux sans rien faire aujourd\u2019hui.<\/p>\n\n\n\n<p>Ce site, ce n\u2019est pas pour les r\u00eaveurs ni les touristes de la motivation. C\u2019est pour les guerriers. Ceux qui ont la rage de changer, pas juste de fantasmer.<\/p>\n\n\n\n<p>Tu veux du bullshit ? Va voir ailleurs. Ici, on te balance la v\u00e9rit\u00e9 en pleine gueule : le changement, \u00e7a fait chier. \u00c7a fait mal. \u00c7a demande de te bouger le cul, de casser tes conneries et d\u2019arr\u00eater de pleurnicher.<\/p>\n\n\n\n<p>Mais si t\u2019es pr\u00eat \u00e0 te sortir les doigts, \u00e0 te confronter \u00e0 ta propre merde et \u00e0 arr\u00eater de fuir ta vie\u2026 bienvenue.<br>Ici, on transforme la douleur en puissance. La peur en action. Les excuses en r\u00e9sultats.<\/p>\n\n\n\n<p>Tu peux continuer \u00e0 r\u00eaver ta vie ou d\u00e9cider d\u2019enfin la vivre. Le choix est \u00e0 toi.<\/p>\n\n\n\n<p>Alors, t\u2019attends quoi pour arr\u00eater de glander et commencer \u00e0 devenir ce putain de boss de ta vie ?<\/p>\n","protected":false},"excerpt":{"rendered":"<p>Stop. Tu sais pourquoi t\u2019es l\u00e0. T\u2019en as marre de tourner en rond, de te raconter des conneries, de croire que demain \u00e7a ira mieux sans rien faire aujourd\u2019hui. Ce site, ce n\u2019est pas pour les r\u00eaveurs ni les touristes&#8230; <a href=\"https:\/\/guido-saverio-coach.com\/?page_id=1963\" class=\"readmore\">Read more<span class=\"screen-reader-text\">Coaching pour ceux qui veulent vraiment changer, pas juste r\u00eaver.<\/span><span class=\"fa fa-angle-double-right\" aria-hidden=\"true\"><\/span><\/a><\/p>\n","protected":false},"author":1,"featured_media":0,"parent":0,"menu_order":0,"comment_status":"closed","ping_status":"closed","template":"","meta":{"footnotes":""},"_links":{"self":[{"href":"https:\/\/guido-saverio-coach.com\/index.php?rest_route=\/wp\/v2\/pages\/1963"}],"collection":[{"href":"https:\/\/guido-saverio-coach.com\/index.php?rest_route=\/wp\/v2\/pages"}],"about":[{"href":"https:\/\/guido-saverio-coach.com\/index.php?rest_route=\/wp\/v2\/types\/page"}],"author":[{"embeddable":true,"href":"https:\/\/guido-saverio-coach.com\/index.php?rest_route=\/wp\/v2\/users\/1"}],"replies":[{"embeddable":true,"href":"https:\/\/guido-saverio-coach.com\/index.php?rest_route=%2Fwp%2Fv2%2Fcomments&post=1963"}],"version-history":[{"count":1,"href":"https:\/\/guido-saverio-coach.com\/index.php?rest_route=\/wp\/v2\/pages\/1963\/revisions"}],"predecessor-version":[{"id":1965,"href":"https:\/\/guido-saverio-coach.com\/index.php?rest_route=\/wp\/v2\/pages\/1963\/revisions\/1965"}],"wp:attachment":[{"href":"https:\/\/guido-saverio-coach.com\/index.php?rest_route=%2Fwp%2Fv2%2Fmedia&parent=1963"}],"curies":[{"name":"wp","href":"https:\/\/api.w.org\/{rel}","templated":true}]}}