{"id":1968,"date":"2025-07-17T00:46:56","date_gmt":"2025-07-16T22:46:56","guid":{"rendered":"https:\/\/guido-saverio-coach.com\/?page_id=1968"},"modified":"2025-07-17T00:46:56","modified_gmt":"2025-07-16T22:46:56","slug":"moins-de-bla-bla-plus-de-resultats-point","status":"publish","type":"page","link":"https:\/\/guido-saverio-coach.com\/?page_id=1968","title":{"rendered":"Moins de bla-bla, plus de r\u00e9sultats. Point."},"content":{"rendered":"\n<p><\/p>\n\n\n\n<p>T\u2019en as ras-le-bol des coachs en carton qui te gavent de bullshit et te font croire qu\u2019en 3 clics ta vie va changer ? C\u2019est pas ici que \u00e7a se passe. Ici, on d\u00e9gage les conneries et on va droit au but.<\/p>\n\n\n\n<p>Changer ta vie, c\u2019est pas une balade au parc, c\u2019est un putain de combat. Un combat contre toi-m\u00eame, tes excuses bidons, ta procrastination de merde, et ta foutue peur de bouger. Tu veux quoi ? Rester \u00e0 pleurnicher ou te lever et foutre le feu \u00e0 ta zone de confort ?<\/p>\n\n\n\n<p>Je te pr\u00e9viens : \u00e7a va piquer. \u00c7a va te faire chier. Mais c\u2019est le seul moyen d\u2019arr\u00eater d\u2019\u00eatre un spectateur de ta propre vie.<\/p>\n\n\n\n<p>Si tu cherches un coup de pouce pour passer de \u201cpeut-\u00eatre un jour\u201d \u00e0 \u201cje le fais maintenant\u201d, t\u2019es pile o\u00f9 il faut. Pas de trucs doux, pas de langue de bois, que de la v\u00e9rit\u00e9 brute.<\/p>\n\n\n\n<p>Tu veux changer ? Alors arr\u00eate de lire ce texte et commence \u00e0 agir. Je suis l\u00e0 pour te secouer, pas pour te bercer.<\/p>\n\n\n\n<p>\u00c0 toi de jouer.<\/p>\n","protected":false},"excerpt":{"rendered":"<p>T\u2019en as ras-le-bol des coachs en carton qui te gavent de bullshit et te font croire qu\u2019en 3 clics ta vie va changer ? C\u2019est pas ici que \u00e7a se passe. Ici, on d\u00e9gage les conneries et on va droit&#8230; <a href=\"https:\/\/guido-saverio-coach.com\/?page_id=1968\" class=\"readmore\">Read more<span class=\"screen-reader-text\">Moins de bla-bla, plus de r\u00e9sultats. Point.<\/span><span class=\"fa fa-angle-double-right\" aria-hidden=\"true\"><\/span><\/a><\/p>\n","protected":false},"author":1,"featured_media":0,"parent":0,"menu_order":0,"comment_status":"closed","ping_status":"closed","template":"","meta":{"footnotes":""},"_links":{"self":[{"href":"https:\/\/guido-saverio-coach.com\/index.php?rest_route=\/wp\/v2\/pages\/1968"}],"collection":[{"href":"https:\/\/guido-saverio-coach.com\/index.php?rest_route=\/wp\/v2\/pages"}],"about":[{"href":"https:\/\/guido-saverio-coach.com\/index.php?rest_route=\/wp\/v2\/types\/page"}],"author":[{"embeddable":true,"href":"https:\/\/guido-saverio-coach.com\/index.php?rest_route=\/wp\/v2\/users\/1"}],"replies":[{"embeddable":true,"href":"https:\/\/guido-saverio-coach.com\/index.php?rest_route=%2Fwp%2Fv2%2Fcomments&post=1968"}],"version-history":[{"count":1,"href":"https:\/\/guido-saverio-coach.com\/index.php?rest_route=\/wp\/v2\/pages\/1968\/revisions"}],"predecessor-version":[{"id":1970,"href":"https:\/\/guido-saverio-coach.com\/index.php?rest_route=\/wp\/v2\/pages\/1968\/revisions\/1970"}],"wp:attachment":[{"href":"https:\/\/guido-saverio-coach.com\/index.php?rest_route=%2Fwp%2Fv2%2Fmedia&parent=1968"}],"curies":[{"name":"wp","href":"https:\/\/api.w.org\/{rel}","templated":true}]}}