{"id":1981,"date":"2025-08-26T23:51:55","date_gmt":"2025-08-26T21:51:55","guid":{"rendered":"https:\/\/guido-saverio-coach.com\/?page_id=1981"},"modified":"2025-08-26T23:51:55","modified_gmt":"2025-08-26T21:51:55","slug":"de-zero-a-heros-financier-ma-reponse-de-coach","status":"publish","type":"page","link":"https:\/\/guido-saverio-coach.com\/?page_id=1981","title":{"rendered":"De z\u00e9ro \u00e0 h\u00e9ros financier : ma r\u00e9ponse de coach"},"content":{"rendered":"\n<p>Quand j\u2019entends la question : <em>\u00ab De z\u00e9ro \u00e0 h\u00e9ros financier : veux\u2011tu enfin tenter le coup ? \u00bb<\/em>, je souris toujours. Pourquoi\u202f? Parce qu\u2019au-del\u00e0 du r\u00eave de richesse, c\u2019est surtout une invitation \u00e0 transformer sa vie. Et \u00e7a, c\u2019est le vrai d\u00e9fi.<\/p>\n\n\n\n<p>La v\u00e9rit\u00e9, c\u2019est que personne ne commence riche ou avec toutes les cartes en main. M\u00eame les entrepreneurs que tu admires aujourd\u2019hui ont connu des moments de doute, des \u00e9checs cuisants et des finances serr\u00e9es. La diff\u00e9rence\u202f? Ils ont choisi d\u2019agir, pas seulement de r\u00eaver.<\/p>\n\n\n\n<p><strong>Tenter le coup, ce n\u2019est pas un pari aveugle.<\/strong><br>C\u2019est un engagement envers toi-m\u00eame, un plan d\u2019action r\u00e9aliste et une discipline quotidienne. Il ne s\u2019agit pas de devenir millionnaire du jour au lendemain, mais de construire chaque mois, chaque semaine, chaque jour, les fondations d\u2019une libert\u00e9 financi\u00e8re durable.<\/p>\n\n\n\n<p><strong>Voici ce que je te dirais si tu veux franchir le pas :<\/strong><\/p>\n\n\n\n<ol>\n<li><strong>\u00c9duque-toi financi\u00e8rement<\/strong> : la connaissance est ton arme la plus puissante. Comprends les bases, les investissements, l\u2019\u00e9pargne, et la gestion des risques.<\/li>\n\n\n\n<li><strong>Fixe des objectifs concrets<\/strong> : de z\u00e9ro \u00e0 h\u00e9ros financier ne se fait pas par magie. D\u00e9finis des \u00e9tapes claires et mesurables.<\/li>\n\n\n\n<li><strong>Passe \u00e0 l\u2019action, m\u00eame petit \u00e0 petit<\/strong> : chaque effort compte. L\u2019inaction est le plus grand obstacle au succ\u00e8s.<\/li>\n\n\n\n<li><strong>Entoure-toi des bonnes influences<\/strong> : mentors, pairs ambitieux, communaut\u00e9s qui t\u2019inspirent. Ton r\u00e9seau peut acc\u00e9l\u00e9rer ta progression.<\/li>\n\n\n\n<li><strong>Accepte l\u2019\u00e9chec comme apprentissage<\/strong> : chaque erreur te rapproche de la ma\u00eetrise financi\u00e8re, \u00e0 condition d\u2019en tirer des le\u00e7ons.<\/li>\n<\/ol>\n\n\n\n<p>Alors, veux\u2011tu vraiment tenter le coup\u202f? Si la r\u00e9ponse est oui, pr\u00e9pare-toi \u00e0 investir du temps, de l\u2019\u00e9nergie et de la discipline. Mais surtout, pr\u00e9pare-toi \u00e0 d\u00e9couvrir que ce voyage, du \u00ab z\u00e9ro \u00bb au \u00ab h\u00e9ros financier \u00bb, est moins une question d\u2019argent et plus une transformation de toi-m\u00eame.<\/p>\n\n\n\n<p>Car le vrai h\u00e9ros financier, ce n\u2019est pas seulement celui qui accumule des richesses, mais celui qui construit une vie o\u00f9 argent, libert\u00e9 et sens avancent main dans la main.<\/p>\n","protected":false},"excerpt":{"rendered":"<p>Quand j\u2019entends la question : \u00ab De z\u00e9ro \u00e0 h\u00e9ros financier : veux\u2011tu enfin tenter le coup ? \u00bb, je souris toujours. Pourquoi\u202f? Parce qu\u2019au-del\u00e0 du r\u00eave de richesse, c\u2019est surtout une invitation \u00e0 transformer sa vie. Et \u00e7a, c\u2019est&#8230; <a href=\"https:\/\/guido-saverio-coach.com\/?page_id=1981\" class=\"readmore\">Read more<span class=\"screen-reader-text\">De z\u00e9ro \u00e0 h\u00e9ros financier : ma r\u00e9ponse de coach<\/span><span class=\"fa fa-angle-double-right\" aria-hidden=\"true\"><\/span><\/a><\/p>\n","protected":false},"author":1,"featured_media":0,"parent":0,"menu_order":0,"comment_status":"closed","ping_status":"closed","template":"","meta":{"footnotes":""},"_links":{"self":[{"href":"https:\/\/guido-saverio-coach.com\/index.php?rest_route=\/wp\/v2\/pages\/1981"}],"collection":[{"href":"https:\/\/guido-saverio-coach.com\/index.php?rest_route=\/wp\/v2\/pages"}],"about":[{"href":"https:\/\/guido-saverio-coach.com\/index.php?rest_route=\/wp\/v2\/types\/page"}],"author":[{"embeddable":true,"href":"https:\/\/guido-saverio-coach.com\/index.php?rest_route=\/wp\/v2\/users\/1"}],"replies":[{"embeddable":true,"href":"https:\/\/guido-saverio-coach.com\/index.php?rest_route=%2Fwp%2Fv2%2Fcomments&post=1981"}],"version-history":[{"count":1,"href":"https:\/\/guido-saverio-coach.com\/index.php?rest_route=\/wp\/v2\/pages\/1981\/revisions"}],"predecessor-version":[{"id":1983,"href":"https:\/\/guido-saverio-coach.com\/index.php?rest_route=\/wp\/v2\/pages\/1981\/revisions\/1983"}],"wp:attachment":[{"href":"https:\/\/guido-saverio-coach.com\/index.php?rest_route=%2Fwp%2Fv2%2Fmedia&parent=1981"}],"curies":[{"name":"wp","href":"https:\/\/api.w.org\/{rel}","templated":true}]}}