{"id":2061,"date":"2025-10-04T00:51:57","date_gmt":"2025-10-03T22:51:57","guid":{"rendered":"https:\/\/guido-saverio-coach.com\/?page_id=2061"},"modified":"2025-10-05T02:01:39","modified_gmt":"2025-10-05T00:01:39","slug":"coaching-carriere-changer-de-voie","status":"publish","type":"page","link":"https:\/\/guido-saverio-coach.com\/?page_id=2061","title":{"rendered":"Coaching carri\u00e8re, changer de voie"},"content":{"rendered":"\n<p>Voici une <strong>s\u00e9lection de questions puissantes<\/strong>, class\u00e9es par \u00e9tapes du processus de coaching (inspiration, clarification, exploration, passage \u00e0 l\u2019action).<\/p>\n\n\n\n<h2 class=\"wp-block-heading\">\ud83d\udd39 1. Explorer la situation actuelle<\/h2>\n\n\n\n<p><em>(Prendre conscience du point de d\u00e9part)<\/em><\/p>\n\n\n\n<ul>\n<li>O\u00f9 en es-tu aujourd\u2019hui dans ta carri\u00e8re ?<\/li>\n\n\n\n<li>Qu\u2019est-ce qui te pla\u00eet dans ton travail actuel ? Qu\u2019est-ce qui te p\u00e8se ?<\/li>\n\n\n\n<li>Qu\u2019est-ce qui t\u2019a conduit \u00e0 envisager un changement aujourd\u2019hui ?<\/li>\n\n\n\n<li>Si tu continues dans cette voie, que se passera-t-il dans 1 an ? 5 ans ?<\/li>\n\n\n\n<li>Qu\u2019est-ce que ton environnement professionnel t\u2019apprend sur toi-m\u00eame ?<\/li>\n<\/ul>\n\n\n\n<hr class=\"wp-block-separator has-alpha-channel-opacity\"\/>\n\n\n\n<h2 class=\"wp-block-heading\">\ud83d\udd39 2. Clarifier les aspirations et les valeurs<\/h2>\n\n\n\n<p><em>(Faire \u00e9merger les motivations profondes)<\/em><\/p>\n\n\n\n<ul>\n<li>Qu\u2019est-ce qui est <strong>vraiment important<\/strong> pour toi dans ton travail ?<\/li>\n\n\n\n<li>Quels sont les moments o\u00f9 tu te sens <strong>le plus vivant \/ align\u00e9 \/ utile<\/strong> ?<\/li>\n\n\n\n<li>Qu\u2019aimerais-tu <strong>contribuer ou apporter<\/strong> \u00e0 travers ton m\u00e9tier ?<\/li>\n\n\n\n<li>Si tu pouvais cr\u00e9er ton travail id\u00e9al, \u00e0 quoi ressemblerait-il ?<\/li>\n\n\n\n<li>Quelles <strong>valeurs<\/strong> aimerais-tu voir davantage pr\u00e9sentes dans ta vie professionnelle ?<\/li>\n\n\n\n<li>Quelles activit\u00e9s te donnent naturellement <strong>de l\u2019\u00e9nergie<\/strong> ?<\/li>\n<\/ul>\n\n\n\n<hr class=\"wp-block-separator has-alpha-channel-opacity\"\/>\n\n\n\n<h2 class=\"wp-block-heading\">\ud83d\udd39 3. Identifier les forces et les ressources<\/h2>\n\n\n\n<p><em>(Faire \u00e9merger le potentiel d\u00e9j\u00e0 pr\u00e9sent)<\/em><\/p>\n\n\n\n<ul>\n<li>Quelles sont tes <strong>plus grandes r\u00e9ussites<\/strong> jusqu\u2019\u00e0 pr\u00e9sent ?<\/li>\n\n\n\n<li>Quelles <strong>comp\u00e9tences<\/strong> as-tu d\u00e9velopp\u00e9es gr\u00e2ce \u00e0 ces r\u00e9ussites ?<\/li>\n\n\n\n<li>Quelles qualit\u00e9s personnelles t\u2019aident le plus \u00e0 avancer ?<\/li>\n\n\n\n<li>De quelles <strong>ressources internes<\/strong> disposes-tu d\u00e9j\u00e0 (courage, cr\u00e9ativit\u00e9, r\u00e9silience\u2026) ?<\/li>\n\n\n\n<li>Qu\u2019est-ce que les autres appr\u00e9cient le plus chez toi ?<\/li>\n\n\n\n<li>Si tu devais t\u2019appuyer sur <strong>tes 3 plus grandes forces<\/strong>, quelles seraient-elles ?<\/li>\n<\/ul>\n\n\n\n<hr class=\"wp-block-separator has-alpha-channel-opacity\"\/>\n\n\n\n<h2 class=\"wp-block-heading\">\ud83d\udd39 4. Explorer les options<\/h2>\n\n\n\n<p><em>(Ouvrir le champ des possibles avant de choisir)<\/em><\/p>\n\n\n\n<ul>\n<li>Quelles sont les diff\u00e9rentes directions possibles pour toi ?<\/li>\n\n\n\n<li>Si tout \u00e9tait possible, que ferais-tu ?<\/li>\n\n\n\n<li>Quelles alternatives n\u2019as-tu pas encore envisag\u00e9es ?<\/li>\n\n\n\n<li>Quelle option te para\u00eet la plus excitante ? La plus r\u00e9aliste ?<\/li>\n\n\n\n<li>Que ferais-tu si tu n\u2019avais pas peur ?<\/li>\n\n\n\n<li>Quelle premi\u00e8re petite \u00e9tape pourrais-tu faire pour tester cette id\u00e9e ?<\/li>\n<\/ul>\n\n\n\n<hr class=\"wp-block-separator has-alpha-channel-opacity\"\/>\n\n\n\n<h2 class=\"wp-block-heading\">\ud83d\udd39 5. Lever les freins et les peurs<\/h2>\n\n\n\n<p><em>(Identifier les obstacles internes et les transformer)<\/em><\/p>\n\n\n\n<ul>\n<li>Qu\u2019est-ce qui t\u2019emp\u00eache aujourd\u2019hui d\u2019avancer vers ce que tu veux ?<\/li>\n\n\n\n<li>Quelle peur se cache derri\u00e8re ce blocage ?<\/li>\n\n\n\n<li>Si tu regardes cette peur de plus pr\u00e8s, que veut-elle te dire ?<\/li>\n\n\n\n<li>Qu\u2019est-ce que tu risques vraiment \u00e0 essayer ? Et \u00e0 ne rien faire ?<\/li>\n\n\n\n<li>Comment pourrais-tu te rassurer ou t\u2019entourer pour oser avancer ?<\/li>\n<\/ul>\n\n\n\n<hr class=\"wp-block-separator has-alpha-channel-opacity\"\/>\n\n\n\n<h2 class=\"wp-block-heading\">\ud83d\udd39 6. Passer \u00e0 l\u2019action<\/h2>\n\n\n\n<p><em>(Ancrer le changement dans la r\u00e9alit\u00e9)<\/em><\/p>\n\n\n\n<ul>\n<li>Quelle est la <strong>premi\u00e8re action concr\u00e8te<\/strong> que tu pourrais faire d\u00e8s cette semaine ?<\/li>\n\n\n\n<li>Qu\u2019auras-tu accompli dans un mois si tu avances \u00e0 ton rythme ?<\/li>\n\n\n\n<li>Comment sauras-tu que tu es sur la bonne voie ?<\/li>\n\n\n\n<li>Qui pourrait te soutenir ou t\u2019encourager dans ce changement ?<\/li>\n\n\n\n<li>Comment veux-tu <strong>te r\u00e9compenser<\/strong> ou c\u00e9l\u00e9brer tes progr\u00e8s ?<\/li>\n<\/ul>\n\n\n\n<hr class=\"wp-block-separator has-alpha-channel-opacity\"\/>\n\n\n\n<h2 class=\"wp-block-heading\">\ud83d\udcac Quelques \u00ab\u00a0questions miroir\u00a0\u00bb puissantes<\/h2>\n\n\n\n<p><em>(Pour provoquer des prises de conscience profondes)<\/em><\/p>\n\n\n\n<ul>\n<li>Qu\u2019est-ce que tu n\u2019oses pas t\u2019avouer aujourd\u2019hui ?<\/li>\n\n\n\n<li>Quelle partie de toi veux-tu honorer \u00e0 travers ce changement ?<\/li>\n\n\n\n<li>Si tu regardes ta vie depuis la fin de ta carri\u00e8re, que voudrais-tu avoir accompli ?<\/li>\n\n\n\n<li>Quelle est la plus petite action qui pourrait avoir le plus grand impact ?<\/li>\n\n\n\n<li>Quelle version de toi veux-tu devenir ?<\/li>\n<\/ul>\n\n\n\n<hr class=\"wp-block-separator has-alpha-channel-opacity\"\/>\n\n\n\n<hr class=\"wp-block-separator has-alpha-channel-opacity\"\/>\n\n\n\n<ul>\n<li><a href=\"https:\/\/guido-saverio-coach.com\/?page_id=2046\"><strong>la confiance en soi<\/strong>.<\/a><\/li>\n\n\n\n<li><strong><a href=\"https:\/\/guido-saverio-coach.com\/?page_id=2049\">Explorer et d\u00e9velopper ses ressources dans le domaine des relations<\/a><\/strong><\/li>\n\n\n\n<li><strong><a href=\"https:\/\/guido-saverio-coach.com\/?page_id=2052\">Coaching gestion du stress<\/a><\/strong><\/li>\n\n\n\n<li><strong><a href=\"https:\/\/guido-saverio-coach.com\/?page_id=2055\">Coaching sue la recherche d\u2019\u00e9quilibre de vie<\/a><\/strong><\/li>\n\n\n\n<li><strong><a href=\"https:\/\/guido-saverio-coach.com\/?page_id=2058\">Coaching \u00e9volution de carri\u00e8re<\/a><\/strong><\/li>\n\n\n\n<li><strong><a href=\"https:\/\/guido-saverio-coach.com\/?page_id=2061\">Coaching carri\u00e8re, changer de voie<\/a><\/strong><\/li>\n\n\n\n<li><strong><a href=\"https:\/\/guido-saverio-coach.com\/?page_id=2064\">Coaching pour mieux g\u00e9rer les relations au travail<\/a><\/strong><\/li>\n\n\n\n<li><strong><a href=\"https:\/\/guido-saverio-coach.com\/?page_id=2067\">Coaching pour retrouver du sens dans son m\u00e9tier<\/a><\/strong><\/li>\n\n\n\n<li><strong><a href=\"https:\/\/guido-saverio-coach.com\/?page_id=2070\">Coaching scolaire ou \u00e9tudiant ax\u00e9 sur l\u2019orientation<\/a><\/strong><\/li>\n\n\n\n<li><strong><a href=\"https:\/\/guido-saverio-coach.com\/?page_id=2073\">Coaching scolaire ou \u00e9tudiant, pour la motivation<\/a><\/strong><\/li>\n\n\n\n<li><strong><a href=\"https:\/\/guido-saverio-coach.com\/?page_id=2076\">Coaching scolaire ou \u00e9tudiant pour g\u00e9rer le stress des examens<\/a><\/strong><\/li>\n\n\n\n<li><strong><a href=\"https:\/\/guido-saverio-coach.com\/?page_id=2079\">Coaching scolaire ou \u00e9tudiant, autour des m\u00e9thodes de travail<\/a><\/strong><\/li>\n\n\n\n<li><strong><a href=\"https:\/\/guido-saverio-coach.com\/?page_id=2082\">Coaching pour sortir d\u2019un burn-out professionnel.<\/a><\/strong><\/li>\n\n\n\n<li><strong><a href=\"https:\/\/guido-saverio-coach.com\/?page_id=2086\">Coaching autour de l\u2019achat de la maison id\u00e9ale<\/a><\/strong><\/li>\n\n\n\n<li><strong><a href=\"https:\/\/guido-saverio-coach.com\/?page_id=2090\">Coaching apr\u00e8s une s\u00e9paration avec une personne manipulatrice<\/a><\/strong><\/li>\n\n\n\n<li><a href=\"https:\/\/guido-saverio-coach.com\/?page_id=2094\">Coaching de couple &#8211; <strong>r\u00e9activer la communication, la compr\u00e9hension mutuelle et la complicit\u00e9<\/strong>&nbsp;entre deux personnes<\/a><\/li>\n\n\n\n<li><strong><a href=\"https:\/\/guido-saverio-coach.com\/?page_id=2098\">Coaching de performance et de productivit\u00e9<\/a><\/strong><\/li>\n\n\n\n<li><strong><a href=\"https:\/\/guido-saverio-coach.com\/?page_id=2101\">Le coaching d\u2019\u00e9criture ou coaching d\u2019auteur<\/a><\/strong><\/li>\n\n\n\n<li><strong><a href=\"https:\/\/guido-saverio-coach.com\/?page_id=2104\">Coaching pour faire \u00e9merger les ressources d\u2019une personne et stimuler sa cr\u00e9ativit\u00e9,<\/a><\/strong><\/li>\n\n\n\n<li><strong><a href=\"https:\/\/guido-saverio-coach.com\/?page_id=2107\">Coaching pour surmonter un blocage cr\u00e9atif<\/a><\/strong><\/li>\n<\/ul>\n","protected":false},"excerpt":{"rendered":"<p>Voici une s\u00e9lection de questions puissantes, class\u00e9es par \u00e9tapes du processus de coaching (inspiration, clarification, exploration, passage \u00e0 l\u2019action). \ud83d\udd39 1. Explorer la situation actuelle (Prendre conscience du point de d\u00e9part) \ud83d\udd39 2. Clarifier les aspirations et les valeurs (Faire&#8230; <a href=\"https:\/\/guido-saverio-coach.com\/?page_id=2061\" class=\"readmore\">Read more<span class=\"screen-reader-text\">Coaching carri\u00e8re, changer de voie<\/span><span class=\"fa fa-angle-double-right\" aria-hidden=\"true\"><\/span><\/a><\/p>\n","protected":false},"author":1,"featured_media":0,"parent":0,"menu_order":0,"comment_status":"closed","ping_status":"closed","template":"","meta":{"footnotes":""},"_links":{"self":[{"href":"https:\/\/guido-saverio-coach.com\/index.php?rest_route=\/wp\/v2\/pages\/2061"}],"collection":[{"href":"https:\/\/guido-saverio-coach.com\/index.php?rest_route=\/wp\/v2\/pages"}],"about":[{"href":"https:\/\/guido-saverio-coach.com\/index.php?rest_route=\/wp\/v2\/types\/page"}],"author":[{"embeddable":true,"href":"https:\/\/guido-saverio-coach.com\/index.php?rest_route=\/wp\/v2\/users\/1"}],"replies":[{"embeddable":true,"href":"https:\/\/guido-saverio-coach.com\/index.php?rest_route=%2Fwp%2Fv2%2Fcomments&post=2061"}],"version-history":[{"count":2,"href":"https:\/\/guido-saverio-coach.com\/index.php?rest_route=\/wp\/v2\/pages\/2061\/revisions"}],"predecessor-version":[{"id":2119,"href":"https:\/\/guido-saverio-coach.com\/index.php?rest_route=\/wp\/v2\/pages\/2061\/revisions\/2119"}],"wp:attachment":[{"href":"https:\/\/guido-saverio-coach.com\/index.php?rest_route=%2Fwp%2Fv2%2Fmedia&parent=2061"}],"curies":[{"name":"wp","href":"https:\/\/api.w.org\/{rel}","templated":true}]}}