{"id":2064,"date":"2025-10-04T00:55:13","date_gmt":"2025-10-03T22:55:13","guid":{"rendered":"https:\/\/guido-saverio-coach.com\/?page_id=2064"},"modified":"2025-10-05T02:02:14","modified_gmt":"2025-10-05T00:02:14","slug":"coaching-pour-mieux-gerer-les-relations-au-travail","status":"publish","type":"page","link":"https:\/\/guido-saverio-coach.com\/?page_id=2064","title":{"rendered":"Coaching pour mieux g\u00e9rer les relations au travail"},"content":{"rendered":"\n<p><strong>Questions puissantes<\/strong> qui vous font r\u00e9fl\u00e9chir profond\u00e9ment, identifient les blocages et font \u00e9merger les ressources internes  <\/p>\n\n\n\n<h3 class=\"wp-block-heading\">1\ufe0f\u20e3 Clarifier la situation<\/h3>\n\n\n\n<ul>\n<li>\u00ab Que se passe-t-il exactement dans vos relations au travail qui vous pose probl\u00e8me ? \u00bb<\/li>\n\n\n\n<li>\u00ab Quelle est la situation id\u00e9ale que vous aimeriez cr\u00e9er avec vos coll\u00e8gues ou votre manager ? \u00bb<\/li>\n\n\n\n<li>\u00ab Qu\u2019est-ce qui, dans vos interactions actuelles, fonctionne bien et m\u00e9rite d\u2019\u00eatre conserv\u00e9 ? \u00bb<\/li>\n<\/ul>\n\n\n\n<hr class=\"wp-block-separator has-alpha-channel-opacity\"\/>\n\n\n\n<h3 class=\"wp-block-heading\">2\ufe0f\u20e3 Prendre conscience de ses r\u00e9actions et comportements<\/h3>\n\n\n\n<ul>\n<li>\u00ab Comment r\u00e9agissez-vous g\u00e9n\u00e9ralement face \u00e0 ce type de situation ? \u00bb<\/li>\n\n\n\n<li>\u00ab Quelles \u00e9motions ou pens\u00e9es surgissent lorsque vous avez un d\u00e9saccord avec un coll\u00e8gue ? \u00bb<\/li>\n\n\n\n<li>\u00ab Qu\u2019est-ce qui, dans votre comportement, pourrait renforcer ou d\u00e9t\u00e9riorer la relation ? \u00bb<\/li>\n<\/ul>\n\n\n\n<hr class=\"wp-block-separator has-alpha-channel-opacity\"\/>\n\n\n\n<h3 class=\"wp-block-heading\">3\ufe0f\u20e3 Identifier les ressources et forces internes<\/h3>\n\n\n\n<ul>\n<li>\u00ab Dans des situations similaires, qu\u2019avez-vous d\u00e9j\u00e0 r\u00e9ussi \u00e0 g\u00e9rer avec succ\u00e8s ? \u00bb<\/li>\n\n\n\n<li>\u00ab Quelles qualit\u00e9s ou comp\u00e9tences pouvez-vous mobiliser pour am\u00e9liorer cette relation ? \u00bb<\/li>\n\n\n\n<li>\u00ab Qui autour de vous vous inspire pour g\u00e9rer les relations difficiles et pourquoi ? \u00bb<\/li>\n<\/ul>\n\n\n\n<hr class=\"wp-block-separator has-alpha-channel-opacity\"\/>\n\n\n\n<h3 class=\"wp-block-heading\">4\ufe0f\u20e3 Explorer de nouvelles perspectives<\/h3>\n\n\n\n<ul>\n<li>\u00ab Si vous pouviez vous mettre dans la peau de votre coll\u00e8gue, que verriez-vous diff\u00e9remment ? \u00bb<\/li>\n\n\n\n<li>\u00ab Quels choix s\u2019offrent \u00e0 vous que vous n\u2019avez pas encore envisag\u00e9s ? \u00bb<\/li>\n\n\n\n<li>\u00ab Qu\u2019est-ce qui serait possible si vous abordiez cette relation avec curiosit\u00e9 plut\u00f4t qu\u2019avec jugement ? \u00bb<\/li>\n<\/ul>\n\n\n\n<hr class=\"wp-block-separator has-alpha-channel-opacity\"\/>\n\n\n\n<h3 class=\"wp-block-heading\">5\ufe0f\u20e3 Passer \u00e0 l\u2019action<\/h3>\n\n\n\n<ul>\n<li>\u00ab Quelle est la premi\u00e8re action concr\u00e8te que vous pouvez entreprendre cette semaine pour am\u00e9liorer cette relation ? \u00bb<\/li>\n\n\n\n<li>\u00ab Que pouvez-vous faire pour tester une nouvelle approche sans risque majeur ? \u00bb<\/li>\n\n\n\n<li>\u00ab Comment saurez-vous que vos efforts portent leurs fruits ? \u00bb<\/li>\n<\/ul>\n\n\n\n<hr class=\"wp-block-separator has-alpha-channel-opacity\"\/>\n\n\n\n<h3 class=\"wp-block-heading\">6\ufe0f\u20e3 Renforcer la motivation et l\u2019engagement<\/h3>\n\n\n\n<ul>\n<li>\u00ab Qu\u2019est-ce que cela vous rapportera personnellement et professionnellement si vous r\u00e9ussissez \u00e0 am\u00e9liorer cette relation ? \u00bb<\/li>\n\n\n\n<li>\u00ab Qu\u2019est-ce qui vous donnera l\u2019\u00e9nergie de pers\u00e9v\u00e9rer m\u00eame si c\u2019est difficile au d\u00e9but ? \u00bb<\/li>\n<\/ul>\n\n\n\n<hr class=\"wp-block-separator has-alpha-channel-opacity\"\/>\n\n\n\n<hr class=\"wp-block-separator has-alpha-channel-opacity\"\/>\n\n\n\n<ul>\n<li><a href=\"https:\/\/guido-saverio-coach.com\/?page_id=2046\"><strong>la confiance en soi<\/strong>.<\/a><\/li>\n\n\n\n<li><strong><a href=\"https:\/\/guido-saverio-coach.com\/?page_id=2049\">Explorer et d\u00e9velopper ses ressources dans le domaine des relations<\/a><\/strong><\/li>\n\n\n\n<li><strong><a href=\"https:\/\/guido-saverio-coach.com\/?page_id=2052\">Coaching gestion du stress<\/a><\/strong><\/li>\n\n\n\n<li><strong><a href=\"https:\/\/guido-saverio-coach.com\/?page_id=2055\">Coaching sue la recherche d\u2019\u00e9quilibre de vie<\/a><\/strong><\/li>\n\n\n\n<li><strong><a href=\"https:\/\/guido-saverio-coach.com\/?page_id=2058\">Coaching \u00e9volution de carri\u00e8re<\/a><\/strong><\/li>\n\n\n\n<li><strong><a href=\"https:\/\/guido-saverio-coach.com\/?page_id=2061\">Coaching carri\u00e8re, changer de voie<\/a><\/strong><\/li>\n\n\n\n<li><strong><a href=\"https:\/\/guido-saverio-coach.com\/?page_id=2064\">Coaching pour mieux g\u00e9rer les relations au travail<\/a><\/strong><\/li>\n\n\n\n<li><strong><a href=\"https:\/\/guido-saverio-coach.com\/?page_id=2067\">Coaching pour retrouver du sens dans son m\u00e9tier<\/a><\/strong><\/li>\n\n\n\n<li><strong><a href=\"https:\/\/guido-saverio-coach.com\/?page_id=2070\">Coaching scolaire ou \u00e9tudiant ax\u00e9 sur l\u2019orientation<\/a><\/strong><\/li>\n\n\n\n<li><strong><a href=\"https:\/\/guido-saverio-coach.com\/?page_id=2073\">Coaching scolaire ou \u00e9tudiant, pour la motivation<\/a><\/strong><\/li>\n\n\n\n<li><strong><a href=\"https:\/\/guido-saverio-coach.com\/?page_id=2076\">Coaching scolaire ou \u00e9tudiant pour g\u00e9rer le stress des examens<\/a><\/strong><\/li>\n\n\n\n<li><strong><a href=\"https:\/\/guido-saverio-coach.com\/?page_id=2079\">Coaching scolaire ou \u00e9tudiant, autour des m\u00e9thodes de travail<\/a><\/strong><\/li>\n\n\n\n<li><strong><a href=\"https:\/\/guido-saverio-coach.com\/?page_id=2082\">Coaching pour sortir d\u2019un burn-out professionnel.<\/a><\/strong><\/li>\n\n\n\n<li><strong><a href=\"https:\/\/guido-saverio-coach.com\/?page_id=2086\">Coaching autour de l\u2019achat de la maison id\u00e9ale<\/a><\/strong><\/li>\n\n\n\n<li><strong><a href=\"https:\/\/guido-saverio-coach.com\/?page_id=2090\">Coaching apr\u00e8s une s\u00e9paration avec une personne manipulatrice<\/a><\/strong><\/li>\n\n\n\n<li><a href=\"https:\/\/guido-saverio-coach.com\/?page_id=2094\">Coaching de couple &#8211; <strong>r\u00e9activer la communication, la compr\u00e9hension mutuelle et la complicit\u00e9<\/strong>&nbsp;entre deux personnes<\/a><\/li>\n\n\n\n<li><strong><a href=\"https:\/\/guido-saverio-coach.com\/?page_id=2098\">Coaching de performance et de productivit\u00e9<\/a><\/strong><\/li>\n\n\n\n<li><strong><a href=\"https:\/\/guido-saverio-coach.com\/?page_id=2101\">Le coaching d\u2019\u00e9criture ou coaching d\u2019auteur<\/a><\/strong><\/li>\n\n\n\n<li><strong><a href=\"https:\/\/guido-saverio-coach.com\/?page_id=2104\">Coaching pour faire \u00e9merger les ressources d\u2019une personne et stimuler sa cr\u00e9ativit\u00e9,<\/a><\/strong><\/li>\n\n\n\n<li><strong><a href=\"https:\/\/guido-saverio-coach.com\/?page_id=2107\">Coaching pour surmonter un blocage cr\u00e9atif<\/a><\/strong><\/li>\n<\/ul>\n","protected":false},"excerpt":{"rendered":"<p>Questions puissantes qui vous font r\u00e9fl\u00e9chir profond\u00e9ment, identifient les blocages et font \u00e9merger les ressources internes 1\ufe0f\u20e3 Clarifier la situation 2\ufe0f\u20e3 Prendre conscience de ses r\u00e9actions et comportements 3\ufe0f\u20e3 Identifier les ressources et forces internes 4\ufe0f\u20e3 Explorer de nouvelles perspectives&#8230; <a href=\"https:\/\/guido-saverio-coach.com\/?page_id=2064\" class=\"readmore\">Read more<span class=\"screen-reader-text\">Coaching pour mieux g\u00e9rer les relations au travail<\/span><span class=\"fa fa-angle-double-right\" aria-hidden=\"true\"><\/span><\/a><\/p>\n","protected":false},"author":1,"featured_media":0,"parent":0,"menu_order":0,"comment_status":"closed","ping_status":"closed","template":"","meta":{"footnotes":""},"_links":{"self":[{"href":"https:\/\/guido-saverio-coach.com\/index.php?rest_route=\/wp\/v2\/pages\/2064"}],"collection":[{"href":"https:\/\/guido-saverio-coach.com\/index.php?rest_route=\/wp\/v2\/pages"}],"about":[{"href":"https:\/\/guido-saverio-coach.com\/index.php?rest_route=\/wp\/v2\/types\/page"}],"author":[{"embeddable":true,"href":"https:\/\/guido-saverio-coach.com\/index.php?rest_route=\/wp\/v2\/users\/1"}],"replies":[{"embeddable":true,"href":"https:\/\/guido-saverio-coach.com\/index.php?rest_route=%2Fwp%2Fv2%2Fcomments&post=2064"}],"version-history":[{"count":2,"href":"https:\/\/guido-saverio-coach.com\/index.php?rest_route=\/wp\/v2\/pages\/2064\/revisions"}],"predecessor-version":[{"id":2120,"href":"https:\/\/guido-saverio-coach.com\/index.php?rest_route=\/wp\/v2\/pages\/2064\/revisions\/2120"}],"wp:attachment":[{"href":"https:\/\/guido-saverio-coach.com\/index.php?rest_route=%2Fwp%2Fv2%2Fmedia&parent=2064"}],"curies":[{"name":"wp","href":"https:\/\/api.w.org\/{rel}","templated":true}]}}