{"id":2067,"date":"2025-10-04T00:58:27","date_gmt":"2025-10-03T22:58:27","guid":{"rendered":"https:\/\/guido-saverio-coach.com\/?page_id=2067"},"modified":"2025-10-05T02:02:45","modified_gmt":"2025-10-05T00:02:45","slug":"coaching-pour-retrouver-du-sens-dans-son-metier","status":"publish","type":"page","link":"https:\/\/guido-saverio-coach.com\/?page_id=2067","title":{"rendered":"Coaching pour retrouver du sens dans son m\u00e9tier"},"content":{"rendered":"\n<p>Ces questions vous permettent de <strong>se reconnecter \u00e0 ses valeurs, ses motivations, et ses ressources<\/strong>.<\/p>\n\n\n\n<h3 class=\"wp-block-heading\">1\ufe0f\u20e3 Explorer le <strong>sens actuel et les insatisfactions<\/strong><\/h3>\n\n\n\n<ul>\n<li>Qu\u2019est-ce qui te pla\u00eet r\u00e9ellement dans ton travail actuel ?<\/li>\n\n\n\n<li>Qu\u2019est-ce qui te frustre ou te d\u00e9\u00e7oit dans ce que tu fais ?<\/li>\n\n\n\n<li>Si tu pouvais changer une seule chose dans ton m\u00e9tier, ce serait quoi ?<\/li>\n\n\n\n<li>Qu\u2019est-ce que tu voudrais ressentir au quotidien au travail que tu ne ressens pas aujourd\u2019hui ?<\/li>\n<\/ul>\n\n\n\n<hr class=\"wp-block-separator has-alpha-channel-opacity\"\/>\n\n\n\n<h3 class=\"wp-block-heading\">2\ufe0f\u20e3 Identifier les <strong>valeurs et motivations profondes<\/strong><\/h3>\n\n\n\n<ul>\n<li>Quelles valeurs sont non n\u00e9gociables pour toi dans ton travail ?<\/li>\n\n\n\n<li>Qu\u2019est-ce qui te fait te sentir vivant et engag\u00e9 dans un projet ou une t\u00e2che ?<\/li>\n\n\n\n<li>Quand te sens-tu le plus fier de toi dans ton travail ?<\/li>\n\n\n\n<li>Si l\u2019argent ou la s\u00e9curit\u00e9 n\u2019\u00e9taient pas un probl\u00e8me, que ferais-tu ?<\/li>\n<\/ul>\n\n\n\n<hr class=\"wp-block-separator has-alpha-channel-opacity\"\/>\n\n\n\n<h3 class=\"wp-block-heading\">3\ufe0f\u20e3 Visualiser l\u2019<strong>avenir id\u00e9al<\/strong><\/h3>\n\n\n\n<ul>\n<li>Si tout \u00e9tait possible, \u00e0 quoi ressemblerait ton m\u00e9tier id\u00e9al dans 5 ans ?<\/li>\n\n\n\n<li>Quelle serait ta journ\u00e9e parfaite au travail ?<\/li>\n\n\n\n<li>Comment voudrais-tu que tes coll\u00e8gues ou clients se souviennent de toi ?<\/li>\n\n\n\n<li>Qu\u2019est-ce que tu aimerais accomplir avant la fin de ta carri\u00e8re ?<\/li>\n<\/ul>\n\n\n\n<hr class=\"wp-block-separator has-alpha-channel-opacity\"\/>\n\n\n\n<h3 class=\"wp-block-heading\">4\ufe0f\u20e3 D\u00e9couvrir les <strong>forces et ressources<\/strong><\/h3>\n\n\n\n<ul>\n<li>Quelles sont tes comp\u00e9tences et talents que tu n\u2019exploites pas pleinement aujourd\u2019hui ?<\/li>\n\n\n\n<li>Quelles exp\u00e9riences pass\u00e9es t\u2019ont donn\u00e9 le plus de satisfaction et de r\u00e9ussite ?<\/li>\n\n\n\n<li>Qui ou quoi t\u2019inspire dans ton domaine, et pourquoi ?<\/li>\n\n\n\n<li>Quelles petites actions pourrais-tu mettre en place d\u00e8s maintenant pour te rapprocher de ce m\u00e9tier qui a du sens ?<\/li>\n<\/ul>\n\n\n\n<hr class=\"wp-block-separator has-alpha-channel-opacity\"\/>\n\n\n\n<h3 class=\"wp-block-heading\">5\ufe0f\u20e3 Passer \u00e0 l\u2019<strong>action<\/strong><\/h3>\n\n\n\n<ul>\n<li>Quelle premi\u00e8re \u00e9tape r\u00e9aliste pourrais-tu franchir cette semaine pour avancer vers ton objectif ?<\/li>\n\n\n\n<li>Quelles croyances limitantes te freinent et comment pourrais-tu les transformer ?<\/li>\n\n\n\n<li>Qu\u2019est-ce qui te donnerait le plus d\u2019\u00e9nergie pour te lever chaque matin avec enthousiasme ?<\/li>\n\n\n\n<li>Comment sauras-tu que tu avances dans la bonne direction ?<\/li>\n<\/ul>\n\n\n\n<hr class=\"wp-block-separator has-alpha-channel-opacity\"\/>\n\n\n\n<hr class=\"wp-block-separator has-alpha-channel-opacity\"\/>\n\n\n\n<ul>\n<li><a href=\"https:\/\/guido-saverio-coach.com\/?page_id=2046\"><strong>la confiance en soi<\/strong>.<\/a><\/li>\n\n\n\n<li><strong><a href=\"https:\/\/guido-saverio-coach.com\/?page_id=2049\">Explorer et d\u00e9velopper ses ressources dans le domaine des relations<\/a><\/strong><\/li>\n\n\n\n<li><strong><a href=\"https:\/\/guido-saverio-coach.com\/?page_id=2052\">Coaching gestion du stress<\/a><\/strong><\/li>\n\n\n\n<li><strong><a href=\"https:\/\/guido-saverio-coach.com\/?page_id=2055\">Coaching sue la recherche d\u2019\u00e9quilibre de vie<\/a><\/strong><\/li>\n\n\n\n<li><strong><a href=\"https:\/\/guido-saverio-coach.com\/?page_id=2058\">Coaching \u00e9volution de carri\u00e8re<\/a><\/strong><\/li>\n\n\n\n<li><strong><a href=\"https:\/\/guido-saverio-coach.com\/?page_id=2061\">Coaching carri\u00e8re, changer de voie<\/a><\/strong><\/li>\n\n\n\n<li><strong><a href=\"https:\/\/guido-saverio-coach.com\/?page_id=2064\">Coaching pour mieux g\u00e9rer les relations au travail<\/a><\/strong><\/li>\n\n\n\n<li><strong><a href=\"https:\/\/guido-saverio-coach.com\/?page_id=2067\">Coaching pour retrouver du sens dans son m\u00e9tier<\/a><\/strong><\/li>\n\n\n\n<li><strong><a href=\"https:\/\/guido-saverio-coach.com\/?page_id=2070\">Coaching scolaire ou \u00e9tudiant ax\u00e9 sur l\u2019orientation<\/a><\/strong><\/li>\n\n\n\n<li><strong><a href=\"https:\/\/guido-saverio-coach.com\/?page_id=2073\">Coaching scolaire ou \u00e9tudiant, pour la motivation<\/a><\/strong><\/li>\n\n\n\n<li><strong><a href=\"https:\/\/guido-saverio-coach.com\/?page_id=2076\">Coaching scolaire ou \u00e9tudiant pour g\u00e9rer le stress des examens<\/a><\/strong><\/li>\n\n\n\n<li><strong><a href=\"https:\/\/guido-saverio-coach.com\/?page_id=2079\">Coaching scolaire ou \u00e9tudiant, autour des m\u00e9thodes de travail<\/a><\/strong><\/li>\n\n\n\n<li><strong><a href=\"https:\/\/guido-saverio-coach.com\/?page_id=2082\">Coaching pour sortir d\u2019un burn-out professionnel.<\/a><\/strong><\/li>\n\n\n\n<li><strong><a href=\"https:\/\/guido-saverio-coach.com\/?page_id=2086\">Coaching autour de l\u2019achat de la maison id\u00e9ale<\/a><\/strong><\/li>\n\n\n\n<li><strong><a href=\"https:\/\/guido-saverio-coach.com\/?page_id=2090\">Coaching apr\u00e8s une s\u00e9paration avec une personne manipulatrice<\/a><\/strong><\/li>\n\n\n\n<li><a href=\"https:\/\/guido-saverio-coach.com\/?page_id=2094\">Coaching de couple &#8211; <strong>r\u00e9activer la communication, la compr\u00e9hension mutuelle et la complicit\u00e9<\/strong>&nbsp;entre deux personnes<\/a><\/li>\n\n\n\n<li><strong><a href=\"https:\/\/guido-saverio-coach.com\/?page_id=2098\">Coaching de performance et de productivit\u00e9<\/a><\/strong><\/li>\n\n\n\n<li><strong><a href=\"https:\/\/guido-saverio-coach.com\/?page_id=2101\">Le coaching d\u2019\u00e9criture ou coaching d\u2019auteur<\/a><\/strong><\/li>\n\n\n\n<li><strong><a href=\"https:\/\/guido-saverio-coach.com\/?page_id=2104\">Coaching pour faire \u00e9merger les ressources d\u2019une personne et stimuler sa cr\u00e9ativit\u00e9,<\/a><\/strong><\/li>\n\n\n\n<li><strong><a href=\"https:\/\/guido-saverio-coach.com\/?page_id=2107\">Coaching pour surmonter un blocage cr\u00e9atif<\/a><\/strong><\/li>\n<\/ul>\n","protected":false},"excerpt":{"rendered":"<p>Ces questions vous permettent de se reconnecter \u00e0 ses valeurs, ses motivations, et ses ressources. 1\ufe0f\u20e3 Explorer le sens actuel et les insatisfactions 2\ufe0f\u20e3 Identifier les valeurs et motivations profondes 3\ufe0f\u20e3 Visualiser l\u2019avenir id\u00e9al 4\ufe0f\u20e3 D\u00e9couvrir les forces et ressources&#8230; <a href=\"https:\/\/guido-saverio-coach.com\/?page_id=2067\" class=\"readmore\">Read more<span class=\"screen-reader-text\">Coaching pour retrouver du sens dans son m\u00e9tier<\/span><span class=\"fa fa-angle-double-right\" aria-hidden=\"true\"><\/span><\/a><\/p>\n","protected":false},"author":1,"featured_media":0,"parent":0,"menu_order":0,"comment_status":"closed","ping_status":"closed","template":"","meta":{"footnotes":""},"_links":{"self":[{"href":"https:\/\/guido-saverio-coach.com\/index.php?rest_route=\/wp\/v2\/pages\/2067"}],"collection":[{"href":"https:\/\/guido-saverio-coach.com\/index.php?rest_route=\/wp\/v2\/pages"}],"about":[{"href":"https:\/\/guido-saverio-coach.com\/index.php?rest_route=\/wp\/v2\/types\/page"}],"author":[{"embeddable":true,"href":"https:\/\/guido-saverio-coach.com\/index.php?rest_route=\/wp\/v2\/users\/1"}],"replies":[{"embeddable":true,"href":"https:\/\/guido-saverio-coach.com\/index.php?rest_route=%2Fwp%2Fv2%2Fcomments&post=2067"}],"version-history":[{"count":2,"href":"https:\/\/guido-saverio-coach.com\/index.php?rest_route=\/wp\/v2\/pages\/2067\/revisions"}],"predecessor-version":[{"id":2121,"href":"https:\/\/guido-saverio-coach.com\/index.php?rest_route=\/wp\/v2\/pages\/2067\/revisions\/2121"}],"wp:attachment":[{"href":"https:\/\/guido-saverio-coach.com\/index.php?rest_route=%2Fwp%2Fv2%2Fmedia&parent=2067"}],"curies":[{"name":"wp","href":"https:\/\/api.w.org\/{rel}","templated":true}]}}