{"id":2079,"date":"2025-10-04T01:11:01","date_gmt":"2025-10-03T23:11:01","guid":{"rendered":"https:\/\/guido-saverio-coach.com\/?page_id=2079"},"modified":"2025-10-05T02:09:49","modified_gmt":"2025-10-05T00:09:49","slug":"coaching-scolaire-ou-etudiant-autour-des-methodes-de-travail","status":"publish","type":"page","link":"https:\/\/guido-saverio-coach.com\/?page_id=2079","title":{"rendered":"Coaching scolaire ou \u00e9tudiant, autour des m\u00e9thodes de travail"},"content":{"rendered":"<div class=\"wp-block-image\">\n<figure class=\"aligncenter size-full\"><img loading=\"lazy\" decoding=\"async\" width=\"256\" height=\"384\" src=\"https:\/\/guido-saverio-coach.com\/wp-content\/uploads\/2025\/10\/ChatGPT-Image-5-oct.-2025-02_08.png\" alt=\"\" class=\"wp-image-2125\" srcset=\"https:\/\/guido-saverio-coach.com\/wp-content\/uploads\/2025\/10\/ChatGPT-Image-5-oct.-2025-02_08.png 256w, https:\/\/guido-saverio-coach.com\/wp-content\/uploads\/2025\/10\/ChatGPT-Image-5-oct.-2025-02_08-200x300.png 200w\" sizes=\"(max-width: 256px) 100vw, 256px\" \/><\/figure><\/div>\n\n\n<p>les questions puissantes doivent permettre \u00e0 l\u2019\u00e9tudiant de <strong>r\u00e9fl\u00e9chir sur ses habitudes<\/strong>, <strong>identifier ses points forts<\/strong>, <strong>trouver ses motivations<\/strong> et <strong>d\u00e9finir un plan d\u2019action concret<\/strong>.<\/p>\n\n\n\n<h3 class=\"wp-block-heading\">1\ufe0f\u20e3 Clarifier la situation actuelle<\/h3>\n\n\n\n<ul>\n<li>Comment d\u00e9crirais-tu ta fa\u00e7on de travailler actuellement ?<\/li>\n\n\n\n<li>Quelles sont les situations o\u00f9 tu te sens le plus efficace ? Pourquoi ?<\/li>\n\n\n\n<li>Qu\u2019est-ce qui te bloque le plus dans ton travail ou tes \u00e9tudes ?<\/li>\n\n\n\n<li>Quels sont tes points forts dans l\u2019organisation et la concentration ?<\/li>\n<\/ul>\n\n\n\n<hr class=\"wp-block-separator has-alpha-channel-opacity\"\/>\n\n\n\n<h3 class=\"wp-block-heading\">2\ufe0f\u20e3 Identifier les objectifs et motivations<\/h3>\n\n\n\n<ul>\n<li>Que voudrais-tu am\u00e9liorer dans tes m\u00e9thodes de travail ?<\/li>\n\n\n\n<li>Quel serait pour toi un r\u00e9sultat \u201cid\u00e9al\u201d \u00e0 la fin de la semaine\/mois ?<\/li>\n\n\n\n<li>Pourquoi cet objectif est important pour toi ?<\/li>\n\n\n\n<li>Comment sauras-tu que tu as r\u00e9ussi ? Quels signes le montreront ?<\/li>\n<\/ul>\n\n\n\n<hr class=\"wp-block-separator has-alpha-channel-opacity\"\/>\n\n\n\n<h3 class=\"wp-block-heading\">3\ufe0f\u20e3 Explorer les ressources et solutions<\/h3>\n\n\n\n<ul>\n<li>Quelles strat\u00e9gies as-tu d\u00e9j\u00e0 test\u00e9es et qui ont fonctionn\u00e9, m\u00eame un peu ?<\/li>\n\n\n\n<li>Quelles ressources (temps, outils, personnes) pourrais-tu mobiliser pour t\u2019aider ?<\/li>\n\n\n\n<li>Comment pourrais-tu transformer ce que tu consid\u00e8res comme un obstacle en opportunit\u00e9 ?<\/li>\n\n\n\n<li>Quelles comp\u00e9tences ou qualit\u00e9s personnelles pourrais-tu utiliser davantage ?<\/li>\n<\/ul>\n\n\n\n<hr class=\"wp-block-separator has-alpha-channel-opacity\"\/>\n\n\n\n<h3 class=\"wp-block-heading\">4\ufe0f\u20e3 Stimuler la motivation et l\u2019engagement<\/h3>\n\n\n\n<ul>\n<li>Qu\u2019est-ce qui te donnerait envie de commencer imm\u00e9diatement ?<\/li>\n\n\n\n<li>Si tu r\u00e9ussissais, qu\u2019est-ce que cela changerait pour toi ?<\/li>\n\n\n\n<li>Quelle petite action pourrais-tu faire aujourd\u2019hui pour avancer vers ton objectif ?<\/li>\n\n\n\n<li>Quelles habitudes pourrais-tu mettre en place pour rendre ton travail plus r\u00e9gulier et efficace ?<\/li>\n<\/ul>\n\n\n\n<hr class=\"wp-block-separator has-alpha-channel-opacity\"\/>\n\n\n\n<h3 class=\"wp-block-heading\">5\ufe0f\u20e3 Pr\u00e9parer le plan d\u2019action<\/h3>\n\n\n\n<ul>\n<li>Quelle est la premi\u00e8re \u00e9tape concr\u00e8te que tu peux mettre en place cette semaine ?<\/li>\n\n\n\n<li>Comment peux-tu suivre tes progr\u00e8s et rester motiv\u00e9 ?<\/li>\n\n\n\n<li>Quelles personnes ou ressources pourraient te soutenir ?<\/li>\n\n\n\n<li>Que feras-tu si tu rencontres un obstacle ?<\/li>\n<\/ul>\n\n\n\n<hr class=\"wp-block-separator has-alpha-channel-opacity\"\/>\n\n\n\n<hr class=\"wp-block-separator has-alpha-channel-opacity\"\/>\n\n\n\n<ul>\n<li><a href=\"https:\/\/guido-saverio-coach.com\/?page_id=2046\"><strong>la confiance en soi<\/strong>.<\/a><\/li>\n\n\n\n<li><strong><a href=\"https:\/\/guido-saverio-coach.com\/?page_id=2049\">Explorer et d\u00e9velopper ses ressources dans le domaine des relations<\/a><\/strong><\/li>\n\n\n\n<li><strong><a href=\"https:\/\/guido-saverio-coach.com\/?page_id=2052\">Coaching gestion du stress<\/a><\/strong><\/li>\n\n\n\n<li><strong><a href=\"https:\/\/guido-saverio-coach.com\/?page_id=2055\">Coaching sue la recherche d\u2019\u00e9quilibre de vie<\/a><\/strong><\/li>\n\n\n\n<li><strong><a href=\"https:\/\/guido-saverio-coach.com\/?page_id=2058\">Coaching \u00e9volution de carri\u00e8re<\/a><\/strong><\/li>\n\n\n\n<li><strong><a href=\"https:\/\/guido-saverio-coach.com\/?page_id=2061\">Coaching carri\u00e8re, changer de voie<\/a><\/strong><\/li>\n\n\n\n<li><strong><a href=\"https:\/\/guido-saverio-coach.com\/?page_id=2064\">Coaching pour mieux g\u00e9rer les relations au travail<\/a><\/strong><\/li>\n\n\n\n<li><strong><a href=\"https:\/\/guido-saverio-coach.com\/?page_id=2067\">Coaching pour retrouver du sens dans son m\u00e9tier<\/a><\/strong><\/li>\n\n\n\n<li><strong><a href=\"https:\/\/guido-saverio-coach.com\/?page_id=2070\">Coaching scolaire ou \u00e9tudiant ax\u00e9 sur l\u2019orientation<\/a><\/strong><\/li>\n\n\n\n<li><strong><a href=\"https:\/\/guido-saverio-coach.com\/?page_id=2073\">Coaching scolaire ou \u00e9tudiant, pour la motivation<\/a><\/strong><\/li>\n\n\n\n<li><strong><a href=\"https:\/\/guido-saverio-coach.com\/?page_id=2076\">Coaching scolaire ou \u00e9tudiant pour g\u00e9rer le stress des examens<\/a><\/strong><\/li>\n\n\n\n<li><strong><a href=\"https:\/\/guido-saverio-coach.com\/?page_id=2079\">Coaching scolaire ou \u00e9tudiant, autour des m\u00e9thodes de travail<\/a><\/strong><\/li>\n\n\n\n<li><strong><a href=\"https:\/\/guido-saverio-coach.com\/?page_id=2082\">Coaching pour sortir d\u2019un burn-out professionnel.<\/a><\/strong><\/li>\n\n\n\n<li><strong><a href=\"https:\/\/guido-saverio-coach.com\/?page_id=2086\">Coaching autour de l\u2019achat de la maison id\u00e9ale<\/a><\/strong><\/li>\n\n\n\n<li><strong><a href=\"https:\/\/guido-saverio-coach.com\/?page_id=2090\">Coaching apr\u00e8s une s\u00e9paration avec une personne manipulatrice<\/a><\/strong><\/li>\n\n\n\n<li><a href=\"https:\/\/guido-saverio-coach.com\/?page_id=2094\">Coaching de couple &#8211; <strong>r\u00e9activer la communication, la compr\u00e9hension mutuelle et la complicit\u00e9<\/strong>&nbsp;entre deux personnes<\/a><\/li>\n\n\n\n<li><strong><a href=\"https:\/\/guido-saverio-coach.com\/?page_id=2098\">Coaching de performance et de productivit\u00e9<\/a><\/strong><\/li>\n\n\n\n<li><strong><a href=\"https:\/\/guido-saverio-coach.com\/?page_id=2101\">Le coaching d\u2019\u00e9criture ou coaching d\u2019auteur<\/a><\/strong><\/li>\n\n\n\n<li><strong><a href=\"https:\/\/guido-saverio-coach.com\/?page_id=2104\">Coaching pour faire \u00e9merger les ressources d\u2019une personne et stimuler sa cr\u00e9ativit\u00e9,<\/a><\/strong><\/li>\n\n\n\n<li><strong><a href=\"https:\/\/guido-saverio-coach.com\/?page_id=2107\">Coaching pour surmonter un blocage cr\u00e9atif<\/a><\/strong><\/li>\n<\/ul>\n","protected":false},"excerpt":{"rendered":"<p>les questions puissantes doivent permettre \u00e0 l\u2019\u00e9tudiant de r\u00e9fl\u00e9chir sur ses habitudes, identifier ses points forts, trouver ses motivations et d\u00e9finir un plan d\u2019action concret. 1\ufe0f\u20e3 Clarifier la situation actuelle 2\ufe0f\u20e3 Identifier les objectifs et motivations 3\ufe0f\u20e3 Explorer les ressources&#8230; <a href=\"https:\/\/guido-saverio-coach.com\/?page_id=2079\" class=\"readmore\">Read more<span class=\"screen-reader-text\">Coaching scolaire ou \u00e9tudiant, autour des m\u00e9thodes de travail<\/span><span class=\"fa fa-angle-double-right\" aria-hidden=\"true\"><\/span><\/a><\/p>\n","protected":false},"author":1,"featured_media":0,"parent":0,"menu_order":0,"comment_status":"closed","ping_status":"closed","template":"","meta":{"footnotes":""},"_links":{"self":[{"href":"https:\/\/guido-saverio-coach.com\/index.php?rest_route=\/wp\/v2\/pages\/2079"}],"collection":[{"href":"https:\/\/guido-saverio-coach.com\/index.php?rest_route=\/wp\/v2\/pages"}],"about":[{"href":"https:\/\/guido-saverio-coach.com\/index.php?rest_route=\/wp\/v2\/types\/page"}],"author":[{"embeddable":true,"href":"https:\/\/guido-saverio-coach.com\/index.php?rest_route=\/wp\/v2\/users\/1"}],"replies":[{"embeddable":true,"href":"https:\/\/guido-saverio-coach.com\/index.php?rest_route=%2Fwp%2Fv2%2Fcomments&post=2079"}],"version-history":[{"count":3,"href":"https:\/\/guido-saverio-coach.com\/index.php?rest_route=\/wp\/v2\/pages\/2079\/revisions"}],"predecessor-version":[{"id":2126,"href":"https:\/\/guido-saverio-coach.com\/index.php?rest_route=\/wp\/v2\/pages\/2079\/revisions\/2126"}],"wp:attachment":[{"href":"https:\/\/guido-saverio-coach.com\/index.php?rest_route=%2Fwp%2Fv2%2Fmedia&parent=2079"}],"curies":[{"name":"wp","href":"https:\/\/api.w.org\/{rel}","templated":true}]}}