{"id":2082,"date":"2025-10-04T01:14:07","date_gmt":"2025-10-03T23:14:07","guid":{"rendered":"https:\/\/guido-saverio-coach.com\/?page_id=2082"},"modified":"2025-10-04T01:14:07","modified_gmt":"2025-10-03T23:14:07","slug":"coaching-pour-sortir-dun-burn-out-professionnel","status":"publish","type":"page","link":"https:\/\/guido-saverio-coach.com\/?page_id=2082","title":{"rendered":"Coaching pour sortir d\u2019un burn-out professionnel."},"content":{"rendered":"\n<p>L\u2019id\u00e9e est de <strong>faire \u00e9merger les ressources, clarifier la situation, reconnecter avec les motivations profondes<\/strong> et <strong>encourager l\u2019action progressive<\/strong>.<\/p>\n\n\n\n<h2 class=\"wp-block-heading\">1\ufe0f\u20e3 Prendre conscience et clarifier la situation<\/h2>\n\n\n\n<ul>\n<li>Qu\u2019est-ce qui t\u2019am\u00e8ne \u00e0 ce point aujourd\u2019hui ?<\/li>\n\n\n\n<li>Quelles sont les situations ou t\u00e2ches qui te vident le plus d\u2019\u00e9nergie ?<\/li>\n\n\n\n<li>Comment sais-tu que tu es en train de t\u2019\u00e9puiser ? Quels signes physiques, \u00e9motionnels ou mentaux remarques-tu ?<\/li>\n\n\n\n<li>Si tu avais une \u00e9chelle de 1 \u00e0 10 pour ton niveau d\u2019\u00e9nergie actuel, o\u00f9 te situerais-tu et pourquoi ?<\/li>\n<\/ul>\n\n\n\n<hr class=\"wp-block-separator has-alpha-channel-opacity\"\/>\n\n\n\n<h2 class=\"wp-block-heading\">2\ufe0f\u20e3 Explorer les besoins et les limites<\/h2>\n\n\n\n<ul>\n<li>Qu\u2019est-ce qui est essentiel pour toi en ce moment pour te sentir en s\u00e9curit\u00e9 et soutenu ?<\/li>\n\n\n\n<li>Quelles sont tes limites que tu refuses de franchir \u00e0 tout prix ?<\/li>\n\n\n\n<li>Qu\u2019est-ce qui, si tu le laissais tomber ou d\u00e9l\u00e9guerais, all\u00e9gerait ton quotidien imm\u00e9diatement ?<\/li>\n\n\n\n<li>Dans quelles circonstances te sens-tu le plus vivant ou align\u00e9 avec toi-m\u00eame ?<\/li>\n<\/ul>\n\n\n\n<hr class=\"wp-block-separator has-alpha-channel-opacity\"\/>\n\n\n\n<h2 class=\"wp-block-heading\">3\ufe0f\u20e3 Identifier les ressources et forces personnelles<\/h2>\n\n\n\n<ul>\n<li>Quelles comp\u00e9tences, qualit\u00e9s ou exp\u00e9riences t\u2019ont permis de surmonter des difficult\u00e9s par le pass\u00e9 ?<\/li>\n\n\n\n<li>Qu\u2019est-ce qui te donne de l\u2019\u00e9nergie ou te ressourcerait m\u00eame un peu chaque jour ?<\/li>\n\n\n\n<li>Si tu avais d\u00e9j\u00e0 surmont\u00e9 un burn-out dans ta vie (ou un grand stress), comment t\u2019y es-tu pris ?<\/li>\n\n\n\n<li>Qui ou quoi dans ton entourage peut te soutenir sans te juger ?<\/li>\n<\/ul>\n\n\n\n<hr class=\"wp-block-separator has-alpha-channel-opacity\"\/>\n\n\n\n<h2 class=\"wp-block-heading\">4\ufe0f\u20e3 Red\u00e9finir les objectifs et priorit\u00e9s<\/h2>\n\n\n\n<ul>\n<li>Qu\u2019est-ce que tu souhaites retrouver ou d\u00e9velopper dans ta vie professionnelle et personnelle ?<\/li>\n\n\n\n<li>Si tu pouvais r\u00e9inventer ton travail ou ton rythme de vie id\u00e9al, \u00e0 quoi ressemblerait-il ?<\/li>\n\n\n\n<li>Parmi tes activit\u00e9s actuelles, lesquelles te rapprochent vraiment de ce que tu veux ?<\/li>\n\n\n\n<li>Quel petit pas concret peux-tu faire d\u00e8s cette semaine pour all\u00e9ger ta charge ou retrouver de l\u2019\u00e9nergie ?<\/li>\n<\/ul>\n\n\n\n<hr class=\"wp-block-separator has-alpha-channel-opacity\"\/>\n\n\n\n<h2 class=\"wp-block-heading\">5\ufe0f\u20e3 Cr\u00e9er un plan d\u2019action et l\u2019engagement<\/h2>\n\n\n\n<ul>\n<li>Quelle est <strong>la premi\u00e8re action r\u00e9aliste et concr\u00e8te<\/strong> que tu peux entreprendre pour aller mieux ?<\/li>\n\n\n\n<li>Comment saurais-tu que cette action a \u00e9t\u00e9 b\u00e9n\u00e9fique pour toi ?<\/li>\n\n\n\n<li>Qu\u2019est-ce qui pourrait te freiner et comment pourrais-tu le contourner ?<\/li>\n\n\n\n<li>Qui pourrait te soutenir dans ce cheminement et comment ?<\/li>\n<\/ul>\n","protected":false},"excerpt":{"rendered":"<p>L\u2019id\u00e9e est de faire \u00e9merger les ressources, clarifier la situation, reconnecter avec les motivations profondes et encourager l\u2019action progressive. 1\ufe0f\u20e3 Prendre conscience et clarifier la situation 2\ufe0f\u20e3 Explorer les besoins et les limites 3\ufe0f\u20e3 Identifier les ressources et forces personnelles&#8230; <a href=\"https:\/\/guido-saverio-coach.com\/?page_id=2082\" class=\"readmore\">Read more<span class=\"screen-reader-text\">Coaching pour sortir d\u2019un burn-out professionnel.<\/span><span class=\"fa fa-angle-double-right\" aria-hidden=\"true\"><\/span><\/a><\/p>\n","protected":false},"author":1,"featured_media":0,"parent":0,"menu_order":0,"comment_status":"closed","ping_status":"closed","template":"","meta":{"footnotes":""},"_links":{"self":[{"href":"https:\/\/guido-saverio-coach.com\/index.php?rest_route=\/wp\/v2\/pages\/2082"}],"collection":[{"href":"https:\/\/guido-saverio-coach.com\/index.php?rest_route=\/wp\/v2\/pages"}],"about":[{"href":"https:\/\/guido-saverio-coach.com\/index.php?rest_route=\/wp\/v2\/types\/page"}],"author":[{"embeddable":true,"href":"https:\/\/guido-saverio-coach.com\/index.php?rest_route=\/wp\/v2\/users\/1"}],"replies":[{"embeddable":true,"href":"https:\/\/guido-saverio-coach.com\/index.php?rest_route=%2Fwp%2Fv2%2Fcomments&post=2082"}],"version-history":[{"count":1,"href":"https:\/\/guido-saverio-coach.com\/index.php?rest_route=\/wp\/v2\/pages\/2082\/revisions"}],"predecessor-version":[{"id":2084,"href":"https:\/\/guido-saverio-coach.com\/index.php?rest_route=\/wp\/v2\/pages\/2082\/revisions\/2084"}],"wp:attachment":[{"href":"https:\/\/guido-saverio-coach.com\/index.php?rest_route=%2Fwp%2Fv2%2Fmedia&parent=2082"}],"curies":[{"name":"wp","href":"https:\/\/api.w.org\/{rel}","templated":true}]}}