{"id":2098,"date":"2025-10-05T01:34:09","date_gmt":"2025-10-04T23:34:09","guid":{"rendered":"https:\/\/guido-saverio-coach.com\/?page_id=2098"},"modified":"2025-10-05T01:34:09","modified_gmt":"2025-10-04T23:34:09","slug":"coaching-de-performance-et-de-productivite","status":"publish","type":"page","link":"https:\/\/guido-saverio-coach.com\/?page_id=2098","title":{"rendered":"Coaching de performance et de productivit\u00e9"},"content":{"rendered":"\n<p class=\"has-pale-cyan-blue-background-color has-background\">Les <strong>questions puissantes<\/strong> sont celles qui provoquent une <strong>prise de conscience<\/strong>, ouvrent la <strong>r\u00e9flexion<\/strong>, et am\u00e8nent la personne \u00e0 <strong>trouver ses propres r\u00e9ponses<\/strong>.<br>Elles sont <strong>ouvertes<\/strong>, <strong>bienveillantes<\/strong>, et <strong>orient\u00e9es vers l\u2019action<\/strong>.<\/p>\n\n\n\n<h3 class=\"wp-block-heading\">\u2699\ufe0f 1. Clarifier l\u2019objectif<\/h3>\n\n\n\n<p><strong>Question :<\/strong><br>\ud83d\udc49 \u00ab Qu\u2019est-ce que tu veux vraiment atteindre ? \u00bb<br><strong>Exemple :<\/strong><br>\u00ab Tu dis vouloir \u00eatre plus productif, mais concr\u00e8tement, \u00e0 quoi ressemblerait une journ\u00e9e productive pour toi ? \u00bb<\/p>\n\n\n\n<hr class=\"wp-block-separator has-alpha-channel-opacity\"\/>\n\n\n\n<h3 class=\"wp-block-heading\">\ud83c\udfaf 2. Identifier la motivation profonde<\/h3>\n\n\n\n<p><strong>Question :<\/strong><br>\ud83d\udc49 \u00ab Pourquoi cet objectif est-il important pour toi ? \u00bb<br><strong>Exemple :<\/strong><br>\u00ab Pourquoi est-ce si important pour toi de finir tes projets plus vite ? Qu\u2019est-ce que cela changerait dans ta vie ? \u00bb<\/p>\n\n\n\n<hr class=\"wp-block-separator has-alpha-channel-opacity\"\/>\n\n\n\n<h3 class=\"wp-block-heading\">\ud83d\udea7 3. Explorer les obstacles<\/h3>\n\n\n\n<p><strong>Question :<\/strong><br>\ud83d\udc49 \u00ab Qu\u2019est-ce qui t\u2019emp\u00eache aujourd\u2019hui d\u2019atteindre ce niveau de performance ? \u00bb<br><strong>Exemple :<\/strong><br>\u00ab Qu\u2019est-ce qui te freine quand tu veux te concentrer sur une t\u00e2che importante ? \u00bb<\/p>\n\n\n\n<hr class=\"wp-block-separator has-alpha-channel-opacity\"\/>\n\n\n\n<h3 class=\"wp-block-heading\">\ud83d\udc8e 4. Identifier les ressources internes<\/h3>\n\n\n\n<p><strong>Question :<\/strong><br>\ud83d\udc49 \u00ab Quelles forces ou qualit\u00e9s peux-tu mobiliser pour avancer ? \u00bb<br><strong>Exemple :<\/strong><br>\u00ab Tu dis \u00eatre pers\u00e9v\u00e9rant dans le sport \u2014 comment pourrais-tu utiliser cette m\u00eame pers\u00e9v\u00e9rance dans ton travail ? \u00bb<\/p>\n\n\n\n<hr class=\"wp-block-separator has-alpha-channel-opacity\"\/>\n\n\n\n<h3 class=\"wp-block-heading\">\ud83d\udd0d 5. Explorer les r\u00e9ussites pass\u00e9es<\/h3>\n\n\n\n<p><strong>Question :<\/strong><br>\ud83d\udc49 \u00ab Quand as-tu d\u00e9j\u00e0 r\u00e9ussi \u00e0 \u00eatre performant ou productif ? Qu\u2019est-ce qui avait bien fonctionn\u00e9 \u00e0 ce moment-l\u00e0 ? \u00bb<br><strong>Exemple :<\/strong><br>\u00ab Peux-tu repenser \u00e0 une journ\u00e9e o\u00f9 tu as \u00e9t\u00e9 vraiment efficace ? Qu\u2019as-tu fait diff\u00e9remment ? \u00bb<\/p>\n\n\n\n<hr class=\"wp-block-separator has-alpha-channel-opacity\"\/>\n\n\n\n<h3 class=\"wp-block-heading\">\ud83e\udde9 6. Identifier les strat\u00e9gies efficaces<\/h3>\n\n\n\n<p><strong>Question :<\/strong><br>\ud83d\udc49 \u00ab Quelles actions concr\u00e8tes pourrais-tu mettre en place d\u00e8s maintenant pour progresser ? \u00bb<br><strong>Exemple :<\/strong><br>\u00ab Si tu devais choisir une seule habitude \u00e0 mettre en place cette semaine pour am\u00e9liorer ta concentration, ce serait laquelle ? \u00bb<\/p>\n\n\n\n<hr class=\"wp-block-separator has-alpha-channel-opacity\"\/>\n\n\n\n<h3 class=\"wp-block-heading\">\u23f3 7. Explorer la gestion du temps<\/h3>\n\n\n\n<p><strong>Question :<\/strong><br>\ud83d\udc49 \u00ab \u00c0 quoi consacres-tu ton temps aujourd\u2019hui ? Est-ce align\u00e9 avec tes priorit\u00e9s ? \u00bb<br><strong>Exemple :<\/strong><br>\u00ab Combien de temps passes-tu chaque jour sur les t\u00e2ches vraiment importantes pour ton objectif ? \u00bb<\/p>\n\n\n\n<hr class=\"wp-block-separator has-alpha-channel-opacity\"\/>\n\n\n\n<h3 class=\"wp-block-heading\">\ud83c\udf31 8. Faire \u00e9merger la responsabilit\u00e9 personnelle<\/h3>\n\n\n\n<p><strong>Question :<\/strong><br>\ud83d\udc49 \u00ab De quoi veux-tu te rendre responsable pour progresser ? \u00bb<br><strong>Exemple :<\/strong><br>\u00ab Quelle est la premi\u00e8re petite action que tu choisis de faire demain pour avancer ? \u00bb<\/p>\n\n\n\n<hr class=\"wp-block-separator has-alpha-channel-opacity\"\/>\n\n\n\n<h3 class=\"wp-block-heading\">\ud83d\ude80 9. Visualiser la r\u00e9ussite<\/h3>\n\n\n\n<p><strong>Question :<\/strong><br>\ud83d\udc49 \u00ab \u00c0 quoi ressemblera ta vie quand tu auras atteint ton objectif ? \u00bb<br><strong>Exemple :<\/strong><br>\u00ab Si tu avais atteint ton niveau de performance id\u00e9al, comment se d\u00e9roulerait ta journ\u00e9e type ? \u00bb<\/p>\n\n\n\n<hr class=\"wp-block-separator has-alpha-channel-opacity\"\/>\n\n\n\n<h3 class=\"wp-block-heading\">\ud83d\udd01 10. Renforcer l\u2019engagement<\/h3>\n\n\n\n<p><strong>Question :<\/strong><br>\ud83d\udc49 \u00ab Sur une \u00e9chelle de 1 \u00e0 10, \u00e0 quel point es-tu pr\u00eat \u00e0 t\u2019engager dans ce changement ? Et que faudrait-il pour passer \u00e0 un niveau sup\u00e9rieur ? \u00bb<br><strong>Exemple :<\/strong><br>\u00ab Tu dis \u00eatre \u00e0 7 sur 10 en motivation pour t\u2019organiser \u2014 que faudrait-il pour que tu sois \u00e0 9 ? \u00bb<\/p>\n","protected":false},"excerpt":{"rendered":"<p>Les questions puissantes sont celles qui provoquent une prise de conscience, ouvrent la r\u00e9flexion, et am\u00e8nent la personne \u00e0 trouver ses propres r\u00e9ponses.Elles sont ouvertes, bienveillantes, et orient\u00e9es vers l\u2019action. \u2699\ufe0f 1. Clarifier l\u2019objectif Question :\ud83d\udc49 \u00ab Qu\u2019est-ce que tu&#8230; <a href=\"https:\/\/guido-saverio-coach.com\/?page_id=2098\" class=\"readmore\">Read more<span class=\"screen-reader-text\">Coaching de performance et de productivit\u00e9<\/span><span class=\"fa fa-angle-double-right\" aria-hidden=\"true\"><\/span><\/a><\/p>\n","protected":false},"author":1,"featured_media":0,"parent":0,"menu_order":0,"comment_status":"closed","ping_status":"closed","template":"","meta":{"footnotes":""},"_links":{"self":[{"href":"https:\/\/guido-saverio-coach.com\/index.php?rest_route=\/wp\/v2\/pages\/2098"}],"collection":[{"href":"https:\/\/guido-saverio-coach.com\/index.php?rest_route=\/wp\/v2\/pages"}],"about":[{"href":"https:\/\/guido-saverio-coach.com\/index.php?rest_route=\/wp\/v2\/types\/page"}],"author":[{"embeddable":true,"href":"https:\/\/guido-saverio-coach.com\/index.php?rest_route=\/wp\/v2\/users\/1"}],"replies":[{"embeddable":true,"href":"https:\/\/guido-saverio-coach.com\/index.php?rest_route=%2Fwp%2Fv2%2Fcomments&post=2098"}],"version-history":[{"count":1,"href":"https:\/\/guido-saverio-coach.com\/index.php?rest_route=\/wp\/v2\/pages\/2098\/revisions"}],"predecessor-version":[{"id":2100,"href":"https:\/\/guido-saverio-coach.com\/index.php?rest_route=\/wp\/v2\/pages\/2098\/revisions\/2100"}],"wp:attachment":[{"href":"https:\/\/guido-saverio-coach.com\/index.php?rest_route=%2Fwp%2Fv2%2Fmedia&parent=2098"}],"curies":[{"name":"wp","href":"https:\/\/api.w.org\/{rel}","templated":true}]}}