{"id":2104,"date":"2025-10-05T01:42:26","date_gmt":"2025-10-04T23:42:26","guid":{"rendered":"https:\/\/guido-saverio-coach.com\/?page_id=2104"},"modified":"2025-10-05T01:42:26","modified_gmt":"2025-10-04T23:42:26","slug":"coaching-pour-faire-emerger-les-ressources-dune-personne-et-stimuler-sa-creativite","status":"publish","type":"page","link":"https:\/\/guido-saverio-coach.com\/?page_id=2104","title":{"rendered":"Coaching pour faire \u00e9merger les ressources d\u2019une personne et stimuler sa cr\u00e9ativit\u00e9,"},"content":{"rendered":"\n<p class=\"has-pale-cyan-blue-background-color has-background\">Pour <strong>faire \u00e9merger les ressources d\u2019une personne<\/strong> et stimuler sa <strong>cr\u00e9ativit\u00e9<\/strong>, le coaching utilise des <strong>questions puissantes<\/strong> qui ouvrent la r\u00e9flexion, font explorer de nouvelles perspectives et mettent en lumi\u00e8re des talents ou des solutions insoup\u00e7onn\u00e9es. Je vais te donner plusieurs questions avec un <strong>exemple concret simple<\/strong> pour chacune.<\/p>\n\n\n\n<h3 class=\"wp-block-heading\"><strong>1. Questions sur les forces et talents<\/strong><\/h3>\n\n\n\n<ul>\n<li><strong>Question<\/strong> : \u00ab Quelles sont tes forces que tu peux mobiliser pour \u00eatre plus cr\u00e9atif ? \u00bb<\/li>\n\n\n\n<li><strong>Exemple<\/strong> : Marie r\u00e9alise qu\u2019elle a une grande capacit\u00e9 \u00e0 observer les d\u00e9tails dans la nature. Elle d\u00e9cide d\u2019utiliser cette observation pour cr\u00e9er des croquis originaux.<\/li>\n<\/ul>\n\n\n\n<hr class=\"wp-block-separator has-alpha-channel-opacity\"\/>\n\n\n\n<h3 class=\"wp-block-heading\"><strong>2. Questions sur les ressources pass\u00e9es<\/strong><\/h3>\n\n\n\n<ul>\n<li><strong>Question<\/strong> : \u00ab Peux-tu te rappeler d\u2019un moment o\u00f9 tu as trouv\u00e9 une solution cr\u00e9ative \u00e0 un probl\u00e8me ? Qu\u2019as-tu fait exactement ? \u00bb<\/li>\n\n\n\n<li><strong>Exemple<\/strong> : Paul se souvient qu\u2019il a d\u00e9tourn\u00e9 des objets du quotidien pour fabriquer un prototype pour son projet. Il comprend qu\u2019il peut appliquer la m\u00eame m\u00e9thode aujourd\u2019hui.<\/li>\n<\/ul>\n\n\n\n<hr class=\"wp-block-separator has-alpha-channel-opacity\"\/>\n\n\n\n<h3 class=\"wp-block-heading\"><strong>3. Questions sur l\u2019imagination et le \u201cet si\u201d<\/strong><\/h3>\n\n\n\n<ul>\n<li><strong>Question<\/strong> : \u00ab Et si toutes les contraintes disparaissaient, que ferais-tu pour r\u00e9soudre ce probl\u00e8me ? \u00bb<\/li>\n\n\n\n<li><strong>Exemple<\/strong> : Clara imagine un dispositif qui n\u2019existe pas encore pour organiser son espace de travail. M\u00eame irr\u00e9aliste, cela d\u00e9clenche de nouvelles id\u00e9es concr\u00e8tes.<\/li>\n<\/ul>\n\n\n\n<hr class=\"wp-block-separator has-alpha-channel-opacity\"\/>\n\n\n\n<h3 class=\"wp-block-heading\"><strong>4. Questions sur les \u00e9motions et l\u2019\u00e9nergie<\/strong><\/h3>\n\n\n\n<ul>\n<li><strong>Question<\/strong> : \u00ab Qu\u2019est-ce qui te donne de l\u2019\u00e9nergie et te fait te sentir cr\u00e9atif ? \u00bb<\/li>\n\n\n\n<li><strong>Exemple<\/strong> : Julien r\u00e9alise qu\u2019\u00e9couter de la musique le met dans un \u00e9tat de flow et d\u00e9cide d\u2019en faire un rituel pour stimuler sa cr\u00e9ativit\u00e9 chaque matin.<\/li>\n<\/ul>\n\n\n\n<hr class=\"wp-block-separator has-alpha-channel-opacity\"\/>\n\n\n\n<h3 class=\"wp-block-heading\"><strong>5. Questions de perspective et de vision<\/strong><\/h3>\n\n\n\n<ul>\n<li><strong>Question<\/strong> : \u00ab Comment verrais-tu cette situation si tu \u00e9tais un enfant, un artiste ou un inventeur c\u00e9l\u00e8bre ? \u00bb<\/li>\n\n\n\n<li><strong>Exemple<\/strong> : Lisa se met dans la peau de L\u00e9onard de Vinci et imagine une invention farfelue, ce qui lui inspire un nouveau design pour son projet.<\/li>\n<\/ul>\n\n\n\n<hr class=\"wp-block-separator has-alpha-channel-opacity\"\/>\n\n\n\n<h3 class=\"wp-block-heading\"><strong>6. Questions sur l\u2019action<\/strong><\/h3>\n\n\n\n<ul>\n<li><strong>Question<\/strong> : \u00ab Quelle petite action pourrais-tu faire d\u00e8s aujourd\u2019hui pour explorer cette id\u00e9e ? \u00bb<\/li>\n\n\n\n<li><strong>Exemple<\/strong> : Marc d\u00e9cide de faire un mini-test avec ses croquis sur des amis pour voir leurs r\u00e9actions et ajuster son projet.<\/li>\n<\/ul>\n\n\n\n<hr class=\"wp-block-separator has-alpha-channel-opacity\"\/>\n\n\n\n<h3 class=\"wp-block-heading\"><strong>7. Questions sur l\u2019apprentissage et l\u2019ouverture<\/strong><\/h3>\n\n\n\n<ul>\n<li><strong>Question<\/strong> : \u00ab Quelles nouvelles exp\u00e9riences ou comp\u00e9tences pourrais-tu explorer pour nourrir ta cr\u00e9ativit\u00e9 ? \u00bb<\/li>\n\n\n\n<li><strong>Exemple<\/strong> : Sophie choisit de suivre un atelier de sculpture, ce qui lui donne de nouvelles id\u00e9es pour son travail graphique.<\/li>\n<\/ul>\n\n\n\n<hr class=\"wp-block-separator has-alpha-channel-opacity\"\/>\n\n\n\n<p class=\"has-pale-cyan-blue-background-color has-background\">\ud83d\udca1 <strong>Astuce<\/strong> : Les questions puissantes doivent toujours \u00eatre <strong>ouvertes<\/strong>, <strong>positives<\/strong>, et <strong>orient\u00e9es vers le futur ou les solutions<\/strong>, jamais vers le jugement.<\/p>\n","protected":false},"excerpt":{"rendered":"<p>Pour faire \u00e9merger les ressources d\u2019une personne et stimuler sa cr\u00e9ativit\u00e9, le coaching utilise des questions puissantes qui ouvrent la r\u00e9flexion, font explorer de nouvelles perspectives et mettent en lumi\u00e8re des talents ou des solutions insoup\u00e7onn\u00e9es. Je vais te donner&#8230; <a href=\"https:\/\/guido-saverio-coach.com\/?page_id=2104\" class=\"readmore\">Read more<span class=\"screen-reader-text\">Coaching pour faire \u00e9merger les ressources d\u2019une personne et stimuler sa cr\u00e9ativit\u00e9,<\/span><span class=\"fa fa-angle-double-right\" aria-hidden=\"true\"><\/span><\/a><\/p>\n","protected":false},"author":1,"featured_media":0,"parent":0,"menu_order":0,"comment_status":"closed","ping_status":"closed","template":"","meta":{"footnotes":""},"_links":{"self":[{"href":"https:\/\/guido-saverio-coach.com\/index.php?rest_route=\/wp\/v2\/pages\/2104"}],"collection":[{"href":"https:\/\/guido-saverio-coach.com\/index.php?rest_route=\/wp\/v2\/pages"}],"about":[{"href":"https:\/\/guido-saverio-coach.com\/index.php?rest_route=\/wp\/v2\/types\/page"}],"author":[{"embeddable":true,"href":"https:\/\/guido-saverio-coach.com\/index.php?rest_route=\/wp\/v2\/users\/1"}],"replies":[{"embeddable":true,"href":"https:\/\/guido-saverio-coach.com\/index.php?rest_route=%2Fwp%2Fv2%2Fcomments&post=2104"}],"version-history":[{"count":1,"href":"https:\/\/guido-saverio-coach.com\/index.php?rest_route=\/wp\/v2\/pages\/2104\/revisions"}],"predecessor-version":[{"id":2106,"href":"https:\/\/guido-saverio-coach.com\/index.php?rest_route=\/wp\/v2\/pages\/2104\/revisions\/2106"}],"wp:attachment":[{"href":"https:\/\/guido-saverio-coach.com\/index.php?rest_route=%2Fwp%2Fv2%2Fmedia&parent=2104"}],"curies":[{"name":"wp","href":"https:\/\/api.w.org\/{rel}","templated":true}]}}