{"id":2186,"date":"2025-10-18T01:50:21","date_gmt":"2025-10-17T23:50:21","guid":{"rendered":"https:\/\/guido-saverio-coach.com\/?page_id=2186"},"modified":"2025-10-18T01:50:21","modified_gmt":"2025-10-17T23:50:21","slug":"etudiants","status":"publish","type":"page","link":"https:\/\/guido-saverio-coach.com\/?page_id=2186","title":{"rendered":"Etudiants"},"content":{"rendered":"\n<ul>\n<li><strong><a href=\"https:\/\/guido-saverio-coach.com\/?page_id=2187\">\u201cDe la m\u00e9moire courte \u00e0 la m\u00e9moire longue : le guide pour apprendre et retenir facilement\u201d<\/a><\/strong><\/li>\n<\/ul>\n","protected":false},"excerpt":{"rendered":"","protected":false},"author":1,"featured_media":0,"parent":0,"menu_order":0,"comment_status":"closed","ping_status":"closed","template":"","meta":{"footnotes":""},"_links":{"self":[{"href":"https:\/\/guido-saverio-coach.com\/index.php?rest_route=\/wp\/v2\/pages\/2186"}],"collection":[{"href":"https:\/\/guido-saverio-coach.com\/index.php?rest_route=\/wp\/v2\/pages"}],"about":[{"href":"https:\/\/guido-saverio-coach.com\/index.php?rest_route=\/wp\/v2\/types\/page"}],"author":[{"embeddable":true,"href":"https:\/\/guido-saverio-coach.com\/index.php?rest_route=\/wp\/v2\/users\/1"}],"replies":[{"embeddable":true,"href":"https:\/\/guido-saverio-coach.com\/index.php?rest_route=%2Fwp%2Fv2%2Fcomments&post=2186"}],"version-history":[{"count":1,"href":"https:\/\/guido-saverio-coach.com\/index.php?rest_route=\/wp\/v2\/pages\/2186\/revisions"}],"predecessor-version":[{"id":2192,"href":"https:\/\/guido-saverio-coach.com\/index.php?rest_route=\/wp\/v2\/pages\/2186\/revisions\/2192"}],"wp:attachment":[{"href":"https:\/\/guido-saverio-coach.com\/index.php?rest_route=%2Fwp%2Fv2%2Fmedia&parent=2186"}],"curies":[{"name":"wp","href":"https:\/\/api.w.org\/{rel}","templated":true}]}}