{"id":226,"date":"2023-08-23T21:52:14","date_gmt":"2023-08-23T19:52:14","guid":{"rendered":"https:\/\/guido-saverio-coach.com\/?page_id=226"},"modified":"2023-08-23T23:18:04","modified_gmt":"2023-08-23T21:18:04","slug":"livre-vaincre-les-obstacles-de-la-vie","status":"publish","type":"page","link":"https:\/\/guido-saverio-coach.com\/?page_id=226","title":{"rendered":"LIVRE &#8211; Vaincre les Obstacles de la Vie"},"content":{"rendered":"\n<p>Ecrit par&nbsp;: Guido SAVERIO<\/p>\n\n\n<div class=\"wp-block-image\">\n<figure class=\"aligncenter size-large is-resized\"><img loading=\"lazy\" decoding=\"async\" src=\"https:\/\/guido-saverio-coach.com\/wp-content\/uploads\/2023\/08\/Le-Diplome-Ne-Suffit-Pas-Les-Lecons-Essentielles-pour-la-Vie-1-3-642x1024.png\" alt=\"\" class=\"wp-image-228\" style=\"width:347px;height:554px\" width=\"347\" height=\"554\" srcset=\"https:\/\/guido-saverio-coach.com\/wp-content\/uploads\/2023\/08\/Le-Diplome-Ne-Suffit-Pas-Les-Lecons-Essentielles-pour-la-Vie-1-3-642x1024.png 642w, https:\/\/guido-saverio-coach.com\/wp-content\/uploads\/2023\/08\/Le-Diplome-Ne-Suffit-Pas-Les-Lecons-Essentielles-pour-la-Vie-1-3-188x300.png 188w, https:\/\/guido-saverio-coach.com\/wp-content\/uploads\/2023\/08\/Le-Diplome-Ne-Suffit-Pas-Les-Lecons-Essentielles-pour-la-Vie-1-3-768x1226.png 768w, https:\/\/guido-saverio-coach.com\/wp-content\/uploads\/2023\/08\/Le-Diplome-Ne-Suffit-Pas-Les-Lecons-Essentielles-pour-la-Vie-1-3-963x1536.png 963w, https:\/\/guido-saverio-coach.com\/wp-content\/uploads\/2023\/08\/Le-Diplome-Ne-Suffit-Pas-Les-Lecons-Essentielles-pour-la-Vie-1-3-1283x2048.png 1283w, https:\/\/guido-saverio-coach.com\/wp-content\/uploads\/2023\/08\/Le-Diplome-Ne-Suffit-Pas-Les-Lecons-Essentielles-pour-la-Vie-1-3.png 1410w\" sizes=\"(max-width: 347px) 100vw, 347px\" \/><\/figure><\/div>\n\n\n<p><strong>Sommaire : Vaincre les Obstacles de la Vie<\/strong><\/p>\n\n\n\n<p><strong>Avant-Propos<\/strong><\/p>\n\n\n\n<figure class=\"wp-block-audio\"><audio controls src=\"https:\/\/guido-saverio-coach.com\/wp-content\/uploads\/2023\/08\/Avant-Propos-1.mp3\"><\/audio><\/figure>\n\n\n\n<p><strong>DESCRIPTION<\/strong><\/p>\n\n\n\n<ol>\n<li><strong>Introduction<\/strong>\n<ul>\n<li>Pr\u00e9sentation du concept d&rsquo;obstacles dans la vie<\/li>\n\n\n\n<li>Importance de surmonter les d\u00e9fis pour la croissance personnelle<\/li>\n\n\n\n<li>Aper\u00e7u des sections \u00e0 venir<\/li>\n<\/ul>\n<\/li>\n<\/ol>\n\n\n\n<figure class=\"wp-block-audio\"><audio controls src=\"https:\/\/guido-saverio-coach.com\/wp-content\/uploads\/2023\/08\/1.-Introduction.mp3\"><\/audio><\/figure>\n\n\n\n<p>2. <strong>Comprendre les Obstacles<\/strong><\/p>\n\n\n\n<ul>\n<li>Identifier les diff\u00e9rents types d&rsquo;obstacles : externes et internes<\/li>\n\n\n\n<li>Exploration des raisons pour lesquelles les obstacles surgissent<\/li>\n\n\n\n<li>Lien entre la perception des obstacles et la mani\u00e8re de les surmonter<\/li>\n<\/ul>\n\n\n\n<ol>\n<li><\/li>\n<\/ol>\n\n\n\n<figure class=\"wp-block-audio\"><audio controls src=\"https:\/\/guido-saverio-coach.com\/wp-content\/uploads\/2023\/08\/Chapitre-2.-Comprendre-les-Obstacles-.mp3\"><\/audio><\/figure>\n\n\n\n<p>3. <strong>Mentalit\u00e9 et Attitude Positive<\/strong><\/p>\n\n\n\n<ul>\n<li>L&rsquo;importance d&rsquo;une mentalit\u00e9 positive face aux d\u00e9fis<\/li>\n\n\n\n<li>Cultiver la r\u00e9silience mentale pour faire face \u00e0 l&rsquo;adversit\u00e9<\/li>\n\n\n\n<li>Techniques pour transformer les pens\u00e9es n\u00e9gatives en opportunit\u00e9s<\/li>\n<\/ul>\n\n\n\n<ol>\n<li><\/li>\n<\/ol>\n\n\n\n<figure class=\"wp-block-audio\"><audio controls src=\"https:\/\/guido-saverio-coach.com\/wp-content\/uploads\/2023\/08\/Chapitre-3.-Mentalite-et-Attitude-Positive.mp3\"><\/audio><\/figure>\n\n\n\n<p>4. <strong>Planification et Strat\u00e9gie<\/strong><\/p>\n\n\n\n<ul>\n<li>Cr\u00e9ation d&rsquo;un plan d&rsquo;action pour surmonter les obstacles<\/li>\n\n\n\n<li>D\u00e9composition des objectifs en \u00e9tapes r\u00e9alisables<\/li>\n\n\n\n<li>Utilisation de la planification pour r\u00e9duire l&rsquo;impact des obstacles pr\u00e9visibles<\/li>\n<\/ul>\n\n\n\n<ol>\n<li><\/li>\n<\/ol>\n\n\n\n<figure class=\"wp-block-audio\"><audio controls src=\"https:\/\/guido-saverio-coach.com\/wp-content\/uploads\/2023\/08\/Chapitre-4.-Planification-et-Strategie.mp3\"><\/audio><\/figure>\n\n\n\n<p>5. <strong>Gestion de l&rsquo;\u00c9motion<\/strong><\/p>\n\n\n\n<ul>\n<li>Lien entre les \u00e9motions et la fa\u00e7on dont nous abordons les obstacles<\/li>\n\n\n\n<li>Techniques de gestion \u00e9motionnelle pour rester calme et concentr\u00e9<\/li>\n\n\n\n<li>Impact positif de la ma\u00eetrise \u00e9motionnelle sur la prise de d\u00e9cision<\/li>\n<\/ul>\n\n\n\n<ol>\n<li><\/li>\n<\/ol>\n\n\n\n<figure class=\"wp-block-audio\"><audio controls src=\"https:\/\/guido-saverio-coach.com\/wp-content\/uploads\/2023\/08\/Chapitre-5.-Gestion-de-lEmotion.mp3\"><\/audio><\/figure>\n\n\n\n<p>6. <strong>Apprentissage et Adaptation<\/strong><\/p>\n\n\n\n<ul>\n<li>Comment les obstacles offrent des opportunit\u00e9s d&rsquo;apprentissage<\/li>\n\n\n\n<li>S&rsquo;adapter aux nouvelles circonstances pour contourner les obstacles<\/li>\n\n\n\n<li>Exemples d&rsquo;individus ou d&rsquo;organisations ayant transform\u00e9 les revers en succ\u00e8s<\/li>\n<\/ul>\n\n\n\n<ol>\n<li><\/li>\n<\/ol>\n\n\n\n<figure class=\"wp-block-audio\"><audio controls src=\"https:\/\/guido-saverio-coach.com\/wp-content\/uploads\/2023\/08\/Chapitre-6.-Apprentissage-et-Adaptation.mp3\"><\/audio><\/figure>\n\n\n\n<p>7. <strong>Soutien Social et R\u00e9seautage<\/strong><\/p>\n\n\n\n<ul>\n<li>R\u00f4le du soutien social dans la surmont\u00e9e des obstacles<\/li>\n\n\n\n<li>Cr\u00e9ation et entretien de r\u00e9seaux de soutien personnel et professionnel<\/li>\n\n\n\n<li>Partage d&rsquo;exp\u00e9riences avec d&rsquo;autres pour obtenir des perspectives nouvelles<\/li>\n<\/ul>\n\n\n\n<ol>\n<li><\/li>\n<\/ol>\n\n\n\n<figure class=\"wp-block-audio\"><audio controls src=\"https:\/\/guido-saverio-coach.com\/wp-content\/uploads\/2023\/08\/Chapitre-7.-Soutien-Social-et-Reseautage.mp3\"><\/audio><\/figure>\n\n\n\n<p>8. <strong>Cr\u00e9ativit\u00e9 et Pens\u00e9e Innovante<\/strong><\/p>\n\n\n\n<ul>\n<li>Utilisation de la cr\u00e9ativit\u00e9 pour trouver des solutions uniques<\/li>\n\n\n\n<li>Encouragement de la pens\u00e9e lat\u00e9rale pour r\u00e9soudre des probl\u00e8mes complexes<\/li>\n\n\n\n<li>Exemples d&rsquo;innovations n\u00e9es de la n\u00e9cessit\u00e9 de surmonter des obstacles<\/li>\n<\/ul>\n\n\n\n<ol>\n<li><\/li>\n<\/ol>\n\n\n\n<figure class=\"wp-block-audio\"><audio controls src=\"https:\/\/guido-saverio-coach.com\/wp-content\/uploads\/2023\/08\/Chapitre-8.-Creativite-et-Pensee-Innovante-.mp3\"><\/audio><\/figure>\n\n\n\n<p>9. <strong>Pers\u00e9v\u00e9rance et D\u00e9termination<\/strong><\/p>\n\n\n\n<ul>\n<li>Lien entre la pers\u00e9v\u00e9rance et le succ\u00e8s face aux obstacles<\/li>\n\n\n\n<li>Techniques pour maintenir la d\u00e9termination lorsque les choses deviennent difficiles<\/li>\n\n\n\n<li>Histoires inspirantes de personnes qui ont pers\u00e9v\u00e9r\u00e9 malgr\u00e9 des d\u00e9fis majeurs<\/li>\n<\/ul>\n\n\n\n<ol>\n<li><\/li>\n<\/ol>\n\n\n\n<figure class=\"wp-block-audio\"><audio controls src=\"https:\/\/guido-saverio-coach.com\/wp-content\/uploads\/2023\/08\/Chapitre-9.-Perseverance-et-Determination-.mp3\"><\/audio><\/figure>\n\n\n\n<ol>\n<li><strong>Conclusion<\/strong>\n<ul>\n<li>R\u00e9capitulation des principaux points abord\u00e9s dans le guide<\/li>\n\n\n\n<li>Encouragement \u00e0 adopter une approche positive et proactive face aux obstacles<\/li>\n\n\n\n<li>Appel \u00e0 l&rsquo;action pour appliquer les principes appris et surmonter les d\u00e9fis futurs<\/li>\n<\/ul>\n<\/li>\n<\/ol>\n\n\n\n<figure class=\"wp-block-audio\"><audio controls src=\"https:\/\/guido-saverio-coach.com\/wp-content\/uploads\/2023\/08\/Chapitre-10.-Conclusion-.mp3\"><\/audio><\/figure>\n\n\n\n<p><strong>le mot de la fin<\/strong><\/p>\n\n\n\n<figure class=\"wp-block-audio\"><audio controls src=\"https:\/\/guido-saverio-coach.com\/wp-content\/uploads\/2023\/08\/le-mot-de-la-fin.mp3\"><\/audio><\/figure>\n\n\n\n<p>T\u00e9moignages \u00e9logieux<\/p>\n\n\n\n<p><em>\u00ab\u00a0Guido Saverio poss\u00e8de une capacit\u00e9 unique \u00e0 \u00e9clairer les zones d&rsquo;ombre de la vie. Son livre offre des cl\u00e9s pr\u00e9cieuses pour transformer les moments difficiles en catalyseurs de croissance et de renouveau.\u00a0\u00bb &#8211; Alex L.<\/em><\/p>\n\n\n\n<p><em>\u00ab\u00a0En lisant les mots de Guido Saverio, j&rsquo;ai ressenti une connexion profonde avec sa sagesse et sa vision du monde. Son livre est un tr\u00e9sor de perles de sagesse pour ceux qui cherchent \u00e0 transcender les obstacles.\u00a0\u00bb &#8211; Olivia C.<\/em><\/p>\n\n\n\n<p><em>\u00ab\u00a0Guido Saverio a un don pour expliquer des concepts complexes de mani\u00e8re simple et accessible. Son livre m&rsquo;a ouvert les yeux sur la mani\u00e8re dont je peux transformer les d\u00e9fis en opportunit\u00e9s.\u00a0\u00bb &#8211; Daniel M.<\/em><\/p>\n\n\n\n<p><em>\u00ab\u00a0\u00a0\u00bb\u00c9clat Int\u00e9rieur : Naviguer au travers des Temp\u00eates\u00a0\u00bb est un compagnon pr\u00e9cieux pour quiconque aspire \u00e0 une vie de sens et de r\u00e9alisation. Les paroles de Guido Saverio r\u00e9sonnent comme un appel \u00e0 l&rsquo;action pour embrasser notre plein potentiel.\u00a0\u00bb &#8211; Lisa B.<\/em><\/p>\n\n\n\n<p>En plongeant dans les t\u00e9moignages de ceux qui ont \u00e9t\u00e9 touch\u00e9s par les enseignements de Guido Saverio, il est clair que son livre a eu un impact profond et durable sur la vie de nombreux individus. Les mots de Guido r\u00e9sonnent comme un phare qui guide chacun vers des horizons nouveaux et inspirants, une source de motivation pour braver les temp\u00eates et r\u00e9v\u00e9ler la lumi\u00e8re int\u00e9rieure. \u00ab\u00a0\u00c9clat Int\u00e9rieur : Naviguer au travers des Temp\u00eates\u00a0\u00bb est bien plus qu&rsquo;un livre ; c&rsquo;est une source d&rsquo;illumination qui \u00e9clairera votre chemin vers un avenir radieux.<\/p>\n","protected":false},"excerpt":{"rendered":"<p>Ecrit par&nbsp;: Guido SAVERIO Sommaire : Vaincre les Obstacles de la Vie Avant-Propos DESCRIPTION 2. Comprendre les Obstacles 3. Mentalit\u00e9 et Attitude Positive 4. Planification et Strat\u00e9gie 5. Gestion de l&rsquo;\u00c9motion 6. Apprentissage et Adaptation 7. Soutien Social et R\u00e9seautage&#8230; <a href=\"https:\/\/guido-saverio-coach.com\/?page_id=226\" class=\"readmore\">Read more<span class=\"screen-reader-text\">LIVRE &#8211; Vaincre les Obstacles de la Vie<\/span><span class=\"fa fa-angle-double-right\" aria-hidden=\"true\"><\/span><\/a><\/p>\n","protected":false},"author":1,"featured_media":0,"parent":0,"menu_order":0,"comment_status":"closed","ping_status":"closed","template":"","meta":{"footnotes":""},"_links":{"self":[{"href":"https:\/\/guido-saverio-coach.com\/index.php?rest_route=\/wp\/v2\/pages\/226"}],"collection":[{"href":"https:\/\/guido-saverio-coach.com\/index.php?rest_route=\/wp\/v2\/pages"}],"about":[{"href":"https:\/\/guido-saverio-coach.com\/index.php?rest_route=\/wp\/v2\/types\/page"}],"author":[{"embeddable":true,"href":"https:\/\/guido-saverio-coach.com\/index.php?rest_route=\/wp\/v2\/users\/1"}],"replies":[{"embeddable":true,"href":"https:\/\/guido-saverio-coach.com\/index.php?rest_route=%2Fwp%2Fv2%2Fcomments&post=226"}],"version-history":[{"count":3,"href":"https:\/\/guido-saverio-coach.com\/index.php?rest_route=\/wp\/v2\/pages\/226\/revisions"}],"predecessor-version":[{"id":248,"href":"https:\/\/guido-saverio-coach.com\/index.php?rest_route=\/wp\/v2\/pages\/226\/revisions\/248"}],"wp:attachment":[{"href":"https:\/\/guido-saverio-coach.com\/index.php?rest_route=%2Fwp%2Fv2%2Fmedia&parent=226"}],"curies":[{"name":"wp","href":"https:\/\/api.w.org\/{rel}","templated":true}]}}