{"id":2319,"date":"2025-11-13T14:47:42","date_gmt":"2025-11-13T13:47:42","guid":{"rendered":"https:\/\/guido-saverio-coach.com\/?page_id=2319"},"modified":"2025-11-13T14:47:43","modified_gmt":"2025-11-13T13:47:43","slug":"mes-methodes","status":"publish","type":"page","link":"https:\/\/guido-saverio-coach.com\/?page_id=2319","title":{"rendered":"Mes m\u00e9thodes"},"content":{"rendered":"\n<ul>\n<li><a href=\"https:\/\/guido-saverio-coach.com\/?page_id=2177\"><br>La M\u00e9thode FLUX \u2013 Vivre sans r\u00e9sistance<\/a><\/li>\n\n\n\n<li><a href=\"https:\/\/guido-saverio-coach.com\/?page_id=2186\">Etudiants<\/a><\/li>\n\n\n\n<li><a href=\"https:\/\/guido-saverio-coach.com\/?page_id=2246\">M\u00e9thode \u201cL\u2019Ancrage Lumineux\u201d<\/a><\/li>\n\n\n\n<li><a href=\"https:\/\/guido-saverio-coach.com\/?page_id=2254\">M\u00e9thode PROREL \u2013 D\u00e9velopper vos ressources relationnelles<\/a><\/li>\n\n\n\n<li><a href=\"https:\/\/guido-saverio-coach.com\/?page_id=2257\">M\u00e9thode RESPIRE \u2014 Coaching moderne \u00e0 faire soi-m\u00eame<\/a><\/li>\n\n\n\n<li><a href=\"https:\/\/guido-saverio-coach.com\/?page_id=2260\">M\u00e9thode V.I.V.A. \u2014 Coaching Moderne \u00e0 Faire Soi-M\u00eame<\/a><\/li>\n\n\n\n<li><a href=\"https:\/\/guido-saverio-coach.com\/?page_id=2263\">M\u00e9thode PROVIA\u2122 : Coaching de Carri\u00e8re et Vie Moderne<\/a><\/li>\n\n\n\n<li><a href=\"https:\/\/guido-saverio-coach.com\/?page_id=2266\">M\u00e9thode R.E.N.A.I.S.S.A.N.C.E<\/a><\/li>\n\n\n\n<li><a href=\"https:\/\/guido-saverio-coach.com\/?page_id=2269\">M\u00e9thode CoRe \u2013 Coaching Relationnel \u00c9clair\u00e9<\/a><\/li>\n\n\n\n<li><a href=\"https:\/\/guido-saverio-coach.com\/?page_id=2272\">M\u00e9thode Le Coaching \u201cClart\u00e9 &amp; Cap\u201d<\/a><\/li>\n\n\n\n<li><a href=\"https:\/\/guido-saverio-coach.com\/?page_id=2275\">M\u00e9thode ORIENTA \u2014 Coaching \u00e9tudiant moderne<\/a><\/li>\n\n\n\n<li><a href=\"https:\/\/guido-saverio-coach.com\/?page_id=2278\">M\u00e9thode PRO-MOVE\u2122 : Motivation et Orientation par Visualisation, \u00c9nergie et Engagement<\/a><\/li>\n\n\n\n<li><a href=\"https:\/\/guido-saverio-coach.com\/?page_id=2281\">M\u00e9thode DIY : \u00c9COLE DU SOI \u2014 Coaching R\u00e9g\u00e9n\u00e9ratif pour \u00c9tudiants<\/a><\/li>\n\n\n\n<li><a href=\"https:\/\/guido-saverio-coach.com\/?page_id=2284\">M\u00e9thode MAP : M\u00e9thode d\u2019Autonomie et de Performance<\/a><\/li>\n\n\n\n<li><a href=\"https:\/\/guido-saverio-coach.com\/?page_id=2287\">M\u00e9thode : R.E.N.A\u00ce.T.R.E.<\/a><\/li>\n\n\n\n<li><a href=\"https:\/\/guido-saverio-coach.com\/?page_id=2290\">M\u00e9thode: La M\u00e9thode LUMI\u00c8RE<\/a><\/li>\n\n\n\n<li><a href=\"https:\/\/guido-saverio-coach.com\/?page_id=2293\">M\u00e9thode: \u201cRena\u00eetre apr\u00e8s l\u2019ombre\u201d<\/a><\/li>\n\n\n\n<li><a href=\"https:\/\/guido-saverio-coach.com\/?page_id=2296\">M\u00e9thode: COUPLE+ (Coaching R\u00e9actif, \u00c9motionnel et Complice)<\/a><\/li>\n\n\n\n<li><a href=\"https:\/\/guido-saverio-coach.com\/?page_id=2299\">M\u00e9thode: CO.R.E. \u2013 Coaching de Performance et Productivit\u00e9 Moderne<\/a><\/li>\n\n\n\n<li><a href=\"https:\/\/guido-saverio-coach.com\/?page_id=2302\">M\u00e9thode PROPRE : \u201c\u00c9CRITURE R\u00c9G\u00c9N\u00c9RATIVE\u201d<\/a><\/li>\n\n\n\n<li><a href=\"https:\/\/guido-saverio-coach.com\/?page_id=2306\">M\u00e9thode: L\u2019Approche R.E.S.O.N.A.N.C.E<\/a><\/li>\n\n\n\n<li><a href=\"https:\/\/guido-saverio-coach.com\/?page_id=2309\">M\u00e9thode FLUX\u2122<\/a><\/li>\n\n\n\n<li><a href=\"https:\/\/guido-saverio-coach.com\/?page_id=2312\">M\u00e9thode ORA\u2122 \u2013 S\u2019orienter quand tout semble flou<\/a><\/li>\n\n\n\n<li><a href=\"https:\/\/guido-saverio-coach.com\/?page_id=2315\">M\u00e9thode A.R.T.E.\u2122 \u2014 Le Chemin du Sens Vivant<\/a><\/li>\n<\/ul>\n","protected":false},"excerpt":{"rendered":"","protected":false},"author":1,"featured_media":0,"parent":0,"menu_order":0,"comment_status":"closed","ping_status":"closed","template":"","meta":{"footnotes":""},"_links":{"self":[{"href":"https:\/\/guido-saverio-coach.com\/index.php?rest_route=\/wp\/v2\/pages\/2319"}],"collection":[{"href":"https:\/\/guido-saverio-coach.com\/index.php?rest_route=\/wp\/v2\/pages"}],"about":[{"href":"https:\/\/guido-saverio-coach.com\/index.php?rest_route=\/wp\/v2\/types\/page"}],"author":[{"embeddable":true,"href":"https:\/\/guido-saverio-coach.com\/index.php?rest_route=\/wp\/v2\/users\/1"}],"replies":[{"embeddable":true,"href":"https:\/\/guido-saverio-coach.com\/index.php?rest_route=%2Fwp%2Fv2%2Fcomments&post=2319"}],"version-history":[{"count":1,"href":"https:\/\/guido-saverio-coach.com\/index.php?rest_route=\/wp\/v2\/pages\/2319\/revisions"}],"predecessor-version":[{"id":2323,"href":"https:\/\/guido-saverio-coach.com\/index.php?rest_route=\/wp\/v2\/pages\/2319\/revisions\/2323"}],"wp:attachment":[{"href":"https:\/\/guido-saverio-coach.com\/index.php?rest_route=%2Fwp%2Fv2%2Fmedia&parent=2319"}],"curies":[{"name":"wp","href":"https:\/\/api.w.org\/{rel}","templated":true}]}}