{"id":2328,"date":"2025-11-13T15:11:30","date_gmt":"2025-11-13T14:11:30","guid":{"rendered":"https:\/\/guido-saverio-coach.com\/?page_id=2328"},"modified":"2025-11-13T15:11:30","modified_gmt":"2025-11-13T14:11:30","slug":"les-questions-puissantes-sont-au-coeur-du-coaching","status":"publish","type":"page","link":"https:\/\/guido-saverio-coach.com\/?page_id=2328","title":{"rendered":"Les\u00a0questions puissantes\u00a0sont\u00a0au c\u0153ur du coaching\u00a0"},"content":{"rendered":"\n<p>Les&nbsp;<strong>questions puissantes<\/strong>&nbsp;sont&nbsp;<strong>au c\u0153ur du coaching<\/strong>&nbsp;( regarde ici )<\/p>\n\n\n\n<ul>\n<li>Voici une s\u00e9lection de\u00a0<strong>questions puissantes<\/strong>\u00a0sp\u00e9cialement con\u00e7ues pour travailler sur:<\/li>\n<\/ul>\n\n\n\n<ul>\n<li><a href=\"https:\/\/guido-saverio-coach.com\/?page_id=2046\"><strong>la confiance en soi<\/strong>.<\/a><\/li>\n\n\n\n<li><strong><a href=\"https:\/\/guido-saverio-coach.com\/?page_id=2049\">Explorer et d\u00e9velopper ses ressources dans le domaine des relations<\/a><\/strong><\/li>\n\n\n\n<li><strong><a href=\"https:\/\/guido-saverio-coach.com\/?page_id=2052\">Coaching gestion du stress<\/a><\/strong><\/li>\n\n\n\n<li><strong><a href=\"https:\/\/guido-saverio-coach.com\/?page_id=2055\">Coaching sue la recherche d\u2019\u00e9quilibre de vie<\/a><\/strong><\/li>\n\n\n\n<li><strong><a href=\"https:\/\/guido-saverio-coach.com\/?page_id=2058\">Coaching \u00e9volution de carri\u00e8re<\/a><\/strong><\/li>\n\n\n\n<li><strong><a href=\"https:\/\/guido-saverio-coach.com\/?page_id=2061\">Coaching carri\u00e8re, changer de voie<\/a><\/strong><\/li>\n\n\n\n<li><strong><a href=\"https:\/\/guido-saverio-coach.com\/?page_id=2064\">Coaching pour mieux g\u00e9rer les relations au travail<\/a><\/strong><\/li>\n\n\n\n<li><strong><a href=\"https:\/\/guido-saverio-coach.com\/?page_id=2067\">Coaching pour retrouver du sens dans son m\u00e9tier<\/a><\/strong><\/li>\n\n\n\n<li><strong><a href=\"https:\/\/guido-saverio-coach.com\/?page_id=2070\">Coaching scolaire ou \u00e9tudiant ax\u00e9 sur l\u2019orientation<\/a><\/strong><\/li>\n\n\n\n<li><strong><a href=\"https:\/\/guido-saverio-coach.com\/?page_id=2073\">Coaching scolaire ou \u00e9tudiant, pour la motivation<\/a><\/strong><\/li>\n\n\n\n<li><strong><a href=\"https:\/\/guido-saverio-coach.com\/?page_id=2076\">Coaching scolaire ou \u00e9tudiant pour g\u00e9rer le stress des examens<\/a><\/strong><\/li>\n\n\n\n<li><strong><a href=\"https:\/\/guido-saverio-coach.com\/?page_id=2079\">Coaching scolaire ou \u00e9tudiant, autour des m\u00e9thodes de travail<\/a><\/strong><\/li>\n\n\n\n<li><strong><a href=\"https:\/\/guido-saverio-coach.com\/?page_id=2082\">Coaching pour sortir d\u2019un burn-out professionnel.<\/a><\/strong><\/li>\n\n\n\n<li><strong><a href=\"https:\/\/guido-saverio-coach.com\/?page_id=2086\">Coaching autour de l\u2019achat de la maison id\u00e9ale<\/a><\/strong><\/li>\n\n\n\n<li><strong><a href=\"https:\/\/guido-saverio-coach.com\/?page_id=2090\">Coaching apr\u00e8s une s\u00e9paration avec une personne manipulatrice<\/a><\/strong><\/li>\n\n\n\n<li><a href=\"https:\/\/guido-saverio-coach.com\/?page_id=2094\">Coaching de couple \u2013\u00a0<strong>r\u00e9activer la communication, la compr\u00e9hension mutuelle et la complicit\u00e9<\/strong>\u00a0entre deux personnes<\/a><\/li>\n\n\n\n<li><strong><a href=\"https:\/\/guido-saverio-coach.com\/?page_id=2098\">Coaching de performance et de productivit\u00e9<\/a><\/strong><\/li>\n\n\n\n<li><strong><a href=\"https:\/\/guido-saverio-coach.com\/?page_id=2101\">Le coaching d\u2019\u00e9criture ou coaching d\u2019auteur<\/a><\/strong><\/li>\n\n\n\n<li><strong><a href=\"https:\/\/guido-saverio-coach.com\/?page_id=2104\">Coaching pour faire \u00e9merger les ressources d\u2019une personne et stimuler sa cr\u00e9ativit\u00e9,<\/a><\/strong><\/li>\n\n\n\n<li><strong><a href=\"https:\/\/guido-saverio-coach.com\/?page_id=2107\">Coaching pour surmonter un blocage cr\u00e9atif<\/a><\/strong><\/li>\n<\/ul>\n\n\n\n<ul>\n<li><strong><a href=\"https:\/\/guido-saverio-coach.com\/?page_id=2145\">Coaching pour une personne \u201cpaum\u00e9e\u201d ou \u201cperdue\u201d dans sa vie.<\/a><\/strong><\/li>\n\n\n\n<li><strong><a href=\"https:\/\/guido-saverio-coach.com\/?page_id=2149\">Coaching orient\u00e9 vers le th\u00e8me \u201ctrouver du sens \u00e0 sa vie\u201d<\/a><\/strong><\/li>\n<\/ul>\n","protected":false},"excerpt":{"rendered":"<p>Les&nbsp;questions puissantes&nbsp;sont&nbsp;au c\u0153ur du coaching&nbsp;( regarde ici )<\/p>\n","protected":false},"author":1,"featured_media":0,"parent":0,"menu_order":0,"comment_status":"closed","ping_status":"closed","template":"","meta":{"footnotes":""},"_links":{"self":[{"href":"https:\/\/guido-saverio-coach.com\/index.php?rest_route=\/wp\/v2\/pages\/2328"}],"collection":[{"href":"https:\/\/guido-saverio-coach.com\/index.php?rest_route=\/wp\/v2\/pages"}],"about":[{"href":"https:\/\/guido-saverio-coach.com\/index.php?rest_route=\/wp\/v2\/types\/page"}],"author":[{"embeddable":true,"href":"https:\/\/guido-saverio-coach.com\/index.php?rest_route=\/wp\/v2\/users\/1"}],"replies":[{"embeddable":true,"href":"https:\/\/guido-saverio-coach.com\/index.php?rest_route=%2Fwp%2Fv2%2Fcomments&post=2328"}],"version-history":[{"count":1,"href":"https:\/\/guido-saverio-coach.com\/index.php?rest_route=\/wp\/v2\/pages\/2328\/revisions"}],"predecessor-version":[{"id":2330,"href":"https:\/\/guido-saverio-coach.com\/index.php?rest_route=\/wp\/v2\/pages\/2328\/revisions\/2330"}],"wp:attachment":[{"href":"https:\/\/guido-saverio-coach.com\/index.php?rest_route=%2Fwp%2Fv2%2Fmedia&parent=2328"}],"curies":[{"name":"wp","href":"https:\/\/api.w.org\/{rel}","templated":true}]}}