{"id":2353,"date":"2025-11-13T15:42:15","date_gmt":"2025-11-13T14:42:15","guid":{"rendered":"https:\/\/guido-saverio-coach.com\/?page_id=2353"},"modified":"2025-11-13T15:42:15","modified_gmt":"2025-11-13T14:42:15","slug":"le-monde-change-et-toi-2","status":"publish","type":"page","link":"https:\/\/guido-saverio-coach.com\/?page_id=2353","title":{"rendered":"Le monde change. Et toi ?"},"content":{"rendered":"\n<p>Le monde change, mec. Rapidement. Et si t\u2019es encore assis \u00e0 attendre que les choses tombent du ciel, tu vas te prendre une claque. Les r\u00e8gles sont diff\u00e9rentes. Les jobs, les relations, ton \u00e9nergie\u2026 tout se r\u00e9invente. Tu peux rester spectateur, ou tu peux te lever et d\u00e9cider de jouer. Oui, d\u00e9cider. Parce que personne ne va venir te tenir la main.<\/p>\n\n\n\n<p>Tu veux r\u00e9ussir ? Commence par arr\u00eater de te raconter des histoires. Les excuses ? Oublie-les. Le confort ? Laisse-le \u00e0 ceux qui aiment v\u00e9g\u00e9ter. Le vrai changement, le vrai pouvoir, \u00e7a vient quand tu regardes la peur en face et que tu avances quand m\u00eame. Pas demain. Maintenant.<\/p>\n\n\n\n<p>Alors, tu choisis quoi ? Regarder le monde tourner, ou devenir celui qui le fait tourner autour de toi ? Le changement ne t\u2019attend pas. C\u2019est toi ou personne.<\/p>\n","protected":false},"excerpt":{"rendered":"<p>Le monde change, mec. Rapidement. Et si t\u2019es encore assis \u00e0 attendre que les choses tombent du ciel, tu vas te prendre une claque. Les r\u00e8gles sont diff\u00e9rentes. Les jobs, les relations, ton \u00e9nergie\u2026 tout se r\u00e9invente. Tu peux rester&#8230; <a href=\"https:\/\/guido-saverio-coach.com\/?page_id=2353\" class=\"readmore\">Read more<span class=\"screen-reader-text\">Le monde change. Et toi ?<\/span><span class=\"fa fa-angle-double-right\" aria-hidden=\"true\"><\/span><\/a><\/p>\n","protected":false},"author":1,"featured_media":0,"parent":0,"menu_order":0,"comment_status":"closed","ping_status":"closed","template":"","meta":{"footnotes":""},"_links":{"self":[{"href":"https:\/\/guido-saverio-coach.com\/index.php?rest_route=\/wp\/v2\/pages\/2353"}],"collection":[{"href":"https:\/\/guido-saverio-coach.com\/index.php?rest_route=\/wp\/v2\/pages"}],"about":[{"href":"https:\/\/guido-saverio-coach.com\/index.php?rest_route=\/wp\/v2\/types\/page"}],"author":[{"embeddable":true,"href":"https:\/\/guido-saverio-coach.com\/index.php?rest_route=\/wp\/v2\/users\/1"}],"replies":[{"embeddable":true,"href":"https:\/\/guido-saverio-coach.com\/index.php?rest_route=%2Fwp%2Fv2%2Fcomments&post=2353"}],"version-history":[{"count":1,"href":"https:\/\/guido-saverio-coach.com\/index.php?rest_route=\/wp\/v2\/pages\/2353\/revisions"}],"predecessor-version":[{"id":2355,"href":"https:\/\/guido-saverio-coach.com\/index.php?rest_route=\/wp\/v2\/pages\/2353\/revisions\/2355"}],"wp:attachment":[{"href":"https:\/\/guido-saverio-coach.com\/index.php?rest_route=%2Fwp%2Fv2%2Fmedia&parent=2353"}],"curies":[{"name":"wp","href":"https:\/\/api.w.org\/{rel}","templated":true}]}}