{"id":2359,"date":"2025-11-13T15:46:39","date_gmt":"2025-11-13T14:46:39","guid":{"rendered":"https:\/\/guido-saverio-coach.com\/?page_id=2359"},"modified":"2025-11-13T15:46:40","modified_gmt":"2025-11-13T14:46:40","slug":"ancrer-revenir-a-soi-quand-tout-part-en-vrille","status":"publish","type":"page","link":"https:\/\/guido-saverio-coach.com\/?page_id=2359","title":{"rendered":"Ancrer : revenir \u00e0 soi quand tout part en vrille"},"content":{"rendered":"\n<p>La vie moderne, c\u2019est du bruit constant. Notifications, mails, infos, r\u00e9seaux\u2026 et toi, au milieu, comme un hamster sur sa roue. Tu cours, tu cours, mais vers quoi ? Spoiler : souvent, vers rien.<\/p>\n\n\n\n<p>C\u2019est l\u00e0 que l\u2019ancrage entre en jeu. Ancrer, ce n\u2019est pas m\u00e9diter trois heures ou devenir un moine zen. C\u2019est revenir \u00e0 toi. Te reconnecter \u00e0 ton \u00e9nergie. Respirer, sentir ton corps, ressentir ce qui est r\u00e9el. Juste \u00e7a.<\/p>\n\n\n\n<p>Parce que quand tu es ancr\u00e9, tu ne te laisses plus balader par chaque crise ou chaque drama. Tu vois clair, tu choisis o\u00f9 mettre ton \u00e9nergie, et tu arr\u00eates de gaspiller ton temps \u00e0 courir apr\u00e8s des illusions.<\/p>\n\n\n\n<p>Alors aujourd\u2019hui, pose ton t\u00e9l\u00e9phone, respire, sens tes pieds sur le sol. Juste 60 secondes. C\u2019est tout. Mais c\u2019est tout ce qu\u2019il faut pour commencer \u00e0 reprendre le contr\u00f4le.<\/p>\n\n\n\n<p>L\u2019ancrage, c\u2019est le bouton \u201creset\u201d que personne ne te dit d\u2019appuyer\u2026 jusqu\u2019\u00e0 ce que tu le fasses.<\/p>\n","protected":false},"excerpt":{"rendered":"<p>La vie moderne, c\u2019est du bruit constant. Notifications, mails, infos, r\u00e9seaux\u2026 et toi, au milieu, comme un hamster sur sa roue. Tu cours, tu cours, mais vers quoi ? Spoiler : souvent, vers rien. C\u2019est l\u00e0 que l\u2019ancrage entre en&#8230; <a href=\"https:\/\/guido-saverio-coach.com\/?page_id=2359\" class=\"readmore\">Read more<span class=\"screen-reader-text\">Ancrer : revenir \u00e0 soi quand tout part en vrille<\/span><span class=\"fa fa-angle-double-right\" aria-hidden=\"true\"><\/span><\/a><\/p>\n","protected":false},"author":1,"featured_media":0,"parent":0,"menu_order":0,"comment_status":"closed","ping_status":"closed","template":"","meta":{"footnotes":""},"_links":{"self":[{"href":"https:\/\/guido-saverio-coach.com\/index.php?rest_route=\/wp\/v2\/pages\/2359"}],"collection":[{"href":"https:\/\/guido-saverio-coach.com\/index.php?rest_route=\/wp\/v2\/pages"}],"about":[{"href":"https:\/\/guido-saverio-coach.com\/index.php?rest_route=\/wp\/v2\/types\/page"}],"author":[{"embeddable":true,"href":"https:\/\/guido-saverio-coach.com\/index.php?rest_route=\/wp\/v2\/users\/1"}],"replies":[{"embeddable":true,"href":"https:\/\/guido-saverio-coach.com\/index.php?rest_route=%2Fwp%2Fv2%2Fcomments&post=2359"}],"version-history":[{"count":1,"href":"https:\/\/guido-saverio-coach.com\/index.php?rest_route=\/wp\/v2\/pages\/2359\/revisions"}],"predecessor-version":[{"id":2361,"href":"https:\/\/guido-saverio-coach.com\/index.php?rest_route=\/wp\/v2\/pages\/2359\/revisions\/2361"}],"wp:attachment":[{"href":"https:\/\/guido-saverio-coach.com\/index.php?rest_route=%2Fwp%2Fv2%2Fmedia&parent=2359"}],"curies":[{"name":"wp","href":"https:\/\/api.w.org\/{rel}","templated":true}]}}