{"id":2365,"date":"2025-11-13T15:49:33","date_gmt":"2025-11-13T14:49:33","guid":{"rendered":"https:\/\/guido-saverio-coach.com\/?page_id=2365"},"modified":"2025-11-13T15:49:34","modified_gmt":"2025-11-13T14:49:34","slug":"activer-agir-depuis-la-coherence-pas-la-pression","status":"publish","type":"page","link":"https:\/\/guido-saverio-coach.com\/?page_id=2365","title":{"rendered":"Activer : agir depuis la coh\u00e9rence, pas la pression"},"content":{"rendered":"\n<p>On croit souvent que pour avancer, il faut se forcer, se pousser, se culpabiliser. On se l\u00e8ve avec une to-do list qui nous hurle dessus et on court apr\u00e8s un \u201csucc\u00e8s\u201d qui ressemble plus \u00e0 de l\u2019\u00e9puisement qu\u2019\u00e0 de la vie. Spoiler : \u00e7a ne marche pas.<\/p>\n\n\n\n<p>Agir depuis la <strong>coh\u00e9rence<\/strong>, c\u2019est autre chose. C\u2019est se demander : \u201cEst-ce que ce que je fais colle avec ce que je suis vraiment ? Avec ce que je veux vraiment ?\u201d Pas avec ce que la soci\u00e9t\u00e9, mon boss ou mon feed Insta me crient de faire.<\/p>\n\n\n\n<p>Quand tu agis depuis la coh\u00e9rence :<\/p>\n\n\n\n<ul>\n<li>Tu n\u2019es pas stress\u00e9 par le r\u00e9sultat, parce que tu sais pourquoi tu bouges.<\/li>\n\n\n\n<li>Tu n\u2019as pas besoin de te battre contre toi-m\u00eame.<\/li>\n\n\n\n<li>Chaque action a un sens, et le sens, \u00e7a motive bien mieux que la pression.<\/li>\n<\/ul>\n\n\n\n<p>La pression, elle t\u2019\u00e9puise. La coh\u00e9rence, elle t\u2019active. Et entre nous, tu veux \u00eatre \u00e9puis\u00e9 ou en feu ?<\/p>\n","protected":false},"excerpt":{"rendered":"<p>On croit souvent que pour avancer, il faut se forcer, se pousser, se culpabiliser. On se l\u00e8ve avec une to-do list qui nous hurle dessus et on court apr\u00e8s un \u201csucc\u00e8s\u201d qui ressemble plus \u00e0 de l\u2019\u00e9puisement qu\u2019\u00e0 de la&#8230; <a href=\"https:\/\/guido-saverio-coach.com\/?page_id=2365\" class=\"readmore\">Read more<span class=\"screen-reader-text\">Activer : agir depuis la coh\u00e9rence, pas la pression<\/span><span class=\"fa fa-angle-double-right\" aria-hidden=\"true\"><\/span><\/a><\/p>\n","protected":false},"author":1,"featured_media":0,"parent":0,"menu_order":0,"comment_status":"closed","ping_status":"closed","template":"","meta":{"footnotes":""},"_links":{"self":[{"href":"https:\/\/guido-saverio-coach.com\/index.php?rest_route=\/wp\/v2\/pages\/2365"}],"collection":[{"href":"https:\/\/guido-saverio-coach.com\/index.php?rest_route=\/wp\/v2\/pages"}],"about":[{"href":"https:\/\/guido-saverio-coach.com\/index.php?rest_route=\/wp\/v2\/types\/page"}],"author":[{"embeddable":true,"href":"https:\/\/guido-saverio-coach.com\/index.php?rest_route=\/wp\/v2\/users\/1"}],"replies":[{"embeddable":true,"href":"https:\/\/guido-saverio-coach.com\/index.php?rest_route=%2Fwp%2Fv2%2Fcomments&post=2365"}],"version-history":[{"count":1,"href":"https:\/\/guido-saverio-coach.com\/index.php?rest_route=\/wp\/v2\/pages\/2365\/revisions"}],"predecessor-version":[{"id":2367,"href":"https:\/\/guido-saverio-coach.com\/index.php?rest_route=\/wp\/v2\/pages\/2365\/revisions\/2367"}],"wp:attachment":[{"href":"https:\/\/guido-saverio-coach.com\/index.php?rest_route=%2Fwp%2Fv2%2Fmedia&parent=2365"}],"curies":[{"name":"wp","href":"https:\/\/api.w.org\/{rel}","templated":true}]}}