{"id":2375,"date":"2025-11-13T15:56:01","date_gmt":"2025-11-13T14:56:01","guid":{"rendered":"https:\/\/guido-saverio-coach.com\/?page_id=2375"},"modified":"2025-11-13T15:56:01","modified_gmt":"2025-11-13T14:56:01","slug":"technologie-ethique-lia-qui-ne-te-stresse-pas","status":"publish","type":"page","link":"https:\/\/guido-saverio-coach.com\/?page_id=2375","title":{"rendered":"Technologie \u00e9thique : l\u2019IA qui ne te stresse pas"},"content":{"rendered":"\n<p>On vit dans un monde o\u00f9 ton t\u00e9l\u00e9phone te hurle dessus plus que ton patron. Notifications, algorithmes, to-do lists\u2026 le stress est devenu un produit standard. Mais il y a une autre voie : l\u2019IA et la tech peuvent \u00eatre\u2026 humaines. Oui, tu as bien lu.<\/p>\n\n\n\n<p>Imagine une intelligence artificielle qui t\u2019aide \u00e0 clarifier tes id\u00e9es, pas \u00e0 t\u2019overbooker. Une technologie qui te simplifie la vie, pas qui te la complique. Pas de gimmicks, pas de dopamine \u00e0 gogo, juste du focus, de la clart\u00e9, et un vrai gain de temps.<\/p>\n\n\n\n<p>C\u2019est \u00e7a, la tech \u00e9thique : elle te sert, elle ne te tyrannise pas. Et franchement, le monde en a besoin. Moins de notifications, plus de libert\u00e9. Moins de chaos, plus de contr\u00f4le. C\u2019est pas compliqu\u00e9 : la technologie doit \u00eatre ton alli\u00e9e, pas ton cauchemar.<\/p>\n\n\n\n<p>En r\u00e9sum\u00e9 : arr\u00eate de subir, commence \u00e0 choisir. L\u2019IA ne doit pas te stresser. Elle doit te rendre clair, confiant, et pr\u00eat \u00e0 tout d\u00e9foncer\u2026 dans le bon sens.<\/p>\n","protected":false},"excerpt":{"rendered":"<p>On vit dans un monde o\u00f9 ton t\u00e9l\u00e9phone te hurle dessus plus que ton patron. Notifications, algorithmes, to-do lists\u2026 le stress est devenu un produit standard. Mais il y a une autre voie : l\u2019IA et la tech peuvent \u00eatre\u2026&#8230; <a href=\"https:\/\/guido-saverio-coach.com\/?page_id=2375\" class=\"readmore\">Read more<span class=\"screen-reader-text\">Technologie \u00e9thique : l\u2019IA qui ne te stresse pas<\/span><span class=\"fa fa-angle-double-right\" aria-hidden=\"true\"><\/span><\/a><\/p>\n","protected":false},"author":1,"featured_media":0,"parent":0,"menu_order":0,"comment_status":"closed","ping_status":"closed","template":"","meta":{"footnotes":""},"_links":{"self":[{"href":"https:\/\/guido-saverio-coach.com\/index.php?rest_route=\/wp\/v2\/pages\/2375"}],"collection":[{"href":"https:\/\/guido-saverio-coach.com\/index.php?rest_route=\/wp\/v2\/pages"}],"about":[{"href":"https:\/\/guido-saverio-coach.com\/index.php?rest_route=\/wp\/v2\/types\/page"}],"author":[{"embeddable":true,"href":"https:\/\/guido-saverio-coach.com\/index.php?rest_route=\/wp\/v2\/users\/1"}],"replies":[{"embeddable":true,"href":"https:\/\/guido-saverio-coach.com\/index.php?rest_route=%2Fwp%2Fv2%2Fcomments&post=2375"}],"version-history":[{"count":1,"href":"https:\/\/guido-saverio-coach.com\/index.php?rest_route=\/wp\/v2\/pages\/2375\/revisions"}],"predecessor-version":[{"id":2377,"href":"https:\/\/guido-saverio-coach.com\/index.php?rest_route=\/wp\/v2\/pages\/2375\/revisions\/2377"}],"wp:attachment":[{"href":"https:\/\/guido-saverio-coach.com\/index.php?rest_route=%2Fwp%2Fv2%2Fmedia&parent=2375"}],"curies":[{"name":"wp","href":"https:\/\/api.w.org\/{rel}","templated":true}]}}